{"id":29414,"date":"2018-09-07T17:12:04","date_gmt":"2018-09-07T17:12:04","guid":{"rendered":"https:\/\/suelosport.com\/producto\/rampas-de-aluminio\/"},"modified":"2020-11-16T13:00:13","modified_gmt":"2020-11-16T12:00:13","slug":"rampas-de-aluminio-2","status":"publish","type":"product","link":"https:\/\/suelosport.com\/pt-pt\/producto\/rampas-de-aluminio-2\/","title":{"rendered":"Rampas de alum\u00ednio"},"content":{"rendered":"","protected":false},"excerpt":{"rendered":"<p><strong>Rampas de alum\u00ednio.<\/strong> Perfis s\u00f3lidos de alum\u00ednio extrudido, com ranhuras na parte horizontal para torn\u00e1-lo antiderrapante para lugares com tr\u00e1fego muito elevado de pessoas ou bens.<\/p>\n<ul>\n<li>Desigualdade: 2, 5 e 8 mm.<\/li>\n<li>Comprimento: 3m<\/li>\n<li>Cor: prata de alum\u00ednio<\/li>\n<\/ul>\n<p>Instala\u00e7\u00e3o simples e r\u00e1pida, pode escolher duas op\u00e7\u00f5es, sem nada ou aparafusado.<\/p>\n<a href=\"https:\/\/suelosport.com\/pt-pt\/contacto\/\" class=\"button primary is-primary is-medium\" >\n\t\t<span>solicitar presupuesto<\/span>\n\t<\/a>\n\n<p>&nbsp;<\/p>\n","protected":false},"featured_media":29424,"comment_status":"open","ping_status":"closed","template":"","meta":{"inline_featured_image":false},"product_brand":[],"product_cat":[940,941,942,943],"product_tag":[],"class_list":{"0":"post-29414","1":"product","2":"type-product","3":"status-publish","4":"has-post-thumbnail","6":"product_cat-suelos-de-caucho-pt-pt-2","7":"product_cat-suelos-de-goma-pt-pt","8":"product_cat-accesorios-de-instalacion","9":"product_cat-accesorios-de-instalacion-suelos-de-caucho","11":"first","12":"instock","13":"taxable","14":"shipping-taxable","15":"purchasable","16":"product-type-variable"},"yoast_head":"<!-- This site is optimized with the Yoast SEO plugin v27.4 - https:\/\/yoast.com\/product\/yoast-seo-wordpress\/ -->\n<title>Rampas de alum\u00ednio | Suelosport - Suelos Deportivos<\/title>\n<meta name=\"robots\" content=\"index, follow, max-snippet:-1, max-image-preview:large, max-video-preview:-1\" \/>\n<link rel=\"canonical\" href=\"https:\/\/suelosport.com\/pt-pt\/producto\/rampas-de-aluminio-2\/\" \/>\n<meta property=\"og:locale\" content=\"pt_PT\" \/>\n<meta property=\"og:type\" content=\"article\" \/>\n<meta property=\"og:title\" content=\"Rampas de alum\u00ednio | Suelosport - Suelos Deportivos\" \/>\n<meta property=\"og:description\" content=\"Rampas de alum\u00ednio. Perfis s\u00f3lidos de alum\u00ednio extrudido, com ranhuras na parte horizontal para torn\u00e1-lo antiderrapante para lugares com tr\u00e1fego muito elevado de pessoas ou bens.  Desigualdade: 2, 5 e 8 mm.  Comprimento: 3m  Cor: prata de alum\u00ednio Instala\u00e7\u00e3o simples e r\u00e1pida, pode escolher duas op\u00e7\u00f5es, sem nada ou aparafusado.  &nbsp;\" \/>\n<meta property=\"og:url\" content=\"https:\/\/suelosport.com\/pt-pt\/producto\/rampas-de-aluminio-2\/\" \/>\n<meta property=\"og:site_name\" content=\"Suelosport - Suelos Deportivos\" \/>\n<meta property=\"article:publisher\" content=\"https:\/\/www.facebook.com\/Suelosport-2042694182686080\/\" \/>\n<meta property=\"article:modified_time\" content=\"2020-11-16T12:00:13+00:00\" \/>\n<meta property=\"og:image\" content=\"https:\/\/suelosport.com\/wp-content\/uploads\/2018\/09\/RAMPAS_DE_ALUMINIO.png\" \/>\n\t<meta property=\"og:image:width\" content=\"262\" \/>\n\t<meta property=\"og:image:height\" content=\"358\" \/>\n\t<meta property=\"og:image:type\" content=\"image\/png\" \/>\n<meta name=\"twitter:card\" content=\"summary_large_image\" \/>\n<script type=\"application\/ld+json\" class=\"yoast-schema-graph\">{\"@context\":\"https:\\\/\\\/schema.org\",\"@graph\":[{\"@type\":[\"WebPage\",\"ItemPage\"],\"@id\":\"https:\\\/\\\/suelosport.com\\\/pt-pt\\\/producto\\\/rampas-de-aluminio-2\\\/\",\"url\":\"https:\\\/\\\/suelosport.com\\\/pt-pt\\\/producto\\\/rampas-de-aluminio-2\\\/\",\"name\":\"Rampas de alum\u00ednio | Suelosport - Suelos Deportivos\",\"isPartOf\":{\"@id\":\"https:\\\/\\\/suelosport.com\\\/pt-pt\\\/#website\"},\"primaryImageOfPage\":{\"@id\":\"https:\\\/\\\/suelosport.com\\\/pt-pt\\\/producto\\\/rampas-de-aluminio-2\\\/#primaryimage\"},\"image\":{\"@id\":\"https:\\\/\\\/suelosport.com\\\/pt-pt\\\/producto\\\/rampas-de-aluminio-2\\\/#primaryimage\"},\"thumbnailUrl\":\"https:\\\/\\\/suelosport.com\\\/wp-content\\\/uploads\\\/2018\\\/09\\\/RAMPAS_DE_ALUMINIO.png\",\"datePublished\":\"2018-09-07T17:12:04+00:00\",\"dateModified\":\"2020-11-16T12:00:13+00:00\",\"breadcrumb\":{\"@id\":\"https:\\\/\\\/suelosport.com\\\/pt-pt\\\/producto\\\/rampas-de-aluminio-2\\\/#breadcrumb\"},\"inLanguage\":\"pt-PT\",\"potentialAction\":[{\"@type\":\"ReadAction\",\"target\":[\"https:\\\/\\\/suelosport.com\\\/pt-pt\\\/producto\\\/rampas-de-aluminio-2\\\/\"]}]},{\"@type\":\"ImageObject\",\"inLanguage\":\"pt-PT\",\"@id\":\"https:\\\/\\\/suelosport.com\\\/pt-pt\\\/producto\\\/rampas-de-aluminio-2\\\/#primaryimage\",\"url\":\"https:\\\/\\\/suelosport.com\\\/wp-content\\\/uploads\\\/2018\\\/09\\\/RAMPAS_DE_ALUMINIO.png\",\"contentUrl\":\"https:\\\/\\\/suelosport.com\\\/wp-content\\\/uploads\\\/2018\\\/09\\\/RAMPAS_DE_ALUMINIO.png\",\"width\":262,\"height\":358,\"caption\":\"rampas de alum\u00ednio\"},{\"@type\":\"BreadcrumbList\",\"@id\":\"https:\\\/\\\/suelosport.com\\\/pt-pt\\\/producto\\\/rampas-de-aluminio-2\\\/#breadcrumb\",\"itemListElement\":[{\"@type\":\"ListItem\",\"position\":1,\"name\":\"Portada\",\"item\":\"https:\\\/\\\/suelosport.com\\\/pt-pt\\\/\"},{\"@type\":\"ListItem\",\"position\":2,\"name\":\"Tienda\",\"item\":\"https:\\\/\\\/suelosport.com\\\/tienda\\\/\"},{\"@type\":\"ListItem\",\"position\":3,\"name\":\"Rampas de alum\u00ednio\"}]},{\"@type\":\"WebSite\",\"@id\":\"https:\\\/\\\/suelosport.com\\\/pt-pt\\\/#website\",\"url\":\"https:\\\/\\\/suelosport.com\\\/pt-pt\\\/\",\"name\":\"Suelosport - Suelos Deportivos\",\"description\":\"Suelos para gimnasios, suelos de goma, losetas y suelos antideslizantes\",\"publisher\":{\"@id\":\"https:\\\/\\\/suelosport.com\\\/pt-pt\\\/#organization\"},\"potentialAction\":[{\"@type\":\"SearchAction\",\"target\":{\"@type\":\"EntryPoint\",\"urlTemplate\":\"https:\\\/\\\/suelosport.com\\\/pt-pt\\\/?s={search_term_string}\"},\"query-input\":{\"@type\":\"PropertyValueSpecification\",\"valueRequired\":true,\"valueName\":\"search_term_string\"}}],\"inLanguage\":\"pt-PT\"},{\"@type\":\"Organization\",\"@id\":\"https:\\\/\\\/suelosport.com\\\/pt-pt\\\/#organization\",\"name\":\"Suelosport\",\"url\":\"https:\\\/\\\/suelosport.com\\\/pt-pt\\\/\",\"logo\":{\"@type\":\"ImageObject\",\"inLanguage\":\"pt-PT\",\"@id\":\"https:\\\/\\\/suelosport.com\\\/pt-pt\\\/#\\\/schema\\\/logo\\\/image\\\/\",\"url\":\"https:\\\/\\\/suelosport.com\\\/wp-content\\\/uploads\\\/2018\\\/03\\\/logo-suelosport.png\",\"contentUrl\":\"https:\\\/\\\/suelosport.com\\\/wp-content\\\/uploads\\\/2018\\\/03\\\/logo-suelosport.png\",\"width\":300,\"height\":67,\"caption\":\"Suelosport\"},\"image\":{\"@id\":\"https:\\\/\\\/suelosport.com\\\/pt-pt\\\/#\\\/schema\\\/logo\\\/image\\\/\"},\"sameAs\":[\"https:\\\/\\\/www.facebook.com\\\/Suelosport-2042694182686080\\\/\",\"https:\\\/\\\/www.linkedin.com\\\/company\\\/suelosport\\\/\",\"https:\\\/\\\/www.youtube.com\\\/channel\\\/UC1eoryUxD4Fw7f1m5wx_vFg?view_as=subscriber\"]}]}<\/script>\n<!-- \/ Yoast SEO plugin. -->","yoast_head_json":{"title":"Rampas de alum\u00ednio | Suelosport - Suelos Deportivos","robots":{"index":"index","follow":"follow","max-snippet":"max-snippet:-1","max-image-preview":"max-image-preview:large","max-video-preview":"max-video-preview:-1"},"canonical":"https:\/\/suelosport.com\/pt-pt\/producto\/rampas-de-aluminio-2\/","og_locale":"pt_PT","og_type":"article","og_title":"Rampas de alum\u00ednio | Suelosport - Suelos Deportivos","og_description":"Rampas de alum\u00ednio. Perfis s\u00f3lidos de alum\u00ednio extrudido, com ranhuras na parte horizontal para torn\u00e1-lo antiderrapante para lugares com tr\u00e1fego muito elevado de pessoas ou bens.  Desigualdade: 2, 5 e 8 mm.  Comprimento: 3m  Cor: prata de alum\u00ednio Instala\u00e7\u00e3o simples e r\u00e1pida, pode escolher duas op\u00e7\u00f5es, sem nada ou aparafusado.  &nbsp;","og_url":"https:\/\/suelosport.com\/pt-pt\/producto\/rampas-de-aluminio-2\/","og_site_name":"Suelosport - Suelos Deportivos","article_publisher":"https:\/\/www.facebook.com\/Suelosport-2042694182686080\/","article_modified_time":"2020-11-16T12:00:13+00:00","og_image":[{"width":262,"height":358,"url":"https:\/\/suelosport.com\/wp-content\/uploads\/2018\/09\/RAMPAS_DE_ALUMINIO.png","type":"image\/png"}],"twitter_card":"summary_large_image","schema":{"@context":"https:\/\/schema.org","@graph":[{"@type":["WebPage","ItemPage"],"@id":"https:\/\/suelosport.com\/pt-pt\/producto\/rampas-de-aluminio-2\/","url":"https:\/\/suelosport.com\/pt-pt\/producto\/rampas-de-aluminio-2\/","name":"Rampas de alum\u00ednio | Suelosport - Suelos Deportivos","isPartOf":{"@id":"https:\/\/suelosport.com\/pt-pt\/#website"},"primaryImageOfPage":{"@id":"https:\/\/suelosport.com\/pt-pt\/producto\/rampas-de-aluminio-2\/#primaryimage"},"image":{"@id":"https:\/\/suelosport.com\/pt-pt\/producto\/rampas-de-aluminio-2\/#primaryimage"},"thumbnailUrl":"https:\/\/suelosport.com\/wp-content\/uploads\/2018\/09\/RAMPAS_DE_ALUMINIO.png","datePublished":"2018-09-07T17:12:04+00:00","dateModified":"2020-11-16T12:00:13+00:00","breadcrumb":{"@id":"https:\/\/suelosport.com\/pt-pt\/producto\/rampas-de-aluminio-2\/#breadcrumb"},"inLanguage":"pt-PT","potentialAction":[{"@type":"ReadAction","target":["https:\/\/suelosport.com\/pt-pt\/producto\/rampas-de-aluminio-2\/"]}]},{"@type":"ImageObject","inLanguage":"pt-PT","@id":"https:\/\/suelosport.com\/pt-pt\/producto\/rampas-de-aluminio-2\/#primaryimage","url":"https:\/\/suelosport.com\/wp-content\/uploads\/2018\/09\/RAMPAS_DE_ALUMINIO.png","contentUrl":"https:\/\/suelosport.com\/wp-content\/uploads\/2018\/09\/RAMPAS_DE_ALUMINIO.png","width":262,"height":358,"caption":"rampas de alum\u00ednio"},{"@type":"BreadcrumbList","@id":"https:\/\/suelosport.com\/pt-pt\/producto\/rampas-de-aluminio-2\/#breadcrumb","itemListElement":[{"@type":"ListItem","position":1,"name":"Portada","item":"https:\/\/suelosport.com\/pt-pt\/"},{"@type":"ListItem","position":2,"name":"Tienda","item":"https:\/\/suelosport.com\/tienda\/"},{"@type":"ListItem","position":3,"name":"Rampas de alum\u00ednio"}]},{"@type":"WebSite","@id":"https:\/\/suelosport.com\/pt-pt\/#website","url":"https:\/\/suelosport.com\/pt-pt\/","name":"Suelosport - Suelos Deportivos","description":"Suelos para gimnasios, suelos de goma, losetas y suelos antideslizantes","publisher":{"@id":"https:\/\/suelosport.com\/pt-pt\/#organization"},"potentialAction":[{"@type":"SearchAction","target":{"@type":"EntryPoint","urlTemplate":"https:\/\/suelosport.com\/pt-pt\/?s={search_term_string}"},"query-input":{"@type":"PropertyValueSpecification","valueRequired":true,"valueName":"search_term_string"}}],"inLanguage":"pt-PT"},{"@type":"Organization","@id":"https:\/\/suelosport.com\/pt-pt\/#organization","name":"Suelosport","url":"https:\/\/suelosport.com\/pt-pt\/","logo":{"@type":"ImageObject","inLanguage":"pt-PT","@id":"https:\/\/suelosport.com\/pt-pt\/#\/schema\/logo\/image\/","url":"https:\/\/suelosport.com\/wp-content\/uploads\/2018\/03\/logo-suelosport.png","contentUrl":"https:\/\/suelosport.com\/wp-content\/uploads\/2018\/03\/logo-suelosport.png","width":300,"height":67,"caption":"Suelosport"},"image":{"@id":"https:\/\/suelosport.com\/pt-pt\/#\/schema\/logo\/image\/"},"sameAs":["https:\/\/www.facebook.com\/Suelosport-2042694182686080\/","https:\/\/www.linkedin.com\/company\/suelosport\/","https:\/\/www.youtube.com\/channel\/UC1eoryUxD4Fw7f1m5wx_vFg?view_as=subscriber"]}]}},"_links":{"self":[{"href":"https:\/\/suelosport.com\/pt-pt\/wp-json\/wp\/v2\/product\/29414","targetHints":{"allow":["GET"]}}],"collection":[{"href":"https:\/\/suelosport.com\/pt-pt\/wp-json\/wp\/v2\/product"}],"about":[{"href":"https:\/\/suelosport.com\/pt-pt\/wp-json\/wp\/v2\/types\/product"}],"replies":[{"embeddable":true,"href":"https:\/\/suelosport.com\/pt-pt\/wp-json\/wp\/v2\/comments?post=29414"}],"wp:featuredmedia":[{"embeddable":true,"href":"https:\/\/suelosport.com\/pt-pt\/wp-json\/wp\/v2\/media\/29424"}],"wp:attachment":[{"href":"https:\/\/suelosport.com\/pt-pt\/wp-json\/wp\/v2\/media?parent=29414"}],"wp:term":[{"taxonomy":"product_brand","embeddable":true,"href":"https:\/\/suelosport.com\/pt-pt\/wp-json\/wp\/v2\/product_brand?post=29414"},{"taxonomy":"product_cat","embeddable":true,"href":"https:\/\/suelosport.com\/pt-pt\/wp-json\/wp\/v2\/product_cat?post=29414"},{"taxonomy":"product_tag","embeddable":true,"href":"https:\/\/suelosport.com\/pt-pt\/wp-json\/wp\/v2\/product_tag?post=29414"}],"curies":[{"name":"wp","href":"https:\/\/api.w.org\/{rel}","templated":true}]}}