{"id":29403,"date":"2019-01-17T19:17:49","date_gmt":"2019-01-17T18:17:49","guid":{"rendered":"https:\/\/suelosport.com\/producto\/relva-artificial-multidesporta-por-medidor-linear\/"},"modified":"2020-11-16T13:00:11","modified_gmt":"2020-11-16T12:00:11","slug":"cesped-artificial-multisport-by-meter-linear","status":"publish","type":"product","link":"https:\/\/suelosport.com\/pt-pt\/producto\/cesped-artificial-multisport-by-meter-linear\/","title":{"rendered":"Relva artificial multidesporta por medidor linear"},"content":{"rendered":"","protected":false},"excerpt":{"rendered":"<p><strong>Relva artificial por metros <\/strong>para uso desportivo. Relva artificial preparada para suportar altas cargas de trabalho.<\/p>\n<ul>\n<li>Largura do rolo: 2 m<\/li>\n<\/ul>\n<p><span style=\"color: #d83131;\"><strong>Ordem m\u00ednima: &#8220;5&#8221; metros lineares. Os pre\u00e7os apresentados s\u00e3o para o medidor linear &#8220;1&#8221;.<\/strong><\/span><\/p>\n<p><iframe loading=\"lazy\" src=\"https:\/\/www.youtube.com\/embed\/uNWQg4c2llU\/?rel=0&amp;amp\" width=\"250\" height=\"150\" frameborder=\"0\" allowfullscreen=\"allowfullscreen\"><\/iframe><\/p>\n<a href=\"\/ellos-tambien-confiaron-en-nosotros\/\" class=\"button primary is-outline is-small\" >\n\t<i class=\"icon-instagram\" aria-hidden=\"true\"><\/i>\t<span>Ver im\u00e1genes de suelos colocados<\/span>\n\t<\/a>\n\n","protected":false},"featured_media":29423,"comment_status":"open","ping_status":"closed","template":"","meta":{"inline_featured_image":false},"product_brand":[],"product_cat":[980,1051],"product_tag":[1179,1180,1183,1187,1235,1237,1175,1178],"class_list":{"0":"post-29403","1":"product","2":"type-product","3":"status-publish","4":"has-post-thumbnail","6":"product_cat-cesped-artificial-pt-pt","7":"product_cat-cesped-artificial-para-gimnasios-pt-pt","8":"product_tag-padel-pt-pt","9":"product_tag-tenis-pt-pt","10":"product_tag-azul-pt-pt","11":"product_tag-deportivo-pt-pt","12":"product_tag-duro-pt-pt","13":"product_tag-resistente-pt-pt","14":"product_tag-trineo-pt-pt","15":"product_tag-arrastre-pt-pt","17":"first","18":"outofstock","19":"taxable","20":"shipping-taxable","21":"purchasable","22":"product-type-variable"},"yoast_head":"<!-- This site is optimized with the Yoast SEO plugin v27.1.1 - https:\/\/yoast.com\/product\/yoast-seo-wordpress\/ -->\n<title>Relva artificial multidesporta por medidor linear | Suelosport - Suelos Deportivos<\/title>\n<meta name=\"robots\" content=\"index, follow, max-snippet:-1, max-image-preview:large, max-video-preview:-1\" \/>\n<link rel=\"canonical\" href=\"https:\/\/suelosport.com\/pt-pt\/producto\/cesped-artificial-multisport-by-meter-linear\/\" \/>\n<meta property=\"og:locale\" content=\"pt_PT\" \/>\n<meta property=\"og:type\" content=\"article\" \/>\n<meta property=\"og:title\" content=\"Relva artificial multidesporta por medidor linear | Suelosport - Suelos Deportivos\" \/>\n<meta property=\"og:description\" content=\"Relva artificial por metros para uso desportivo. Relva artificial preparada para suportar altas cargas de trabalho.  Largura do rolo: 2 m Ordem m\u00ednima: &quot;5&quot; metros lineares. Os pre\u00e7os apresentados s\u00e3o para o medidor linear &quot;1&quot;.\" \/>\n<meta property=\"og:url\" content=\"https:\/\/suelosport.com\/pt-pt\/producto\/cesped-artificial-multisport-by-meter-linear\/\" \/>\n<meta property=\"og:site_name\" content=\"Suelosport - Suelos Deportivos\" \/>\n<meta property=\"article:publisher\" content=\"https:\/\/www.facebook.com\/Suelosport-2042694182686080\/\" \/>\n<meta property=\"article:modified_time\" content=\"2020-11-16T12:00:11+00:00\" \/>\n<meta property=\"og:image\" content=\"https:\/\/suelosport.com\/wp-content\/uploads\/2019\/01\/cesped_artificial_multisport-2.jpg\" \/>\n\t<meta property=\"og:image:width\" content=\"743\" \/>\n\t<meta property=\"og:image:height\" content=\"1000\" \/>\n\t<meta property=\"og:image:type\" content=\"image\/jpeg\" \/>\n<meta name=\"twitter:card\" content=\"summary_large_image\" \/>\n<script type=\"application\/ld+json\" class=\"yoast-schema-graph\">{\"@context\":\"https:\/\/schema.org\",\"@graph\":[{\"@type\":[\"WebPage\",\"ItemPage\"],\"@id\":\"https:\/\/suelosport.com\/pt-pt\/producto\/cesped-artificial-multisport-by-meter-linear\/\",\"url\":\"https:\/\/suelosport.com\/pt-pt\/producto\/cesped-artificial-multisport-by-meter-linear\/\",\"name\":\"Relva artificial multidesporta por medidor linear | Suelosport - Suelos Deportivos\",\"isPartOf\":{\"@id\":\"https:\/\/suelosport.com\/pt-pt\/#website\"},\"primaryImageOfPage\":{\"@id\":\"https:\/\/suelosport.com\/pt-pt\/producto\/cesped-artificial-multisport-by-meter-linear\/#primaryimage\"},\"image\":{\"@id\":\"https:\/\/suelosport.com\/pt-pt\/producto\/cesped-artificial-multisport-by-meter-linear\/#primaryimage\"},\"thumbnailUrl\":\"https:\/\/suelosport.com\/wp-content\/uploads\/2019\/01\/cesped_artificial_multisport-2.jpg\",\"datePublished\":\"2019-01-17T18:17:49+00:00\",\"dateModified\":\"2020-11-16T12:00:11+00:00\",\"breadcrumb\":{\"@id\":\"https:\/\/suelosport.com\/pt-pt\/producto\/cesped-artificial-multisport-by-meter-linear\/#breadcrumb\"},\"inLanguage\":\"pt-PT\",\"potentialAction\":[{\"@type\":\"ReadAction\",\"target\":[\"https:\/\/suelosport.com\/pt-pt\/producto\/cesped-artificial-multisport-by-meter-linear\/\"]}]},{\"@type\":\"ImageObject\",\"inLanguage\":\"pt-PT\",\"@id\":\"https:\/\/suelosport.com\/pt-pt\/producto\/cesped-artificial-multisport-by-meter-linear\/#primaryimage\",\"url\":\"https:\/\/suelosport.com\/wp-content\/uploads\/2019\/01\/cesped_artificial_multisport-2.jpg\",\"contentUrl\":\"https:\/\/suelosport.com\/wp-content\/uploads\/2019\/01\/cesped_artificial_multisport-2.jpg\",\"width\":743,\"height\":1000,\"caption\":\"Relva artificial multidesporta\"},{\"@type\":\"BreadcrumbList\",\"@id\":\"https:\/\/suelosport.com\/pt-pt\/producto\/cesped-artificial-multisport-by-meter-linear\/#breadcrumb\",\"itemListElement\":[{\"@type\":\"ListItem\",\"position\":1,\"name\":\"Portada\",\"item\":\"https:\/\/suelosport.com\/pt-pt\/\"},{\"@type\":\"ListItem\",\"position\":2,\"name\":\"Tienda\",\"item\":\"https:\/\/suelosport.com\/tienda\/\"},{\"@type\":\"ListItem\",\"position\":3,\"name\":\"Relva artificial multidesporta por medidor linear\"}]},{\"@type\":\"WebSite\",\"@id\":\"https:\/\/suelosport.com\/pt-pt\/#website\",\"url\":\"https:\/\/suelosport.com\/pt-pt\/\",\"name\":\"Suelosport - Suelos Deportivos\",\"description\":\"Suelos para gimnasios, suelos de goma, losetas y suelos antideslizantes\",\"publisher\":{\"@id\":\"https:\/\/suelosport.com\/pt-pt\/#organization\"},\"potentialAction\":[{\"@type\":\"SearchAction\",\"target\":{\"@type\":\"EntryPoint\",\"urlTemplate\":\"https:\/\/suelosport.com\/pt-pt\/?s={search_term_string}\"},\"query-input\":{\"@type\":\"PropertyValueSpecification\",\"valueRequired\":true,\"valueName\":\"search_term_string\"}}],\"inLanguage\":\"pt-PT\"},{\"@type\":\"Organization\",\"@id\":\"https:\/\/suelosport.com\/pt-pt\/#organization\",\"name\":\"Suelosport\",\"url\":\"https:\/\/suelosport.com\/pt-pt\/\",\"logo\":{\"@type\":\"ImageObject\",\"inLanguage\":\"pt-PT\",\"@id\":\"https:\/\/suelosport.com\/pt-pt\/#\/schema\/logo\/image\/\",\"url\":\"https:\/\/suelosport.com\/wp-content\/uploads\/2018\/03\/logo-suelosport.png\",\"contentUrl\":\"https:\/\/suelosport.com\/wp-content\/uploads\/2018\/03\/logo-suelosport.png\",\"width\":300,\"height\":67,\"caption\":\"Suelosport\"},\"image\":{\"@id\":\"https:\/\/suelosport.com\/pt-pt\/#\/schema\/logo\/image\/\"},\"sameAs\":[\"https:\/\/www.facebook.com\/Suelosport-2042694182686080\/\",\"https:\/\/www.linkedin.com\/company\/suelosport\/\",\"https:\/\/www.youtube.com\/channel\/UC1eoryUxD4Fw7f1m5wx_vFg?view_as=subscriber\"]}]}<\/script>\n<!-- \/ Yoast SEO plugin. -->","yoast_head_json":{"title":"Relva artificial multidesporta por medidor linear | Suelosport - Suelos Deportivos","robots":{"index":"index","follow":"follow","max-snippet":"max-snippet:-1","max-image-preview":"max-image-preview:large","max-video-preview":"max-video-preview:-1"},"canonical":"https:\/\/suelosport.com\/pt-pt\/producto\/cesped-artificial-multisport-by-meter-linear\/","og_locale":"pt_PT","og_type":"article","og_title":"Relva artificial multidesporta por medidor linear | Suelosport - Suelos Deportivos","og_description":"Relva artificial por metros para uso desportivo. Relva artificial preparada para suportar altas cargas de trabalho.  Largura do rolo: 2 m Ordem m\u00ednima: \"5\" metros lineares. Os pre\u00e7os apresentados s\u00e3o para o medidor linear \"1\".","og_url":"https:\/\/suelosport.com\/pt-pt\/producto\/cesped-artificial-multisport-by-meter-linear\/","og_site_name":"Suelosport - Suelos Deportivos","article_publisher":"https:\/\/www.facebook.com\/Suelosport-2042694182686080\/","article_modified_time":"2020-11-16T12:00:11+00:00","og_image":[{"width":743,"height":1000,"url":"https:\/\/suelosport.com\/wp-content\/uploads\/2019\/01\/cesped_artificial_multisport-2.jpg","type":"image\/jpeg"}],"twitter_card":"summary_large_image","schema":{"@context":"https:\/\/schema.org","@graph":[{"@type":["WebPage","ItemPage"],"@id":"https:\/\/suelosport.com\/pt-pt\/producto\/cesped-artificial-multisport-by-meter-linear\/","url":"https:\/\/suelosport.com\/pt-pt\/producto\/cesped-artificial-multisport-by-meter-linear\/","name":"Relva artificial multidesporta por medidor linear | Suelosport - Suelos Deportivos","isPartOf":{"@id":"https:\/\/suelosport.com\/pt-pt\/#website"},"primaryImageOfPage":{"@id":"https:\/\/suelosport.com\/pt-pt\/producto\/cesped-artificial-multisport-by-meter-linear\/#primaryimage"},"image":{"@id":"https:\/\/suelosport.com\/pt-pt\/producto\/cesped-artificial-multisport-by-meter-linear\/#primaryimage"},"thumbnailUrl":"https:\/\/suelosport.com\/wp-content\/uploads\/2019\/01\/cesped_artificial_multisport-2.jpg","datePublished":"2019-01-17T18:17:49+00:00","dateModified":"2020-11-16T12:00:11+00:00","breadcrumb":{"@id":"https:\/\/suelosport.com\/pt-pt\/producto\/cesped-artificial-multisport-by-meter-linear\/#breadcrumb"},"inLanguage":"pt-PT","potentialAction":[{"@type":"ReadAction","target":["https:\/\/suelosport.com\/pt-pt\/producto\/cesped-artificial-multisport-by-meter-linear\/"]}]},{"@type":"ImageObject","inLanguage":"pt-PT","@id":"https:\/\/suelosport.com\/pt-pt\/producto\/cesped-artificial-multisport-by-meter-linear\/#primaryimage","url":"https:\/\/suelosport.com\/wp-content\/uploads\/2019\/01\/cesped_artificial_multisport-2.jpg","contentUrl":"https:\/\/suelosport.com\/wp-content\/uploads\/2019\/01\/cesped_artificial_multisport-2.jpg","width":743,"height":1000,"caption":"Relva artificial multidesporta"},{"@type":"BreadcrumbList","@id":"https:\/\/suelosport.com\/pt-pt\/producto\/cesped-artificial-multisport-by-meter-linear\/#breadcrumb","itemListElement":[{"@type":"ListItem","position":1,"name":"Portada","item":"https:\/\/suelosport.com\/pt-pt\/"},{"@type":"ListItem","position":2,"name":"Tienda","item":"https:\/\/suelosport.com\/tienda\/"},{"@type":"ListItem","position":3,"name":"Relva artificial multidesporta por medidor linear"}]},{"@type":"WebSite","@id":"https:\/\/suelosport.com\/pt-pt\/#website","url":"https:\/\/suelosport.com\/pt-pt\/","name":"Suelosport - Suelos Deportivos","description":"Suelos para gimnasios, suelos de goma, losetas y suelos antideslizantes","publisher":{"@id":"https:\/\/suelosport.com\/pt-pt\/#organization"},"potentialAction":[{"@type":"SearchAction","target":{"@type":"EntryPoint","urlTemplate":"https:\/\/suelosport.com\/pt-pt\/?s={search_term_string}"},"query-input":{"@type":"PropertyValueSpecification","valueRequired":true,"valueName":"search_term_string"}}],"inLanguage":"pt-PT"},{"@type":"Organization","@id":"https:\/\/suelosport.com\/pt-pt\/#organization","name":"Suelosport","url":"https:\/\/suelosport.com\/pt-pt\/","logo":{"@type":"ImageObject","inLanguage":"pt-PT","@id":"https:\/\/suelosport.com\/pt-pt\/#\/schema\/logo\/image\/","url":"https:\/\/suelosport.com\/wp-content\/uploads\/2018\/03\/logo-suelosport.png","contentUrl":"https:\/\/suelosport.com\/wp-content\/uploads\/2018\/03\/logo-suelosport.png","width":300,"height":67,"caption":"Suelosport"},"image":{"@id":"https:\/\/suelosport.com\/pt-pt\/#\/schema\/logo\/image\/"},"sameAs":["https:\/\/www.facebook.com\/Suelosport-2042694182686080\/","https:\/\/www.linkedin.com\/company\/suelosport\/","https:\/\/www.youtube.com\/channel\/UC1eoryUxD4Fw7f1m5wx_vFg?view_as=subscriber"]}]}},"_links":{"self":[{"href":"https:\/\/suelosport.com\/pt-pt\/wp-json\/wp\/v2\/product\/29403","targetHints":{"allow":["GET"]}}],"collection":[{"href":"https:\/\/suelosport.com\/pt-pt\/wp-json\/wp\/v2\/product"}],"about":[{"href":"https:\/\/suelosport.com\/pt-pt\/wp-json\/wp\/v2\/types\/product"}],"replies":[{"embeddable":true,"href":"https:\/\/suelosport.com\/pt-pt\/wp-json\/wp\/v2\/comments?post=29403"}],"wp:featuredmedia":[{"embeddable":true,"href":"https:\/\/suelosport.com\/pt-pt\/wp-json\/wp\/v2\/media\/29423"}],"wp:attachment":[{"href":"https:\/\/suelosport.com\/pt-pt\/wp-json\/wp\/v2\/media?parent=29403"}],"wp:term":[{"taxonomy":"product_brand","embeddable":true,"href":"https:\/\/suelosport.com\/pt-pt\/wp-json\/wp\/v2\/product_brand?post=29403"},{"taxonomy":"product_cat","embeddable":true,"href":"https:\/\/suelosport.com\/pt-pt\/wp-json\/wp\/v2\/product_cat?post=29403"},{"taxonomy":"product_tag","embeddable":true,"href":"https:\/\/suelosport.com\/pt-pt\/wp-json\/wp\/v2\/product_tag?post=29403"}],"curies":[{"name":"wp","href":"https:\/\/api.w.org\/{rel}","templated":true}]}}