{"id":29323,"date":"2019-03-13T16:41:34","date_gmt":"2019-03-13T15:41:34","guid":{"rendered":"https:\/\/suelosport.com\/producto\/pavimento-do-circulo-de-cor-de-3mm-por-rolo\/"},"modified":"2020-11-30T00:01:20","modified_gmt":"2020-11-29T23:01:20","slug":"pavimento-de-circulo-cor-de-3-mm-por-rolo","status":"publish","type":"product","link":"https:\/\/suelosport.com\/pt-pt\/producto\/pavimento-de-circulo-cor-de-3-mm-por-rolo\/","title":{"rendered":"Pavimento do c\u00edrculo de cor de 3mm por rolo"},"content":{"rendered":"","protected":false},"excerpt":{"rendered":"<p><strong>Ch\u00e3o de c\u00edrculos coloridos por rolo.<\/strong> Pavimento &#8220;Pirelli&#8221; ou pavimento de borracha de c\u00edrculos ou bot\u00f5es de v\u00e1rias cores.<\/p>\n<ul>\n<li>Espessura: 3 mm<\/li>\n<li>Dimens\u00f5es do rolo: 1 x 15 metros<\/li>\n<\/ul>\n","protected":false},"featured_media":29344,"comment_status":"open","ping_status":"closed","template":"","meta":{"inline_featured_image":false},"product_brand":[],"product_cat":[941,1224],"product_tag":[],"class_list":{"0":"post-29323","1":"product","2":"type-product","3":"status-publish","4":"has-post-thumbnail","6":"product_cat-suelos-de-goma-pt-pt","7":"product_cat-suelo-de-circulos-pt-pt","9":"first","10":"instock","11":"taxable","12":"shipping-taxable","13":"purchasable","14":"product-type-variable"},"yoast_head":"<!-- This site is optimized with the Yoast SEO plugin v27.1.1 - https:\/\/yoast.com\/product\/yoast-seo-wordpress\/ -->\n<title>Pavimento do c\u00edrculo de cor de 3mm por rolo | Suelosport - Suelos Deportivos<\/title>\n<meta name=\"robots\" content=\"index, follow, max-snippet:-1, max-image-preview:large, max-video-preview:-1\" \/>\n<link rel=\"canonical\" href=\"https:\/\/suelosport.com\/pt-pt\/producto\/pavimento-de-circulo-cor-de-3-mm-por-rolo\/\" \/>\n<meta property=\"og:locale\" content=\"pt_PT\" \/>\n<meta property=\"og:type\" content=\"article\" \/>\n<meta property=\"og:title\" content=\"Pavimento do c\u00edrculo de cor de 3mm por rolo | Suelosport - Suelos Deportivos\" \/>\n<meta property=\"og:description\" content=\"Ch\u00e3o de c\u00edrculos coloridos por rolo. Pavimento &quot;Pirelli&quot; ou pavimento de borracha de c\u00edrculos ou bot\u00f5es de v\u00e1rias cores.  Espessura: 3 mm  Dimens\u00f5es do rolo: 1 x 15 metros\" \/>\n<meta property=\"og:url\" content=\"https:\/\/suelosport.com\/pt-pt\/producto\/pavimento-de-circulo-cor-de-3-mm-por-rolo\/\" \/>\n<meta property=\"og:site_name\" content=\"Suelosport - Suelos Deportivos\" \/>\n<meta property=\"article:publisher\" content=\"https:\/\/www.facebook.com\/Suelosport-2042694182686080\/\" \/>\n<meta property=\"article:modified_time\" content=\"2020-11-29T23:01:20+00:00\" \/>\n<meta property=\"og:image\" content=\"https:\/\/suelosport.com\/wp-content\/uploads\/2019\/03\/Pavimento_de_circulo_de_color_de_3_mm_por_rollo-scaled.jpg\" \/>\n\t<meta property=\"og:image:width\" content=\"2131\" \/>\n\t<meta property=\"og:image:height\" content=\"2560\" \/>\n\t<meta property=\"og:image:type\" content=\"image\/jpeg\" \/>\n<meta name=\"twitter:card\" content=\"summary_large_image\" \/>\n<script type=\"application\/ld+json\" class=\"yoast-schema-graph\">{\"@context\":\"https:\/\/schema.org\",\"@graph\":[{\"@type\":[\"WebPage\",\"ItemPage\"],\"@id\":\"https:\/\/suelosport.com\/pt-pt\/producto\/pavimento-de-circulo-cor-de-3-mm-por-rolo\/\",\"url\":\"https:\/\/suelosport.com\/pt-pt\/producto\/pavimento-de-circulo-cor-de-3-mm-por-rolo\/\",\"name\":\"Pavimento do c\u00edrculo de cor de 3mm por rolo | Suelosport - Suelos Deportivos\",\"isPartOf\":{\"@id\":\"https:\/\/suelosport.com\/pt-pt\/#website\"},\"primaryImageOfPage\":{\"@id\":\"https:\/\/suelosport.com\/pt-pt\/producto\/pavimento-de-circulo-cor-de-3-mm-por-rolo\/#primaryimage\"},\"image\":{\"@id\":\"https:\/\/suelosport.com\/pt-pt\/producto\/pavimento-de-circulo-cor-de-3-mm-por-rolo\/#primaryimage\"},\"thumbnailUrl\":\"https:\/\/suelosport.com\/wp-content\/uploads\/2019\/03\/Pavimento_de_circulo_de_color_de_3_mm_por_rollo-scaled.jpg\",\"datePublished\":\"2019-03-13T15:41:34+00:00\",\"dateModified\":\"2020-11-29T23:01:20+00:00\",\"breadcrumb\":{\"@id\":\"https:\/\/suelosport.com\/pt-pt\/producto\/pavimento-de-circulo-cor-de-3-mm-por-rolo\/#breadcrumb\"},\"inLanguage\":\"pt-PT\",\"potentialAction\":[{\"@type\":\"ReadAction\",\"target\":[\"https:\/\/suelosport.com\/pt-pt\/producto\/pavimento-de-circulo-cor-de-3-mm-por-rolo\/\"]}]},{\"@type\":\"ImageObject\",\"inLanguage\":\"pt-PT\",\"@id\":\"https:\/\/suelosport.com\/pt-pt\/producto\/pavimento-de-circulo-cor-de-3-mm-por-rolo\/#primaryimage\",\"url\":\"https:\/\/suelosport.com\/wp-content\/uploads\/2019\/03\/Pavimento_de_circulo_de_color_de_3_mm_por_rollo-scaled.jpg\",\"contentUrl\":\"https:\/\/suelosport.com\/wp-content\/uploads\/2019\/03\/Pavimento_de_circulo_de_color_de_3_mm_por_rollo-scaled.jpg\",\"width\":2131,\"height\":2560,\"caption\":\"pavimento de circulo de color de 3 mm por rollo\"},{\"@type\":\"BreadcrumbList\",\"@id\":\"https:\/\/suelosport.com\/pt-pt\/producto\/pavimento-de-circulo-cor-de-3-mm-por-rolo\/#breadcrumb\",\"itemListElement\":[{\"@type\":\"ListItem\",\"position\":1,\"name\":\"Portada\",\"item\":\"https:\/\/suelosport.com\/pt-pt\/\"},{\"@type\":\"ListItem\",\"position\":2,\"name\":\"Tienda\",\"item\":\"https:\/\/suelosport.com\/tienda\/\"},{\"@type\":\"ListItem\",\"position\":3,\"name\":\"Pavimento do c\u00edrculo de cor de 3mm por rolo\"}]},{\"@type\":\"WebSite\",\"@id\":\"https:\/\/suelosport.com\/pt-pt\/#website\",\"url\":\"https:\/\/suelosport.com\/pt-pt\/\",\"name\":\"Suelosport - Suelos Deportivos\",\"description\":\"Suelos para gimnasios, suelos de goma, losetas y suelos antideslizantes\",\"publisher\":{\"@id\":\"https:\/\/suelosport.com\/pt-pt\/#organization\"},\"potentialAction\":[{\"@type\":\"SearchAction\",\"target\":{\"@type\":\"EntryPoint\",\"urlTemplate\":\"https:\/\/suelosport.com\/pt-pt\/?s={search_term_string}\"},\"query-input\":{\"@type\":\"PropertyValueSpecification\",\"valueRequired\":true,\"valueName\":\"search_term_string\"}}],\"inLanguage\":\"pt-PT\"},{\"@type\":\"Organization\",\"@id\":\"https:\/\/suelosport.com\/pt-pt\/#organization\",\"name\":\"Suelosport\",\"url\":\"https:\/\/suelosport.com\/pt-pt\/\",\"logo\":{\"@type\":\"ImageObject\",\"inLanguage\":\"pt-PT\",\"@id\":\"https:\/\/suelosport.com\/pt-pt\/#\/schema\/logo\/image\/\",\"url\":\"https:\/\/suelosport.com\/wp-content\/uploads\/2018\/03\/logo-suelosport.png\",\"contentUrl\":\"https:\/\/suelosport.com\/wp-content\/uploads\/2018\/03\/logo-suelosport.png\",\"width\":300,\"height\":67,\"caption\":\"Suelosport\"},\"image\":{\"@id\":\"https:\/\/suelosport.com\/pt-pt\/#\/schema\/logo\/image\/\"},\"sameAs\":[\"https:\/\/www.facebook.com\/Suelosport-2042694182686080\/\",\"https:\/\/www.linkedin.com\/company\/suelosport\/\",\"https:\/\/www.youtube.com\/channel\/UC1eoryUxD4Fw7f1m5wx_vFg?view_as=subscriber\"]}]}<\/script>\n<!-- \/ Yoast SEO plugin. -->","yoast_head_json":{"title":"Pavimento do c\u00edrculo de cor de 3mm por rolo | Suelosport - Suelos Deportivos","robots":{"index":"index","follow":"follow","max-snippet":"max-snippet:-1","max-image-preview":"max-image-preview:large","max-video-preview":"max-video-preview:-1"},"canonical":"https:\/\/suelosport.com\/pt-pt\/producto\/pavimento-de-circulo-cor-de-3-mm-por-rolo\/","og_locale":"pt_PT","og_type":"article","og_title":"Pavimento do c\u00edrculo de cor de 3mm por rolo | Suelosport - Suelos Deportivos","og_description":"Ch\u00e3o de c\u00edrculos coloridos por rolo. Pavimento \"Pirelli\" ou pavimento de borracha de c\u00edrculos ou bot\u00f5es de v\u00e1rias cores.  Espessura: 3 mm  Dimens\u00f5es do rolo: 1 x 15 metros","og_url":"https:\/\/suelosport.com\/pt-pt\/producto\/pavimento-de-circulo-cor-de-3-mm-por-rolo\/","og_site_name":"Suelosport - Suelos Deportivos","article_publisher":"https:\/\/www.facebook.com\/Suelosport-2042694182686080\/","article_modified_time":"2020-11-29T23:01:20+00:00","og_image":[{"width":2131,"height":2560,"url":"https:\/\/suelosport.com\/wp-content\/uploads\/2019\/03\/Pavimento_de_circulo_de_color_de_3_mm_por_rollo-scaled.jpg","type":"image\/jpeg"}],"twitter_card":"summary_large_image","schema":{"@context":"https:\/\/schema.org","@graph":[{"@type":["WebPage","ItemPage"],"@id":"https:\/\/suelosport.com\/pt-pt\/producto\/pavimento-de-circulo-cor-de-3-mm-por-rolo\/","url":"https:\/\/suelosport.com\/pt-pt\/producto\/pavimento-de-circulo-cor-de-3-mm-por-rolo\/","name":"Pavimento do c\u00edrculo de cor de 3mm por rolo | Suelosport - Suelos Deportivos","isPartOf":{"@id":"https:\/\/suelosport.com\/pt-pt\/#website"},"primaryImageOfPage":{"@id":"https:\/\/suelosport.com\/pt-pt\/producto\/pavimento-de-circulo-cor-de-3-mm-por-rolo\/#primaryimage"},"image":{"@id":"https:\/\/suelosport.com\/pt-pt\/producto\/pavimento-de-circulo-cor-de-3-mm-por-rolo\/#primaryimage"},"thumbnailUrl":"https:\/\/suelosport.com\/wp-content\/uploads\/2019\/03\/Pavimento_de_circulo_de_color_de_3_mm_por_rollo-scaled.jpg","datePublished":"2019-03-13T15:41:34+00:00","dateModified":"2020-11-29T23:01:20+00:00","breadcrumb":{"@id":"https:\/\/suelosport.com\/pt-pt\/producto\/pavimento-de-circulo-cor-de-3-mm-por-rolo\/#breadcrumb"},"inLanguage":"pt-PT","potentialAction":[{"@type":"ReadAction","target":["https:\/\/suelosport.com\/pt-pt\/producto\/pavimento-de-circulo-cor-de-3-mm-por-rolo\/"]}]},{"@type":"ImageObject","inLanguage":"pt-PT","@id":"https:\/\/suelosport.com\/pt-pt\/producto\/pavimento-de-circulo-cor-de-3-mm-por-rolo\/#primaryimage","url":"https:\/\/suelosport.com\/wp-content\/uploads\/2019\/03\/Pavimento_de_circulo_de_color_de_3_mm_por_rollo-scaled.jpg","contentUrl":"https:\/\/suelosport.com\/wp-content\/uploads\/2019\/03\/Pavimento_de_circulo_de_color_de_3_mm_por_rollo-scaled.jpg","width":2131,"height":2560,"caption":"pavimento de circulo de color de 3 mm por rollo"},{"@type":"BreadcrumbList","@id":"https:\/\/suelosport.com\/pt-pt\/producto\/pavimento-de-circulo-cor-de-3-mm-por-rolo\/#breadcrumb","itemListElement":[{"@type":"ListItem","position":1,"name":"Portada","item":"https:\/\/suelosport.com\/pt-pt\/"},{"@type":"ListItem","position":2,"name":"Tienda","item":"https:\/\/suelosport.com\/tienda\/"},{"@type":"ListItem","position":3,"name":"Pavimento do c\u00edrculo de cor de 3mm por rolo"}]},{"@type":"WebSite","@id":"https:\/\/suelosport.com\/pt-pt\/#website","url":"https:\/\/suelosport.com\/pt-pt\/","name":"Suelosport - Suelos Deportivos","description":"Suelos para gimnasios, suelos de goma, losetas y suelos antideslizantes","publisher":{"@id":"https:\/\/suelosport.com\/pt-pt\/#organization"},"potentialAction":[{"@type":"SearchAction","target":{"@type":"EntryPoint","urlTemplate":"https:\/\/suelosport.com\/pt-pt\/?s={search_term_string}"},"query-input":{"@type":"PropertyValueSpecification","valueRequired":true,"valueName":"search_term_string"}}],"inLanguage":"pt-PT"},{"@type":"Organization","@id":"https:\/\/suelosport.com\/pt-pt\/#organization","name":"Suelosport","url":"https:\/\/suelosport.com\/pt-pt\/","logo":{"@type":"ImageObject","inLanguage":"pt-PT","@id":"https:\/\/suelosport.com\/pt-pt\/#\/schema\/logo\/image\/","url":"https:\/\/suelosport.com\/wp-content\/uploads\/2018\/03\/logo-suelosport.png","contentUrl":"https:\/\/suelosport.com\/wp-content\/uploads\/2018\/03\/logo-suelosport.png","width":300,"height":67,"caption":"Suelosport"},"image":{"@id":"https:\/\/suelosport.com\/pt-pt\/#\/schema\/logo\/image\/"},"sameAs":["https:\/\/www.facebook.com\/Suelosport-2042694182686080\/","https:\/\/www.linkedin.com\/company\/suelosport\/","https:\/\/www.youtube.com\/channel\/UC1eoryUxD4Fw7f1m5wx_vFg?view_as=subscriber"]}]}},"_links":{"self":[{"href":"https:\/\/suelosport.com\/pt-pt\/wp-json\/wp\/v2\/product\/29323","targetHints":{"allow":["GET"]}}],"collection":[{"href":"https:\/\/suelosport.com\/pt-pt\/wp-json\/wp\/v2\/product"}],"about":[{"href":"https:\/\/suelosport.com\/pt-pt\/wp-json\/wp\/v2\/types\/product"}],"replies":[{"embeddable":true,"href":"https:\/\/suelosport.com\/pt-pt\/wp-json\/wp\/v2\/comments?post=29323"}],"wp:featuredmedia":[{"embeddable":true,"href":"https:\/\/suelosport.com\/pt-pt\/wp-json\/wp\/v2\/media\/29344"}],"wp:attachment":[{"href":"https:\/\/suelosport.com\/pt-pt\/wp-json\/wp\/v2\/media?parent=29323"}],"wp:term":[{"taxonomy":"product_brand","embeddable":true,"href":"https:\/\/suelosport.com\/pt-pt\/wp-json\/wp\/v2\/product_brand?post=29323"},{"taxonomy":"product_cat","embeddable":true,"href":"https:\/\/suelosport.com\/pt-pt\/wp-json\/wp\/v2\/product_cat?post=29323"},{"taxonomy":"product_tag","embeddable":true,"href":"https:\/\/suelosport.com\/pt-pt\/wp-json\/wp\/v2\/product_tag?post=29323"}],"curies":[{"name":"wp","href":"https:\/\/api.w.org\/{rel}","templated":true}]}}