{"id":28766,"date":"2018-03-14T16:09:29","date_gmt":"2018-03-14T16:09:29","guid":{"rendered":"https:\/\/suelosport.com\/producto\/placa-de-borracha-sbr-em-seccoes-14-m-de-largura\/"},"modified":"2023-01-16T10:58:54","modified_gmt":"2023-01-16T09:58:54","slug":"ferro-borracha-sbr-by-meter-linear-14-m-de-largura","status":"publish","type":"product","link":"https:\/\/suelosport.com\/pt-pt\/producto\/ferro-borracha-sbr-by-meter-linear-14-m-de-largura\/","title":{"rendered":"Placa de borracha SBR em sec\u00e7\u00f5es (1,4 m de largura)"},"content":{"rendered":"","protected":false},"excerpt":{"rendered":"<p><strong>Ferro de borracha SBR ou ch\u00e3o por metro<\/strong> superf\u00edcie 100% liso.<\/p>\n<p><span style=\"color: #ed1c24;\"><strong>O pre\u00e7o indicado \u00e9 para sec\u00e7\u00f5es de 5 metros<\/strong><\/span><\/p>\n<a href=\"\/ellos-tambien-confiaron-en-nosotros\/\" class=\"button primary is-outline is-small\" >\n\t<i class=\"icon-instagram\" aria-hidden=\"true\"><\/i>\t<span>Ver im\u00e1genes de suelos colocados<\/span>\n\t<\/a>\n\n","protected":false},"featured_media":28787,"comment_status":"open","ping_status":"closed","template":"","meta":{"inline_featured_image":false},"product_brand":[],"product_cat":[1102,941],"product_tag":[1018,1031,1098,1149,1150,917],"class_list":{"0":"post-28766","1":"product","2":"type-product","3":"status-publish","4":"has-post-thumbnail","6":"product_cat-planchas-de-goma-pt-pt","7":"product_cat-suelos-de-goma-pt-pt","8":"product_tag-plancha-pt-pt","9":"product_tag-goma-pt-pt","10":"product_tag-rollo-pt-pt","11":"product_tag-lisa-pt-pt","12":"product_tag-sbr-pt-pt","13":"product_tag-caucho-pt-pt","15":"first","16":"instock","17":"taxable","18":"shipping-taxable","19":"purchasable","20":"product-type-variable"},"yoast_head":"<!-- This site is optimized with the Yoast SEO plugin v27.1.1 - https:\/\/yoast.com\/product\/yoast-seo-wordpress\/ -->\n<title>FERRO DE BORRACHA SBR POR MEDIDOR LINEAR 1,4 M DE LARGURA<\/title>\n<meta name=\"robots\" content=\"index, follow, max-snippet:-1, max-image-preview:large, max-video-preview:-1\" \/>\n<link rel=\"canonical\" href=\"https:\/\/suelosport.com\/pt-pt\/producto\/ferro-borracha-sbr-by-meter-linear-14-m-de-largura\/\" \/>\n<meta property=\"og:locale\" content=\"pt_PT\" \/>\n<meta property=\"og:type\" content=\"article\" \/>\n<meta property=\"og:title\" content=\"FERRO DE BORRACHA SBR POR MEDIDOR LINEAR 1,4 M DE LARGURA\" \/>\n<meta property=\"og:description\" content=\"Ferro de borracha SBR ou ch\u00e3o por metro superf\u00edcie 100% liso. O pre\u00e7o indicado \u00e9 para sec\u00e7\u00f5es de 5 metros\" \/>\n<meta property=\"og:url\" content=\"https:\/\/suelosport.com\/pt-pt\/producto\/ferro-borracha-sbr-by-meter-linear-14-m-de-largura\/\" \/>\n<meta property=\"og:site_name\" content=\"Suelosport - Suelos Deportivos\" \/>\n<meta property=\"article:publisher\" content=\"https:\/\/www.facebook.com\/Suelosport-2042694182686080\/\" \/>\n<meta property=\"article:modified_time\" content=\"2023-01-16T09:58:54+00:00\" \/>\n<meta property=\"og:image\" content=\"https:\/\/suelosport.com\/wp-content\/uploads\/2018\/03\/plancha_de_goma_sbr_por_metro_lineal_14_m_de_ancho.png\" \/>\n\t<meta property=\"og:image:width\" content=\"797\" \/>\n\t<meta property=\"og:image:height\" content=\"798\" \/>\n\t<meta property=\"og:image:type\" content=\"image\/png\" \/>\n<meta name=\"twitter:card\" content=\"summary_large_image\" \/>\n<script type=\"application\/ld+json\" class=\"yoast-schema-graph\">{\"@context\":\"https:\/\/schema.org\",\"@graph\":[{\"@type\":[\"WebPage\",\"ItemPage\"],\"@id\":\"https:\/\/suelosport.com\/pt-pt\/producto\/ferro-borracha-sbr-by-meter-linear-14-m-de-largura\/\",\"url\":\"https:\/\/suelosport.com\/pt-pt\/producto\/ferro-borracha-sbr-by-meter-linear-14-m-de-largura\/\",\"name\":\"FERRO DE BORRACHA SBR POR MEDIDOR LINEAR 1,4 M DE LARGURA\",\"isPartOf\":{\"@id\":\"https:\/\/suelosport.com\/pt-pt\/#website\"},\"primaryImageOfPage\":{\"@id\":\"https:\/\/suelosport.com\/pt-pt\/producto\/ferro-borracha-sbr-by-meter-linear-14-m-de-largura\/#primaryimage\"},\"image\":{\"@id\":\"https:\/\/suelosport.com\/pt-pt\/producto\/ferro-borracha-sbr-by-meter-linear-14-m-de-largura\/#primaryimage\"},\"thumbnailUrl\":\"https:\/\/suelosport.com\/wp-content\/uploads\/2018\/03\/plancha_de_goma_sbr_por_metro_lineal_14_m_de_ancho.png\",\"datePublished\":\"2018-03-14T16:09:29+00:00\",\"dateModified\":\"2023-01-16T09:58:54+00:00\",\"breadcrumb\":{\"@id\":\"https:\/\/suelosport.com\/pt-pt\/producto\/ferro-borracha-sbr-by-meter-linear-14-m-de-largura\/#breadcrumb\"},\"inLanguage\":\"pt-PT\",\"potentialAction\":[{\"@type\":\"ReadAction\",\"target\":[\"https:\/\/suelosport.com\/pt-pt\/producto\/ferro-borracha-sbr-by-meter-linear-14-m-de-largura\/\"]}]},{\"@type\":\"ImageObject\",\"inLanguage\":\"pt-PT\",\"@id\":\"https:\/\/suelosport.com\/pt-pt\/producto\/ferro-borracha-sbr-by-meter-linear-14-m-de-largura\/#primaryimage\",\"url\":\"https:\/\/suelosport.com\/wp-content\/uploads\/2018\/03\/plancha_de_goma_sbr_por_metro_lineal_14_m_de_ancho.png\",\"contentUrl\":\"https:\/\/suelosport.com\/wp-content\/uploads\/2018\/03\/plancha_de_goma_sbr_por_metro_lineal_14_m_de_ancho.png\",\"width\":797,\"height\":798,\"caption\":\"Placa de borracha SBR por medidor linear (1,4 m de largura)\"},{\"@type\":\"BreadcrumbList\",\"@id\":\"https:\/\/suelosport.com\/pt-pt\/producto\/ferro-borracha-sbr-by-meter-linear-14-m-de-largura\/#breadcrumb\",\"itemListElement\":[{\"@type\":\"ListItem\",\"position\":1,\"name\":\"Portada\",\"item\":\"https:\/\/suelosport.com\/pt-pt\/\"},{\"@type\":\"ListItem\",\"position\":2,\"name\":\"Tienda\",\"item\":\"https:\/\/suelosport.com\/tienda\/\"},{\"@type\":\"ListItem\",\"position\":3,\"name\":\"Placa de borracha SBR em sec\u00e7\u00f5es (1,4 m de largura)\"}]},{\"@type\":\"WebSite\",\"@id\":\"https:\/\/suelosport.com\/pt-pt\/#website\",\"url\":\"https:\/\/suelosport.com\/pt-pt\/\",\"name\":\"Suelosport - Suelos Deportivos\",\"description\":\"Suelos para gimnasios, suelos de goma, losetas y suelos antideslizantes\",\"publisher\":{\"@id\":\"https:\/\/suelosport.com\/pt-pt\/#organization\"},\"potentialAction\":[{\"@type\":\"SearchAction\",\"target\":{\"@type\":\"EntryPoint\",\"urlTemplate\":\"https:\/\/suelosport.com\/pt-pt\/?s={search_term_string}\"},\"query-input\":{\"@type\":\"PropertyValueSpecification\",\"valueRequired\":true,\"valueName\":\"search_term_string\"}}],\"inLanguage\":\"pt-PT\"},{\"@type\":\"Organization\",\"@id\":\"https:\/\/suelosport.com\/pt-pt\/#organization\",\"name\":\"Suelosport\",\"url\":\"https:\/\/suelosport.com\/pt-pt\/\",\"logo\":{\"@type\":\"ImageObject\",\"inLanguage\":\"pt-PT\",\"@id\":\"https:\/\/suelosport.com\/pt-pt\/#\/schema\/logo\/image\/\",\"url\":\"https:\/\/suelosport.com\/wp-content\/uploads\/2018\/03\/logo-suelosport.png\",\"contentUrl\":\"https:\/\/suelosport.com\/wp-content\/uploads\/2018\/03\/logo-suelosport.png\",\"width\":300,\"height\":67,\"caption\":\"Suelosport\"},\"image\":{\"@id\":\"https:\/\/suelosport.com\/pt-pt\/#\/schema\/logo\/image\/\"},\"sameAs\":[\"https:\/\/www.facebook.com\/Suelosport-2042694182686080\/\",\"https:\/\/www.linkedin.com\/company\/suelosport\/\",\"https:\/\/www.youtube.com\/channel\/UC1eoryUxD4Fw7f1m5wx_vFg?view_as=subscriber\"]}]}<\/script>\n<!-- \/ Yoast SEO plugin. -->","yoast_head_json":{"title":"FERRO DE BORRACHA SBR POR MEDIDOR LINEAR 1,4 M DE LARGURA","robots":{"index":"index","follow":"follow","max-snippet":"max-snippet:-1","max-image-preview":"max-image-preview:large","max-video-preview":"max-video-preview:-1"},"canonical":"https:\/\/suelosport.com\/pt-pt\/producto\/ferro-borracha-sbr-by-meter-linear-14-m-de-largura\/","og_locale":"pt_PT","og_type":"article","og_title":"FERRO DE BORRACHA SBR POR MEDIDOR LINEAR 1,4 M DE LARGURA","og_description":"Ferro de borracha SBR ou ch\u00e3o por metro superf\u00edcie 100% liso. O pre\u00e7o indicado \u00e9 para sec\u00e7\u00f5es de 5 metros","og_url":"https:\/\/suelosport.com\/pt-pt\/producto\/ferro-borracha-sbr-by-meter-linear-14-m-de-largura\/","og_site_name":"Suelosport - Suelos Deportivos","article_publisher":"https:\/\/www.facebook.com\/Suelosport-2042694182686080\/","article_modified_time":"2023-01-16T09:58:54+00:00","og_image":[{"width":797,"height":798,"url":"https:\/\/suelosport.com\/wp-content\/uploads\/2018\/03\/plancha_de_goma_sbr_por_metro_lineal_14_m_de_ancho.png","type":"image\/png"}],"twitter_card":"summary_large_image","schema":{"@context":"https:\/\/schema.org","@graph":[{"@type":["WebPage","ItemPage"],"@id":"https:\/\/suelosport.com\/pt-pt\/producto\/ferro-borracha-sbr-by-meter-linear-14-m-de-largura\/","url":"https:\/\/suelosport.com\/pt-pt\/producto\/ferro-borracha-sbr-by-meter-linear-14-m-de-largura\/","name":"FERRO DE BORRACHA SBR POR MEDIDOR LINEAR 1,4 M DE LARGURA","isPartOf":{"@id":"https:\/\/suelosport.com\/pt-pt\/#website"},"primaryImageOfPage":{"@id":"https:\/\/suelosport.com\/pt-pt\/producto\/ferro-borracha-sbr-by-meter-linear-14-m-de-largura\/#primaryimage"},"image":{"@id":"https:\/\/suelosport.com\/pt-pt\/producto\/ferro-borracha-sbr-by-meter-linear-14-m-de-largura\/#primaryimage"},"thumbnailUrl":"https:\/\/suelosport.com\/wp-content\/uploads\/2018\/03\/plancha_de_goma_sbr_por_metro_lineal_14_m_de_ancho.png","datePublished":"2018-03-14T16:09:29+00:00","dateModified":"2023-01-16T09:58:54+00:00","breadcrumb":{"@id":"https:\/\/suelosport.com\/pt-pt\/producto\/ferro-borracha-sbr-by-meter-linear-14-m-de-largura\/#breadcrumb"},"inLanguage":"pt-PT","potentialAction":[{"@type":"ReadAction","target":["https:\/\/suelosport.com\/pt-pt\/producto\/ferro-borracha-sbr-by-meter-linear-14-m-de-largura\/"]}]},{"@type":"ImageObject","inLanguage":"pt-PT","@id":"https:\/\/suelosport.com\/pt-pt\/producto\/ferro-borracha-sbr-by-meter-linear-14-m-de-largura\/#primaryimage","url":"https:\/\/suelosport.com\/wp-content\/uploads\/2018\/03\/plancha_de_goma_sbr_por_metro_lineal_14_m_de_ancho.png","contentUrl":"https:\/\/suelosport.com\/wp-content\/uploads\/2018\/03\/plancha_de_goma_sbr_por_metro_lineal_14_m_de_ancho.png","width":797,"height":798,"caption":"Placa de borracha SBR por medidor linear (1,4 m de largura)"},{"@type":"BreadcrumbList","@id":"https:\/\/suelosport.com\/pt-pt\/producto\/ferro-borracha-sbr-by-meter-linear-14-m-de-largura\/#breadcrumb","itemListElement":[{"@type":"ListItem","position":1,"name":"Portada","item":"https:\/\/suelosport.com\/pt-pt\/"},{"@type":"ListItem","position":2,"name":"Tienda","item":"https:\/\/suelosport.com\/tienda\/"},{"@type":"ListItem","position":3,"name":"Placa de borracha SBR em sec\u00e7\u00f5es (1,4 m de largura)"}]},{"@type":"WebSite","@id":"https:\/\/suelosport.com\/pt-pt\/#website","url":"https:\/\/suelosport.com\/pt-pt\/","name":"Suelosport - Suelos Deportivos","description":"Suelos para gimnasios, suelos de goma, losetas y suelos antideslizantes","publisher":{"@id":"https:\/\/suelosport.com\/pt-pt\/#organization"},"potentialAction":[{"@type":"SearchAction","target":{"@type":"EntryPoint","urlTemplate":"https:\/\/suelosport.com\/pt-pt\/?s={search_term_string}"},"query-input":{"@type":"PropertyValueSpecification","valueRequired":true,"valueName":"search_term_string"}}],"inLanguage":"pt-PT"},{"@type":"Organization","@id":"https:\/\/suelosport.com\/pt-pt\/#organization","name":"Suelosport","url":"https:\/\/suelosport.com\/pt-pt\/","logo":{"@type":"ImageObject","inLanguage":"pt-PT","@id":"https:\/\/suelosport.com\/pt-pt\/#\/schema\/logo\/image\/","url":"https:\/\/suelosport.com\/wp-content\/uploads\/2018\/03\/logo-suelosport.png","contentUrl":"https:\/\/suelosport.com\/wp-content\/uploads\/2018\/03\/logo-suelosport.png","width":300,"height":67,"caption":"Suelosport"},"image":{"@id":"https:\/\/suelosport.com\/pt-pt\/#\/schema\/logo\/image\/"},"sameAs":["https:\/\/www.facebook.com\/Suelosport-2042694182686080\/","https:\/\/www.linkedin.com\/company\/suelosport\/","https:\/\/www.youtube.com\/channel\/UC1eoryUxD4Fw7f1m5wx_vFg?view_as=subscriber"]}]}},"_links":{"self":[{"href":"https:\/\/suelosport.com\/pt-pt\/wp-json\/wp\/v2\/product\/28766","targetHints":{"allow":["GET"]}}],"collection":[{"href":"https:\/\/suelosport.com\/pt-pt\/wp-json\/wp\/v2\/product"}],"about":[{"href":"https:\/\/suelosport.com\/pt-pt\/wp-json\/wp\/v2\/types\/product"}],"replies":[{"embeddable":true,"href":"https:\/\/suelosport.com\/pt-pt\/wp-json\/wp\/v2\/comments?post=28766"}],"wp:featuredmedia":[{"embeddable":true,"href":"https:\/\/suelosport.com\/pt-pt\/wp-json\/wp\/v2\/media\/28787"}],"wp:attachment":[{"href":"https:\/\/suelosport.com\/pt-pt\/wp-json\/wp\/v2\/media?parent=28766"}],"wp:term":[{"taxonomy":"product_brand","embeddable":true,"href":"https:\/\/suelosport.com\/pt-pt\/wp-json\/wp\/v2\/product_brand?post=28766"},{"taxonomy":"product_cat","embeddable":true,"href":"https:\/\/suelosport.com\/pt-pt\/wp-json\/wp\/v2\/product_cat?post=28766"},{"taxonomy":"product_tag","embeddable":true,"href":"https:\/\/suelosport.com\/pt-pt\/wp-json\/wp\/v2\/product_tag?post=28766"}],"curies":[{"name":"wp","href":"https:\/\/api.w.org\/{rel}","templated":true}]}}