{"id":28149,"date":"2018-03-09T18:02:12","date_gmt":"2018-03-09T18:02:12","guid":{"rendered":"https:\/\/suelosport.com\/producto\/tela-de-pvc-de-900-gramas-panama-por-rolo\/"},"modified":"2020-11-30T00:01:18","modified_gmt":"2020-11-29T23:01:18","slug":"tela-de-pvc-de-900-gramas-panama-por-roll","status":"publish","type":"product","link":"https:\/\/suelosport.com\/pt-pt\/producto\/tela-de-pvc-de-900-gramas-panama-por-roll\/","title":{"rendered":"Tela de PVC de 900 gramas Panam\u00e1 por rolo"},"content":{"rendered":"","protected":false},"excerpt":{"rendered":"<p><strong>Tela de PVC por rolo de<\/strong> 900 gr\/m2 tamb\u00e9m conhecida como tela <strong>&#8220;Panam\u00e1&#8221;.<\/strong><\/p>\n<ul>\n<li>Dimens\u00f5es do rolo: 3 x 30 metros (90 m2)<\/li>\n<\/ul>\n<p><strong>Pe\u00e7a-nos uma cota\u00e7\u00e3o para o fabrico da sua tela de PVC personalizada, termoando:<\/strong><\/p>\n<a href=\"\/contacto\/\" class=\"button primary is-primary is-medium\" >\n\t\t<span>SOLICITAR PRESUPUESTO<\/span>\n\t<\/a>\n\n<p><iframe loading=\"lazy\" src=\"https:\/\/www.youtube.com\/embed\/04sZqhXbjcg?rel=0\" width=\"250\" height=\"150\" frameborder=\"0\" allowfullscreen=\"allowfullscreen\"><\/iframe><\/p>\n","protected":false},"featured_media":36441,"comment_status":"open","ping_status":"closed","template":"","meta":{"inline_featured_image":false},"product_brand":[],"product_cat":[994,1081],"product_tag":[1087,1088,1089,1090,1093,1083,1084,1085,1086],"class_list":{"0":"post-28149","1":"product","2":"type-product","3":"status-publish","4":"has-post-thumbnail","6":"product_cat-tatamis-pt-pt","7":"product_cat-lonas-de-pvc-pt-pt","8":"product_tag-castillos-inchables-pt-pt","9":"product_tag-embarcaciones-pt-pt","10":"product_tag-toldos-pt-pt","11":"product_tag-cubre-piscinas-pt-pt","12":"product_tag-lonas-piscinas-pt-pt-2","13":"product_tag-pvc-pt-pt","14":"product_tag-lona-impermeable-pt-pt","15":"product_tag-lona-pt-pt","16":"product_tag-lonas-pt-pt","18":"first","19":"instock","20":"taxable","21":"shipping-taxable","22":"purchasable","23":"product-type-variable"},"yoast_head":"<!-- This site is optimized with the Yoast SEO plugin v27.4 - https:\/\/yoast.com\/product\/yoast-seo-wordpress\/ -->\n<title>TELA DE PVC DE 900 GRAMAS &quot;PANAM\u00c1&quot; POR ROLO<\/title>\n<meta name=\"robots\" content=\"index, follow, max-snippet:-1, max-image-preview:large, max-video-preview:-1\" \/>\n<link rel=\"canonical\" href=\"https:\/\/suelosport.com\/pt-pt\/producto\/tela-de-pvc-de-900-gramas-panama-por-roll\/\" \/>\n<meta property=\"og:locale\" content=\"pt_PT\" \/>\n<meta property=\"og:type\" content=\"article\" \/>\n<meta property=\"og:title\" content=\"TELA DE PVC DE 900 GRAMAS &quot;PANAM\u00c1&quot; POR ROLO\" \/>\n<meta property=\"og:description\" content=\"Tela de PVC por rolo de 900 gr\/m2 tamb\u00e9m conhecida como tela &quot;Panam\u00e1&quot;.  Dimens\u00f5es do rolo: 3 x 30 metros (90 m2) Pe\u00e7a-nos uma cota\u00e7\u00e3o para o fabrico da sua tela de PVC personalizada, termoando:\" \/>\n<meta property=\"og:url\" content=\"https:\/\/suelosport.com\/pt-pt\/producto\/tela-de-pvc-de-900-gramas-panama-por-roll\/\" \/>\n<meta property=\"og:site_name\" content=\"Suelosport - Suelos Deportivos\" \/>\n<meta property=\"article:publisher\" content=\"https:\/\/www.facebook.com\/Suelosport-2042694182686080\/\" \/>\n<meta property=\"article:modified_time\" content=\"2020-11-29T23:01:18+00:00\" \/>\n<meta property=\"og:image\" content=\"https:\/\/suelosport.com\/wp-content\/uploads\/2018\/03\/lona_panama_1.jpg\" \/>\n\t<meta property=\"og:image:width\" content=\"1000\" \/>\n\t<meta property=\"og:image:height\" content=\"1000\" \/>\n\t<meta property=\"og:image:type\" content=\"image\/jpeg\" \/>\n<meta name=\"twitter:card\" content=\"summary_large_image\" \/>\n<script type=\"application\/ld+json\" class=\"yoast-schema-graph\">{\"@context\":\"https:\\\/\\\/schema.org\",\"@graph\":[{\"@type\":[\"WebPage\",\"ItemPage\"],\"@id\":\"https:\\\/\\\/suelosport.com\\\/pt-pt\\\/producto\\\/tela-de-pvc-de-900-gramas-panama-por-roll\\\/\",\"url\":\"https:\\\/\\\/suelosport.com\\\/pt-pt\\\/producto\\\/tela-de-pvc-de-900-gramas-panama-por-roll\\\/\",\"name\":\"TELA DE PVC DE 900 GRAMAS \\\"PANAM\u00c1\\\" POR ROLO\",\"isPartOf\":{\"@id\":\"https:\\\/\\\/suelosport.com\\\/pt-pt\\\/#website\"},\"primaryImageOfPage\":{\"@id\":\"https:\\\/\\\/suelosport.com\\\/pt-pt\\\/producto\\\/tela-de-pvc-de-900-gramas-panama-por-roll\\\/#primaryimage\"},\"image\":{\"@id\":\"https:\\\/\\\/suelosport.com\\\/pt-pt\\\/producto\\\/tela-de-pvc-de-900-gramas-panama-por-roll\\\/#primaryimage\"},\"thumbnailUrl\":\"https:\\\/\\\/suelosport.com\\\/wp-content\\\/uploads\\\/2018\\\/03\\\/lona_panama_1.jpg\",\"datePublished\":\"2018-03-09T18:02:12+00:00\",\"dateModified\":\"2020-11-29T23:01:18+00:00\",\"breadcrumb\":{\"@id\":\"https:\\\/\\\/suelosport.com\\\/pt-pt\\\/producto\\\/tela-de-pvc-de-900-gramas-panama-por-roll\\\/#breadcrumb\"},\"inLanguage\":\"pt-PT\",\"potentialAction\":[{\"@type\":\"ReadAction\",\"target\":[\"https:\\\/\\\/suelosport.com\\\/pt-pt\\\/producto\\\/tela-de-pvc-de-900-gramas-panama-por-roll\\\/\"]}]},{\"@type\":\"ImageObject\",\"inLanguage\":\"pt-PT\",\"@id\":\"https:\\\/\\\/suelosport.com\\\/pt-pt\\\/producto\\\/tela-de-pvc-de-900-gramas-panama-por-roll\\\/#primaryimage\",\"url\":\"https:\\\/\\\/suelosport.com\\\/wp-content\\\/uploads\\\/2018\\\/03\\\/lona_panama_1.jpg\",\"contentUrl\":\"https:\\\/\\\/suelosport.com\\\/wp-content\\\/uploads\\\/2018\\\/03\\\/lona_panama_1.jpg\",\"width\":1000,\"height\":1000,\"caption\":\"Loma panama\"},{\"@type\":\"BreadcrumbList\",\"@id\":\"https:\\\/\\\/suelosport.com\\\/pt-pt\\\/producto\\\/tela-de-pvc-de-900-gramas-panama-por-roll\\\/#breadcrumb\",\"itemListElement\":[{\"@type\":\"ListItem\",\"position\":1,\"name\":\"Portada\",\"item\":\"https:\\\/\\\/suelosport.com\\\/pt-pt\\\/\"},{\"@type\":\"ListItem\",\"position\":2,\"name\":\"Tienda\",\"item\":\"https:\\\/\\\/suelosport.com\\\/tienda\\\/\"},{\"@type\":\"ListItem\",\"position\":3,\"name\":\"Tela de PVC de 900 gramas Panam\u00e1 por rolo\"}]},{\"@type\":\"WebSite\",\"@id\":\"https:\\\/\\\/suelosport.com\\\/pt-pt\\\/#website\",\"url\":\"https:\\\/\\\/suelosport.com\\\/pt-pt\\\/\",\"name\":\"Suelosport - Suelos Deportivos\",\"description\":\"Suelos para gimnasios, suelos de goma, losetas y suelos antideslizantes\",\"publisher\":{\"@id\":\"https:\\\/\\\/suelosport.com\\\/pt-pt\\\/#organization\"},\"potentialAction\":[{\"@type\":\"SearchAction\",\"target\":{\"@type\":\"EntryPoint\",\"urlTemplate\":\"https:\\\/\\\/suelosport.com\\\/pt-pt\\\/?s={search_term_string}\"},\"query-input\":{\"@type\":\"PropertyValueSpecification\",\"valueRequired\":true,\"valueName\":\"search_term_string\"}}],\"inLanguage\":\"pt-PT\"},{\"@type\":\"Organization\",\"@id\":\"https:\\\/\\\/suelosport.com\\\/pt-pt\\\/#organization\",\"name\":\"Suelosport\",\"url\":\"https:\\\/\\\/suelosport.com\\\/pt-pt\\\/\",\"logo\":{\"@type\":\"ImageObject\",\"inLanguage\":\"pt-PT\",\"@id\":\"https:\\\/\\\/suelosport.com\\\/pt-pt\\\/#\\\/schema\\\/logo\\\/image\\\/\",\"url\":\"https:\\\/\\\/suelosport.com\\\/wp-content\\\/uploads\\\/2018\\\/03\\\/logo-suelosport.png\",\"contentUrl\":\"https:\\\/\\\/suelosport.com\\\/wp-content\\\/uploads\\\/2018\\\/03\\\/logo-suelosport.png\",\"width\":300,\"height\":67,\"caption\":\"Suelosport\"},\"image\":{\"@id\":\"https:\\\/\\\/suelosport.com\\\/pt-pt\\\/#\\\/schema\\\/logo\\\/image\\\/\"},\"sameAs\":[\"https:\\\/\\\/www.facebook.com\\\/Suelosport-2042694182686080\\\/\",\"https:\\\/\\\/www.linkedin.com\\\/company\\\/suelosport\\\/\",\"https:\\\/\\\/www.youtube.com\\\/channel\\\/UC1eoryUxD4Fw7f1m5wx_vFg?view_as=subscriber\"]}]}<\/script>\n<!-- \/ Yoast SEO plugin. -->","yoast_head_json":{"title":"TELA DE PVC DE 900 GRAMAS \"PANAM\u00c1\" POR ROLO","robots":{"index":"index","follow":"follow","max-snippet":"max-snippet:-1","max-image-preview":"max-image-preview:large","max-video-preview":"max-video-preview:-1"},"canonical":"https:\/\/suelosport.com\/pt-pt\/producto\/tela-de-pvc-de-900-gramas-panama-por-roll\/","og_locale":"pt_PT","og_type":"article","og_title":"TELA DE PVC DE 900 GRAMAS \"PANAM\u00c1\" POR ROLO","og_description":"Tela de PVC por rolo de 900 gr\/m2 tamb\u00e9m conhecida como tela \"Panam\u00e1\".  Dimens\u00f5es do rolo: 3 x 30 metros (90 m2) Pe\u00e7a-nos uma cota\u00e7\u00e3o para o fabrico da sua tela de PVC personalizada, termoando:","og_url":"https:\/\/suelosport.com\/pt-pt\/producto\/tela-de-pvc-de-900-gramas-panama-por-roll\/","og_site_name":"Suelosport - Suelos Deportivos","article_publisher":"https:\/\/www.facebook.com\/Suelosport-2042694182686080\/","article_modified_time":"2020-11-29T23:01:18+00:00","og_image":[{"width":1000,"height":1000,"url":"https:\/\/suelosport.com\/wp-content\/uploads\/2018\/03\/lona_panama_1.jpg","type":"image\/jpeg"}],"twitter_card":"summary_large_image","schema":{"@context":"https:\/\/schema.org","@graph":[{"@type":["WebPage","ItemPage"],"@id":"https:\/\/suelosport.com\/pt-pt\/producto\/tela-de-pvc-de-900-gramas-panama-por-roll\/","url":"https:\/\/suelosport.com\/pt-pt\/producto\/tela-de-pvc-de-900-gramas-panama-por-roll\/","name":"TELA DE PVC DE 900 GRAMAS \"PANAM\u00c1\" POR ROLO","isPartOf":{"@id":"https:\/\/suelosport.com\/pt-pt\/#website"},"primaryImageOfPage":{"@id":"https:\/\/suelosport.com\/pt-pt\/producto\/tela-de-pvc-de-900-gramas-panama-por-roll\/#primaryimage"},"image":{"@id":"https:\/\/suelosport.com\/pt-pt\/producto\/tela-de-pvc-de-900-gramas-panama-por-roll\/#primaryimage"},"thumbnailUrl":"https:\/\/suelosport.com\/wp-content\/uploads\/2018\/03\/lona_panama_1.jpg","datePublished":"2018-03-09T18:02:12+00:00","dateModified":"2020-11-29T23:01:18+00:00","breadcrumb":{"@id":"https:\/\/suelosport.com\/pt-pt\/producto\/tela-de-pvc-de-900-gramas-panama-por-roll\/#breadcrumb"},"inLanguage":"pt-PT","potentialAction":[{"@type":"ReadAction","target":["https:\/\/suelosport.com\/pt-pt\/producto\/tela-de-pvc-de-900-gramas-panama-por-roll\/"]}]},{"@type":"ImageObject","inLanguage":"pt-PT","@id":"https:\/\/suelosport.com\/pt-pt\/producto\/tela-de-pvc-de-900-gramas-panama-por-roll\/#primaryimage","url":"https:\/\/suelosport.com\/wp-content\/uploads\/2018\/03\/lona_panama_1.jpg","contentUrl":"https:\/\/suelosport.com\/wp-content\/uploads\/2018\/03\/lona_panama_1.jpg","width":1000,"height":1000,"caption":"Loma panama"},{"@type":"BreadcrumbList","@id":"https:\/\/suelosport.com\/pt-pt\/producto\/tela-de-pvc-de-900-gramas-panama-por-roll\/#breadcrumb","itemListElement":[{"@type":"ListItem","position":1,"name":"Portada","item":"https:\/\/suelosport.com\/pt-pt\/"},{"@type":"ListItem","position":2,"name":"Tienda","item":"https:\/\/suelosport.com\/tienda\/"},{"@type":"ListItem","position":3,"name":"Tela de PVC de 900 gramas Panam\u00e1 por rolo"}]},{"@type":"WebSite","@id":"https:\/\/suelosport.com\/pt-pt\/#website","url":"https:\/\/suelosport.com\/pt-pt\/","name":"Suelosport - Suelos Deportivos","description":"Suelos para gimnasios, suelos de goma, losetas y suelos antideslizantes","publisher":{"@id":"https:\/\/suelosport.com\/pt-pt\/#organization"},"potentialAction":[{"@type":"SearchAction","target":{"@type":"EntryPoint","urlTemplate":"https:\/\/suelosport.com\/pt-pt\/?s={search_term_string}"},"query-input":{"@type":"PropertyValueSpecification","valueRequired":true,"valueName":"search_term_string"}}],"inLanguage":"pt-PT"},{"@type":"Organization","@id":"https:\/\/suelosport.com\/pt-pt\/#organization","name":"Suelosport","url":"https:\/\/suelosport.com\/pt-pt\/","logo":{"@type":"ImageObject","inLanguage":"pt-PT","@id":"https:\/\/suelosport.com\/pt-pt\/#\/schema\/logo\/image\/","url":"https:\/\/suelosport.com\/wp-content\/uploads\/2018\/03\/logo-suelosport.png","contentUrl":"https:\/\/suelosport.com\/wp-content\/uploads\/2018\/03\/logo-suelosport.png","width":300,"height":67,"caption":"Suelosport"},"image":{"@id":"https:\/\/suelosport.com\/pt-pt\/#\/schema\/logo\/image\/"},"sameAs":["https:\/\/www.facebook.com\/Suelosport-2042694182686080\/","https:\/\/www.linkedin.com\/company\/suelosport\/","https:\/\/www.youtube.com\/channel\/UC1eoryUxD4Fw7f1m5wx_vFg?view_as=subscriber"]}]}},"_links":{"self":[{"href":"https:\/\/suelosport.com\/pt-pt\/wp-json\/wp\/v2\/product\/28149","targetHints":{"allow":["GET"]}}],"collection":[{"href":"https:\/\/suelosport.com\/pt-pt\/wp-json\/wp\/v2\/product"}],"about":[{"href":"https:\/\/suelosport.com\/pt-pt\/wp-json\/wp\/v2\/types\/product"}],"replies":[{"embeddable":true,"href":"https:\/\/suelosport.com\/pt-pt\/wp-json\/wp\/v2\/comments?post=28149"}],"wp:featuredmedia":[{"embeddable":true,"href":"https:\/\/suelosport.com\/pt-pt\/wp-json\/wp\/v2\/media\/36441"}],"wp:attachment":[{"href":"https:\/\/suelosport.com\/pt-pt\/wp-json\/wp\/v2\/media?parent=28149"}],"wp:term":[{"taxonomy":"product_brand","embeddable":true,"href":"https:\/\/suelosport.com\/pt-pt\/wp-json\/wp\/v2\/product_brand?post=28149"},{"taxonomy":"product_cat","embeddable":true,"href":"https:\/\/suelosport.com\/pt-pt\/wp-json\/wp\/v2\/product_cat?post=28149"},{"taxonomy":"product_tag","embeddable":true,"href":"https:\/\/suelosport.com\/pt-pt\/wp-json\/wp\/v2\/product_tag?post=28149"}],"curies":[{"name":"wp","href":"https:\/\/api.w.org\/{rel}","templated":true}]}}