{"id":28039,"date":"2018-03-05T17:16:45","date_gmt":"2018-03-05T17:16:45","guid":{"rendered":"https:\/\/suelosport.com\/producto\/piso-de-pe-3-mm-em-seccoes\/"},"modified":"2021-03-15T09:37:55","modified_gmt":"2021-03-15T08:37:55","slug":"pavimento-pe-pe-3-mm-metros-linear","status":"publish","type":"product","link":"https:\/\/suelosport.com\/pt-pt\/producto\/pavimento-pe-pe-3-mm-metros-linear\/","title":{"rendered":"Pavimento de borracha estriado 3 mm em sec\u00e7\u00f5es"},"content":{"rendered":"","protected":false},"excerpt":{"rendered":"<p><strong>Piso dos p\u00e9s.<\/strong> Piso de p\u00e9 &#8220;Americana&#8221; ou piso de borracha SBR tipo rodap\u00e9.<\/p>\n<ul>\n<li>Espessura: 3 mm<\/li>\n<\/ul>\n<div class=\"product-short-description\">\n<div class=\"product-short-description\">\n<div class=\"product-short-description\">\n<p><span style=\"color: #ed1c24;\"><strong>O pre\u00e7o indicado \u00e9 para sec\u00e7\u00f5es de 5 metros.<\/strong><\/span><\/p>\n<\/div>\n<\/div>\n<\/div>\n","protected":false},"featured_media":28058,"comment_status":"open","ping_status":"closed","template":"","meta":{"inline_featured_image":false},"product_brand":[],"product_cat":[1064],"product_tag":[957,963,1031,1037,1065],"class_list":{"0":"post-28039","1":"product","2":"type-product","3":"status-publish","4":"has-post-thumbnail","6":"product_cat-suelos-estribera-pt-pt","7":"product_tag-pavimento-pt-pt","8":"product_tag-suelo-pt-pt","9":"product_tag-goma-pt-pt","10":"product_tag-rayado-pt-pt","11":"product_tag-suelos-de-rayas-pt-pt","13":"first","14":"instock","15":"taxable","16":"shipping-taxable","17":"purchasable","18":"product-type-variable"},"yoast_head":"<!-- This site is optimized with the Yoast SEO plugin v27.4 - https:\/\/yoast.com\/product\/yoast-seo-wordpress\/ -->\n<title>Pavimento de borracha estriado 3 mm em sec\u00e7\u00f5es | Suelosport - Suelos Deportivos<\/title>\n<meta name=\"robots\" content=\"index, follow, max-snippet:-1, max-image-preview:large, max-video-preview:-1\" \/>\n<link rel=\"canonical\" href=\"https:\/\/suelosport.com\/pt-pt\/producto\/pavimento-pe-pe-3-mm-metros-linear\/\" \/>\n<meta property=\"og:locale\" content=\"pt_PT\" \/>\n<meta property=\"og:type\" content=\"article\" \/>\n<meta property=\"og:title\" content=\"Pavimento de borracha estriado 3 mm em sec\u00e7\u00f5es | Suelosport - Suelos Deportivos\" \/>\n<meta property=\"og:description\" content=\"Piso dos p\u00e9s. Piso de p\u00e9 &quot;Americana&quot; ou piso de borracha SBR tipo rodap\u00e9.   Espessura: 3 mm      O pre\u00e7o indicado \u00e9 para sec\u00e7\u00f5es de 5 metros.\" \/>\n<meta property=\"og:url\" content=\"https:\/\/suelosport.com\/pt-pt\/producto\/pavimento-pe-pe-3-mm-metros-linear\/\" \/>\n<meta property=\"og:site_name\" content=\"Suelosport - Suelos Deportivos\" \/>\n<meta property=\"article:publisher\" content=\"https:\/\/www.facebook.com\/Suelosport-2042694182686080\/\" \/>\n<meta property=\"article:modified_time\" content=\"2021-03-15T08:37:55+00:00\" \/>\n<meta property=\"og:image\" content=\"https:\/\/suelosport.com\/wp-content\/uploads\/2018\/03\/pavimento_estribera_3_mm_por_metro_lineal-1.png\" \/>\n\t<meta property=\"og:image:width\" content=\"796\" \/>\n\t<meta property=\"og:image:height\" content=\"796\" \/>\n\t<meta property=\"og:image:type\" content=\"image\/png\" \/>\n<meta name=\"twitter:card\" content=\"summary_large_image\" \/>\n<script type=\"application\/ld+json\" class=\"yoast-schema-graph\">{\"@context\":\"https:\\\/\\\/schema.org\",\"@graph\":[{\"@type\":[\"WebPage\",\"ItemPage\"],\"@id\":\"https:\\\/\\\/suelosport.com\\\/pt-pt\\\/producto\\\/pavimento-pe-pe-3-mm-metros-linear\\\/\",\"url\":\"https:\\\/\\\/suelosport.com\\\/pt-pt\\\/producto\\\/pavimento-pe-pe-3-mm-metros-linear\\\/\",\"name\":\"Pavimento de borracha estriado 3 mm em sec\u00e7\u00f5es | Suelosport - Suelos Deportivos\",\"isPartOf\":{\"@id\":\"https:\\\/\\\/suelosport.com\\\/pt-pt\\\/#website\"},\"primaryImageOfPage\":{\"@id\":\"https:\\\/\\\/suelosport.com\\\/pt-pt\\\/producto\\\/pavimento-pe-pe-3-mm-metros-linear\\\/#primaryimage\"},\"image\":{\"@id\":\"https:\\\/\\\/suelosport.com\\\/pt-pt\\\/producto\\\/pavimento-pe-pe-3-mm-metros-linear\\\/#primaryimage\"},\"thumbnailUrl\":\"https:\\\/\\\/suelosport.com\\\/wp-content\\\/uploads\\\/2018\\\/03\\\/pavimento_estribera_3_mm_por_metro_lineal-1.png\",\"datePublished\":\"2018-03-05T17:16:45+00:00\",\"dateModified\":\"2021-03-15T08:37:55+00:00\",\"breadcrumb\":{\"@id\":\"https:\\\/\\\/suelosport.com\\\/pt-pt\\\/producto\\\/pavimento-pe-pe-3-mm-metros-linear\\\/#breadcrumb\"},\"inLanguage\":\"pt-PT\",\"potentialAction\":[{\"@type\":\"ReadAction\",\"target\":[\"https:\\\/\\\/suelosport.com\\\/pt-pt\\\/producto\\\/pavimento-pe-pe-3-mm-metros-linear\\\/\"]}]},{\"@type\":\"ImageObject\",\"inLanguage\":\"pt-PT\",\"@id\":\"https:\\\/\\\/suelosport.com\\\/pt-pt\\\/producto\\\/pavimento-pe-pe-3-mm-metros-linear\\\/#primaryimage\",\"url\":\"https:\\\/\\\/suelosport.com\\\/wp-content\\\/uploads\\\/2018\\\/03\\\/pavimento_estribera_3_mm_por_metro_lineal-1.png\",\"contentUrl\":\"https:\\\/\\\/suelosport.com\\\/wp-content\\\/uploads\\\/2018\\\/03\\\/pavimento_estribera_3_mm_por_metro_lineal-1.png\",\"width\":796,\"height\":796,\"caption\":\"Pavimento de borracha estriado 3 mm por metro linear\"},{\"@type\":\"BreadcrumbList\",\"@id\":\"https:\\\/\\\/suelosport.com\\\/pt-pt\\\/producto\\\/pavimento-pe-pe-3-mm-metros-linear\\\/#breadcrumb\",\"itemListElement\":[{\"@type\":\"ListItem\",\"position\":1,\"name\":\"Portada\",\"item\":\"https:\\\/\\\/suelosport.com\\\/pt-pt\\\/\"},{\"@type\":\"ListItem\",\"position\":2,\"name\":\"Tienda\",\"item\":\"https:\\\/\\\/suelosport.com\\\/tienda\\\/\"},{\"@type\":\"ListItem\",\"position\":3,\"name\":\"Pavimento de borracha estriado 3 mm em sec\u00e7\u00f5es\"}]},{\"@type\":\"WebSite\",\"@id\":\"https:\\\/\\\/suelosport.com\\\/pt-pt\\\/#website\",\"url\":\"https:\\\/\\\/suelosport.com\\\/pt-pt\\\/\",\"name\":\"Suelosport - Suelos Deportivos\",\"description\":\"Suelos para gimnasios, suelos de goma, losetas y suelos antideslizantes\",\"publisher\":{\"@id\":\"https:\\\/\\\/suelosport.com\\\/pt-pt\\\/#organization\"},\"potentialAction\":[{\"@type\":\"SearchAction\",\"target\":{\"@type\":\"EntryPoint\",\"urlTemplate\":\"https:\\\/\\\/suelosport.com\\\/pt-pt\\\/?s={search_term_string}\"},\"query-input\":{\"@type\":\"PropertyValueSpecification\",\"valueRequired\":true,\"valueName\":\"search_term_string\"}}],\"inLanguage\":\"pt-PT\"},{\"@type\":\"Organization\",\"@id\":\"https:\\\/\\\/suelosport.com\\\/pt-pt\\\/#organization\",\"name\":\"Suelosport\",\"url\":\"https:\\\/\\\/suelosport.com\\\/pt-pt\\\/\",\"logo\":{\"@type\":\"ImageObject\",\"inLanguage\":\"pt-PT\",\"@id\":\"https:\\\/\\\/suelosport.com\\\/pt-pt\\\/#\\\/schema\\\/logo\\\/image\\\/\",\"url\":\"https:\\\/\\\/suelosport.com\\\/wp-content\\\/uploads\\\/2018\\\/03\\\/logo-suelosport.png\",\"contentUrl\":\"https:\\\/\\\/suelosport.com\\\/wp-content\\\/uploads\\\/2018\\\/03\\\/logo-suelosport.png\",\"width\":300,\"height\":67,\"caption\":\"Suelosport\"},\"image\":{\"@id\":\"https:\\\/\\\/suelosport.com\\\/pt-pt\\\/#\\\/schema\\\/logo\\\/image\\\/\"},\"sameAs\":[\"https:\\\/\\\/www.facebook.com\\\/Suelosport-2042694182686080\\\/\",\"https:\\\/\\\/www.linkedin.com\\\/company\\\/suelosport\\\/\",\"https:\\\/\\\/www.youtube.com\\\/channel\\\/UC1eoryUxD4Fw7f1m5wx_vFg?view_as=subscriber\"]}]}<\/script>\n<!-- \/ Yoast SEO plugin. -->","yoast_head_json":{"title":"Pavimento de borracha estriado 3 mm em sec\u00e7\u00f5es | Suelosport - Suelos Deportivos","robots":{"index":"index","follow":"follow","max-snippet":"max-snippet:-1","max-image-preview":"max-image-preview:large","max-video-preview":"max-video-preview:-1"},"canonical":"https:\/\/suelosport.com\/pt-pt\/producto\/pavimento-pe-pe-3-mm-metros-linear\/","og_locale":"pt_PT","og_type":"article","og_title":"Pavimento de borracha estriado 3 mm em sec\u00e7\u00f5es | Suelosport - Suelos Deportivos","og_description":"Piso dos p\u00e9s. Piso de p\u00e9 \"Americana\" ou piso de borracha SBR tipo rodap\u00e9.   Espessura: 3 mm      O pre\u00e7o indicado \u00e9 para sec\u00e7\u00f5es de 5 metros.","og_url":"https:\/\/suelosport.com\/pt-pt\/producto\/pavimento-pe-pe-3-mm-metros-linear\/","og_site_name":"Suelosport - Suelos Deportivos","article_publisher":"https:\/\/www.facebook.com\/Suelosport-2042694182686080\/","article_modified_time":"2021-03-15T08:37:55+00:00","og_image":[{"width":796,"height":796,"url":"https:\/\/suelosport.com\/wp-content\/uploads\/2018\/03\/pavimento_estribera_3_mm_por_metro_lineal-1.png","type":"image\/png"}],"twitter_card":"summary_large_image","schema":{"@context":"https:\/\/schema.org","@graph":[{"@type":["WebPage","ItemPage"],"@id":"https:\/\/suelosport.com\/pt-pt\/producto\/pavimento-pe-pe-3-mm-metros-linear\/","url":"https:\/\/suelosport.com\/pt-pt\/producto\/pavimento-pe-pe-3-mm-metros-linear\/","name":"Pavimento de borracha estriado 3 mm em sec\u00e7\u00f5es | Suelosport - Suelos Deportivos","isPartOf":{"@id":"https:\/\/suelosport.com\/pt-pt\/#website"},"primaryImageOfPage":{"@id":"https:\/\/suelosport.com\/pt-pt\/producto\/pavimento-pe-pe-3-mm-metros-linear\/#primaryimage"},"image":{"@id":"https:\/\/suelosport.com\/pt-pt\/producto\/pavimento-pe-pe-3-mm-metros-linear\/#primaryimage"},"thumbnailUrl":"https:\/\/suelosport.com\/wp-content\/uploads\/2018\/03\/pavimento_estribera_3_mm_por_metro_lineal-1.png","datePublished":"2018-03-05T17:16:45+00:00","dateModified":"2021-03-15T08:37:55+00:00","breadcrumb":{"@id":"https:\/\/suelosport.com\/pt-pt\/producto\/pavimento-pe-pe-3-mm-metros-linear\/#breadcrumb"},"inLanguage":"pt-PT","potentialAction":[{"@type":"ReadAction","target":["https:\/\/suelosport.com\/pt-pt\/producto\/pavimento-pe-pe-3-mm-metros-linear\/"]}]},{"@type":"ImageObject","inLanguage":"pt-PT","@id":"https:\/\/suelosport.com\/pt-pt\/producto\/pavimento-pe-pe-3-mm-metros-linear\/#primaryimage","url":"https:\/\/suelosport.com\/wp-content\/uploads\/2018\/03\/pavimento_estribera_3_mm_por_metro_lineal-1.png","contentUrl":"https:\/\/suelosport.com\/wp-content\/uploads\/2018\/03\/pavimento_estribera_3_mm_por_metro_lineal-1.png","width":796,"height":796,"caption":"Pavimento de borracha estriado 3 mm por metro linear"},{"@type":"BreadcrumbList","@id":"https:\/\/suelosport.com\/pt-pt\/producto\/pavimento-pe-pe-3-mm-metros-linear\/#breadcrumb","itemListElement":[{"@type":"ListItem","position":1,"name":"Portada","item":"https:\/\/suelosport.com\/pt-pt\/"},{"@type":"ListItem","position":2,"name":"Tienda","item":"https:\/\/suelosport.com\/tienda\/"},{"@type":"ListItem","position":3,"name":"Pavimento de borracha estriado 3 mm em sec\u00e7\u00f5es"}]},{"@type":"WebSite","@id":"https:\/\/suelosport.com\/pt-pt\/#website","url":"https:\/\/suelosport.com\/pt-pt\/","name":"Suelosport - Suelos Deportivos","description":"Suelos para gimnasios, suelos de goma, losetas y suelos antideslizantes","publisher":{"@id":"https:\/\/suelosport.com\/pt-pt\/#organization"},"potentialAction":[{"@type":"SearchAction","target":{"@type":"EntryPoint","urlTemplate":"https:\/\/suelosport.com\/pt-pt\/?s={search_term_string}"},"query-input":{"@type":"PropertyValueSpecification","valueRequired":true,"valueName":"search_term_string"}}],"inLanguage":"pt-PT"},{"@type":"Organization","@id":"https:\/\/suelosport.com\/pt-pt\/#organization","name":"Suelosport","url":"https:\/\/suelosport.com\/pt-pt\/","logo":{"@type":"ImageObject","inLanguage":"pt-PT","@id":"https:\/\/suelosport.com\/pt-pt\/#\/schema\/logo\/image\/","url":"https:\/\/suelosport.com\/wp-content\/uploads\/2018\/03\/logo-suelosport.png","contentUrl":"https:\/\/suelosport.com\/wp-content\/uploads\/2018\/03\/logo-suelosport.png","width":300,"height":67,"caption":"Suelosport"},"image":{"@id":"https:\/\/suelosport.com\/pt-pt\/#\/schema\/logo\/image\/"},"sameAs":["https:\/\/www.facebook.com\/Suelosport-2042694182686080\/","https:\/\/www.linkedin.com\/company\/suelosport\/","https:\/\/www.youtube.com\/channel\/UC1eoryUxD4Fw7f1m5wx_vFg?view_as=subscriber"]}]}},"_links":{"self":[{"href":"https:\/\/suelosport.com\/pt-pt\/wp-json\/wp\/v2\/product\/28039","targetHints":{"allow":["GET"]}}],"collection":[{"href":"https:\/\/suelosport.com\/pt-pt\/wp-json\/wp\/v2\/product"}],"about":[{"href":"https:\/\/suelosport.com\/pt-pt\/wp-json\/wp\/v2\/types\/product"}],"replies":[{"embeddable":true,"href":"https:\/\/suelosport.com\/pt-pt\/wp-json\/wp\/v2\/comments?post=28039"}],"wp:featuredmedia":[{"embeddable":true,"href":"https:\/\/suelosport.com\/pt-pt\/wp-json\/wp\/v2\/media\/28058"}],"wp:attachment":[{"href":"https:\/\/suelosport.com\/pt-pt\/wp-json\/wp\/v2\/media?parent=28039"}],"wp:term":[{"taxonomy":"product_brand","embeddable":true,"href":"https:\/\/suelosport.com\/pt-pt\/wp-json\/wp\/v2\/product_brand?post=28039"},{"taxonomy":"product_cat","embeddable":true,"href":"https:\/\/suelosport.com\/pt-pt\/wp-json\/wp\/v2\/product_cat?post=28039"},{"taxonomy":"product_tag","embeddable":true,"href":"https:\/\/suelosport.com\/pt-pt\/wp-json\/wp\/v2\/product_tag?post=28039"}],"curies":[{"name":"wp","href":"https:\/\/api.w.org\/{rel}","templated":true}]}}