{"id":28024,"date":"2018-03-05T16:45:50","date_gmt":"2018-03-05T16:45:50","guid":{"rendered":"https:\/\/suelosport.com\/producto\/verificador-de-pavimentos-3-mm-por-seccao\/"},"modified":"2021-03-15T10:33:10","modified_gmt":"2021-03-15T09:33:10","slug":"verificador-de-pavimentos","status":"publish","type":"product","link":"https:\/\/suelosport.com\/pt-pt\/producto\/verificador-de-pavimentos\/","title":{"rendered":"Pavimentos checker 3 mm por sec\u00e7\u00e3o"},"content":{"rendered":"","protected":false},"excerpt":{"rendered":"<p><strong>Piso de borracha checker por metros.<\/strong> Pavimento em borracha de axadrico com desenho listrado muito forte e resistente.<\/p>\n<ul>\n<li>Espessura: 3 mm<\/li>\n<li>Largura do rolo: 1 metro<\/li>\n<\/ul>\n<p><span style=\"color: #ed1c24;\"><strong>O pre\u00e7o indicado \u00e9 para sec\u00e7\u00f5es de 5 metros<\/strong><\/span><\/p>\n<p>&nbsp;<\/p>\n","protected":false},"featured_media":28030,"comment_status":"open","ping_status":"closed","template":"","meta":{"inline_featured_image":false},"product_brand":[],"product_cat":[1029],"product_tag":[1031,1034,1037,1040,1043,1045,957,963],"class_list":{"0":"post-28024","1":"product","2":"type-product","3":"status-publish","4":"has-post-thumbnail","6":"product_cat-suelos-checker-pt-pt","7":"product_tag-goma-pt-pt","8":"product_tag-bares-pt-pt","9":"product_tag-rayado-pt-pt","10":"product_tag-checker-pt-pt","11":"product_tag-suelo-checker-pt-pt","12":"product_tag-restaurantes-pt-pt","13":"product_tag-pavimento-pt-pt","14":"product_tag-suelo-pt-pt","16":"first","17":"instock","18":"taxable","19":"shipping-taxable","20":"purchasable","21":"product-type-simple"},"yoast_head":"<!-- This site is optimized with the Yoast SEO plugin v27.1.1 - https:\/\/yoast.com\/product\/yoast-seo-wordpress\/ -->\n<title>PAVIMENTO DE AXADR\u00c3O DE 3 MM PARA ALONGAMENTOS DE 5 MT<\/title>\n<meta name=\"robots\" content=\"index, follow, max-snippet:-1, max-image-preview:large, max-video-preview:-1\" \/>\n<link rel=\"canonical\" href=\"https:\/\/suelosport.com\/pt-pt\/producto\/verificador-de-pavimentos\/\" \/>\n<meta property=\"og:locale\" content=\"pt_PT\" \/>\n<meta property=\"og:type\" content=\"article\" \/>\n<meta property=\"og:title\" content=\"PAVIMENTO DE AXADR\u00c3O DE 3 MM PARA ALONGAMENTOS DE 5 MT\" \/>\n<meta property=\"og:description\" content=\"Piso de borracha checker por metros. Pavimento em borracha de axadrico com desenho listrado muito forte e resistente.   Espessura: 3 mm  Largura do rolo: 1 metro  O pre\u00e7o indicado \u00e9 para sec\u00e7\u00f5es de 5 metros  &nbsp;\" \/>\n<meta property=\"og:url\" content=\"https:\/\/suelosport.com\/pt-pt\/producto\/verificador-de-pavimentos\/\" \/>\n<meta property=\"og:site_name\" content=\"Suelosport - Suelos Deportivos\" \/>\n<meta property=\"article:publisher\" content=\"https:\/\/www.facebook.com\/Suelosport-2042694182686080\/\" \/>\n<meta property=\"article:modified_time\" content=\"2021-03-15T09:33:10+00:00\" \/>\n<meta property=\"og:image\" content=\"https:\/\/suelosport.com\/wp-content\/uploads\/2018\/03\/pavimento_checker_3_mm_por_metro_lineal-1.png\" \/>\n\t<meta property=\"og:image:width\" content=\"305\" \/>\n\t<meta property=\"og:image:height\" content=\"230\" \/>\n\t<meta property=\"og:image:type\" content=\"image\/png\" \/>\n<meta name=\"twitter:card\" content=\"summary_large_image\" \/>\n<script type=\"application\/ld+json\" class=\"yoast-schema-graph\">{\"@context\":\"https:\/\/schema.org\",\"@graph\":[{\"@type\":[\"WebPage\",\"ItemPage\"],\"@id\":\"https:\/\/suelosport.com\/pt-pt\/producto\/verificador-de-pavimentos\/\",\"url\":\"https:\/\/suelosport.com\/pt-pt\/producto\/verificador-de-pavimentos\/\",\"name\":\"PAVIMENTO DE AXADR\u00c3O DE 3 MM PARA ALONGAMENTOS DE 5 MT\",\"isPartOf\":{\"@id\":\"https:\/\/suelosport.com\/pt-pt\/#website\"},\"primaryImageOfPage\":{\"@id\":\"https:\/\/suelosport.com\/pt-pt\/producto\/verificador-de-pavimentos\/#primaryimage\"},\"image\":{\"@id\":\"https:\/\/suelosport.com\/pt-pt\/producto\/verificador-de-pavimentos\/#primaryimage\"},\"thumbnailUrl\":\"https:\/\/suelosport.com\/wp-content\/uploads\/2018\/03\/pavimento_checker_3_mm_por_metro_lineal-1.png\",\"datePublished\":\"2018-03-05T16:45:50+00:00\",\"dateModified\":\"2021-03-15T09:33:10+00:00\",\"breadcrumb\":{\"@id\":\"https:\/\/suelosport.com\/pt-pt\/producto\/verificador-de-pavimentos\/#breadcrumb\"},\"inLanguage\":\"pt-PT\",\"potentialAction\":[{\"@type\":\"ReadAction\",\"target\":[\"https:\/\/suelosport.com\/pt-pt\/producto\/verificador-de-pavimentos\/\"]}]},{\"@type\":\"ImageObject\",\"inLanguage\":\"pt-PT\",\"@id\":\"https:\/\/suelosport.com\/pt-pt\/producto\/verificador-de-pavimentos\/#primaryimage\",\"url\":\"https:\/\/suelosport.com\/wp-content\/uploads\/2018\/03\/pavimento_checker_3_mm_por_metro_lineal-1.png\",\"contentUrl\":\"https:\/\/suelosport.com\/wp-content\/uploads\/2018\/03\/pavimento_checker_3_mm_por_metro_lineal-1.png\",\"width\":305,\"height\":230,\"caption\":\"Pavimento checker 3 mm por metro linear\"},{\"@type\":\"BreadcrumbList\",\"@id\":\"https:\/\/suelosport.com\/pt-pt\/producto\/verificador-de-pavimentos\/#breadcrumb\",\"itemListElement\":[{\"@type\":\"ListItem\",\"position\":1,\"name\":\"Portada\",\"item\":\"https:\/\/suelosport.com\/pt-pt\/\"},{\"@type\":\"ListItem\",\"position\":2,\"name\":\"Tienda\",\"item\":\"https:\/\/suelosport.com\/tienda\/\"},{\"@type\":\"ListItem\",\"position\":3,\"name\":\"Pavimentos checker 3 mm por sec\u00e7\u00e3o\"}]},{\"@type\":\"WebSite\",\"@id\":\"https:\/\/suelosport.com\/pt-pt\/#website\",\"url\":\"https:\/\/suelosport.com\/pt-pt\/\",\"name\":\"Suelosport - Suelos Deportivos\",\"description\":\"Suelos para gimnasios, suelos de goma, losetas y suelos antideslizantes\",\"publisher\":{\"@id\":\"https:\/\/suelosport.com\/pt-pt\/#organization\"},\"potentialAction\":[{\"@type\":\"SearchAction\",\"target\":{\"@type\":\"EntryPoint\",\"urlTemplate\":\"https:\/\/suelosport.com\/pt-pt\/?s={search_term_string}\"},\"query-input\":{\"@type\":\"PropertyValueSpecification\",\"valueRequired\":true,\"valueName\":\"search_term_string\"}}],\"inLanguage\":\"pt-PT\"},{\"@type\":\"Organization\",\"@id\":\"https:\/\/suelosport.com\/pt-pt\/#organization\",\"name\":\"Suelosport\",\"url\":\"https:\/\/suelosport.com\/pt-pt\/\",\"logo\":{\"@type\":\"ImageObject\",\"inLanguage\":\"pt-PT\",\"@id\":\"https:\/\/suelosport.com\/pt-pt\/#\/schema\/logo\/image\/\",\"url\":\"https:\/\/suelosport.com\/wp-content\/uploads\/2018\/03\/logo-suelosport.png\",\"contentUrl\":\"https:\/\/suelosport.com\/wp-content\/uploads\/2018\/03\/logo-suelosport.png\",\"width\":300,\"height\":67,\"caption\":\"Suelosport\"},\"image\":{\"@id\":\"https:\/\/suelosport.com\/pt-pt\/#\/schema\/logo\/image\/\"},\"sameAs\":[\"https:\/\/www.facebook.com\/Suelosport-2042694182686080\/\",\"https:\/\/www.linkedin.com\/company\/suelosport\/\",\"https:\/\/www.youtube.com\/channel\/UC1eoryUxD4Fw7f1m5wx_vFg?view_as=subscriber\"]}]}<\/script>\n<!-- \/ Yoast SEO plugin. -->","yoast_head_json":{"title":"PAVIMENTO DE AXADR\u00c3O DE 3 MM PARA ALONGAMENTOS DE 5 MT","robots":{"index":"index","follow":"follow","max-snippet":"max-snippet:-1","max-image-preview":"max-image-preview:large","max-video-preview":"max-video-preview:-1"},"canonical":"https:\/\/suelosport.com\/pt-pt\/producto\/verificador-de-pavimentos\/","og_locale":"pt_PT","og_type":"article","og_title":"PAVIMENTO DE AXADR\u00c3O DE 3 MM PARA ALONGAMENTOS DE 5 MT","og_description":"Piso de borracha checker por metros. Pavimento em borracha de axadrico com desenho listrado muito forte e resistente.   Espessura: 3 mm  Largura do rolo: 1 metro  O pre\u00e7o indicado \u00e9 para sec\u00e7\u00f5es de 5 metros  &nbsp;","og_url":"https:\/\/suelosport.com\/pt-pt\/producto\/verificador-de-pavimentos\/","og_site_name":"Suelosport - Suelos Deportivos","article_publisher":"https:\/\/www.facebook.com\/Suelosport-2042694182686080\/","article_modified_time":"2021-03-15T09:33:10+00:00","og_image":[{"width":305,"height":230,"url":"https:\/\/suelosport.com\/wp-content\/uploads\/2018\/03\/pavimento_checker_3_mm_por_metro_lineal-1.png","type":"image\/png"}],"twitter_card":"summary_large_image","schema":{"@context":"https:\/\/schema.org","@graph":[{"@type":["WebPage","ItemPage"],"@id":"https:\/\/suelosport.com\/pt-pt\/producto\/verificador-de-pavimentos\/","url":"https:\/\/suelosport.com\/pt-pt\/producto\/verificador-de-pavimentos\/","name":"PAVIMENTO DE AXADR\u00c3O DE 3 MM PARA ALONGAMENTOS DE 5 MT","isPartOf":{"@id":"https:\/\/suelosport.com\/pt-pt\/#website"},"primaryImageOfPage":{"@id":"https:\/\/suelosport.com\/pt-pt\/producto\/verificador-de-pavimentos\/#primaryimage"},"image":{"@id":"https:\/\/suelosport.com\/pt-pt\/producto\/verificador-de-pavimentos\/#primaryimage"},"thumbnailUrl":"https:\/\/suelosport.com\/wp-content\/uploads\/2018\/03\/pavimento_checker_3_mm_por_metro_lineal-1.png","datePublished":"2018-03-05T16:45:50+00:00","dateModified":"2021-03-15T09:33:10+00:00","breadcrumb":{"@id":"https:\/\/suelosport.com\/pt-pt\/producto\/verificador-de-pavimentos\/#breadcrumb"},"inLanguage":"pt-PT","potentialAction":[{"@type":"ReadAction","target":["https:\/\/suelosport.com\/pt-pt\/producto\/verificador-de-pavimentos\/"]}]},{"@type":"ImageObject","inLanguage":"pt-PT","@id":"https:\/\/suelosport.com\/pt-pt\/producto\/verificador-de-pavimentos\/#primaryimage","url":"https:\/\/suelosport.com\/wp-content\/uploads\/2018\/03\/pavimento_checker_3_mm_por_metro_lineal-1.png","contentUrl":"https:\/\/suelosport.com\/wp-content\/uploads\/2018\/03\/pavimento_checker_3_mm_por_metro_lineal-1.png","width":305,"height":230,"caption":"Pavimento checker 3 mm por metro linear"},{"@type":"BreadcrumbList","@id":"https:\/\/suelosport.com\/pt-pt\/producto\/verificador-de-pavimentos\/#breadcrumb","itemListElement":[{"@type":"ListItem","position":1,"name":"Portada","item":"https:\/\/suelosport.com\/pt-pt\/"},{"@type":"ListItem","position":2,"name":"Tienda","item":"https:\/\/suelosport.com\/tienda\/"},{"@type":"ListItem","position":3,"name":"Pavimentos checker 3 mm por sec\u00e7\u00e3o"}]},{"@type":"WebSite","@id":"https:\/\/suelosport.com\/pt-pt\/#website","url":"https:\/\/suelosport.com\/pt-pt\/","name":"Suelosport - Suelos Deportivos","description":"Suelos para gimnasios, suelos de goma, losetas y suelos antideslizantes","publisher":{"@id":"https:\/\/suelosport.com\/pt-pt\/#organization"},"potentialAction":[{"@type":"SearchAction","target":{"@type":"EntryPoint","urlTemplate":"https:\/\/suelosport.com\/pt-pt\/?s={search_term_string}"},"query-input":{"@type":"PropertyValueSpecification","valueRequired":true,"valueName":"search_term_string"}}],"inLanguage":"pt-PT"},{"@type":"Organization","@id":"https:\/\/suelosport.com\/pt-pt\/#organization","name":"Suelosport","url":"https:\/\/suelosport.com\/pt-pt\/","logo":{"@type":"ImageObject","inLanguage":"pt-PT","@id":"https:\/\/suelosport.com\/pt-pt\/#\/schema\/logo\/image\/","url":"https:\/\/suelosport.com\/wp-content\/uploads\/2018\/03\/logo-suelosport.png","contentUrl":"https:\/\/suelosport.com\/wp-content\/uploads\/2018\/03\/logo-suelosport.png","width":300,"height":67,"caption":"Suelosport"},"image":{"@id":"https:\/\/suelosport.com\/pt-pt\/#\/schema\/logo\/image\/"},"sameAs":["https:\/\/www.facebook.com\/Suelosport-2042694182686080\/","https:\/\/www.linkedin.com\/company\/suelosport\/","https:\/\/www.youtube.com\/channel\/UC1eoryUxD4Fw7f1m5wx_vFg?view_as=subscriber"]}]}},"_links":{"self":[{"href":"https:\/\/suelosport.com\/pt-pt\/wp-json\/wp\/v2\/product\/28024","targetHints":{"allow":["GET"]}}],"collection":[{"href":"https:\/\/suelosport.com\/pt-pt\/wp-json\/wp\/v2\/product"}],"about":[{"href":"https:\/\/suelosport.com\/pt-pt\/wp-json\/wp\/v2\/types\/product"}],"replies":[{"embeddable":true,"href":"https:\/\/suelosport.com\/pt-pt\/wp-json\/wp\/v2\/comments?post=28024"}],"wp:featuredmedia":[{"embeddable":true,"href":"https:\/\/suelosport.com\/pt-pt\/wp-json\/wp\/v2\/media\/28030"}],"wp:attachment":[{"href":"https:\/\/suelosport.com\/pt-pt\/wp-json\/wp\/v2\/media?parent=28024"}],"wp:term":[{"taxonomy":"product_brand","embeddable":true,"href":"https:\/\/suelosport.com\/pt-pt\/wp-json\/wp\/v2\/product_brand?post=28024"},{"taxonomy":"product_cat","embeddable":true,"href":"https:\/\/suelosport.com\/pt-pt\/wp-json\/wp\/v2\/product_cat?post=28024"},{"taxonomy":"product_tag","embeddable":true,"href":"https:\/\/suelosport.com\/pt-pt\/wp-json\/wp\/v2\/product_tag?post=28024"}],"curies":[{"name":"wp","href":"https:\/\/api.w.org\/{rel}","templated":true}]}}