{"id":27929,"date":"2017-11-27T14:30:49","date_gmt":"2017-11-27T14:30:49","guid":{"rendered":"https:\/\/suelosport.com\/producto\/ferro-aglomerado-de-poliuretano-de-100-x-200-cm\/"},"modified":"2024-12-18T08:15:30","modified_gmt":"2024-12-18T07:15:30","slug":"ferro-aglomerado-poliuretano-100-x-200-cm","status":"publish","type":"product","link":"https:\/\/suelosport.com\/pt-pt\/producto\/ferro-aglomerado-poliuretano-100-x-200-cm\/","title":{"rendered":"Ferro aglomerado de poliuretano de 100 x 200 cm"},"content":{"rendered":"","protected":false},"excerpt":{"rendered":"<p><strong>Tapetes de tatami aglomerados para artes marciais.<\/strong>  Ferro de espuma de poliuretano.<\/p>\n<p>Na nossa sec\u00e7\u00e3o de <a href=\"https:\/\/suelosport.com\/comprar\/tatamis\/lonas-de-pvc\/\"><br \/>\n  <strong>LONAS de PVC,<\/strong><br \/>\n<\/a>pode encontrar a tela de que precisa.<\/p>\n<p><span style=\"color: #d83131;\"><strong><span style=\"font-size: 14.4px;\">Encomenda m\u00ednima:<\/span>10 unidades<\/strong><\/span><\/p>\n<p><iframe loading=\"lazy\" src=\"https:\/\/www.youtube.com\/embed\/dJWI-ePUbVQ?rel=0\" width=\"250\" height=\"150\" frameborder=\"0\" allowfullscreen=\"allowfullscreen\"><\/iframe><\/p>\n<a href=\"https:\/\/suelosport.com\/consejos-para-elegir-el-tatami-para-artes-marciales\/\" class=\"button secondary is-small\" >\n\t\t<span>\u00bfQu\u00e9 tatami elegir?<\/span>\n\t<\/a>\n\n<a href=\"\/ellos-tambien-confiaron-en-nosotros\/\" class=\"button primary is-outline is-small\" >\n\t<i class=\"icon-instagram\" aria-hidden=\"true\"><\/i>\t<span>Ver im\u00e1genes de suelos colocados<\/span>\n\t<\/a>\n\n","protected":false},"featured_media":27921,"comment_status":"open","ping_status":"closed","template":"","meta":{"inline_featured_image":false},"product_brand":[],"product_cat":[994,1017],"product_tag":[1019,1020,1021,1022,1023,1024,996,998,1000,1018],"class_list":{"0":"post-27929","1":"product","2":"type-product","3":"status-publish","4":"has-post-thumbnail","6":"product_cat-tatamis-pt-pt","7":"product_cat-tatamis-sin-forrar-pt-pt","8":"product_tag-aglomerado-pt-pt","9":"product_tag-poliuretano-pt-pt","10":"product_tag-planchas-pt-pt","11":"product_tag-defensa-personal-pt-pt","12":"product_tag-sin-forrar-pt-pt","13":"product_tag-tatami-sin-forrar-pt-pt","14":"product_tag-judo-pt-pt","15":"product_tag-jiu-jitsu-pt-pt","16":"product_tag-tatami-pt-pt","17":"product_tag-plancha-pt-pt","19":"first","20":"instock","21":"taxable","22":"shipping-taxable","23":"purchasable","24":"product-type-variable"},"yoast_head":"<!-- This site is optimized with the Yoast SEO plugin v27.1.1 - https:\/\/yoast.com\/product\/yoast-seo-wordpress\/ -->\n<title>100 X 200 CM DE POLIURETANO AGGLOMERADO FERRO<\/title>\n<meta name=\"robots\" content=\"index, follow, max-snippet:-1, max-image-preview:large, max-video-preview:-1\" \/>\n<link rel=\"canonical\" href=\"https:\/\/suelosport.com\/pt-pt\/producto\/ferro-aglomerado-poliuretano-100-x-200-cm\/\" \/>\n<meta property=\"og:locale\" content=\"pt_PT\" \/>\n<meta property=\"og:type\" content=\"article\" \/>\n<meta property=\"og:title\" content=\"100 X 200 CM DE POLIURETANO AGGLOMERADO FERRO\" \/>\n<meta property=\"og:description\" content=\"Tapetes de tatami aglomerados para artes marciais. Ferro de espuma de poliuretano. Na nossa sec\u00e7\u00e3o de  LONAS de PVC, pode encontrar a tela de que precisa. Encomenda m\u00ednima:10 unidades\" \/>\n<meta property=\"og:url\" content=\"https:\/\/suelosport.com\/pt-pt\/producto\/ferro-aglomerado-poliuretano-100-x-200-cm\/\" \/>\n<meta property=\"og:site_name\" content=\"Suelosport - Suelos Deportivos\" \/>\n<meta property=\"article:publisher\" content=\"https:\/\/www.facebook.com\/Suelosport-2042694182686080\/\" \/>\n<meta property=\"article:modified_time\" content=\"2024-12-18T07:15:30+00:00\" \/>\n<meta property=\"og:image\" content=\"https:\/\/suelosport.com\/wp-content\/uploads\/2017\/11\/PLANCHA-DE-AGLOMERADO-DE-POLIURETANO-DE-100-X-100-CM-1.jpg\" \/>\n\t<meta property=\"og:image:width\" content=\"800\" \/>\n\t<meta property=\"og:image:height\" content=\"532\" \/>\n\t<meta property=\"og:image:type\" content=\"image\/jpeg\" \/>\n<meta name=\"twitter:card\" content=\"summary_large_image\" \/>\n<script type=\"application\/ld+json\" class=\"yoast-schema-graph\">{\"@context\":\"https:\/\/schema.org\",\"@graph\":[{\"@type\":[\"WebPage\",\"ItemPage\"],\"@id\":\"https:\/\/suelosport.com\/pt-pt\/producto\/ferro-aglomerado-poliuretano-100-x-200-cm\/\",\"url\":\"https:\/\/suelosport.com\/pt-pt\/producto\/ferro-aglomerado-poliuretano-100-x-200-cm\/\",\"name\":\"100 X 200 CM DE POLIURETANO AGGLOMERADO FERRO\",\"isPartOf\":{\"@id\":\"https:\/\/suelosport.com\/pt-pt\/#website\"},\"primaryImageOfPage\":{\"@id\":\"https:\/\/suelosport.com\/pt-pt\/producto\/ferro-aglomerado-poliuretano-100-x-200-cm\/#primaryimage\"},\"image\":{\"@id\":\"https:\/\/suelosport.com\/pt-pt\/producto\/ferro-aglomerado-poliuretano-100-x-200-cm\/#primaryimage\"},\"thumbnailUrl\":\"https:\/\/suelosport.com\/wp-content\/uploads\/2017\/11\/PLANCHA-DE-AGLOMERADO-DE-POLIURETANO-DE-100-X-100-CM-1.jpg\",\"datePublished\":\"2017-11-27T14:30:49+00:00\",\"dateModified\":\"2024-12-18T07:15:30+00:00\",\"breadcrumb\":{\"@id\":\"https:\/\/suelosport.com\/pt-pt\/producto\/ferro-aglomerado-poliuretano-100-x-200-cm\/#breadcrumb\"},\"inLanguage\":\"pt-PT\",\"potentialAction\":[{\"@type\":\"ReadAction\",\"target\":[\"https:\/\/suelosport.com\/pt-pt\/producto\/ferro-aglomerado-poliuretano-100-x-200-cm\/\"]}]},{\"@type\":\"ImageObject\",\"inLanguage\":\"pt-PT\",\"@id\":\"https:\/\/suelosport.com\/pt-pt\/producto\/ferro-aglomerado-poliuretano-100-x-200-cm\/#primaryimage\",\"url\":\"https:\/\/suelosport.com\/wp-content\/uploads\/2017\/11\/PLANCHA-DE-AGLOMERADO-DE-POLIURETANO-DE-100-X-100-CM-1.jpg\",\"contentUrl\":\"https:\/\/suelosport.com\/wp-content\/uploads\/2017\/11\/PLANCHA-DE-AGLOMERADO-DE-POLIURETANO-DE-100-X-100-CM-1.jpg\",\"width\":800,\"height\":532,\"caption\":\"PLANCHA DE AGLOMERADO DE POLIURETANO DE 100 X 100 CM\"},{\"@type\":\"BreadcrumbList\",\"@id\":\"https:\/\/suelosport.com\/pt-pt\/producto\/ferro-aglomerado-poliuretano-100-x-200-cm\/#breadcrumb\",\"itemListElement\":[{\"@type\":\"ListItem\",\"position\":1,\"name\":\"Portada\",\"item\":\"https:\/\/suelosport.com\/pt-pt\/\"},{\"@type\":\"ListItem\",\"position\":2,\"name\":\"Tienda\",\"item\":\"https:\/\/suelosport.com\/tienda\/\"},{\"@type\":\"ListItem\",\"position\":3,\"name\":\"Ferro aglomerado de poliuretano de 100 x 200 cm\"}]},{\"@type\":\"WebSite\",\"@id\":\"https:\/\/suelosport.com\/pt-pt\/#website\",\"url\":\"https:\/\/suelosport.com\/pt-pt\/\",\"name\":\"Suelosport - Suelos Deportivos\",\"description\":\"Suelos para gimnasios, suelos de goma, losetas y suelos antideslizantes\",\"publisher\":{\"@id\":\"https:\/\/suelosport.com\/pt-pt\/#organization\"},\"potentialAction\":[{\"@type\":\"SearchAction\",\"target\":{\"@type\":\"EntryPoint\",\"urlTemplate\":\"https:\/\/suelosport.com\/pt-pt\/?s={search_term_string}\"},\"query-input\":{\"@type\":\"PropertyValueSpecification\",\"valueRequired\":true,\"valueName\":\"search_term_string\"}}],\"inLanguage\":\"pt-PT\"},{\"@type\":\"Organization\",\"@id\":\"https:\/\/suelosport.com\/pt-pt\/#organization\",\"name\":\"Suelosport\",\"url\":\"https:\/\/suelosport.com\/pt-pt\/\",\"logo\":{\"@type\":\"ImageObject\",\"inLanguage\":\"pt-PT\",\"@id\":\"https:\/\/suelosport.com\/pt-pt\/#\/schema\/logo\/image\/\",\"url\":\"https:\/\/suelosport.com\/wp-content\/uploads\/2018\/03\/logo-suelosport.png\",\"contentUrl\":\"https:\/\/suelosport.com\/wp-content\/uploads\/2018\/03\/logo-suelosport.png\",\"width\":300,\"height\":67,\"caption\":\"Suelosport\"},\"image\":{\"@id\":\"https:\/\/suelosport.com\/pt-pt\/#\/schema\/logo\/image\/\"},\"sameAs\":[\"https:\/\/www.facebook.com\/Suelosport-2042694182686080\/\",\"https:\/\/www.linkedin.com\/company\/suelosport\/\",\"https:\/\/www.youtube.com\/channel\/UC1eoryUxD4Fw7f1m5wx_vFg?view_as=subscriber\"]}]}<\/script>\n<!-- \/ Yoast SEO plugin. -->","yoast_head_json":{"title":"100 X 200 CM DE POLIURETANO AGGLOMERADO FERRO","robots":{"index":"index","follow":"follow","max-snippet":"max-snippet:-1","max-image-preview":"max-image-preview:large","max-video-preview":"max-video-preview:-1"},"canonical":"https:\/\/suelosport.com\/pt-pt\/producto\/ferro-aglomerado-poliuretano-100-x-200-cm\/","og_locale":"pt_PT","og_type":"article","og_title":"100 X 200 CM DE POLIURETANO AGGLOMERADO FERRO","og_description":"Tapetes de tatami aglomerados para artes marciais. Ferro de espuma de poliuretano. Na nossa sec\u00e7\u00e3o de  LONAS de PVC, pode encontrar a tela de que precisa. Encomenda m\u00ednima:10 unidades","og_url":"https:\/\/suelosport.com\/pt-pt\/producto\/ferro-aglomerado-poliuretano-100-x-200-cm\/","og_site_name":"Suelosport - Suelos Deportivos","article_publisher":"https:\/\/www.facebook.com\/Suelosport-2042694182686080\/","article_modified_time":"2024-12-18T07:15:30+00:00","og_image":[{"width":800,"height":532,"url":"https:\/\/suelosport.com\/wp-content\/uploads\/2017\/11\/PLANCHA-DE-AGLOMERADO-DE-POLIURETANO-DE-100-X-100-CM-1.jpg","type":"image\/jpeg"}],"twitter_card":"summary_large_image","schema":{"@context":"https:\/\/schema.org","@graph":[{"@type":["WebPage","ItemPage"],"@id":"https:\/\/suelosport.com\/pt-pt\/producto\/ferro-aglomerado-poliuretano-100-x-200-cm\/","url":"https:\/\/suelosport.com\/pt-pt\/producto\/ferro-aglomerado-poliuretano-100-x-200-cm\/","name":"100 X 200 CM DE POLIURETANO AGGLOMERADO FERRO","isPartOf":{"@id":"https:\/\/suelosport.com\/pt-pt\/#website"},"primaryImageOfPage":{"@id":"https:\/\/suelosport.com\/pt-pt\/producto\/ferro-aglomerado-poliuretano-100-x-200-cm\/#primaryimage"},"image":{"@id":"https:\/\/suelosport.com\/pt-pt\/producto\/ferro-aglomerado-poliuretano-100-x-200-cm\/#primaryimage"},"thumbnailUrl":"https:\/\/suelosport.com\/wp-content\/uploads\/2017\/11\/PLANCHA-DE-AGLOMERADO-DE-POLIURETANO-DE-100-X-100-CM-1.jpg","datePublished":"2017-11-27T14:30:49+00:00","dateModified":"2024-12-18T07:15:30+00:00","breadcrumb":{"@id":"https:\/\/suelosport.com\/pt-pt\/producto\/ferro-aglomerado-poliuretano-100-x-200-cm\/#breadcrumb"},"inLanguage":"pt-PT","potentialAction":[{"@type":"ReadAction","target":["https:\/\/suelosport.com\/pt-pt\/producto\/ferro-aglomerado-poliuretano-100-x-200-cm\/"]}]},{"@type":"ImageObject","inLanguage":"pt-PT","@id":"https:\/\/suelosport.com\/pt-pt\/producto\/ferro-aglomerado-poliuretano-100-x-200-cm\/#primaryimage","url":"https:\/\/suelosport.com\/wp-content\/uploads\/2017\/11\/PLANCHA-DE-AGLOMERADO-DE-POLIURETANO-DE-100-X-100-CM-1.jpg","contentUrl":"https:\/\/suelosport.com\/wp-content\/uploads\/2017\/11\/PLANCHA-DE-AGLOMERADO-DE-POLIURETANO-DE-100-X-100-CM-1.jpg","width":800,"height":532,"caption":"PLANCHA DE AGLOMERADO DE POLIURETANO DE 100 X 100 CM"},{"@type":"BreadcrumbList","@id":"https:\/\/suelosport.com\/pt-pt\/producto\/ferro-aglomerado-poliuretano-100-x-200-cm\/#breadcrumb","itemListElement":[{"@type":"ListItem","position":1,"name":"Portada","item":"https:\/\/suelosport.com\/pt-pt\/"},{"@type":"ListItem","position":2,"name":"Tienda","item":"https:\/\/suelosport.com\/tienda\/"},{"@type":"ListItem","position":3,"name":"Ferro aglomerado de poliuretano de 100 x 200 cm"}]},{"@type":"WebSite","@id":"https:\/\/suelosport.com\/pt-pt\/#website","url":"https:\/\/suelosport.com\/pt-pt\/","name":"Suelosport - Suelos Deportivos","description":"Suelos para gimnasios, suelos de goma, losetas y suelos antideslizantes","publisher":{"@id":"https:\/\/suelosport.com\/pt-pt\/#organization"},"potentialAction":[{"@type":"SearchAction","target":{"@type":"EntryPoint","urlTemplate":"https:\/\/suelosport.com\/pt-pt\/?s={search_term_string}"},"query-input":{"@type":"PropertyValueSpecification","valueRequired":true,"valueName":"search_term_string"}}],"inLanguage":"pt-PT"},{"@type":"Organization","@id":"https:\/\/suelosport.com\/pt-pt\/#organization","name":"Suelosport","url":"https:\/\/suelosport.com\/pt-pt\/","logo":{"@type":"ImageObject","inLanguage":"pt-PT","@id":"https:\/\/suelosport.com\/pt-pt\/#\/schema\/logo\/image\/","url":"https:\/\/suelosport.com\/wp-content\/uploads\/2018\/03\/logo-suelosport.png","contentUrl":"https:\/\/suelosport.com\/wp-content\/uploads\/2018\/03\/logo-suelosport.png","width":300,"height":67,"caption":"Suelosport"},"image":{"@id":"https:\/\/suelosport.com\/pt-pt\/#\/schema\/logo\/image\/"},"sameAs":["https:\/\/www.facebook.com\/Suelosport-2042694182686080\/","https:\/\/www.linkedin.com\/company\/suelosport\/","https:\/\/www.youtube.com\/channel\/UC1eoryUxD4Fw7f1m5wx_vFg?view_as=subscriber"]}]}},"_links":{"self":[{"href":"https:\/\/suelosport.com\/pt-pt\/wp-json\/wp\/v2\/product\/27929","targetHints":{"allow":["GET"]}}],"collection":[{"href":"https:\/\/suelosport.com\/pt-pt\/wp-json\/wp\/v2\/product"}],"about":[{"href":"https:\/\/suelosport.com\/pt-pt\/wp-json\/wp\/v2\/types\/product"}],"replies":[{"embeddable":true,"href":"https:\/\/suelosport.com\/pt-pt\/wp-json\/wp\/v2\/comments?post=27929"}],"wp:featuredmedia":[{"embeddable":true,"href":"https:\/\/suelosport.com\/pt-pt\/wp-json\/wp\/v2\/media\/27921"}],"wp:attachment":[{"href":"https:\/\/suelosport.com\/pt-pt\/wp-json\/wp\/v2\/media?parent=27929"}],"wp:term":[{"taxonomy":"product_brand","embeddable":true,"href":"https:\/\/suelosport.com\/pt-pt\/wp-json\/wp\/v2\/product_brand?post=27929"},{"taxonomy":"product_cat","embeddable":true,"href":"https:\/\/suelosport.com\/pt-pt\/wp-json\/wp\/v2\/product_cat?post=27929"},{"taxonomy":"product_tag","embeddable":true,"href":"https:\/\/suelosport.com\/pt-pt\/wp-json\/wp\/v2\/product_tag?post=27929"}],"curies":[{"name":"wp","href":"https:\/\/api.w.org\/{rel}","templated":true}]}}