{"id":27889,"date":"2017-11-08T16:56:15","date_gmt":"2017-11-08T16:56:15","guid":{"rendered":"https:\/\/suelosport.com\/producto\/snrum-de-borracha-biselado-de-um-lado-100-x-100-cm\/"},"modified":"2024-06-28T08:23:44","modified_gmt":"2024-06-28T07:23:44","slug":"slenet-borracha-beeled-side-100-x-100-x-4-cm","status":"publish","type":"product","link":"https:\/\/suelosport.com\/pt-pt\/producto\/slenet-borracha-beeled-side-100-x-100-x-4-cm\/","title":{"rendered":"Placa de borracha biselada de um lado 100 x 100 cm"},"content":{"rendered":"","protected":false},"excerpt":{"rendered":"<p><strong>Placa de borracha biselada<\/strong> de um lado para dar acabamento de inclina\u00e7\u00e3o na montagem de placas de borracha na superf\u00edcie para evitar trope\u00e7ar e cair.<\/p>\n<ul>\n<li>Medi\u00e7\u00f5es: 100 x 100 cm<\/li>\n<\/ul>\n<a href=\"https:\/\/suelosport.com\/instalacion-y-mantenimiento-de-losetas-de-caucho\/\" class=\"button primary is-small\" >\n\t\t<span>Instalaci\u00f3n<\/span>\n\t<\/a>\n\n<a href=\"https:\/\/suelosport.com\/consejos-para-elegir-las-losetas-de-caucho\/\" class=\"button secondary is-small\" >\n\t\t<span>\u00bfQu\u00e9 placas elegir?<\/span>\n\t<\/a>\n\n<a href=\"\/ellos-tambien-confiaron-en-nosotros\/\" class=\"button primary is-outline is-small\" >\n\t<i class=\"icon-instagram\" aria-hidden=\"true\"><\/i>\t<span>Ver im\u00e1genes de suelos colocados<\/span>\n\t<\/a>\n\n<iframe loading=\"lazy\" src=\"https:\/\/www.youtube.com\/embed\/GZmP6ck8d6U\/?rel=0&amp;amp\" width=\"250\" height=\"150\" frameborder=\"0\" allowfullscreen=\"allowfullscreen\"><\/iframe><\/p>\n","protected":false},"featured_media":27910,"comment_status":"open","ping_status":"closed","template":"","meta":{"inline_featured_image":false},"product_brand":[],"product_cat":[940,907,910],"product_tag":[914,917,923,930,932,935],"class_list":{"0":"post-27889","1":"product","2":"type-product","3":"status-publish","4":"has-post-thumbnail","6":"product_cat-suelos-de-caucho-pt-pt-2","7":"product_cat-losetas-infantiles-pt-pt","8":"product_cat-losetas-de-caucho-pt-pt","9":"product_tag-losetas-pt-pt","10":"product_tag-caucho-pt-pt","11":"product_tag-gimnasio-pt-pt","12":"product_tag-suelos-pt-pt","13":"product_tag-pavimentos-pt-pt","14":"product_tag-infantiles-pt-pt","16":"first","17":"instock","18":"taxable","19":"shipping-taxable","20":"purchasable","21":"product-type-variable"},"yoast_head":"<!-- This site is optimized with the Yoast SEO plugin v27.4 - https:\/\/yoast.com\/product\/yoast-seo-wordpress\/ -->\n<title>PLACA DE BORRACHA BISELADA UM LADO 100 X 100 CM<\/title>\n<meta name=\"robots\" content=\"index, follow, max-snippet:-1, max-image-preview:large, max-video-preview:-1\" \/>\n<link rel=\"canonical\" href=\"https:\/\/suelosport.com\/pt-pt\/producto\/slenet-borracha-beeled-side-100-x-100-x-4-cm\/\" \/>\n<meta property=\"og:locale\" content=\"pt_PT\" \/>\n<meta property=\"og:type\" content=\"article\" \/>\n<meta property=\"og:title\" content=\"PLACA DE BORRACHA BISELADA UM LADO 100 X 100 CM\" \/>\n<meta property=\"og:description\" content=\"Placa de borracha biselada de um lado para dar acabamento de inclina\u00e7\u00e3o na montagem de placas de borracha na superf\u00edcie para evitar trope\u00e7ar e cair.  Medi\u00e7\u00f5es: 100 x 100 cm\" \/>\n<meta property=\"og:url\" content=\"https:\/\/suelosport.com\/pt-pt\/producto\/slenet-borracha-beeled-side-100-x-100-x-4-cm\/\" \/>\n<meta property=\"og:site_name\" content=\"Suelosport - Suelos Deportivos\" \/>\n<meta property=\"article:publisher\" content=\"https:\/\/www.facebook.com\/Suelosport-2042694182686080\/\" \/>\n<meta property=\"article:modified_time\" content=\"2024-06-28T07:23:44+00:00\" \/>\n<meta property=\"og:image\" content=\"https:\/\/suelosport.com\/wp-content\/uploads\/2017\/11\/LOSETA-DE-CAUCHO-BISELADA-UN-LADO-100-X-100-X-4-CM.jpg\" \/>\n\t<meta property=\"og:image:width\" content=\"545\" \/>\n\t<meta property=\"og:image:height\" content=\"565\" \/>\n\t<meta property=\"og:image:type\" content=\"image\/jpeg\" \/>\n<meta name=\"twitter:card\" content=\"summary_large_image\" \/>\n<script type=\"application\/ld+json\" class=\"yoast-schema-graph\">{\"@context\":\"https:\\\/\\\/schema.org\",\"@graph\":[{\"@type\":[\"WebPage\",\"ItemPage\"],\"@id\":\"https:\\\/\\\/suelosport.com\\\/pt-pt\\\/producto\\\/slenet-borracha-beeled-side-100-x-100-x-4-cm\\\/\",\"url\":\"https:\\\/\\\/suelosport.com\\\/pt-pt\\\/producto\\\/slenet-borracha-beeled-side-100-x-100-x-4-cm\\\/\",\"name\":\"PLACA DE BORRACHA BISELADA UM LADO 100 X 100 CM\",\"isPartOf\":{\"@id\":\"https:\\\/\\\/suelosport.com\\\/pt-pt\\\/#website\"},\"primaryImageOfPage\":{\"@id\":\"https:\\\/\\\/suelosport.com\\\/pt-pt\\\/producto\\\/slenet-borracha-beeled-side-100-x-100-x-4-cm\\\/#primaryimage\"},\"image\":{\"@id\":\"https:\\\/\\\/suelosport.com\\\/pt-pt\\\/producto\\\/slenet-borracha-beeled-side-100-x-100-x-4-cm\\\/#primaryimage\"},\"thumbnailUrl\":\"https:\\\/\\\/suelosport.com\\\/wp-content\\\/uploads\\\/2017\\\/11\\\/LOSETA-DE-CAUCHO-BISELADA-UN-LADO-100-X-100-X-4-CM.jpg\",\"datePublished\":\"2017-11-08T16:56:15+00:00\",\"dateModified\":\"2024-06-28T07:23:44+00:00\",\"breadcrumb\":{\"@id\":\"https:\\\/\\\/suelosport.com\\\/pt-pt\\\/producto\\\/slenet-borracha-beeled-side-100-x-100-x-4-cm\\\/#breadcrumb\"},\"inLanguage\":\"pt-PT\",\"potentialAction\":[{\"@type\":\"ReadAction\",\"target\":[\"https:\\\/\\\/suelosport.com\\\/pt-pt\\\/producto\\\/slenet-borracha-beeled-side-100-x-100-x-4-cm\\\/\"]}]},{\"@type\":\"ImageObject\",\"inLanguage\":\"pt-PT\",\"@id\":\"https:\\\/\\\/suelosport.com\\\/pt-pt\\\/producto\\\/slenet-borracha-beeled-side-100-x-100-x-4-cm\\\/#primaryimage\",\"url\":\"https:\\\/\\\/suelosport.com\\\/wp-content\\\/uploads\\\/2017\\\/11\\\/LOSETA-DE-CAUCHO-BISELADA-UN-LADO-100-X-100-X-4-CM.jpg\",\"contentUrl\":\"https:\\\/\\\/suelosport.com\\\/wp-content\\\/uploads\\\/2017\\\/11\\\/LOSETA-DE-CAUCHO-BISELADA-UN-LADO-100-X-100-X-4-CM.jpg\",\"width\":545,\"height\":565,\"caption\":\"PLACA DE BORRACHA BISELADA UM LADO 100 X 100 CM\"},{\"@type\":\"BreadcrumbList\",\"@id\":\"https:\\\/\\\/suelosport.com\\\/pt-pt\\\/producto\\\/slenet-borracha-beeled-side-100-x-100-x-4-cm\\\/#breadcrumb\",\"itemListElement\":[{\"@type\":\"ListItem\",\"position\":1,\"name\":\"Portada\",\"item\":\"https:\\\/\\\/suelosport.com\\\/pt-pt\\\/\"},{\"@type\":\"ListItem\",\"position\":2,\"name\":\"Tienda\",\"item\":\"https:\\\/\\\/suelosport.com\\\/tienda\\\/\"},{\"@type\":\"ListItem\",\"position\":3,\"name\":\"Placa de borracha biselada de um lado 100 x 100 cm\"}]},{\"@type\":\"WebSite\",\"@id\":\"https:\\\/\\\/suelosport.com\\\/pt-pt\\\/#website\",\"url\":\"https:\\\/\\\/suelosport.com\\\/pt-pt\\\/\",\"name\":\"Suelosport - Suelos Deportivos\",\"description\":\"Suelos para gimnasios, suelos de goma, losetas y suelos antideslizantes\",\"publisher\":{\"@id\":\"https:\\\/\\\/suelosport.com\\\/pt-pt\\\/#organization\"},\"potentialAction\":[{\"@type\":\"SearchAction\",\"target\":{\"@type\":\"EntryPoint\",\"urlTemplate\":\"https:\\\/\\\/suelosport.com\\\/pt-pt\\\/?s={search_term_string}\"},\"query-input\":{\"@type\":\"PropertyValueSpecification\",\"valueRequired\":true,\"valueName\":\"search_term_string\"}}],\"inLanguage\":\"pt-PT\"},{\"@type\":\"Organization\",\"@id\":\"https:\\\/\\\/suelosport.com\\\/pt-pt\\\/#organization\",\"name\":\"Suelosport\",\"url\":\"https:\\\/\\\/suelosport.com\\\/pt-pt\\\/\",\"logo\":{\"@type\":\"ImageObject\",\"inLanguage\":\"pt-PT\",\"@id\":\"https:\\\/\\\/suelosport.com\\\/pt-pt\\\/#\\\/schema\\\/logo\\\/image\\\/\",\"url\":\"https:\\\/\\\/suelosport.com\\\/wp-content\\\/uploads\\\/2018\\\/03\\\/logo-suelosport.png\",\"contentUrl\":\"https:\\\/\\\/suelosport.com\\\/wp-content\\\/uploads\\\/2018\\\/03\\\/logo-suelosport.png\",\"width\":300,\"height\":67,\"caption\":\"Suelosport\"},\"image\":{\"@id\":\"https:\\\/\\\/suelosport.com\\\/pt-pt\\\/#\\\/schema\\\/logo\\\/image\\\/\"},\"sameAs\":[\"https:\\\/\\\/www.facebook.com\\\/Suelosport-2042694182686080\\\/\",\"https:\\\/\\\/www.linkedin.com\\\/company\\\/suelosport\\\/\",\"https:\\\/\\\/www.youtube.com\\\/channel\\\/UC1eoryUxD4Fw7f1m5wx_vFg?view_as=subscriber\"]}]}<\/script>\n<!-- \/ Yoast SEO plugin. -->","yoast_head_json":{"title":"PLACA DE BORRACHA BISELADA UM LADO 100 X 100 CM","robots":{"index":"index","follow":"follow","max-snippet":"max-snippet:-1","max-image-preview":"max-image-preview:large","max-video-preview":"max-video-preview:-1"},"canonical":"https:\/\/suelosport.com\/pt-pt\/producto\/slenet-borracha-beeled-side-100-x-100-x-4-cm\/","og_locale":"pt_PT","og_type":"article","og_title":"PLACA DE BORRACHA BISELADA UM LADO 100 X 100 CM","og_description":"Placa de borracha biselada de um lado para dar acabamento de inclina\u00e7\u00e3o na montagem de placas de borracha na superf\u00edcie para evitar trope\u00e7ar e cair.  Medi\u00e7\u00f5es: 100 x 100 cm","og_url":"https:\/\/suelosport.com\/pt-pt\/producto\/slenet-borracha-beeled-side-100-x-100-x-4-cm\/","og_site_name":"Suelosport - Suelos Deportivos","article_publisher":"https:\/\/www.facebook.com\/Suelosport-2042694182686080\/","article_modified_time":"2024-06-28T07:23:44+00:00","og_image":[{"width":545,"height":565,"url":"https:\/\/suelosport.com\/wp-content\/uploads\/2017\/11\/LOSETA-DE-CAUCHO-BISELADA-UN-LADO-100-X-100-X-4-CM.jpg","type":"image\/jpeg"}],"twitter_card":"summary_large_image","schema":{"@context":"https:\/\/schema.org","@graph":[{"@type":["WebPage","ItemPage"],"@id":"https:\/\/suelosport.com\/pt-pt\/producto\/slenet-borracha-beeled-side-100-x-100-x-4-cm\/","url":"https:\/\/suelosport.com\/pt-pt\/producto\/slenet-borracha-beeled-side-100-x-100-x-4-cm\/","name":"PLACA DE BORRACHA BISELADA UM LADO 100 X 100 CM","isPartOf":{"@id":"https:\/\/suelosport.com\/pt-pt\/#website"},"primaryImageOfPage":{"@id":"https:\/\/suelosport.com\/pt-pt\/producto\/slenet-borracha-beeled-side-100-x-100-x-4-cm\/#primaryimage"},"image":{"@id":"https:\/\/suelosport.com\/pt-pt\/producto\/slenet-borracha-beeled-side-100-x-100-x-4-cm\/#primaryimage"},"thumbnailUrl":"https:\/\/suelosport.com\/wp-content\/uploads\/2017\/11\/LOSETA-DE-CAUCHO-BISELADA-UN-LADO-100-X-100-X-4-CM.jpg","datePublished":"2017-11-08T16:56:15+00:00","dateModified":"2024-06-28T07:23:44+00:00","breadcrumb":{"@id":"https:\/\/suelosport.com\/pt-pt\/producto\/slenet-borracha-beeled-side-100-x-100-x-4-cm\/#breadcrumb"},"inLanguage":"pt-PT","potentialAction":[{"@type":"ReadAction","target":["https:\/\/suelosport.com\/pt-pt\/producto\/slenet-borracha-beeled-side-100-x-100-x-4-cm\/"]}]},{"@type":"ImageObject","inLanguage":"pt-PT","@id":"https:\/\/suelosport.com\/pt-pt\/producto\/slenet-borracha-beeled-side-100-x-100-x-4-cm\/#primaryimage","url":"https:\/\/suelosport.com\/wp-content\/uploads\/2017\/11\/LOSETA-DE-CAUCHO-BISELADA-UN-LADO-100-X-100-X-4-CM.jpg","contentUrl":"https:\/\/suelosport.com\/wp-content\/uploads\/2017\/11\/LOSETA-DE-CAUCHO-BISELADA-UN-LADO-100-X-100-X-4-CM.jpg","width":545,"height":565,"caption":"PLACA DE BORRACHA BISELADA UM LADO 100 X 100 CM"},{"@type":"BreadcrumbList","@id":"https:\/\/suelosport.com\/pt-pt\/producto\/slenet-borracha-beeled-side-100-x-100-x-4-cm\/#breadcrumb","itemListElement":[{"@type":"ListItem","position":1,"name":"Portada","item":"https:\/\/suelosport.com\/pt-pt\/"},{"@type":"ListItem","position":2,"name":"Tienda","item":"https:\/\/suelosport.com\/tienda\/"},{"@type":"ListItem","position":3,"name":"Placa de borracha biselada de um lado 100 x 100 cm"}]},{"@type":"WebSite","@id":"https:\/\/suelosport.com\/pt-pt\/#website","url":"https:\/\/suelosport.com\/pt-pt\/","name":"Suelosport - Suelos Deportivos","description":"Suelos para gimnasios, suelos de goma, losetas y suelos antideslizantes","publisher":{"@id":"https:\/\/suelosport.com\/pt-pt\/#organization"},"potentialAction":[{"@type":"SearchAction","target":{"@type":"EntryPoint","urlTemplate":"https:\/\/suelosport.com\/pt-pt\/?s={search_term_string}"},"query-input":{"@type":"PropertyValueSpecification","valueRequired":true,"valueName":"search_term_string"}}],"inLanguage":"pt-PT"},{"@type":"Organization","@id":"https:\/\/suelosport.com\/pt-pt\/#organization","name":"Suelosport","url":"https:\/\/suelosport.com\/pt-pt\/","logo":{"@type":"ImageObject","inLanguage":"pt-PT","@id":"https:\/\/suelosport.com\/pt-pt\/#\/schema\/logo\/image\/","url":"https:\/\/suelosport.com\/wp-content\/uploads\/2018\/03\/logo-suelosport.png","contentUrl":"https:\/\/suelosport.com\/wp-content\/uploads\/2018\/03\/logo-suelosport.png","width":300,"height":67,"caption":"Suelosport"},"image":{"@id":"https:\/\/suelosport.com\/pt-pt\/#\/schema\/logo\/image\/"},"sameAs":["https:\/\/www.facebook.com\/Suelosport-2042694182686080\/","https:\/\/www.linkedin.com\/company\/suelosport\/","https:\/\/www.youtube.com\/channel\/UC1eoryUxD4Fw7f1m5wx_vFg?view_as=subscriber"]}]}},"_links":{"self":[{"href":"https:\/\/suelosport.com\/pt-pt\/wp-json\/wp\/v2\/product\/27889","targetHints":{"allow":["GET"]}}],"collection":[{"href":"https:\/\/suelosport.com\/pt-pt\/wp-json\/wp\/v2\/product"}],"about":[{"href":"https:\/\/suelosport.com\/pt-pt\/wp-json\/wp\/v2\/types\/product"}],"replies":[{"embeddable":true,"href":"https:\/\/suelosport.com\/pt-pt\/wp-json\/wp\/v2\/comments?post=27889"}],"wp:featuredmedia":[{"embeddable":true,"href":"https:\/\/suelosport.com\/pt-pt\/wp-json\/wp\/v2\/media\/27910"}],"wp:attachment":[{"href":"https:\/\/suelosport.com\/pt-pt\/wp-json\/wp\/v2\/media?parent=27889"}],"wp:term":[{"taxonomy":"product_brand","embeddable":true,"href":"https:\/\/suelosport.com\/pt-pt\/wp-json\/wp\/v2\/product_brand?post=27889"},{"taxonomy":"product_cat","embeddable":true,"href":"https:\/\/suelosport.com\/pt-pt\/wp-json\/wp\/v2\/product_cat?post=27889"},{"taxonomy":"product_tag","embeddable":true,"href":"https:\/\/suelosport.com\/pt-pt\/wp-json\/wp\/v2\/product_tag?post=27889"}],"curies":[{"name":"wp","href":"https:\/\/api.w.org\/{rel}","templated":true}]}}