{"id":27595,"date":"2018-03-05T08:32:00","date_gmt":"2018-03-05T08:32:00","guid":{"rendered":"https:\/\/suelosport.com\/producto\/quebra-cabeca-de-tatami-40\/"},"modified":"2026-01-16T06:10:20","modified_gmt":"2026-01-16T05:10:20","slug":"tatami-puzzle-40-2","status":"publish","type":"product","link":"https:\/\/suelosport.com\/pt-pt\/producto\/tatami-puzzle-40-2\/","title":{"rendered":"Quebra-cabe\u00e7a-de-tatami 40"},"content":{"rendered":"","protected":false},"excerpt":{"rendered":"<p><strong>Tatami tatami borracha tipo puzzle EVA <\/strong>para praticar artes marciais e desportos de combate com proje\u00e7\u00f5es de solo.<\/p>\n<ul>\n<li>Medi\u00e7\u00f5es: 100 x 100 x 4 cm<\/li>\n<\/ul>\n<p><span style=\"color: #ed1c24;\"><strong>Encomenda m\u00ednima: 4 unidades<\/strong><\/span><\/p>\n<p><span style=\"color: #ff0000;\"><strong>Pedido m\u00ednimo para cor preto-cinza: 9 unidades<\/strong><\/span><\/p>\n<p><iframe loading=\"lazy\" src=\"https:\/\/www.youtube.com\/embed\/WbzpNfDMgj4?rel=0\" width=\"250\" height=\"150\" frameborder=\"0\" allowfullscreen=\"allowfullscreen\"><\/iframe><\/p>\n<a href=\"https:\/\/suelosport.com\/instalacion-y-mantenimiento-de-tatamis\/\" class=\"button primary is-small\" >\n\t\t<span>Instalaci\u00f3n<\/span>\n\t<\/a>\n\n<a href=\"https:\/\/suelosport.com\/consejos-para-elegir-el-tatami-para-artes-marciales\/\" class=\"button secondary is-small\" >\n\t\t<span>\u00bfQu\u00e9 tatami elegir?<\/span>\n\t<\/a>\n\n<a href=\"\/ellos-tambien-confiaron-en-nosotros\/\" class=\"button primary is-outline is-small\" >\n\t<i class=\"icon-instagram\" aria-hidden=\"true\"><\/i>\t<span>Ver im\u00e1genes de suelos colocados<\/span>\n\t<\/a>\n\n","protected":false},"featured_media":46837,"comment_status":"open","ping_status":"closed","template":"","meta":{"inline_featured_image":false},"product_brand":[],"product_cat":[994,995],"product_tag":[1000,920,1001,923,1002,957,1003,963,1004,996,997,998,999],"class_list":{"0":"post-27595","1":"product","2":"type-product","3":"status-publish","4":"has-post-thumbnail","6":"product_cat-tatamis-pt-pt","7":"product_cat-tatami-puzzle-pt-pt","8":"product_tag-tatami-pt-pt","9":"product_tag-infantil-pt-pt","10":"product_tag-goma-eva-pt-pt","11":"product_tag-gimnasio-pt-pt","12":"product_tag-aerobic-pt-pt","13":"product_tag-pavimento-pt-pt","14":"product_tag-suelo-puzzle-pt-pt","15":"product_tag-suelo-pt-pt","16":"product_tag-encajable-pt-pt","17":"product_tag-judo-pt-pt","18":"product_tag-karate-pt-pt","19":"product_tag-jiu-jitsu-pt-pt","20":"product_tag-taekwondo-pt-pt","22":"first","23":"instock","24":"sale","25":"taxable","26":"shipping-taxable","27":"purchasable","28":"product-type-variable"},"yoast_head":"<!-- This site is optimized with the Yoast SEO plugin v27.4 - https:\/\/yoast.com\/product\/yoast-seo-wordpress\/ -->\n<title>Quebra-cabe\u00e7a-de-tatami 40 | Suelosport - Suelos Deportivos<\/title>\n<meta name=\"robots\" content=\"index, follow, max-snippet:-1, max-image-preview:large, max-video-preview:-1\" \/>\n<link rel=\"canonical\" href=\"https:\/\/suelosport.com\/pt-pt\/producto\/tatami-puzzle-40-2\/\" \/>\n<meta property=\"og:locale\" content=\"pt_PT\" \/>\n<meta property=\"og:type\" content=\"article\" \/>\n<meta property=\"og:title\" content=\"Quebra-cabe\u00e7a-de-tatami 40 | Suelosport - Suelos Deportivos\" \/>\n<meta property=\"og:description\" content=\"Tatami tatami borracha tipo puzzle EVA para praticar artes marciais e desportos de combate com proje\u00e7\u00f5es de solo.  Medi\u00e7\u00f5es: 100 x 100 x 4 cm Encomenda m\u00ednima: 4 unidades Pedido m\u00ednimo para cor preto-cinza: 9 unidades\" \/>\n<meta property=\"og:url\" content=\"https:\/\/suelosport.com\/pt-pt\/producto\/tatami-puzzle-40-2\/\" \/>\n<meta property=\"og:site_name\" content=\"Suelosport - Suelos Deportivos\" \/>\n<meta property=\"article:publisher\" content=\"https:\/\/www.facebook.com\/Suelosport-2042694182686080\/\" \/>\n<meta property=\"article:modified_time\" content=\"2026-01-16T05:10:20+00:00\" \/>\n<meta property=\"og:image\" content=\"https:\/\/suelosport.com\/wp-content\/uploads\/2018\/03\/tatami_puzzle_100x100x4cm-1.jpg\" \/>\n\t<meta property=\"og:image:width\" content=\"750\" \/>\n\t<meta property=\"og:image:height\" content=\"1000\" \/>\n\t<meta property=\"og:image:type\" content=\"image\/jpeg\" \/>\n<meta name=\"twitter:card\" content=\"summary_large_image\" \/>\n<script type=\"application\/ld+json\" class=\"yoast-schema-graph\">{\"@context\":\"https:\\\/\\\/schema.org\",\"@graph\":[{\"@type\":[\"WebPage\",\"ItemPage\"],\"@id\":\"https:\\\/\\\/suelosport.com\\\/pt-pt\\\/producto\\\/tatami-puzzle-40-2\\\/\",\"url\":\"https:\\\/\\\/suelosport.com\\\/pt-pt\\\/producto\\\/tatami-puzzle-40-2\\\/\",\"name\":\"Quebra-cabe\u00e7a-de-tatami 40 | Suelosport - Suelos Deportivos\",\"isPartOf\":{\"@id\":\"https:\\\/\\\/suelosport.com\\\/pt-pt\\\/#website\"},\"primaryImageOfPage\":{\"@id\":\"https:\\\/\\\/suelosport.com\\\/pt-pt\\\/producto\\\/tatami-puzzle-40-2\\\/#primaryimage\"},\"image\":{\"@id\":\"https:\\\/\\\/suelosport.com\\\/pt-pt\\\/producto\\\/tatami-puzzle-40-2\\\/#primaryimage\"},\"thumbnailUrl\":\"https:\\\/\\\/suelosport.com\\\/wp-content\\\/uploads\\\/2018\\\/03\\\/tatami_puzzle_100x100x4cm-1.jpg\",\"datePublished\":\"2018-03-05T08:32:00+00:00\",\"dateModified\":\"2026-01-16T05:10:20+00:00\",\"breadcrumb\":{\"@id\":\"https:\\\/\\\/suelosport.com\\\/pt-pt\\\/producto\\\/tatami-puzzle-40-2\\\/#breadcrumb\"},\"inLanguage\":\"pt-PT\",\"potentialAction\":[{\"@type\":\"ReadAction\",\"target\":[\"https:\\\/\\\/suelosport.com\\\/pt-pt\\\/producto\\\/tatami-puzzle-40-2\\\/\"]}]},{\"@type\":\"ImageObject\",\"inLanguage\":\"pt-PT\",\"@id\":\"https:\\\/\\\/suelosport.com\\\/pt-pt\\\/producto\\\/tatami-puzzle-40-2\\\/#primaryimage\",\"url\":\"https:\\\/\\\/suelosport.com\\\/wp-content\\\/uploads\\\/2018\\\/03\\\/tatami_puzzle_100x100x4cm-1.jpg\",\"contentUrl\":\"https:\\\/\\\/suelosport.com\\\/wp-content\\\/uploads\\\/2018\\\/03\\\/tatami_puzzle_100x100x4cm-1.jpg\",\"width\":750,\"height\":1000,\"caption\":\"tatami puzzle 100 x 100 x 4 cm\"},{\"@type\":\"BreadcrumbList\",\"@id\":\"https:\\\/\\\/suelosport.com\\\/pt-pt\\\/producto\\\/tatami-puzzle-40-2\\\/#breadcrumb\",\"itemListElement\":[{\"@type\":\"ListItem\",\"position\":1,\"name\":\"Portada\",\"item\":\"https:\\\/\\\/suelosport.com\\\/pt-pt\\\/\"},{\"@type\":\"ListItem\",\"position\":2,\"name\":\"Tienda\",\"item\":\"https:\\\/\\\/suelosport.com\\\/tienda\\\/\"},{\"@type\":\"ListItem\",\"position\":3,\"name\":\"Quebra-cabe\u00e7a-de-tatami 40\"}]},{\"@type\":\"WebSite\",\"@id\":\"https:\\\/\\\/suelosport.com\\\/pt-pt\\\/#website\",\"url\":\"https:\\\/\\\/suelosport.com\\\/pt-pt\\\/\",\"name\":\"Suelosport - Suelos Deportivos\",\"description\":\"Suelos para gimnasios, suelos de goma, losetas y suelos antideslizantes\",\"publisher\":{\"@id\":\"https:\\\/\\\/suelosport.com\\\/pt-pt\\\/#organization\"},\"potentialAction\":[{\"@type\":\"SearchAction\",\"target\":{\"@type\":\"EntryPoint\",\"urlTemplate\":\"https:\\\/\\\/suelosport.com\\\/pt-pt\\\/?s={search_term_string}\"},\"query-input\":{\"@type\":\"PropertyValueSpecification\",\"valueRequired\":true,\"valueName\":\"search_term_string\"}}],\"inLanguage\":\"pt-PT\"},{\"@type\":\"Organization\",\"@id\":\"https:\\\/\\\/suelosport.com\\\/pt-pt\\\/#organization\",\"name\":\"Suelosport\",\"url\":\"https:\\\/\\\/suelosport.com\\\/pt-pt\\\/\",\"logo\":{\"@type\":\"ImageObject\",\"inLanguage\":\"pt-PT\",\"@id\":\"https:\\\/\\\/suelosport.com\\\/pt-pt\\\/#\\\/schema\\\/logo\\\/image\\\/\",\"url\":\"https:\\\/\\\/suelosport.com\\\/wp-content\\\/uploads\\\/2018\\\/03\\\/logo-suelosport.png\",\"contentUrl\":\"https:\\\/\\\/suelosport.com\\\/wp-content\\\/uploads\\\/2018\\\/03\\\/logo-suelosport.png\",\"width\":300,\"height\":67,\"caption\":\"Suelosport\"},\"image\":{\"@id\":\"https:\\\/\\\/suelosport.com\\\/pt-pt\\\/#\\\/schema\\\/logo\\\/image\\\/\"},\"sameAs\":[\"https:\\\/\\\/www.facebook.com\\\/Suelosport-2042694182686080\\\/\",\"https:\\\/\\\/www.linkedin.com\\\/company\\\/suelosport\\\/\",\"https:\\\/\\\/www.youtube.com\\\/channel\\\/UC1eoryUxD4Fw7f1m5wx_vFg?view_as=subscriber\"]}]}<\/script>\n<!-- \/ Yoast SEO plugin. -->","yoast_head_json":{"title":"Quebra-cabe\u00e7a-de-tatami 40 | Suelosport - Suelos Deportivos","robots":{"index":"index","follow":"follow","max-snippet":"max-snippet:-1","max-image-preview":"max-image-preview:large","max-video-preview":"max-video-preview:-1"},"canonical":"https:\/\/suelosport.com\/pt-pt\/producto\/tatami-puzzle-40-2\/","og_locale":"pt_PT","og_type":"article","og_title":"Quebra-cabe\u00e7a-de-tatami 40 | Suelosport - Suelos Deportivos","og_description":"Tatami tatami borracha tipo puzzle EVA para praticar artes marciais e desportos de combate com proje\u00e7\u00f5es de solo.  Medi\u00e7\u00f5es: 100 x 100 x 4 cm Encomenda m\u00ednima: 4 unidades Pedido m\u00ednimo para cor preto-cinza: 9 unidades","og_url":"https:\/\/suelosport.com\/pt-pt\/producto\/tatami-puzzle-40-2\/","og_site_name":"Suelosport - Suelos Deportivos","article_publisher":"https:\/\/www.facebook.com\/Suelosport-2042694182686080\/","article_modified_time":"2026-01-16T05:10:20+00:00","og_image":[{"width":750,"height":1000,"url":"https:\/\/suelosport.com\/wp-content\/uploads\/2018\/03\/tatami_puzzle_100x100x4cm-1.jpg","type":"image\/jpeg"}],"twitter_card":"summary_large_image","schema":{"@context":"https:\/\/schema.org","@graph":[{"@type":["WebPage","ItemPage"],"@id":"https:\/\/suelosport.com\/pt-pt\/producto\/tatami-puzzle-40-2\/","url":"https:\/\/suelosport.com\/pt-pt\/producto\/tatami-puzzle-40-2\/","name":"Quebra-cabe\u00e7a-de-tatami 40 | Suelosport - Suelos Deportivos","isPartOf":{"@id":"https:\/\/suelosport.com\/pt-pt\/#website"},"primaryImageOfPage":{"@id":"https:\/\/suelosport.com\/pt-pt\/producto\/tatami-puzzle-40-2\/#primaryimage"},"image":{"@id":"https:\/\/suelosport.com\/pt-pt\/producto\/tatami-puzzle-40-2\/#primaryimage"},"thumbnailUrl":"https:\/\/suelosport.com\/wp-content\/uploads\/2018\/03\/tatami_puzzle_100x100x4cm-1.jpg","datePublished":"2018-03-05T08:32:00+00:00","dateModified":"2026-01-16T05:10:20+00:00","breadcrumb":{"@id":"https:\/\/suelosport.com\/pt-pt\/producto\/tatami-puzzle-40-2\/#breadcrumb"},"inLanguage":"pt-PT","potentialAction":[{"@type":"ReadAction","target":["https:\/\/suelosport.com\/pt-pt\/producto\/tatami-puzzle-40-2\/"]}]},{"@type":"ImageObject","inLanguage":"pt-PT","@id":"https:\/\/suelosport.com\/pt-pt\/producto\/tatami-puzzle-40-2\/#primaryimage","url":"https:\/\/suelosport.com\/wp-content\/uploads\/2018\/03\/tatami_puzzle_100x100x4cm-1.jpg","contentUrl":"https:\/\/suelosport.com\/wp-content\/uploads\/2018\/03\/tatami_puzzle_100x100x4cm-1.jpg","width":750,"height":1000,"caption":"tatami puzzle 100 x 100 x 4 cm"},{"@type":"BreadcrumbList","@id":"https:\/\/suelosport.com\/pt-pt\/producto\/tatami-puzzle-40-2\/#breadcrumb","itemListElement":[{"@type":"ListItem","position":1,"name":"Portada","item":"https:\/\/suelosport.com\/pt-pt\/"},{"@type":"ListItem","position":2,"name":"Tienda","item":"https:\/\/suelosport.com\/tienda\/"},{"@type":"ListItem","position":3,"name":"Quebra-cabe\u00e7a-de-tatami 40"}]},{"@type":"WebSite","@id":"https:\/\/suelosport.com\/pt-pt\/#website","url":"https:\/\/suelosport.com\/pt-pt\/","name":"Suelosport - Suelos Deportivos","description":"Suelos para gimnasios, suelos de goma, losetas y suelos antideslizantes","publisher":{"@id":"https:\/\/suelosport.com\/pt-pt\/#organization"},"potentialAction":[{"@type":"SearchAction","target":{"@type":"EntryPoint","urlTemplate":"https:\/\/suelosport.com\/pt-pt\/?s={search_term_string}"},"query-input":{"@type":"PropertyValueSpecification","valueRequired":true,"valueName":"search_term_string"}}],"inLanguage":"pt-PT"},{"@type":"Organization","@id":"https:\/\/suelosport.com\/pt-pt\/#organization","name":"Suelosport","url":"https:\/\/suelosport.com\/pt-pt\/","logo":{"@type":"ImageObject","inLanguage":"pt-PT","@id":"https:\/\/suelosport.com\/pt-pt\/#\/schema\/logo\/image\/","url":"https:\/\/suelosport.com\/wp-content\/uploads\/2018\/03\/logo-suelosport.png","contentUrl":"https:\/\/suelosport.com\/wp-content\/uploads\/2018\/03\/logo-suelosport.png","width":300,"height":67,"caption":"Suelosport"},"image":{"@id":"https:\/\/suelosport.com\/pt-pt\/#\/schema\/logo\/image\/"},"sameAs":["https:\/\/www.facebook.com\/Suelosport-2042694182686080\/","https:\/\/www.linkedin.com\/company\/suelosport\/","https:\/\/www.youtube.com\/channel\/UC1eoryUxD4Fw7f1m5wx_vFg?view_as=subscriber"]}]}},"_links":{"self":[{"href":"https:\/\/suelosport.com\/pt-pt\/wp-json\/wp\/v2\/product\/27595","targetHints":{"allow":["GET"]}}],"collection":[{"href":"https:\/\/suelosport.com\/pt-pt\/wp-json\/wp\/v2\/product"}],"about":[{"href":"https:\/\/suelosport.com\/pt-pt\/wp-json\/wp\/v2\/types\/product"}],"replies":[{"embeddable":true,"href":"https:\/\/suelosport.com\/pt-pt\/wp-json\/wp\/v2\/comments?post=27595"}],"wp:featuredmedia":[{"embeddable":true,"href":"https:\/\/suelosport.com\/pt-pt\/wp-json\/wp\/v2\/media\/46837"}],"wp:attachment":[{"href":"https:\/\/suelosport.com\/pt-pt\/wp-json\/wp\/v2\/media?parent=27595"}],"wp:term":[{"taxonomy":"product_brand","embeddable":true,"href":"https:\/\/suelosport.com\/pt-pt\/wp-json\/wp\/v2\/product_brand?post=27595"},{"taxonomy":"product_cat","embeddable":true,"href":"https:\/\/suelosport.com\/pt-pt\/wp-json\/wp\/v2\/product_cat?post=27595"},{"taxonomy":"product_tag","embeddable":true,"href":"https:\/\/suelosport.com\/pt-pt\/wp-json\/wp\/v2\/product_tag?post=27595"}],"curies":[{"name":"wp","href":"https:\/\/api.w.org\/{rel}","templated":true}]}}