{"id":27576,"date":"2017-11-08T17:20:49","date_gmt":"2017-11-08T16:20:49","guid":{"rendered":"https:\/\/suelosport.com\/producto\/snutter-de-borracha-bisbed-um-canto-dois-lados-100-x-100-cm\/"},"modified":"2021-03-11T17:39:17","modified_gmt":"2021-03-11T16:39:17","slug":"slenet-rubber-beveled-one-corner-two-sided-100-x-100-x-4-cm","status":"publish","type":"product","link":"https:\/\/suelosport.com\/pt-pt\/producto\/slenet-rubber-beveled-one-corner-two-sided-100-x-100-x-4-cm\/","title":{"rendered":"Placa de borracha biselada um canto (dois lados) 100 x 100 cm"},"content":{"rendered":"","protected":false},"excerpt":{"rendered":"<p><strong>Placa de borracha biselada por dois lados<\/strong> (um canto) inclinado para o ch\u00e3o para evitar passos e poss\u00edveis trope\u00e7ar.<\/p>\n<ul>\n<li>Medi\u00e7\u00f5es: 100 x 100 cm<\/li>\n<\/ul>\n<a href=\"https:\/\/suelosport.com\/instalacion-y-mantenimiento-de-losetas-de-caucho\/\" class=\"button primary is-small\" >\n\t\t<span>Instalaci\u00f3n<\/span>\n\t<\/a>\n\n<a href=\"https:\/\/suelosport.com\/consejos-para-elegir-las-losetas-de-caucho\/\" class=\"button secondary is-small\" >\n\t\t<span>\u00bfQu\u00e9 placas elegir?<\/span>\n\t<\/a>\n\n<a href=\"\/ellos-tambien-confiaron-en-nosotros\/\" class=\"button primary is-outline is-small\" >\n\t<i class=\"icon-instagram\" aria-hidden=\"true\"><\/i>\t<span>Ver im\u00e1genes de suelos colocados<\/span>\n\t<\/a>\n\n<p><iframe loading=\"lazy\" src=\"https:\/\/www.youtube.com\/embed\/q9zDsKlWnW4\/?rel=0&amp;amp\" width=\"250\" height=\"150\" frameborder=\"0\" allowfullscreen=\"allowfullscreen\"><\/iframe><\/p>\n","protected":false},"featured_media":27601,"comment_status":"open","ping_status":"closed","template":"","meta":{"inline_featured_image":false},"product_brand":[],"product_cat":[910,907],"product_tag":[917,923,930,932,935,957],"class_list":{"0":"post-27576","1":"product","2":"type-product","3":"status-publish","4":"has-post-thumbnail","6":"product_cat-losetas-de-caucho-pt-pt","7":"product_cat-losetas-infantiles-pt-pt","8":"product_tag-caucho-pt-pt","9":"product_tag-gimnasio-pt-pt","10":"product_tag-suelos-pt-pt","11":"product_tag-pavimentos-pt-pt","12":"product_tag-infantiles-pt-pt","13":"product_tag-pavimento-pt-pt","15":"first","16":"instock","17":"taxable","18":"shipping-taxable","19":"purchasable","20":"product-type-variable"},"yoast_head":"<!-- This site is optimized with the Yoast SEO plugin v27.5 - https:\/\/yoast.com\/product\/yoast-seo-wordpress\/ -->\n<title>PLACA DE BORRACHA BISELADA UM CANTO SUELOSPORT<\/title>\n<meta name=\"robots\" content=\"index, follow, max-snippet:-1, max-image-preview:large, max-video-preview:-1\" \/>\n<link rel=\"canonical\" href=\"https:\/\/suelosport.com\/pt-pt\/producto\/slenet-rubber-beveled-one-corner-two-sided-100-x-100-x-4-cm\/\" \/>\n<meta property=\"og:locale\" content=\"pt_PT\" \/>\n<meta property=\"og:type\" content=\"article\" \/>\n<meta property=\"og:title\" content=\"PLACA DE BORRACHA BISELADA UM CANTO SUELOSPORT\" \/>\n<meta property=\"og:description\" content=\"Placa de borracha biselada por dois lados (um canto) inclinado para o ch\u00e3o para evitar passos e poss\u00edveis trope\u00e7ar.  Medi\u00e7\u00f5es: 100 x 100 cm\" \/>\n<meta property=\"og:url\" content=\"https:\/\/suelosport.com\/pt-pt\/producto\/slenet-rubber-beveled-one-corner-two-sided-100-x-100-x-4-cm\/\" \/>\n<meta property=\"og:site_name\" content=\"Suelosport - Suelos Deportivos\" \/>\n<meta property=\"article:publisher\" content=\"https:\/\/www.facebook.com\/Suelosport-2042694182686080\/\" \/>\n<meta property=\"article:modified_time\" content=\"2021-03-11T16:39:17+00:00\" \/>\n<meta property=\"og:image\" content=\"https:\/\/suelosport.com\/wp-content\/uploads\/2017\/11\/loseta_de_caucho_biselada_una_esquina_dos_lados_100_x_100_cm.png\" \/>\n\t<meta property=\"og:image:width\" content=\"350\" \/>\n\t<meta property=\"og:image:height\" content=\"350\" \/>\n\t<meta property=\"og:image:type\" content=\"image\/png\" \/>\n<meta name=\"twitter:card\" content=\"summary_large_image\" \/>\n<script type=\"application\/ld+json\" class=\"yoast-schema-graph\">{\"@context\":\"https:\\\/\\\/schema.org\",\"@graph\":[{\"@type\":[\"WebPage\",\"ItemPage\"],\"@id\":\"https:\\\/\\\/suelosport.com\\\/pt-pt\\\/producto\\\/slenet-rubber-beveled-one-corner-two-sided-100-x-100-x-4-cm\\\/\",\"url\":\"https:\\\/\\\/suelosport.com\\\/pt-pt\\\/producto\\\/slenet-rubber-beveled-one-corner-two-sided-100-x-100-x-4-cm\\\/\",\"name\":\"PLACA DE BORRACHA BISELADA UM CANTO SUELOSPORT\",\"isPartOf\":{\"@id\":\"https:\\\/\\\/suelosport.com\\\/pt-pt\\\/#website\"},\"primaryImageOfPage\":{\"@id\":\"https:\\\/\\\/suelosport.com\\\/pt-pt\\\/producto\\\/slenet-rubber-beveled-one-corner-two-sided-100-x-100-x-4-cm\\\/#primaryimage\"},\"image\":{\"@id\":\"https:\\\/\\\/suelosport.com\\\/pt-pt\\\/producto\\\/slenet-rubber-beveled-one-corner-two-sided-100-x-100-x-4-cm\\\/#primaryimage\"},\"thumbnailUrl\":\"https:\\\/\\\/suelosport.com\\\/wp-content\\\/uploads\\\/2017\\\/11\\\/loseta_de_caucho_biselada_una_esquina_dos_lados_100_x_100_cm.png\",\"datePublished\":\"2017-11-08T16:20:49+00:00\",\"dateModified\":\"2021-03-11T16:39:17+00:00\",\"breadcrumb\":{\"@id\":\"https:\\\/\\\/suelosport.com\\\/pt-pt\\\/producto\\\/slenet-rubber-beveled-one-corner-two-sided-100-x-100-x-4-cm\\\/#breadcrumb\"},\"inLanguage\":\"pt-PT\",\"potentialAction\":[{\"@type\":\"ReadAction\",\"target\":[\"https:\\\/\\\/suelosport.com\\\/pt-pt\\\/producto\\\/slenet-rubber-beveled-one-corner-two-sided-100-x-100-x-4-cm\\\/\"]}]},{\"@type\":\"ImageObject\",\"inLanguage\":\"pt-PT\",\"@id\":\"https:\\\/\\\/suelosport.com\\\/pt-pt\\\/producto\\\/slenet-rubber-beveled-one-corner-two-sided-100-x-100-x-4-cm\\\/#primaryimage\",\"url\":\"https:\\\/\\\/suelosport.com\\\/wp-content\\\/uploads\\\/2017\\\/11\\\/loseta_de_caucho_biselada_una_esquina_dos_lados_100_x_100_cm.png\",\"contentUrl\":\"https:\\\/\\\/suelosport.com\\\/wp-content\\\/uploads\\\/2017\\\/11\\\/loseta_de_caucho_biselada_una_esquina_dos_lados_100_x_100_cm.png\",\"width\":350,\"height\":350,\"caption\":\"placa de borracha bisado um canto dois lados 100 x 100 cm\"},{\"@type\":\"BreadcrumbList\",\"@id\":\"https:\\\/\\\/suelosport.com\\\/pt-pt\\\/producto\\\/slenet-rubber-beveled-one-corner-two-sided-100-x-100-x-4-cm\\\/#breadcrumb\",\"itemListElement\":[{\"@type\":\"ListItem\",\"position\":1,\"name\":\"Portada\",\"item\":\"https:\\\/\\\/suelosport.com\\\/pt-pt\\\/\"},{\"@type\":\"ListItem\",\"position\":2,\"name\":\"Tienda\",\"item\":\"https:\\\/\\\/suelosport.com\\\/tienda\\\/\"},{\"@type\":\"ListItem\",\"position\":3,\"name\":\"Placa de borracha biselada um canto (dois lados) 100 x 100 cm\"}]},{\"@type\":\"WebSite\",\"@id\":\"https:\\\/\\\/suelosport.com\\\/pt-pt\\\/#website\",\"url\":\"https:\\\/\\\/suelosport.com\\\/pt-pt\\\/\",\"name\":\"Suelosport - Suelos Deportivos\",\"description\":\"Suelos para gimnasios, suelos de goma, losetas y suelos antideslizantes\",\"publisher\":{\"@id\":\"https:\\\/\\\/suelosport.com\\\/pt-pt\\\/#organization\"},\"potentialAction\":[{\"@type\":\"SearchAction\",\"target\":{\"@type\":\"EntryPoint\",\"urlTemplate\":\"https:\\\/\\\/suelosport.com\\\/pt-pt\\\/?s={search_term_string}\"},\"query-input\":{\"@type\":\"PropertyValueSpecification\",\"valueRequired\":true,\"valueName\":\"search_term_string\"}}],\"inLanguage\":\"pt-PT\"},{\"@type\":\"Organization\",\"@id\":\"https:\\\/\\\/suelosport.com\\\/pt-pt\\\/#organization\",\"name\":\"Suelosport\",\"url\":\"https:\\\/\\\/suelosport.com\\\/pt-pt\\\/\",\"logo\":{\"@type\":\"ImageObject\",\"inLanguage\":\"pt-PT\",\"@id\":\"https:\\\/\\\/suelosport.com\\\/pt-pt\\\/#\\\/schema\\\/logo\\\/image\\\/\",\"url\":\"https:\\\/\\\/suelosport.com\\\/wp-content\\\/uploads\\\/2018\\\/03\\\/logo-suelosport.png\",\"contentUrl\":\"https:\\\/\\\/suelosport.com\\\/wp-content\\\/uploads\\\/2018\\\/03\\\/logo-suelosport.png\",\"width\":300,\"height\":67,\"caption\":\"Suelosport\"},\"image\":{\"@id\":\"https:\\\/\\\/suelosport.com\\\/pt-pt\\\/#\\\/schema\\\/logo\\\/image\\\/\"},\"sameAs\":[\"https:\\\/\\\/www.facebook.com\\\/Suelosport-2042694182686080\\\/\",\"https:\\\/\\\/www.linkedin.com\\\/company\\\/suelosport\\\/\",\"https:\\\/\\\/www.youtube.com\\\/channel\\\/UC1eoryUxD4Fw7f1m5wx_vFg?view_as=subscriber\"]}]}<\/script>\n<!-- \/ Yoast SEO plugin. -->","yoast_head_json":{"title":"PLACA DE BORRACHA BISELADA UM CANTO SUELOSPORT","robots":{"index":"index","follow":"follow","max-snippet":"max-snippet:-1","max-image-preview":"max-image-preview:large","max-video-preview":"max-video-preview:-1"},"canonical":"https:\/\/suelosport.com\/pt-pt\/producto\/slenet-rubber-beveled-one-corner-two-sided-100-x-100-x-4-cm\/","og_locale":"pt_PT","og_type":"article","og_title":"PLACA DE BORRACHA BISELADA UM CANTO SUELOSPORT","og_description":"Placa de borracha biselada por dois lados (um canto) inclinado para o ch\u00e3o para evitar passos e poss\u00edveis trope\u00e7ar.  Medi\u00e7\u00f5es: 100 x 100 cm","og_url":"https:\/\/suelosport.com\/pt-pt\/producto\/slenet-rubber-beveled-one-corner-two-sided-100-x-100-x-4-cm\/","og_site_name":"Suelosport - Suelos Deportivos","article_publisher":"https:\/\/www.facebook.com\/Suelosport-2042694182686080\/","article_modified_time":"2021-03-11T16:39:17+00:00","og_image":[{"width":350,"height":350,"url":"https:\/\/suelosport.com\/wp-content\/uploads\/2017\/11\/loseta_de_caucho_biselada_una_esquina_dos_lados_100_x_100_cm.png","type":"image\/png"}],"twitter_card":"summary_large_image","schema":{"@context":"https:\/\/schema.org","@graph":[{"@type":["WebPage","ItemPage"],"@id":"https:\/\/suelosport.com\/pt-pt\/producto\/slenet-rubber-beveled-one-corner-two-sided-100-x-100-x-4-cm\/","url":"https:\/\/suelosport.com\/pt-pt\/producto\/slenet-rubber-beveled-one-corner-two-sided-100-x-100-x-4-cm\/","name":"PLACA DE BORRACHA BISELADA UM CANTO SUELOSPORT","isPartOf":{"@id":"https:\/\/suelosport.com\/pt-pt\/#website"},"primaryImageOfPage":{"@id":"https:\/\/suelosport.com\/pt-pt\/producto\/slenet-rubber-beveled-one-corner-two-sided-100-x-100-x-4-cm\/#primaryimage"},"image":{"@id":"https:\/\/suelosport.com\/pt-pt\/producto\/slenet-rubber-beveled-one-corner-two-sided-100-x-100-x-4-cm\/#primaryimage"},"thumbnailUrl":"https:\/\/suelosport.com\/wp-content\/uploads\/2017\/11\/loseta_de_caucho_biselada_una_esquina_dos_lados_100_x_100_cm.png","datePublished":"2017-11-08T16:20:49+00:00","dateModified":"2021-03-11T16:39:17+00:00","breadcrumb":{"@id":"https:\/\/suelosport.com\/pt-pt\/producto\/slenet-rubber-beveled-one-corner-two-sided-100-x-100-x-4-cm\/#breadcrumb"},"inLanguage":"pt-PT","potentialAction":[{"@type":"ReadAction","target":["https:\/\/suelosport.com\/pt-pt\/producto\/slenet-rubber-beveled-one-corner-two-sided-100-x-100-x-4-cm\/"]}]},{"@type":"ImageObject","inLanguage":"pt-PT","@id":"https:\/\/suelosport.com\/pt-pt\/producto\/slenet-rubber-beveled-one-corner-two-sided-100-x-100-x-4-cm\/#primaryimage","url":"https:\/\/suelosport.com\/wp-content\/uploads\/2017\/11\/loseta_de_caucho_biselada_una_esquina_dos_lados_100_x_100_cm.png","contentUrl":"https:\/\/suelosport.com\/wp-content\/uploads\/2017\/11\/loseta_de_caucho_biselada_una_esquina_dos_lados_100_x_100_cm.png","width":350,"height":350,"caption":"placa de borracha bisado um canto dois lados 100 x 100 cm"},{"@type":"BreadcrumbList","@id":"https:\/\/suelosport.com\/pt-pt\/producto\/slenet-rubber-beveled-one-corner-two-sided-100-x-100-x-4-cm\/#breadcrumb","itemListElement":[{"@type":"ListItem","position":1,"name":"Portada","item":"https:\/\/suelosport.com\/pt-pt\/"},{"@type":"ListItem","position":2,"name":"Tienda","item":"https:\/\/suelosport.com\/tienda\/"},{"@type":"ListItem","position":3,"name":"Placa de borracha biselada um canto (dois lados) 100 x 100 cm"}]},{"@type":"WebSite","@id":"https:\/\/suelosport.com\/pt-pt\/#website","url":"https:\/\/suelosport.com\/pt-pt\/","name":"Suelosport - Suelos Deportivos","description":"Suelos para gimnasios, suelos de goma, losetas y suelos antideslizantes","publisher":{"@id":"https:\/\/suelosport.com\/pt-pt\/#organization"},"potentialAction":[{"@type":"SearchAction","target":{"@type":"EntryPoint","urlTemplate":"https:\/\/suelosport.com\/pt-pt\/?s={search_term_string}"},"query-input":{"@type":"PropertyValueSpecification","valueRequired":true,"valueName":"search_term_string"}}],"inLanguage":"pt-PT"},{"@type":"Organization","@id":"https:\/\/suelosport.com\/pt-pt\/#organization","name":"Suelosport","url":"https:\/\/suelosport.com\/pt-pt\/","logo":{"@type":"ImageObject","inLanguage":"pt-PT","@id":"https:\/\/suelosport.com\/pt-pt\/#\/schema\/logo\/image\/","url":"https:\/\/suelosport.com\/wp-content\/uploads\/2018\/03\/logo-suelosport.png","contentUrl":"https:\/\/suelosport.com\/wp-content\/uploads\/2018\/03\/logo-suelosport.png","width":300,"height":67,"caption":"Suelosport"},"image":{"@id":"https:\/\/suelosport.com\/pt-pt\/#\/schema\/logo\/image\/"},"sameAs":["https:\/\/www.facebook.com\/Suelosport-2042694182686080\/","https:\/\/www.linkedin.com\/company\/suelosport\/","https:\/\/www.youtube.com\/channel\/UC1eoryUxD4Fw7f1m5wx_vFg?view_as=subscriber"]}]}},"_links":{"self":[{"href":"https:\/\/suelosport.com\/pt-pt\/wp-json\/wp\/v2\/product\/27576","targetHints":{"allow":["GET"]}}],"collection":[{"href":"https:\/\/suelosport.com\/pt-pt\/wp-json\/wp\/v2\/product"}],"about":[{"href":"https:\/\/suelosport.com\/pt-pt\/wp-json\/wp\/v2\/types\/product"}],"replies":[{"embeddable":true,"href":"https:\/\/suelosport.com\/pt-pt\/wp-json\/wp\/v2\/comments?post=27576"}],"wp:featuredmedia":[{"embeddable":true,"href":"https:\/\/suelosport.com\/pt-pt\/wp-json\/wp\/v2\/media\/27601"}],"wp:attachment":[{"href":"https:\/\/suelosport.com\/pt-pt\/wp-json\/wp\/v2\/media?parent=27576"}],"wp:term":[{"taxonomy":"product_brand","embeddable":true,"href":"https:\/\/suelosport.com\/pt-pt\/wp-json\/wp\/v2\/product_brand?post=27576"},{"taxonomy":"product_cat","embeddable":true,"href":"https:\/\/suelosport.com\/pt-pt\/wp-json\/wp\/v2\/product_cat?post=27576"},{"taxonomy":"product_tag","embeddable":true,"href":"https:\/\/suelosport.com\/pt-pt\/wp-json\/wp\/v2\/product_tag?post=27576"}],"curies":[{"name":"wp","href":"https:\/\/api.w.org\/{rel}","templated":true}]}}