{"id":27532,"date":"2018-03-02T17:24:04","date_gmt":"2020-11-16T11:53:31","guid":{"rendered":"https:\/\/suelosport.com\/producto\/cauda-de-componente-unico\/"},"modified":"2023-06-01T00:00:11","modified_gmt":"2023-05-31T23:00:11","slug":"cauda-unico-componente","status":"publish","type":"product","link":"https:\/\/suelosport.com\/pt-pt\/producto\/cauda-unico-componente\/","title":{"rendered":"Cauda de componente \u00fanico"},"content":{"rendered":"","protected":false},"excerpt":{"rendered":"<p>Cola de poliuretano de componente \u00fanico ou adesivo perfeita para unir telhas de borracha ou para pequenas \u00e1reas de superf\u00edcie ou para colagem de relva artificial. A utiliza\u00e7\u00e3o desta cola adesiva representa uma poupan\u00e7a econ\u00f3mica muito importante, uma vez que s\u00f3 a aplicaremos nas laterais dos azulejos de borracha, uma vez que, em muitos casos, e devido ao peso das telhas de borracha, ser\u00e1 mais do que suficiente para impedir que os azulejos se movam. Embalagem muito confort\u00e1vel para a sua aplica\u00e7\u00e3o.<\/p>\n<p><strong>Rendimento aproximado com 1 embalagem para colagem lateral entre azulejos:<\/strong><\/p>\n<ul>\n<li>Azulejos de 50 x 50 cm: 8 <span style=\"font-size: 14.4px;\">m2<\/span><\/li>\n<li>Azulejos de 100 x 100 cm: 10 <span style=\"font-size: 14.4px;\">m2<\/span><\/li>\n<\/ul>\n<p><strong>Pacote de 940 gramas<\/strong><\/p>\n","protected":false},"featured_media":27543,"comment_status":"open","ping_status":"closed","template":"","meta":{"inline_featured_image":false},"product_brand":[],"product_cat":[241],"product_tag":[],"class_list":{"0":"post-27532","1":"product","2":"type-product","3":"status-publish","4":"has-post-thumbnail","6":"product_cat-sin-categoria","8":"first","9":"outofstock","10":"taxable","11":"shipping-taxable","12":"purchasable","13":"product-type-simple"},"yoast_head":"<!-- This site is optimized with the Yoast SEO plugin v27.4 - https:\/\/yoast.com\/product\/yoast-seo-wordpress\/ -->\n<title>Cauda de componente \u00fanico | Suelosport - Suelos Deportivos<\/title>\n<meta name=\"robots\" content=\"index, follow, max-snippet:-1, max-image-preview:large, max-video-preview:-1\" \/>\n<link rel=\"canonical\" href=\"https:\/\/suelosport.com\/pt-pt\/producto\/cauda-unico-componente\/\" \/>\n<meta property=\"og:locale\" content=\"pt_PT\" \/>\n<meta property=\"og:type\" content=\"article\" \/>\n<meta property=\"og:title\" content=\"Cauda de componente \u00fanico | Suelosport - Suelos Deportivos\" \/>\n<meta property=\"og:description\" content=\"Cola de poliuretano de componente \u00fanico ou adesivo perfeita para unir telhas de borracha ou para pequenas \u00e1reas de superf\u00edcie ou para colagem de relva artificial. A utiliza\u00e7\u00e3o desta cola adesiva representa uma poupan\u00e7a econ\u00f3mica muito importante, uma vez que s\u00f3 a aplicaremos nas laterais dos azulejos de borracha, uma vez que, em muitos casos, e devido ao peso das telhas de borracha, ser\u00e1 mais do que suficiente para impedir que os azulejos se movam. Embalagem muito confort\u00e1vel para a sua aplica\u00e7\u00e3o. Rendimento aproximado com 1 embalagem para colagem lateral entre azulejos:  Azulejos de 50 x 50 cm: 8 m2  Azulejos de 100 x 100 cm: 10 m2 Pacote de 940 gramas\" \/>\n<meta property=\"og:url\" content=\"https:\/\/suelosport.com\/pt-pt\/producto\/cauda-unico-componente\/\" \/>\n<meta property=\"og:site_name\" content=\"Suelosport - Suelos Deportivos\" \/>\n<meta property=\"article:publisher\" content=\"https:\/\/www.facebook.com\/Suelosport-2042694182686080\/\" \/>\n<meta property=\"article:modified_time\" content=\"2023-05-31T23:00:11+00:00\" \/>\n<meta property=\"og:image\" content=\"https:\/\/suelosport.com\/wp-content\/uploads\/2018\/03\/COLA_MONOCOMPONENTE_940_GR-1.png\" \/>\n\t<meta property=\"og:image:width\" content=\"357\" \/>\n\t<meta property=\"og:image:height\" content=\"400\" \/>\n\t<meta property=\"og:image:type\" content=\"image\/png\" \/>\n<meta name=\"twitter:card\" content=\"summary_large_image\" \/>\n<script type=\"application\/ld+json\" class=\"yoast-schema-graph\">{\"@context\":\"https:\\\/\\\/schema.org\",\"@graph\":[{\"@type\":[\"WebPage\",\"ItemPage\"],\"@id\":\"https:\\\/\\\/suelosport.com\\\/pt-pt\\\/producto\\\/cauda-unico-componente\\\/\",\"url\":\"https:\\\/\\\/suelosport.com\\\/pt-pt\\\/producto\\\/cauda-unico-componente\\\/\",\"name\":\"Cauda de componente \u00fanico | Suelosport - Suelos Deportivos\",\"isPartOf\":{\"@id\":\"https:\\\/\\\/suelosport.com\\\/pt-pt\\\/#website\"},\"primaryImageOfPage\":{\"@id\":\"https:\\\/\\\/suelosport.com\\\/pt-pt\\\/producto\\\/cauda-unico-componente\\\/#primaryimage\"},\"image\":{\"@id\":\"https:\\\/\\\/suelosport.com\\\/pt-pt\\\/producto\\\/cauda-unico-componente\\\/#primaryimage\"},\"thumbnailUrl\":\"https:\\\/\\\/suelosport.com\\\/wp-content\\\/uploads\\\/2018\\\/03\\\/COLA_MONOCOMPONENTE_940_GR-1.png\",\"datePublished\":\"2020-11-16T11:53:31+00:00\",\"dateModified\":\"2023-05-31T23:00:11+00:00\",\"breadcrumb\":{\"@id\":\"https:\\\/\\\/suelosport.com\\\/pt-pt\\\/producto\\\/cauda-unico-componente\\\/#breadcrumb\"},\"inLanguage\":\"pt-PT\",\"potentialAction\":[{\"@type\":\"ReadAction\",\"target\":[\"https:\\\/\\\/suelosport.com\\\/pt-pt\\\/producto\\\/cauda-unico-componente\\\/\"]}]},{\"@type\":\"ImageObject\",\"inLanguage\":\"pt-PT\",\"@id\":\"https:\\\/\\\/suelosport.com\\\/pt-pt\\\/producto\\\/cauda-unico-componente\\\/#primaryimage\",\"url\":\"https:\\\/\\\/suelosport.com\\\/wp-content\\\/uploads\\\/2018\\\/03\\\/COLA_MONOCOMPONENTE_940_GR-1.png\",\"contentUrl\":\"https:\\\/\\\/suelosport.com\\\/wp-content\\\/uploads\\\/2018\\\/03\\\/COLA_MONOCOMPONENTE_940_GR-1.png\",\"width\":357,\"height\":400,\"caption\":\"FILA DE COMPONENTE \u00daNICO 940 GR\"},{\"@type\":\"BreadcrumbList\",\"@id\":\"https:\\\/\\\/suelosport.com\\\/pt-pt\\\/producto\\\/cauda-unico-componente\\\/#breadcrumb\",\"itemListElement\":[{\"@type\":\"ListItem\",\"position\":1,\"name\":\"Portada\",\"item\":\"https:\\\/\\\/suelosport.com\\\/pt-pt\\\/\"},{\"@type\":\"ListItem\",\"position\":2,\"name\":\"Tienda\",\"item\":\"https:\\\/\\\/suelosport.com\\\/tienda\\\/\"},{\"@type\":\"ListItem\",\"position\":3,\"name\":\"Cauda de componente \u00fanico\"}]},{\"@type\":\"WebSite\",\"@id\":\"https:\\\/\\\/suelosport.com\\\/pt-pt\\\/#website\",\"url\":\"https:\\\/\\\/suelosport.com\\\/pt-pt\\\/\",\"name\":\"Suelosport - Suelos Deportivos\",\"description\":\"Suelos para gimnasios, suelos de goma, losetas y suelos antideslizantes\",\"publisher\":{\"@id\":\"https:\\\/\\\/suelosport.com\\\/pt-pt\\\/#organization\"},\"potentialAction\":[{\"@type\":\"SearchAction\",\"target\":{\"@type\":\"EntryPoint\",\"urlTemplate\":\"https:\\\/\\\/suelosport.com\\\/pt-pt\\\/?s={search_term_string}\"},\"query-input\":{\"@type\":\"PropertyValueSpecification\",\"valueRequired\":true,\"valueName\":\"search_term_string\"}}],\"inLanguage\":\"pt-PT\"},{\"@type\":\"Organization\",\"@id\":\"https:\\\/\\\/suelosport.com\\\/pt-pt\\\/#organization\",\"name\":\"Suelosport\",\"url\":\"https:\\\/\\\/suelosport.com\\\/pt-pt\\\/\",\"logo\":{\"@type\":\"ImageObject\",\"inLanguage\":\"pt-PT\",\"@id\":\"https:\\\/\\\/suelosport.com\\\/pt-pt\\\/#\\\/schema\\\/logo\\\/image\\\/\",\"url\":\"https:\\\/\\\/suelosport.com\\\/wp-content\\\/uploads\\\/2018\\\/03\\\/logo-suelosport.png\",\"contentUrl\":\"https:\\\/\\\/suelosport.com\\\/wp-content\\\/uploads\\\/2018\\\/03\\\/logo-suelosport.png\",\"width\":300,\"height\":67,\"caption\":\"Suelosport\"},\"image\":{\"@id\":\"https:\\\/\\\/suelosport.com\\\/pt-pt\\\/#\\\/schema\\\/logo\\\/image\\\/\"},\"sameAs\":[\"https:\\\/\\\/www.facebook.com\\\/Suelosport-2042694182686080\\\/\",\"https:\\\/\\\/www.linkedin.com\\\/company\\\/suelosport\\\/\",\"https:\\\/\\\/www.youtube.com\\\/channel\\\/UC1eoryUxD4Fw7f1m5wx_vFg?view_as=subscriber\"]}]}<\/script>\n<!-- \/ Yoast SEO plugin. -->","yoast_head_json":{"title":"Cauda de componente \u00fanico | Suelosport - Suelos Deportivos","robots":{"index":"index","follow":"follow","max-snippet":"max-snippet:-1","max-image-preview":"max-image-preview:large","max-video-preview":"max-video-preview:-1"},"canonical":"https:\/\/suelosport.com\/pt-pt\/producto\/cauda-unico-componente\/","og_locale":"pt_PT","og_type":"article","og_title":"Cauda de componente \u00fanico | Suelosport - Suelos Deportivos","og_description":"Cola de poliuretano de componente \u00fanico ou adesivo perfeita para unir telhas de borracha ou para pequenas \u00e1reas de superf\u00edcie ou para colagem de relva artificial. A utiliza\u00e7\u00e3o desta cola adesiva representa uma poupan\u00e7a econ\u00f3mica muito importante, uma vez que s\u00f3 a aplicaremos nas laterais dos azulejos de borracha, uma vez que, em muitos casos, e devido ao peso das telhas de borracha, ser\u00e1 mais do que suficiente para impedir que os azulejos se movam. Embalagem muito confort\u00e1vel para a sua aplica\u00e7\u00e3o. Rendimento aproximado com 1 embalagem para colagem lateral entre azulejos:  Azulejos de 50 x 50 cm: 8 m2  Azulejos de 100 x 100 cm: 10 m2 Pacote de 940 gramas","og_url":"https:\/\/suelosport.com\/pt-pt\/producto\/cauda-unico-componente\/","og_site_name":"Suelosport - Suelos Deportivos","article_publisher":"https:\/\/www.facebook.com\/Suelosport-2042694182686080\/","article_modified_time":"2023-05-31T23:00:11+00:00","og_image":[{"width":357,"height":400,"url":"https:\/\/suelosport.com\/wp-content\/uploads\/2018\/03\/COLA_MONOCOMPONENTE_940_GR-1.png","type":"image\/png"}],"twitter_card":"summary_large_image","schema":{"@context":"https:\/\/schema.org","@graph":[{"@type":["WebPage","ItemPage"],"@id":"https:\/\/suelosport.com\/pt-pt\/producto\/cauda-unico-componente\/","url":"https:\/\/suelosport.com\/pt-pt\/producto\/cauda-unico-componente\/","name":"Cauda de componente \u00fanico | Suelosport - Suelos Deportivos","isPartOf":{"@id":"https:\/\/suelosport.com\/pt-pt\/#website"},"primaryImageOfPage":{"@id":"https:\/\/suelosport.com\/pt-pt\/producto\/cauda-unico-componente\/#primaryimage"},"image":{"@id":"https:\/\/suelosport.com\/pt-pt\/producto\/cauda-unico-componente\/#primaryimage"},"thumbnailUrl":"https:\/\/suelosport.com\/wp-content\/uploads\/2018\/03\/COLA_MONOCOMPONENTE_940_GR-1.png","datePublished":"2020-11-16T11:53:31+00:00","dateModified":"2023-05-31T23:00:11+00:00","breadcrumb":{"@id":"https:\/\/suelosport.com\/pt-pt\/producto\/cauda-unico-componente\/#breadcrumb"},"inLanguage":"pt-PT","potentialAction":[{"@type":"ReadAction","target":["https:\/\/suelosport.com\/pt-pt\/producto\/cauda-unico-componente\/"]}]},{"@type":"ImageObject","inLanguage":"pt-PT","@id":"https:\/\/suelosport.com\/pt-pt\/producto\/cauda-unico-componente\/#primaryimage","url":"https:\/\/suelosport.com\/wp-content\/uploads\/2018\/03\/COLA_MONOCOMPONENTE_940_GR-1.png","contentUrl":"https:\/\/suelosport.com\/wp-content\/uploads\/2018\/03\/COLA_MONOCOMPONENTE_940_GR-1.png","width":357,"height":400,"caption":"FILA DE COMPONENTE \u00daNICO 940 GR"},{"@type":"BreadcrumbList","@id":"https:\/\/suelosport.com\/pt-pt\/producto\/cauda-unico-componente\/#breadcrumb","itemListElement":[{"@type":"ListItem","position":1,"name":"Portada","item":"https:\/\/suelosport.com\/pt-pt\/"},{"@type":"ListItem","position":2,"name":"Tienda","item":"https:\/\/suelosport.com\/tienda\/"},{"@type":"ListItem","position":3,"name":"Cauda de componente \u00fanico"}]},{"@type":"WebSite","@id":"https:\/\/suelosport.com\/pt-pt\/#website","url":"https:\/\/suelosport.com\/pt-pt\/","name":"Suelosport - Suelos Deportivos","description":"Suelos para gimnasios, suelos de goma, losetas y suelos antideslizantes","publisher":{"@id":"https:\/\/suelosport.com\/pt-pt\/#organization"},"potentialAction":[{"@type":"SearchAction","target":{"@type":"EntryPoint","urlTemplate":"https:\/\/suelosport.com\/pt-pt\/?s={search_term_string}"},"query-input":{"@type":"PropertyValueSpecification","valueRequired":true,"valueName":"search_term_string"}}],"inLanguage":"pt-PT"},{"@type":"Organization","@id":"https:\/\/suelosport.com\/pt-pt\/#organization","name":"Suelosport","url":"https:\/\/suelosport.com\/pt-pt\/","logo":{"@type":"ImageObject","inLanguage":"pt-PT","@id":"https:\/\/suelosport.com\/pt-pt\/#\/schema\/logo\/image\/","url":"https:\/\/suelosport.com\/wp-content\/uploads\/2018\/03\/logo-suelosport.png","contentUrl":"https:\/\/suelosport.com\/wp-content\/uploads\/2018\/03\/logo-suelosport.png","width":300,"height":67,"caption":"Suelosport"},"image":{"@id":"https:\/\/suelosport.com\/pt-pt\/#\/schema\/logo\/image\/"},"sameAs":["https:\/\/www.facebook.com\/Suelosport-2042694182686080\/","https:\/\/www.linkedin.com\/company\/suelosport\/","https:\/\/www.youtube.com\/channel\/UC1eoryUxD4Fw7f1m5wx_vFg?view_as=subscriber"]}]}},"_links":{"self":[{"href":"https:\/\/suelosport.com\/pt-pt\/wp-json\/wp\/v2\/product\/27532","targetHints":{"allow":["GET"]}}],"collection":[{"href":"https:\/\/suelosport.com\/pt-pt\/wp-json\/wp\/v2\/product"}],"about":[{"href":"https:\/\/suelosport.com\/pt-pt\/wp-json\/wp\/v2\/types\/product"}],"replies":[{"embeddable":true,"href":"https:\/\/suelosport.com\/pt-pt\/wp-json\/wp\/v2\/comments?post=27532"}],"wp:featuredmedia":[{"embeddable":true,"href":"https:\/\/suelosport.com\/pt-pt\/wp-json\/wp\/v2\/media\/27543"}],"wp:attachment":[{"href":"https:\/\/suelosport.com\/pt-pt\/wp-json\/wp\/v2\/media?parent=27532"}],"wp:term":[{"taxonomy":"product_brand","embeddable":true,"href":"https:\/\/suelosport.com\/pt-pt\/wp-json\/wp\/v2\/product_brand?post=27532"},{"taxonomy":"product_cat","embeddable":true,"href":"https:\/\/suelosport.com\/pt-pt\/wp-json\/wp\/v2\/product_cat?post=27532"},{"taxonomy":"product_tag","embeddable":true,"href":"https:\/\/suelosport.com\/pt-pt\/wp-json\/wp\/v2\/product_tag?post=27532"}],"curies":[{"name":"wp","href":"https:\/\/api.w.org\/{rel}","templated":true}]}}