{"id":32149,"date":"2020-11-16T13:37:44","date_gmt":"2020-11-16T12:37:44","guid":{"rendered":"https:\/\/suelosport.com\/treino-cross\/"},"modified":"2020-11-16T13:37:53","modified_gmt":"2020-11-16T12:37:53","slug":"treino-cross","status":"publish","type":"page","link":"https:\/\/suelosport.com\/pt-pt\/treino-cross\/","title":{"rendered":"Treino Cross"},"content":{"rendered":"  <div id=\"page-header-493008814\" class=\"page-header-wrapper\">\n  <div class=\"page-title dark simple-title\">\n\n        <div class=\"page-title-bg\">\n      <div class=\"title-bg fill bg-fill\"\n        data-parallax-container=\".page-title\"\n        data-parallax-background\n        data-parallax=\"-\">\n      <\/div>\n      <div class=\"title-overlay fill\"><\/div>\n    <\/div>\n    \n    <div class=\"page-title-inner container align-center text-center flex-row-col medium-flex-wrap\" >\n              <div class=\"title-wrapper flex-col\">\n          <h1 class=\"entry-title mb-0\">\n            Treino Cross          <\/h1>\n        <\/div>\n                    <div class=\"title-content flex-col\">\n        <div class=\"title-breadcrumbs pb-half pt-half\"><nav class=\"woocommerce-breadcrumb breadcrumbs uppercase\" aria-label=\"Breadcrumb\">In\u00edcio<\/nav><\/div>      <\/div>\n    <\/div>\n\n     \n<style>\n#page-header-493008814 .title-overlay {\n  background-color: rgb(162, 171, 183);\n}\n#page-header-493008814 {\n  background-color: rgb(162, 171, 183);\n}\n<\/style>\n  <\/div>\n    <\/div>\n  \n<div class=\"is-divider divider clearfix\" style=\"max-width:80px;background-color:rgba(0, 0, 0, 0);\"><\/div>\n<div class=\"row\"  id=\"row-2055814846\">\n\n\t<div id=\"col-1760283400\" class=\"col small-12 large-12\"  >\n\t\t\t\t<div class=\"col-inner\"  >\n\t\t\t\n\t\t\t\n<div class=\"accordion\">\n\t<div id=\"accordion-1910284250\" class=\"accordion-item\">\n\t\t<a id=\"accordion-1910284250-label\" class=\"accordion-title plain\" href=\"#accordion-item-tudo-para-treino-cross-(ver-mais)\" aria-expanded=\"false\" aria-controls=\"accordion-1910284250-content\">\n\t\t\t<button class=\"toggle\" aria-label=\"Toggle\"><i class=\"icon-angle-down\" aria-hidden=\"true\"><\/i><\/button>\n\t\t\t<span>Tudo para Treino Cross (Ver mais)<\/span>\n\t\t<\/a>\n\t\t<div id=\"accordion-1910284250-content\" class=\"accordion-inner\" aria-labelledby=\"accordion-1910284250-label\">\n\t\t\t\n<h2>Material para treino cross<\/h2>\n<p><strong>O Cross Training tornou-se<\/strong> uma atividade em crescimento, praticada tanto por atletas profissionais, para melhorar e completar a sua forma\u00e7\u00e3o, bem como para atletas que querem experimentar algo inovador e diferente.<\/p>\n<p>Gra\u00e7as ao seu trabalho intenso em turmas pequenas, alcan\u00e7aremos os nossos objetivos de curto prazo sem tempo despropor\u00e7\u00e3o. Com a sua pr\u00e1tica vamos melhorar o poder e a coordena\u00e7\u00e3o atrav\u00e9s da realiza\u00e7\u00e3o de exerc\u00edcios de for\u00e7a, resist\u00eancia cardio e equil\u00edbrio. Em suma, <strong>os programas de Treino Cruzado s\u00e3o projetados<\/strong> para melhorar, em geral, a forma f\u00edsica das pessoas.<\/p>\n<h3>Objetivos<\/h3>\n<p>O <strong>objetivo final do treino cross \u00e9<\/strong> aumentar e melhorar a condi\u00e7\u00e3o f\u00edsica geral, que gra\u00e7as ao trabalho intensivo de todo o nosso corpo vamos reduzir a tens\u00e3o entre tend\u00f5es, m\u00fasculos, articula\u00e7\u00f5es e ligamentos evitando o risco de les\u00e3o.<\/p>\n<h2>Tudo para treinos cruzados<\/h2>\n<p>Para a <strong>pr\u00e1tica do Cross Training<\/strong> n\u00e3o \u00e9 necess\u00e1rio ter dispositivos pesados e mais completos. Tenha em mente que o treino de cros se concentra no desenvolvimento de um determinado m\u00fasculo, por isso precisa de se concentrar mais no tipo de movimento que pretende fazer.<\/p>\n<p>Aqui encontrar\u00e1 <strong>todo o material de treino cruzado<\/strong> necess\u00e1rio para o seu gin\u00e1sio ou para a sua caixa pessoal: tren\u00f3s, gavetas, cordas, coletes planos, etc. fabricados com os melhores materiais com a melhor rela\u00e7\u00e3o qualidade\/pre\u00e7o.<\/p>\n\t\t<\/div>\n\t<\/div>\n\t\n<\/div>\n\t\t<\/div>\n\t\t\t\t\t<\/div>\n\n\t\n<\/div>\n\n  \n    <div class=\"row large-columns-4 medium-columns-3 small-columns-2 row-normal slider row-slider slider-nav-reveal\"  data-flickity-options='{&quot;imagesLoaded&quot;: true, &quot;groupCells&quot;: &quot;100%&quot;, &quot;dragThreshold&quot; : 5, &quot;cellAlign&quot;: &quot;left&quot;,&quot;wrapAround&quot;: true,&quot;prevNextButtons&quot;: true,&quot;percentPosition&quot;: true,&quot;pageDots&quot;: false, &quot;rightToLeft&quot;: false, &quot;autoPlay&quot; : false}' >\n\n  <div class=\"product-category col\" data-animate=\"fadeInUp\">\n            <div class=\"col-inner\">\n              <a aria-label=\"Visit product category Anillas Gimnasia\" href=\"https:\/\/suelosport.com\/pt-pt\/comprar\/anillas-gimnasia-pt-pt\/\">                <div class=\"box box-category has-hover box-badge hover-dark \">\n                <div class=\"box-image\" >\n                  <div class=\"\" >\n                  <img loading=\"lazy\" decoding=\"async\" src=\"https:\/\/suelosport.com\/wp-content\/uploads\/2019\/12\/anillas-247x296.jpg\" alt=\"Anillas Gimnasia\" width=\"300\" height=\"300\" \/>                                                      <\/div>\n                <\/div>\n                <div class=\"box-text text-center\" >\n                  <div class=\"box-text-inner\">\n                      <h5 class=\"uppercase header-title\">\n                              Anillas Gimnasia                      <\/h5>\n                                            <p class=\"is-xsmall uppercase count \">\n\t                      1 Produto                      <\/p>\n                                            \n                  <\/div>\n                <\/div>\n                <\/div>\n            <\/a>            <\/div>\n            <\/div><\/div>\n","protected":false},"excerpt":{"rendered":"","protected":false},"author":19,"featured_media":0,"parent":0,"menu_order":0,"comment_status":"closed","ping_status":"closed","template":"page-blank.php","meta":{"inline_featured_image":false,"footnotes":""},"class_list":["post-32149","page","type-page","status-publish","hentry"],"yoast_head":"<!-- This site is optimized with the Yoast SEO plugin v27.1.1 - https:\/\/yoast.com\/product\/yoast-seo-wordpress\/ -->\n<title>Material para treino cruzado. Gin\u00e1sios materiais e Fitnnes. SUELOSPORT<\/title>\n<meta name=\"description\" content=\"Material para treino cruzado: tren\u00f3s, gavetas, cordas, coletes falsos... com a melhor rela\u00e7\u00e3o qualidade\/pre\u00e7o. Loja online, envios por toda a Pen\u00ednsula\" \/>\n<meta name=\"robots\" content=\"index, follow, max-snippet:-1, max-image-preview:large, max-video-preview:-1\" \/>\n<link rel=\"canonical\" href=\"https:\/\/suelosport.com\/pt-pt\/treino-cross\/\" \/>\n<meta property=\"og:locale\" content=\"pt_PT\" \/>\n<meta property=\"og:type\" content=\"article\" \/>\n<meta property=\"og:title\" content=\"Material para treino cruzado. Gin\u00e1sios materiais e Fitnnes. SUELOSPORT\" \/>\n<meta property=\"og:description\" content=\"Material para treino cruzado: tren\u00f3s, gavetas, cordas, coletes falsos... com a melhor rela\u00e7\u00e3o qualidade\/pre\u00e7o. Loja online, envios por toda a Pen\u00ednsula\" \/>\n<meta property=\"og:url\" content=\"https:\/\/suelosport.com\/pt-pt\/treino-cross\/\" \/>\n<meta property=\"og:site_name\" content=\"Suelosport - Suelos Deportivos\" \/>\n<meta property=\"article:publisher\" content=\"https:\/\/www.facebook.com\/Suelosport-2042694182686080\/\" \/>\n<meta property=\"article:modified_time\" content=\"2020-11-16T12:37:53+00:00\" \/>\n<meta name=\"twitter:card\" content=\"summary_large_image\" \/>\n<meta name=\"twitter:label1\" content=\"Tempo estimado de leitura\" \/>\n\t<meta name=\"twitter:data1\" content=\"1 minuto\" \/>\n<script type=\"application\/ld+json\" class=\"yoast-schema-graph\">{\"@context\":\"https:\/\/schema.org\",\"@graph\":[{\"@type\":\"WebPage\",\"@id\":\"https:\/\/suelosport.com\/pt-pt\/treino-cross\/\",\"url\":\"https:\/\/suelosport.com\/pt-pt\/treino-cross\/\",\"name\":\"Material para treino cruzado. Gin\u00e1sios materiais e Fitnnes. SUELOSPORT\",\"isPartOf\":{\"@id\":\"https:\/\/suelosport.com\/pt-pt\/#website\"},\"datePublished\":\"2020-11-16T12:37:44+00:00\",\"dateModified\":\"2020-11-16T12:37:53+00:00\",\"description\":\"Material para treino cruzado: tren\u00f3s, gavetas, cordas, coletes falsos... com a melhor rela\u00e7\u00e3o qualidade\/pre\u00e7o. Loja online, envios por toda a Pen\u00ednsula\",\"breadcrumb\":{\"@id\":\"https:\/\/suelosport.com\/pt-pt\/treino-cross\/#breadcrumb\"},\"inLanguage\":\"pt-PT\",\"potentialAction\":[{\"@type\":\"ReadAction\",\"target\":[\"https:\/\/suelosport.com\/pt-pt\/treino-cross\/\"]}]},{\"@type\":\"BreadcrumbList\",\"@id\":\"https:\/\/suelosport.com\/pt-pt\/treino-cross\/#breadcrumb\",\"itemListElement\":[{\"@type\":\"ListItem\",\"position\":1,\"name\":\"Portada\",\"item\":\"https:\/\/suelosport.com\/pt-pt\/\"},{\"@type\":\"ListItem\",\"position\":2,\"name\":\"Treino Cross\"}]},{\"@type\":\"WebSite\",\"@id\":\"https:\/\/suelosport.com\/pt-pt\/#website\",\"url\":\"https:\/\/suelosport.com\/pt-pt\/\",\"name\":\"Suelosport - Suelos Deportivos\",\"description\":\"Suelos para gimnasios, suelos de goma, losetas y suelos antideslizantes\",\"publisher\":{\"@id\":\"https:\/\/suelosport.com\/pt-pt\/#organization\"},\"potentialAction\":[{\"@type\":\"SearchAction\",\"target\":{\"@type\":\"EntryPoint\",\"urlTemplate\":\"https:\/\/suelosport.com\/pt-pt\/?s={search_term_string}\"},\"query-input\":{\"@type\":\"PropertyValueSpecification\",\"valueRequired\":true,\"valueName\":\"search_term_string\"}}],\"inLanguage\":\"pt-PT\"},{\"@type\":\"Organization\",\"@id\":\"https:\/\/suelosport.com\/pt-pt\/#organization\",\"name\":\"Suelosport\",\"url\":\"https:\/\/suelosport.com\/pt-pt\/\",\"logo\":{\"@type\":\"ImageObject\",\"inLanguage\":\"pt-PT\",\"@id\":\"https:\/\/suelosport.com\/pt-pt\/#\/schema\/logo\/image\/\",\"url\":\"https:\/\/suelosport.com\/wp-content\/uploads\/2018\/03\/logo-suelosport.png\",\"contentUrl\":\"https:\/\/suelosport.com\/wp-content\/uploads\/2018\/03\/logo-suelosport.png\",\"width\":300,\"height\":67,\"caption\":\"Suelosport\"},\"image\":{\"@id\":\"https:\/\/suelosport.com\/pt-pt\/#\/schema\/logo\/image\/\"},\"sameAs\":[\"https:\/\/www.facebook.com\/Suelosport-2042694182686080\/\",\"https:\/\/www.linkedin.com\/company\/suelosport\/\",\"https:\/\/www.youtube.com\/channel\/UC1eoryUxD4Fw7f1m5wx_vFg?view_as=subscriber\"]}]}<\/script>\n<!-- \/ Yoast SEO plugin. -->","yoast_head_json":{"title":"Material para treino cruzado. Gin\u00e1sios materiais e Fitnnes. SUELOSPORT","description":"Material para treino cruzado: tren\u00f3s, gavetas, cordas, coletes falsos... com a melhor rela\u00e7\u00e3o qualidade\/pre\u00e7o. Loja online, envios por toda a Pen\u00ednsula","robots":{"index":"index","follow":"follow","max-snippet":"max-snippet:-1","max-image-preview":"max-image-preview:large","max-video-preview":"max-video-preview:-1"},"canonical":"https:\/\/suelosport.com\/pt-pt\/treino-cross\/","og_locale":"pt_PT","og_type":"article","og_title":"Material para treino cruzado. Gin\u00e1sios materiais e Fitnnes. SUELOSPORT","og_description":"Material para treino cruzado: tren\u00f3s, gavetas, cordas, coletes falsos... com a melhor rela\u00e7\u00e3o qualidade\/pre\u00e7o. Loja online, envios por toda a Pen\u00ednsula","og_url":"https:\/\/suelosport.com\/pt-pt\/treino-cross\/","og_site_name":"Suelosport - Suelos Deportivos","article_publisher":"https:\/\/www.facebook.com\/Suelosport-2042694182686080\/","article_modified_time":"2020-11-16T12:37:53+00:00","twitter_card":"summary_large_image","twitter_misc":{"Tempo estimado de leitura":"1 minuto"},"schema":{"@context":"https:\/\/schema.org","@graph":[{"@type":"WebPage","@id":"https:\/\/suelosport.com\/pt-pt\/treino-cross\/","url":"https:\/\/suelosport.com\/pt-pt\/treino-cross\/","name":"Material para treino cruzado. Gin\u00e1sios materiais e Fitnnes. SUELOSPORT","isPartOf":{"@id":"https:\/\/suelosport.com\/pt-pt\/#website"},"datePublished":"2020-11-16T12:37:44+00:00","dateModified":"2020-11-16T12:37:53+00:00","description":"Material para treino cruzado: tren\u00f3s, gavetas, cordas, coletes falsos... com a melhor rela\u00e7\u00e3o qualidade\/pre\u00e7o. Loja online, envios por toda a Pen\u00ednsula","breadcrumb":{"@id":"https:\/\/suelosport.com\/pt-pt\/treino-cross\/#breadcrumb"},"inLanguage":"pt-PT","potentialAction":[{"@type":"ReadAction","target":["https:\/\/suelosport.com\/pt-pt\/treino-cross\/"]}]},{"@type":"BreadcrumbList","@id":"https:\/\/suelosport.com\/pt-pt\/treino-cross\/#breadcrumb","itemListElement":[{"@type":"ListItem","position":1,"name":"Portada","item":"https:\/\/suelosport.com\/pt-pt\/"},{"@type":"ListItem","position":2,"name":"Treino Cross"}]},{"@type":"WebSite","@id":"https:\/\/suelosport.com\/pt-pt\/#website","url":"https:\/\/suelosport.com\/pt-pt\/","name":"Suelosport - Suelos Deportivos","description":"Suelos para gimnasios, suelos de goma, losetas y suelos antideslizantes","publisher":{"@id":"https:\/\/suelosport.com\/pt-pt\/#organization"},"potentialAction":[{"@type":"SearchAction","target":{"@type":"EntryPoint","urlTemplate":"https:\/\/suelosport.com\/pt-pt\/?s={search_term_string}"},"query-input":{"@type":"PropertyValueSpecification","valueRequired":true,"valueName":"search_term_string"}}],"inLanguage":"pt-PT"},{"@type":"Organization","@id":"https:\/\/suelosport.com\/pt-pt\/#organization","name":"Suelosport","url":"https:\/\/suelosport.com\/pt-pt\/","logo":{"@type":"ImageObject","inLanguage":"pt-PT","@id":"https:\/\/suelosport.com\/pt-pt\/#\/schema\/logo\/image\/","url":"https:\/\/suelosport.com\/wp-content\/uploads\/2018\/03\/logo-suelosport.png","contentUrl":"https:\/\/suelosport.com\/wp-content\/uploads\/2018\/03\/logo-suelosport.png","width":300,"height":67,"caption":"Suelosport"},"image":{"@id":"https:\/\/suelosport.com\/pt-pt\/#\/schema\/logo\/image\/"},"sameAs":["https:\/\/www.facebook.com\/Suelosport-2042694182686080\/","https:\/\/www.linkedin.com\/company\/suelosport\/","https:\/\/www.youtube.com\/channel\/UC1eoryUxD4Fw7f1m5wx_vFg?view_as=subscriber"]}]}},"_links":{"self":[{"href":"https:\/\/suelosport.com\/pt-pt\/wp-json\/wp\/v2\/pages\/32149","targetHints":{"allow":["GET"]}}],"collection":[{"href":"https:\/\/suelosport.com\/pt-pt\/wp-json\/wp\/v2\/pages"}],"about":[{"href":"https:\/\/suelosport.com\/pt-pt\/wp-json\/wp\/v2\/types\/page"}],"author":[{"embeddable":true,"href":"https:\/\/suelosport.com\/pt-pt\/wp-json\/wp\/v2\/users\/19"}],"replies":[{"embeddable":true,"href":"https:\/\/suelosport.com\/pt-pt\/wp-json\/wp\/v2\/comments?post=32149"}],"version-history":[{"count":1,"href":"https:\/\/suelosport.com\/pt-pt\/wp-json\/wp\/v2\/pages\/32149\/revisions"}],"predecessor-version":[{"id":32157,"href":"https:\/\/suelosport.com\/pt-pt\/wp-json\/wp\/v2\/pages\/32149\/revisions\/32157"}],"wp:attachment":[{"href":"https:\/\/suelosport.com\/pt-pt\/wp-json\/wp\/v2\/media?parent=32149"}],"curies":[{"name":"wp","href":"https:\/\/api.w.org\/{rel}","templated":true}]}}