{"id":32141,"date":"2020-11-16T13:37:43","date_gmt":"2020-11-16T12:37:43","guid":{"rendered":"https:\/\/suelosport.com\/discos-de-musculacao\/"},"modified":"2020-11-16T13:37:52","modified_gmt":"2020-11-16T12:37:52","slug":"discos-de-musculacao","status":"publish","type":"page","link":"https:\/\/suelosport.com\/pt-pt\/discos-de-musculacao\/","title":{"rendered":"Discos de muscula\u00e7\u00e3o"},"content":{"rendered":"  <div id=\"page-header-1769299721\" class=\"page-header-wrapper\">\n  <div class=\"page-title dark simple-title\">\n\n        <div class=\"page-title-bg\">\n      <div class=\"title-bg fill bg-fill\"\n        data-parallax-container=\".page-title\"\n        data-parallax-background\n        data-parallax=\"-\">\n      <\/div>\n      <div class=\"title-overlay fill\"><\/div>\n    <\/div>\n    \n    <div class=\"page-title-inner container align-center text-center flex-row-col medium-flex-wrap\" >\n              <div class=\"title-wrapper flex-col\">\n          <h1 class=\"entry-title mb-0\">\n            Discos de muscula\u00e7\u00e3o          <\/h1>\n        <\/div>\n                    <div class=\"title-content flex-col\">\n        <div class=\"title-breadcrumbs pb-half pt-half\"><nav class=\"woocommerce-breadcrumb breadcrumbs uppercase\" aria-label=\"Breadcrumb\">In\u00edcio<\/nav><\/div>      <\/div>\n    <\/div>\n\n     \n<style>\n#page-header-1769299721 .title-overlay {\n  background-color: rgb(162, 171, 183);\n}\n#page-header-1769299721 {\n  background-color: rgb(162, 171, 183);\n}\n<\/style>\n  <\/div>\n    <\/div>\n  \n<div class=\"is-divider divider clearfix\" style=\"max-width:80px;background-color:rgba(0, 0, 0, 0);\"><\/div>\n<div class=\"row\"  id=\"row-1726753228\">\n\n\t<div id=\"col-715640495\" class=\"col small-12 large-12\"  >\n\t\t\t\t<div class=\"col-inner\"  >\n\t\t\t\n\t\t\t\n<div class=\"accordion\">\n\t<div id=\"accordion-1393861265\" class=\"accordion-item\">\n\t\t<a id=\"accordion-1393861265-label\" class=\"accordion-title plain\" href=\"#accordion-item-discos-e-suportes-musculares-(ver-mais)\" aria-expanded=\"false\" aria-controls=\"accordion-1393861265-content\">\n\t\t\t<button class=\"toggle\" aria-label=\"Toggle\"><i class=\"icon-angle-down\" aria-hidden=\"true\"><\/i><\/button>\n\t\t\t<span>Discos e suportes musculares (Ver mais)<\/span>\n\t\t<\/a>\n\t\t<div id=\"accordion-1393861265-content\" class=\"accordion-inner\" aria-labelledby=\"accordion-1393861265-label\">\n\t\t\t\n<p>Nesta categoria pode encontrar a nossa <strong>oferta em discos<\/strong> de peso e <strong>suportes para discos<\/strong> e barras de peso.<\/p>\n<p><strong>Os discos musculares s\u00e3o um<\/strong>acess\u00f3rio essencial para o treino de peso livre.<\/p>\n<p>Pode escolher discos standard, ol\u00edmpicos, para-choques, etc. em v\u00e1rios modelos e pesos para exercitar individualmente ou com barras. Discos de peso para utiliza\u00e7\u00e3o em treino funcional mesmo para uso intensivo em Crossfit ou Cross Training.<\/p>\n<h2><span style=\"font-size: 90%;\"><strong>Discos de muscula\u00e7\u00e3o e suportes de discos  <\/strong><\/span><\/h2>\n<p>O seu acabamento em materiais de borracha de alta densidade far\u00e1 com que o disco caia ou simplesmente o suporte no ch\u00e3o seja muito mais silencioso enquanto amortece.<\/p>\n<p>Temos <strong>discos de muscula\u00e7\u00e3o de<\/strong> todos os pesos e medi\u00e7\u00f5es para cada uma das barras que escolher ou simplesmente para realizar exerc\u00edcios individuais com eles. Para uma encomenda adequada e armazenamento dos seus discos de peso, oferecemos-lhe v\u00e1rios tipos <strong>de meios de comunica\u00e7\u00e3o.<\/strong><\/p>\n\t\t<\/div>\n\t<\/div>\n\t\n<\/div>\n\t\t<\/div>\n\t\t\t\t\t<\/div>\n\n\t\n<\/div>\n\n  \n    <div class=\"row large-columns-4 medium-columns-3 small-columns-2 row-normal slider row-slider slider-nav-reveal\"  data-flickity-options='{&quot;imagesLoaded&quot;: true, &quot;groupCells&quot;: &quot;100%&quot;, &quot;dragThreshold&quot; : 5, &quot;cellAlign&quot;: &quot;left&quot;,&quot;wrapAround&quot;: true,&quot;prevNextButtons&quot;: true,&quot;percentPosition&quot;: true,&quot;pageDots&quot;: false, &quot;rightToLeft&quot;: false, &quot;autoPlay&quot; : false}' >\n\n  <\/div>\n","protected":false},"excerpt":{"rendered":"","protected":false},"author":19,"featured_media":0,"parent":0,"menu_order":0,"comment_status":"closed","ping_status":"closed","template":"page-blank.php","meta":{"inline_featured_image":false,"footnotes":""},"class_list":["post-32141","page","type-page","status-publish","hentry"],"yoast_head":"<!-- This site is optimized with the Yoast SEO plugin v27.4 - https:\/\/yoast.com\/product\/yoast-seo-wordpress\/ -->\n<title>Discos de muscula\u00e7\u00e3o e suportes de disco. Venda online SUELOSPORT<\/title>\n<meta name=\"description\" content=\"Dispomos de discos de muscula\u00e7\u00e3o de todos os pesos e medi\u00e7\u00f5es para cada uma das barras que escolher ou simplesmente para realizar exerc\u00edcios individuais.\" \/>\n<meta name=\"robots\" content=\"index, follow, max-snippet:-1, max-image-preview:large, max-video-preview:-1\" \/>\n<link rel=\"canonical\" href=\"https:\/\/suelosport.com\/pt-pt\/discos-de-musculacao\/\" \/>\n<meta property=\"og:locale\" content=\"pt_PT\" \/>\n<meta property=\"og:type\" content=\"article\" \/>\n<meta property=\"og:title\" content=\"Discos de muscula\u00e7\u00e3o e suportes de disco. Venda online SUELOSPORT\" \/>\n<meta property=\"og:description\" content=\"Dispomos de discos de muscula\u00e7\u00e3o de todos os pesos e medi\u00e7\u00f5es para cada uma das barras que escolher ou simplesmente para realizar exerc\u00edcios individuais.\" \/>\n<meta property=\"og:url\" content=\"https:\/\/suelosport.com\/pt-pt\/discos-de-musculacao\/\" \/>\n<meta property=\"og:site_name\" content=\"Suelosport - Suelos Deportivos\" \/>\n<meta property=\"article:publisher\" content=\"https:\/\/www.facebook.com\/Suelosport-2042694182686080\/\" \/>\n<meta property=\"article:modified_time\" content=\"2020-11-16T12:37:52+00:00\" \/>\n<meta name=\"twitter:card\" content=\"summary_large_image\" \/>\n<meta name=\"twitter:label1\" content=\"Tempo estimado de leitura\" \/>\n\t<meta name=\"twitter:data1\" content=\"1 minuto\" \/>\n<script type=\"application\/ld+json\" class=\"yoast-schema-graph\">{\"@context\":\"https:\\\/\\\/schema.org\",\"@graph\":[{\"@type\":\"WebPage\",\"@id\":\"https:\\\/\\\/suelosport.com\\\/pt-pt\\\/discos-de-musculacao\\\/\",\"url\":\"https:\\\/\\\/suelosport.com\\\/pt-pt\\\/discos-de-musculacao\\\/\",\"name\":\"Discos de muscula\u00e7\u00e3o e suportes de disco. Venda online SUELOSPORT\",\"isPartOf\":{\"@id\":\"https:\\\/\\\/suelosport.com\\\/pt-pt\\\/#website\"},\"datePublished\":\"2020-11-16T12:37:43+00:00\",\"dateModified\":\"2020-11-16T12:37:52+00:00\",\"description\":\"Dispomos de discos de muscula\u00e7\u00e3o de todos os pesos e medi\u00e7\u00f5es para cada uma das barras que escolher ou simplesmente para realizar exerc\u00edcios individuais.\",\"breadcrumb\":{\"@id\":\"https:\\\/\\\/suelosport.com\\\/pt-pt\\\/discos-de-musculacao\\\/#breadcrumb\"},\"inLanguage\":\"pt-PT\",\"potentialAction\":[{\"@type\":\"ReadAction\",\"target\":[\"https:\\\/\\\/suelosport.com\\\/pt-pt\\\/discos-de-musculacao\\\/\"]}]},{\"@type\":\"BreadcrumbList\",\"@id\":\"https:\\\/\\\/suelosport.com\\\/pt-pt\\\/discos-de-musculacao\\\/#breadcrumb\",\"itemListElement\":[{\"@type\":\"ListItem\",\"position\":1,\"name\":\"Portada\",\"item\":\"https:\\\/\\\/suelosport.com\\\/pt-pt\\\/\"},{\"@type\":\"ListItem\",\"position\":2,\"name\":\"Discos de muscula\u00e7\u00e3o\"}]},{\"@type\":\"WebSite\",\"@id\":\"https:\\\/\\\/suelosport.com\\\/pt-pt\\\/#website\",\"url\":\"https:\\\/\\\/suelosport.com\\\/pt-pt\\\/\",\"name\":\"Suelosport - Suelos Deportivos\",\"description\":\"Suelos para gimnasios, suelos de goma, losetas y suelos antideslizantes\",\"publisher\":{\"@id\":\"https:\\\/\\\/suelosport.com\\\/pt-pt\\\/#organization\"},\"potentialAction\":[{\"@type\":\"SearchAction\",\"target\":{\"@type\":\"EntryPoint\",\"urlTemplate\":\"https:\\\/\\\/suelosport.com\\\/pt-pt\\\/?s={search_term_string}\"},\"query-input\":{\"@type\":\"PropertyValueSpecification\",\"valueRequired\":true,\"valueName\":\"search_term_string\"}}],\"inLanguage\":\"pt-PT\"},{\"@type\":\"Organization\",\"@id\":\"https:\\\/\\\/suelosport.com\\\/pt-pt\\\/#organization\",\"name\":\"Suelosport\",\"url\":\"https:\\\/\\\/suelosport.com\\\/pt-pt\\\/\",\"logo\":{\"@type\":\"ImageObject\",\"inLanguage\":\"pt-PT\",\"@id\":\"https:\\\/\\\/suelosport.com\\\/pt-pt\\\/#\\\/schema\\\/logo\\\/image\\\/\",\"url\":\"https:\\\/\\\/suelosport.com\\\/wp-content\\\/uploads\\\/2018\\\/03\\\/logo-suelosport.png\",\"contentUrl\":\"https:\\\/\\\/suelosport.com\\\/wp-content\\\/uploads\\\/2018\\\/03\\\/logo-suelosport.png\",\"width\":300,\"height\":67,\"caption\":\"Suelosport\"},\"image\":{\"@id\":\"https:\\\/\\\/suelosport.com\\\/pt-pt\\\/#\\\/schema\\\/logo\\\/image\\\/\"},\"sameAs\":[\"https:\\\/\\\/www.facebook.com\\\/Suelosport-2042694182686080\\\/\",\"https:\\\/\\\/www.linkedin.com\\\/company\\\/suelosport\\\/\",\"https:\\\/\\\/www.youtube.com\\\/channel\\\/UC1eoryUxD4Fw7f1m5wx_vFg?view_as=subscriber\"]}]}<\/script>\n<!-- \/ Yoast SEO plugin. -->","yoast_head_json":{"title":"Discos de muscula\u00e7\u00e3o e suportes de disco. Venda online SUELOSPORT","description":"Dispomos de discos de muscula\u00e7\u00e3o de todos os pesos e medi\u00e7\u00f5es para cada uma das barras que escolher ou simplesmente para realizar exerc\u00edcios individuais.","robots":{"index":"index","follow":"follow","max-snippet":"max-snippet:-1","max-image-preview":"max-image-preview:large","max-video-preview":"max-video-preview:-1"},"canonical":"https:\/\/suelosport.com\/pt-pt\/discos-de-musculacao\/","og_locale":"pt_PT","og_type":"article","og_title":"Discos de muscula\u00e7\u00e3o e suportes de disco. Venda online SUELOSPORT","og_description":"Dispomos de discos de muscula\u00e7\u00e3o de todos os pesos e medi\u00e7\u00f5es para cada uma das barras que escolher ou simplesmente para realizar exerc\u00edcios individuais.","og_url":"https:\/\/suelosport.com\/pt-pt\/discos-de-musculacao\/","og_site_name":"Suelosport - Suelos Deportivos","article_publisher":"https:\/\/www.facebook.com\/Suelosport-2042694182686080\/","article_modified_time":"2020-11-16T12:37:52+00:00","twitter_card":"summary_large_image","twitter_misc":{"Tempo estimado de leitura":"1 minuto"},"schema":{"@context":"https:\/\/schema.org","@graph":[{"@type":"WebPage","@id":"https:\/\/suelosport.com\/pt-pt\/discos-de-musculacao\/","url":"https:\/\/suelosport.com\/pt-pt\/discos-de-musculacao\/","name":"Discos de muscula\u00e7\u00e3o e suportes de disco. Venda online SUELOSPORT","isPartOf":{"@id":"https:\/\/suelosport.com\/pt-pt\/#website"},"datePublished":"2020-11-16T12:37:43+00:00","dateModified":"2020-11-16T12:37:52+00:00","description":"Dispomos de discos de muscula\u00e7\u00e3o de todos os pesos e medi\u00e7\u00f5es para cada uma das barras que escolher ou simplesmente para realizar exerc\u00edcios individuais.","breadcrumb":{"@id":"https:\/\/suelosport.com\/pt-pt\/discos-de-musculacao\/#breadcrumb"},"inLanguage":"pt-PT","potentialAction":[{"@type":"ReadAction","target":["https:\/\/suelosport.com\/pt-pt\/discos-de-musculacao\/"]}]},{"@type":"BreadcrumbList","@id":"https:\/\/suelosport.com\/pt-pt\/discos-de-musculacao\/#breadcrumb","itemListElement":[{"@type":"ListItem","position":1,"name":"Portada","item":"https:\/\/suelosport.com\/pt-pt\/"},{"@type":"ListItem","position":2,"name":"Discos de muscula\u00e7\u00e3o"}]},{"@type":"WebSite","@id":"https:\/\/suelosport.com\/pt-pt\/#website","url":"https:\/\/suelosport.com\/pt-pt\/","name":"Suelosport - Suelos Deportivos","description":"Suelos para gimnasios, suelos de goma, losetas y suelos antideslizantes","publisher":{"@id":"https:\/\/suelosport.com\/pt-pt\/#organization"},"potentialAction":[{"@type":"SearchAction","target":{"@type":"EntryPoint","urlTemplate":"https:\/\/suelosport.com\/pt-pt\/?s={search_term_string}"},"query-input":{"@type":"PropertyValueSpecification","valueRequired":true,"valueName":"search_term_string"}}],"inLanguage":"pt-PT"},{"@type":"Organization","@id":"https:\/\/suelosport.com\/pt-pt\/#organization","name":"Suelosport","url":"https:\/\/suelosport.com\/pt-pt\/","logo":{"@type":"ImageObject","inLanguage":"pt-PT","@id":"https:\/\/suelosport.com\/pt-pt\/#\/schema\/logo\/image\/","url":"https:\/\/suelosport.com\/wp-content\/uploads\/2018\/03\/logo-suelosport.png","contentUrl":"https:\/\/suelosport.com\/wp-content\/uploads\/2018\/03\/logo-suelosport.png","width":300,"height":67,"caption":"Suelosport"},"image":{"@id":"https:\/\/suelosport.com\/pt-pt\/#\/schema\/logo\/image\/"},"sameAs":["https:\/\/www.facebook.com\/Suelosport-2042694182686080\/","https:\/\/www.linkedin.com\/company\/suelosport\/","https:\/\/www.youtube.com\/channel\/UC1eoryUxD4Fw7f1m5wx_vFg?view_as=subscriber"]}]}},"_links":{"self":[{"href":"https:\/\/suelosport.com\/pt-pt\/wp-json\/wp\/v2\/pages\/32141","targetHints":{"allow":["GET"]}}],"collection":[{"href":"https:\/\/suelosport.com\/pt-pt\/wp-json\/wp\/v2\/pages"}],"about":[{"href":"https:\/\/suelosport.com\/pt-pt\/wp-json\/wp\/v2\/types\/page"}],"author":[{"embeddable":true,"href":"https:\/\/suelosport.com\/pt-pt\/wp-json\/wp\/v2\/users\/19"}],"replies":[{"embeddable":true,"href":"https:\/\/suelosport.com\/pt-pt\/wp-json\/wp\/v2\/comments?post=32141"}],"version-history":[{"count":1,"href":"https:\/\/suelosport.com\/pt-pt\/wp-json\/wp\/v2\/pages\/32141\/revisions"}],"predecessor-version":[{"id":32152,"href":"https:\/\/suelosport.com\/pt-pt\/wp-json\/wp\/v2\/pages\/32141\/revisions\/32152"}],"wp:attachment":[{"href":"https:\/\/suelosport.com\/pt-pt\/wp-json\/wp\/v2\/media?parent=32141"}],"curies":[{"name":"wp","href":"https:\/\/api.w.org\/{rel}","templated":true}]}}