{"id":32126,"date":"2020-11-16T13:37:38","date_gmt":"2020-11-16T12:37:38","guid":{"rendered":"https:\/\/suelosport.com\/barras\/"},"modified":"2020-11-16T13:37:52","modified_gmt":"2020-11-16T12:37:52","slug":"barras","status":"publish","type":"page","link":"https:\/\/suelosport.com\/pt-pt\/barras\/","title":{"rendered":"Barras"},"content":{"rendered":"  <div id=\"page-header-250047334\" class=\"page-header-wrapper\">\n  <div class=\"page-title dark simple-title\">\n\n        <div class=\"page-title-bg\">\n      <div class=\"title-bg fill bg-fill\"\n        data-parallax-container=\".page-title\"\n        data-parallax-background\n        data-parallax=\"-\">\n      <\/div>\n      <div class=\"title-overlay fill\"><\/div>\n    <\/div>\n    \n    <div class=\"page-title-inner container align-center text-center flex-row-col medium-flex-wrap\" >\n              <div class=\"title-wrapper flex-col\">\n          <h1 class=\"entry-title mb-0\">\n            Barras          <\/h1>\n        <\/div>\n                    <div class=\"title-content flex-col\">\n        <div class=\"title-breadcrumbs pb-half pt-half\"><nav class=\"woocommerce-breadcrumb breadcrumbs uppercase\" aria-label=\"Breadcrumb\">In\u00edcio<\/nav><\/div>      <\/div>\n    <\/div>\n\n     \n<style>\n#page-header-250047334 .title-overlay {\n  background-color: rgb(162, 171, 183);\n}\n#page-header-250047334 {\n  background-color: rgb(162, 171, 183);\n}\n<\/style>\n  <\/div>\n    <\/div>\n  \n<div class=\"is-divider divider clearfix\" style=\"max-width:80px;background-color:rgba(0, 0, 0, 0);\"><\/div>\n<div class=\"row\"  id=\"row-29015460\">\n\n\t<div id=\"col-303877068\" class=\"col small-12 large-12\"  >\n\t\t\t\t<div class=\"col-inner\"  >\n\t\t\t\n\t\t\t\n<div class=\"accordion\">\n\t<div id=\"accordion-763061860\" class=\"accordion-item\">\n\t\t<a id=\"accordion-763061860-label\" class=\"accordion-title plain\" href=\"#accordion-item-barras-para-o-seu-gin\u00e1sio-(ver-mais)\" aria-expanded=\"false\" aria-controls=\"accordion-763061860-content\">\n\t\t\t<button class=\"toggle\" aria-label=\"Toggle\"><i class=\"icon-angle-down\" aria-hidden=\"true\"><\/i><\/button>\n\t\t\t<span>Barras para o seu gin\u00e1sio (Ver mais)<\/span>\n\t\t<\/a>\n\t\t<div id=\"accordion-763061860-content\" class=\"accordion-inner\" aria-labelledby=\"accordion-763061860-label\">\n\t\t\t\n<p>No SUELOSPORT oferecemos-lhe uma grande <strong>variedade de barras de muscula\u00e7\u00e3o de<\/strong> diferentes pesos e medidas destinadas ao treino de peso livre, bem como paragens, protetores e suportes para um armazenamento e conserva\u00e7\u00e3o adequados.<\/p>\n<p><strong>Barras de peso para<\/strong> utiliza\u00e7\u00e3o em treino funcional mesmo para uso intensivo em Crossfit ou Cross Training.<\/p>\n<h2><span style=\"font-size: 90%;\"><strong>Grande variedade na barra de peso<\/strong><\/span><\/h2>\n<p>Voc\u00ea pode escolher v\u00e1rios bares para barras romanas dominadas, retas, padr\u00e3o, ol\u00edmpicas, etc., fabricadas com os melhores materiais para garantir uma utiliza\u00e7\u00e3o segura e confort\u00e1vel por um longo tempo.<\/p>\n<p>Escolha o seu modelo e atinja os seus objetivos com o treino adequado.<\/p>\n\t\t<\/div>\n\t<\/div>\n\t\n<\/div>\n\t\t<\/div>\n\t\t\t\t\t<\/div>\n\n\t\n<\/div>\n\n  \n    <div class=\"row large-columns-4 medium-columns-3 small-columns-2 row-normal slider row-slider slider-nav-reveal\"  data-flickity-options='{&quot;imagesLoaded&quot;: true, &quot;groupCells&quot;: &quot;100%&quot;, &quot;dragThreshold&quot; : 5, &quot;cellAlign&quot;: &quot;left&quot;,&quot;wrapAround&quot;: true,&quot;prevNextButtons&quot;: true,&quot;percentPosition&quot;: true,&quot;pageDots&quot;: false, &quot;rightToLeft&quot;: false, &quot;autoPlay&quot; : false}' >\n\n  <\/div>\n","protected":false},"excerpt":{"rendered":"","protected":false},"author":19,"featured_media":0,"parent":0,"menu_order":0,"comment_status":"closed","ping_status":"closed","template":"page-blank.php","meta":{"inline_featured_image":false,"footnotes":""},"class_list":["post-32126","page","type-page","status-publish","hentry"],"yoast_head":"<!-- This site is optimized with the Yoast SEO plugin v27.1.1 - https:\/\/yoast.com\/product\/yoast-seo-wordpress\/ -->\n<title>Barras de peso, rolhas, suportes e protetores. SUELOSPORT<\/title>\n<meta name=\"description\" content=\"Grande variedade de barras diferentes pesos e medi\u00e7\u00f5es para treino de peso livre, bem como paragens, protetores e suportes para armazenamento e preserva\u00e7\u00e3o.\" \/>\n<meta name=\"robots\" content=\"index, follow, max-snippet:-1, max-image-preview:large, max-video-preview:-1\" \/>\n<link rel=\"canonical\" href=\"https:\/\/suelosport.com\/pt-pt\/barras\/\" \/>\n<meta property=\"og:locale\" content=\"pt_PT\" \/>\n<meta property=\"og:type\" content=\"article\" \/>\n<meta property=\"og:title\" content=\"Barras de peso, rolhas, suportes e protetores. SUELOSPORT\" \/>\n<meta property=\"og:description\" content=\"Grande variedade de barras diferentes pesos e medi\u00e7\u00f5es para treino de peso livre, bem como paragens, protetores e suportes para armazenamento e preserva\u00e7\u00e3o.\" \/>\n<meta property=\"og:url\" content=\"https:\/\/suelosport.com\/pt-pt\/barras\/\" \/>\n<meta property=\"og:site_name\" content=\"Suelosport - Suelos Deportivos\" \/>\n<meta property=\"article:publisher\" content=\"https:\/\/www.facebook.com\/Suelosport-2042694182686080\/\" \/>\n<meta property=\"article:modified_time\" content=\"2020-11-16T12:37:52+00:00\" \/>\n<meta name=\"twitter:card\" content=\"summary_large_image\" \/>\n<meta name=\"twitter:label1\" content=\"Tempo estimado de leitura\" \/>\n\t<meta name=\"twitter:data1\" content=\"1 minuto\" \/>\n<script type=\"application\/ld+json\" class=\"yoast-schema-graph\">{\"@context\":\"https:\/\/schema.org\",\"@graph\":[{\"@type\":\"WebPage\",\"@id\":\"https:\/\/suelosport.com\/pt-pt\/barras\/\",\"url\":\"https:\/\/suelosport.com\/pt-pt\/barras\/\",\"name\":\"Barras de peso, rolhas, suportes e protetores. SUELOSPORT\",\"isPartOf\":{\"@id\":\"https:\/\/suelosport.com\/pt-pt\/#website\"},\"datePublished\":\"2020-11-16T12:37:38+00:00\",\"dateModified\":\"2020-11-16T12:37:52+00:00\",\"description\":\"Grande variedade de barras diferentes pesos e medi\u00e7\u00f5es para treino de peso livre, bem como paragens, protetores e suportes para armazenamento e preserva\u00e7\u00e3o.\",\"breadcrumb\":{\"@id\":\"https:\/\/suelosport.com\/pt-pt\/barras\/#breadcrumb\"},\"inLanguage\":\"pt-PT\",\"potentialAction\":[{\"@type\":\"ReadAction\",\"target\":[\"https:\/\/suelosport.com\/pt-pt\/barras\/\"]}]},{\"@type\":\"BreadcrumbList\",\"@id\":\"https:\/\/suelosport.com\/pt-pt\/barras\/#breadcrumb\",\"itemListElement\":[{\"@type\":\"ListItem\",\"position\":1,\"name\":\"Portada\",\"item\":\"https:\/\/suelosport.com\/pt-pt\/\"},{\"@type\":\"ListItem\",\"position\":2,\"name\":\"Barras\"}]},{\"@type\":\"WebSite\",\"@id\":\"https:\/\/suelosport.com\/pt-pt\/#website\",\"url\":\"https:\/\/suelosport.com\/pt-pt\/\",\"name\":\"Suelosport - Suelos Deportivos\",\"description\":\"Suelos para gimnasios, suelos de goma, losetas y suelos antideslizantes\",\"publisher\":{\"@id\":\"https:\/\/suelosport.com\/pt-pt\/#organization\"},\"potentialAction\":[{\"@type\":\"SearchAction\",\"target\":{\"@type\":\"EntryPoint\",\"urlTemplate\":\"https:\/\/suelosport.com\/pt-pt\/?s={search_term_string}\"},\"query-input\":{\"@type\":\"PropertyValueSpecification\",\"valueRequired\":true,\"valueName\":\"search_term_string\"}}],\"inLanguage\":\"pt-PT\"},{\"@type\":\"Organization\",\"@id\":\"https:\/\/suelosport.com\/pt-pt\/#organization\",\"name\":\"Suelosport\",\"url\":\"https:\/\/suelosport.com\/pt-pt\/\",\"logo\":{\"@type\":\"ImageObject\",\"inLanguage\":\"pt-PT\",\"@id\":\"https:\/\/suelosport.com\/pt-pt\/#\/schema\/logo\/image\/\",\"url\":\"https:\/\/suelosport.com\/wp-content\/uploads\/2018\/03\/logo-suelosport.png\",\"contentUrl\":\"https:\/\/suelosport.com\/wp-content\/uploads\/2018\/03\/logo-suelosport.png\",\"width\":300,\"height\":67,\"caption\":\"Suelosport\"},\"image\":{\"@id\":\"https:\/\/suelosport.com\/pt-pt\/#\/schema\/logo\/image\/\"},\"sameAs\":[\"https:\/\/www.facebook.com\/Suelosport-2042694182686080\/\",\"https:\/\/www.linkedin.com\/company\/suelosport\/\",\"https:\/\/www.youtube.com\/channel\/UC1eoryUxD4Fw7f1m5wx_vFg?view_as=subscriber\"]}]}<\/script>\n<!-- \/ Yoast SEO plugin. -->","yoast_head_json":{"title":"Barras de peso, rolhas, suportes e protetores. SUELOSPORT","description":"Grande variedade de barras diferentes pesos e medi\u00e7\u00f5es para treino de peso livre, bem como paragens, protetores e suportes para armazenamento e preserva\u00e7\u00e3o.","robots":{"index":"index","follow":"follow","max-snippet":"max-snippet:-1","max-image-preview":"max-image-preview:large","max-video-preview":"max-video-preview:-1"},"canonical":"https:\/\/suelosport.com\/pt-pt\/barras\/","og_locale":"pt_PT","og_type":"article","og_title":"Barras de peso, rolhas, suportes e protetores. SUELOSPORT","og_description":"Grande variedade de barras diferentes pesos e medi\u00e7\u00f5es para treino de peso livre, bem como paragens, protetores e suportes para armazenamento e preserva\u00e7\u00e3o.","og_url":"https:\/\/suelosport.com\/pt-pt\/barras\/","og_site_name":"Suelosport - Suelos Deportivos","article_publisher":"https:\/\/www.facebook.com\/Suelosport-2042694182686080\/","article_modified_time":"2020-11-16T12:37:52+00:00","twitter_card":"summary_large_image","twitter_misc":{"Tempo estimado de leitura":"1 minuto"},"schema":{"@context":"https:\/\/schema.org","@graph":[{"@type":"WebPage","@id":"https:\/\/suelosport.com\/pt-pt\/barras\/","url":"https:\/\/suelosport.com\/pt-pt\/barras\/","name":"Barras de peso, rolhas, suportes e protetores. SUELOSPORT","isPartOf":{"@id":"https:\/\/suelosport.com\/pt-pt\/#website"},"datePublished":"2020-11-16T12:37:38+00:00","dateModified":"2020-11-16T12:37:52+00:00","description":"Grande variedade de barras diferentes pesos e medi\u00e7\u00f5es para treino de peso livre, bem como paragens, protetores e suportes para armazenamento e preserva\u00e7\u00e3o.","breadcrumb":{"@id":"https:\/\/suelosport.com\/pt-pt\/barras\/#breadcrumb"},"inLanguage":"pt-PT","potentialAction":[{"@type":"ReadAction","target":["https:\/\/suelosport.com\/pt-pt\/barras\/"]}]},{"@type":"BreadcrumbList","@id":"https:\/\/suelosport.com\/pt-pt\/barras\/#breadcrumb","itemListElement":[{"@type":"ListItem","position":1,"name":"Portada","item":"https:\/\/suelosport.com\/pt-pt\/"},{"@type":"ListItem","position":2,"name":"Barras"}]},{"@type":"WebSite","@id":"https:\/\/suelosport.com\/pt-pt\/#website","url":"https:\/\/suelosport.com\/pt-pt\/","name":"Suelosport - Suelos Deportivos","description":"Suelos para gimnasios, suelos de goma, losetas y suelos antideslizantes","publisher":{"@id":"https:\/\/suelosport.com\/pt-pt\/#organization"},"potentialAction":[{"@type":"SearchAction","target":{"@type":"EntryPoint","urlTemplate":"https:\/\/suelosport.com\/pt-pt\/?s={search_term_string}"},"query-input":{"@type":"PropertyValueSpecification","valueRequired":true,"valueName":"search_term_string"}}],"inLanguage":"pt-PT"},{"@type":"Organization","@id":"https:\/\/suelosport.com\/pt-pt\/#organization","name":"Suelosport","url":"https:\/\/suelosport.com\/pt-pt\/","logo":{"@type":"ImageObject","inLanguage":"pt-PT","@id":"https:\/\/suelosport.com\/pt-pt\/#\/schema\/logo\/image\/","url":"https:\/\/suelosport.com\/wp-content\/uploads\/2018\/03\/logo-suelosport.png","contentUrl":"https:\/\/suelosport.com\/wp-content\/uploads\/2018\/03\/logo-suelosport.png","width":300,"height":67,"caption":"Suelosport"},"image":{"@id":"https:\/\/suelosport.com\/pt-pt\/#\/schema\/logo\/image\/"},"sameAs":["https:\/\/www.facebook.com\/Suelosport-2042694182686080\/","https:\/\/www.linkedin.com\/company\/suelosport\/","https:\/\/www.youtube.com\/channel\/UC1eoryUxD4Fw7f1m5wx_vFg?view_as=subscriber"]}]}},"_links":{"self":[{"href":"https:\/\/suelosport.com\/pt-pt\/wp-json\/wp\/v2\/pages\/32126","targetHints":{"allow":["GET"]}}],"collection":[{"href":"https:\/\/suelosport.com\/pt-pt\/wp-json\/wp\/v2\/pages"}],"about":[{"href":"https:\/\/suelosport.com\/pt-pt\/wp-json\/wp\/v2\/types\/page"}],"author":[{"embeddable":true,"href":"https:\/\/suelosport.com\/pt-pt\/wp-json\/wp\/v2\/users\/19"}],"replies":[{"embeddable":true,"href":"https:\/\/suelosport.com\/pt-pt\/wp-json\/wp\/v2\/comments?post=32126"}],"version-history":[{"count":1,"href":"https:\/\/suelosport.com\/pt-pt\/wp-json\/wp\/v2\/pages\/32126\/revisions"}],"predecessor-version":[{"id":32136,"href":"https:\/\/suelosport.com\/pt-pt\/wp-json\/wp\/v2\/pages\/32126\/revisions\/32136"}],"wp:attachment":[{"href":"https:\/\/suelosport.com\/pt-pt\/wp-json\/wp\/v2\/media?parent=32126"}],"curies":[{"name":"wp","href":"https:\/\/api.w.org\/{rel}","templated":true}]}}