{"id":30366,"date":"2020-11-16T13:02:46","date_gmt":"2020-11-16T12:02:46","guid":{"rendered":"https:\/\/suelosport.com\/maquinas-de-cardio\/"},"modified":"2020-11-16T13:02:52","modified_gmt":"2020-11-16T12:02:52","slug":"maquinas-de-cardio","status":"publish","type":"page","link":"https:\/\/suelosport.com\/pt-pt\/maquinas-de-cardio\/","title":{"rendered":"M\u00e1quinas de cardio"},"content":{"rendered":"  <div id=\"page-header-565192603\" class=\"page-header-wrapper\">\n  <div class=\"page-title dark simple-title\">\n\n        <div class=\"page-title-bg\">\n      <div class=\"title-bg fill bg-fill\"\n        data-parallax-container=\".page-title\"\n        data-parallax-background\n        data-parallax=\"-\">\n      <\/div>\n      <div class=\"title-overlay fill\"><\/div>\n    <\/div>\n    \n    <div class=\"page-title-inner container align-center text-center flex-row-col medium-flex-wrap\" >\n              <div class=\"title-wrapper flex-col\">\n          <h1 class=\"entry-title mb-0\">\n            M\u00e1quinas de cardio          <\/h1>\n        <\/div>\n                    <div class=\"title-content flex-col\">\n        <div class=\"title-breadcrumbs pb-half pt-half\"><nav class=\"woocommerce-breadcrumb breadcrumbs uppercase\" aria-label=\"Breadcrumb\">In\u00edcio<\/nav><\/div>      <\/div>\n    <\/div>\n\n     \n<style>\n#page-header-565192603 .title-overlay {\n  background-color: rgb(162, 171, 183);\n}\n#page-header-565192603 {\n  background-color: rgb(162, 171, 183);\n}\n<\/style>\n  <\/div>\n    <\/div>\n  \n<div class=\"is-divider divider clearfix\" style=\"max-width:80px;background-color:rgba(0, 0, 0, 0);\"><\/div>\n<div class=\"row\"  id=\"row-844152607\">\n\n\t<div id=\"col-1729713352\" class=\"col small-12 large-12\"  >\n\t\t\t\t<div class=\"col-inner\"  >\n\t\t\t\n\t\t\t\n<div class=\"accordion\">\n\t<div id=\"accordion-1235968420\" class=\"accordion-item\">\n\t\t<a id=\"accordion-1235968420-label\" class=\"accordion-title plain\" href=\"#accordion-item-saiba-mais\" aria-expanded=\"false\" aria-controls=\"accordion-1235968420-content\">\n\t\t\t<button class=\"toggle\" aria-label=\"Toggle\"><i class=\"icon-angle-down\" aria-hidden=\"true\"><\/i><\/button>\n\t\t\t<span>Saiba mais<\/span>\n\t\t<\/a>\n\t\t<div id=\"accordion-1235968420-content\" class=\"accordion-inner\" aria-labelledby=\"accordion-1235968420-label\">\n\t\t\t\n<p>Gra\u00e7as ao exerc\u00edcio com <strong>m\u00e1quinas de cardio, poderemos<\/strong>aumentar o fluxo sangu\u00edneo, melhorar a capacidade pulmonar, consumir calorias, aumentar o fluxo sangu\u00edneo, melhorar a recupera\u00e7\u00e3o muscular, perder peso e melhorar a sa\u00fade do nosso cora\u00e7\u00e3o.<\/p>\n<p>Qualquer pessoa com qualquer idade ou condi\u00e7\u00e3o f\u00edsica pode exercitar todo o seu corpo sem sair de casa. Podem usar m\u00e1quinas de cardio de grandes atletas para completar a sua resist\u00eancia como indiv\u00edduos que precisam melhorar a sua sa\u00fade ou querem manter-se em forma facilmente.<\/p>\n<h2><span style=\"font-size: 90%\"><strong>M\u00e1quinas de cardio para o seu gin\u00e1sio<\/strong><\/span><\/h2>\n<p>Da SUELOSPORT oferecemos-lhe v\u00e1rios tipos de m\u00e1quinas para o seu gin\u00e1sio, seja profissional ou para o seu pequeno gin\u00e1sio em casa. M\u00e1quinas de cardio para que possa escolher a que melhor se adequa \u00e0s suas necessidades e objetivos. Todo o nosso <strong>equipamento de cardio<\/strong> \u00e9 feito com os melhores materiais para garantir uma utiliza\u00e7\u00e3o segura e duradoura.<\/p>\n\t\t<\/div>\n\t<\/div>\n\t\n<\/div>\n\t\t<\/div>\n\t\t\t\t\t<\/div>\n\n\t\n<\/div>\n\n  \n    <div class=\"row large-columns-4 medium-columns-3 small-columns-2 row-normal slider row-slider slider-nav-reveal\"  data-flickity-options='{&quot;imagesLoaded&quot;: true, &quot;groupCells&quot;: &quot;100%&quot;, &quot;dragThreshold&quot; : 5, &quot;cellAlign&quot;: &quot;left&quot;,&quot;wrapAround&quot;: true,&quot;prevNextButtons&quot;: true,&quot;percentPosition&quot;: true,&quot;pageDots&quot;: false, &quot;rightToLeft&quot;: false, &quot;autoPlay&quot; : false}' >\n\n  <\/div>\n","protected":false},"excerpt":{"rendered":"","protected":false},"author":19,"featured_media":0,"parent":0,"menu_order":0,"comment_status":"closed","ping_status":"closed","template":"page-blank.php","meta":{"inline_featured_image":false,"footnotes":""},"class_list":["post-30366","page","type-page","status-publish","hentry"],"yoast_head":"<!-- This site is optimized with the Yoast SEO plugin v27.4 - https:\/\/yoast.com\/product\/yoast-seo-wordpress\/ -->\n<title>M\u00e1quinas de cardio profissional para gin\u00e1sios. SUELOSPORT<\/title>\n<meta name=\"description\" content=\"A sua loja online onde pode comprar m\u00e1quinas de cardiologia para o seu gin\u00e1sio profissional ou em casa, ao melhor pre\u00e7o. Envios para toda a Pen\u00ednsula.\" \/>\n<meta name=\"robots\" content=\"index, follow, max-snippet:-1, max-image-preview:large, max-video-preview:-1\" \/>\n<link rel=\"canonical\" href=\"https:\/\/suelosport.com\/pt-pt\/maquinas-de-cardio\/\" \/>\n<meta property=\"og:locale\" content=\"pt_PT\" \/>\n<meta property=\"og:type\" content=\"article\" \/>\n<meta property=\"og:title\" content=\"M\u00e1quinas de cardio profissional para gin\u00e1sios. SUELOSPORT\" \/>\n<meta property=\"og:description\" content=\"A sua loja online onde pode comprar m\u00e1quinas de cardiologia para o seu gin\u00e1sio profissional ou em casa, ao melhor pre\u00e7o. Envios para toda a Pen\u00ednsula.\" \/>\n<meta property=\"og:url\" content=\"https:\/\/suelosport.com\/pt-pt\/maquinas-de-cardio\/\" \/>\n<meta property=\"og:site_name\" content=\"Suelosport - Suelos Deportivos\" \/>\n<meta property=\"article:publisher\" content=\"https:\/\/www.facebook.com\/Suelosport-2042694182686080\/\" \/>\n<meta property=\"article:modified_time\" content=\"2020-11-16T12:02:52+00:00\" \/>\n<meta name=\"twitter:card\" content=\"summary_large_image\" \/>\n<meta name=\"twitter:label1\" content=\"Tempo estimado de leitura\" \/>\n\t<meta name=\"twitter:data1\" content=\"1 minuto\" \/>\n<script type=\"application\/ld+json\" class=\"yoast-schema-graph\">{\"@context\":\"https:\\\/\\\/schema.org\",\"@graph\":[{\"@type\":\"WebPage\",\"@id\":\"https:\\\/\\\/suelosport.com\\\/pt-pt\\\/maquinas-de-cardio\\\/\",\"url\":\"https:\\\/\\\/suelosport.com\\\/pt-pt\\\/maquinas-de-cardio\\\/\",\"name\":\"M\u00e1quinas de cardio profissional para gin\u00e1sios. SUELOSPORT\",\"isPartOf\":{\"@id\":\"https:\\\/\\\/suelosport.com\\\/pt-pt\\\/#website\"},\"datePublished\":\"2020-11-16T12:02:46+00:00\",\"dateModified\":\"2020-11-16T12:02:52+00:00\",\"description\":\"A sua loja online onde pode comprar m\u00e1quinas de cardiologia para o seu gin\u00e1sio profissional ou em casa, ao melhor pre\u00e7o. Envios para toda a Pen\u00ednsula.\",\"breadcrumb\":{\"@id\":\"https:\\\/\\\/suelosport.com\\\/pt-pt\\\/maquinas-de-cardio\\\/#breadcrumb\"},\"inLanguage\":\"pt-PT\",\"potentialAction\":[{\"@type\":\"ReadAction\",\"target\":[\"https:\\\/\\\/suelosport.com\\\/pt-pt\\\/maquinas-de-cardio\\\/\"]}]},{\"@type\":\"BreadcrumbList\",\"@id\":\"https:\\\/\\\/suelosport.com\\\/pt-pt\\\/maquinas-de-cardio\\\/#breadcrumb\",\"itemListElement\":[{\"@type\":\"ListItem\",\"position\":1,\"name\":\"Portada\",\"item\":\"https:\\\/\\\/suelosport.com\\\/pt-pt\\\/\"},{\"@type\":\"ListItem\",\"position\":2,\"name\":\"M\u00e1quinas de cardio\"}]},{\"@type\":\"WebSite\",\"@id\":\"https:\\\/\\\/suelosport.com\\\/pt-pt\\\/#website\",\"url\":\"https:\\\/\\\/suelosport.com\\\/pt-pt\\\/\",\"name\":\"Suelosport - Suelos Deportivos\",\"description\":\"Suelos para gimnasios, suelos de goma, losetas y suelos antideslizantes\",\"publisher\":{\"@id\":\"https:\\\/\\\/suelosport.com\\\/pt-pt\\\/#organization\"},\"potentialAction\":[{\"@type\":\"SearchAction\",\"target\":{\"@type\":\"EntryPoint\",\"urlTemplate\":\"https:\\\/\\\/suelosport.com\\\/pt-pt\\\/?s={search_term_string}\"},\"query-input\":{\"@type\":\"PropertyValueSpecification\",\"valueRequired\":true,\"valueName\":\"search_term_string\"}}],\"inLanguage\":\"pt-PT\"},{\"@type\":\"Organization\",\"@id\":\"https:\\\/\\\/suelosport.com\\\/pt-pt\\\/#organization\",\"name\":\"Suelosport\",\"url\":\"https:\\\/\\\/suelosport.com\\\/pt-pt\\\/\",\"logo\":{\"@type\":\"ImageObject\",\"inLanguage\":\"pt-PT\",\"@id\":\"https:\\\/\\\/suelosport.com\\\/pt-pt\\\/#\\\/schema\\\/logo\\\/image\\\/\",\"url\":\"https:\\\/\\\/suelosport.com\\\/wp-content\\\/uploads\\\/2018\\\/03\\\/logo-suelosport.png\",\"contentUrl\":\"https:\\\/\\\/suelosport.com\\\/wp-content\\\/uploads\\\/2018\\\/03\\\/logo-suelosport.png\",\"width\":300,\"height\":67,\"caption\":\"Suelosport\"},\"image\":{\"@id\":\"https:\\\/\\\/suelosport.com\\\/pt-pt\\\/#\\\/schema\\\/logo\\\/image\\\/\"},\"sameAs\":[\"https:\\\/\\\/www.facebook.com\\\/Suelosport-2042694182686080\\\/\",\"https:\\\/\\\/www.linkedin.com\\\/company\\\/suelosport\\\/\",\"https:\\\/\\\/www.youtube.com\\\/channel\\\/UC1eoryUxD4Fw7f1m5wx_vFg?view_as=subscriber\"]}]}<\/script>\n<!-- \/ Yoast SEO plugin. -->","yoast_head_json":{"title":"M\u00e1quinas de cardio profissional para gin\u00e1sios. SUELOSPORT","description":"A sua loja online onde pode comprar m\u00e1quinas de cardiologia para o seu gin\u00e1sio profissional ou em casa, ao melhor pre\u00e7o. Envios para toda a Pen\u00ednsula.","robots":{"index":"index","follow":"follow","max-snippet":"max-snippet:-1","max-image-preview":"max-image-preview:large","max-video-preview":"max-video-preview:-1"},"canonical":"https:\/\/suelosport.com\/pt-pt\/maquinas-de-cardio\/","og_locale":"pt_PT","og_type":"article","og_title":"M\u00e1quinas de cardio profissional para gin\u00e1sios. SUELOSPORT","og_description":"A sua loja online onde pode comprar m\u00e1quinas de cardiologia para o seu gin\u00e1sio profissional ou em casa, ao melhor pre\u00e7o. Envios para toda a Pen\u00ednsula.","og_url":"https:\/\/suelosport.com\/pt-pt\/maquinas-de-cardio\/","og_site_name":"Suelosport - Suelos Deportivos","article_publisher":"https:\/\/www.facebook.com\/Suelosport-2042694182686080\/","article_modified_time":"2020-11-16T12:02:52+00:00","twitter_card":"summary_large_image","twitter_misc":{"Tempo estimado de leitura":"1 minuto"},"schema":{"@context":"https:\/\/schema.org","@graph":[{"@type":"WebPage","@id":"https:\/\/suelosport.com\/pt-pt\/maquinas-de-cardio\/","url":"https:\/\/suelosport.com\/pt-pt\/maquinas-de-cardio\/","name":"M\u00e1quinas de cardio profissional para gin\u00e1sios. SUELOSPORT","isPartOf":{"@id":"https:\/\/suelosport.com\/pt-pt\/#website"},"datePublished":"2020-11-16T12:02:46+00:00","dateModified":"2020-11-16T12:02:52+00:00","description":"A sua loja online onde pode comprar m\u00e1quinas de cardiologia para o seu gin\u00e1sio profissional ou em casa, ao melhor pre\u00e7o. Envios para toda a Pen\u00ednsula.","breadcrumb":{"@id":"https:\/\/suelosport.com\/pt-pt\/maquinas-de-cardio\/#breadcrumb"},"inLanguage":"pt-PT","potentialAction":[{"@type":"ReadAction","target":["https:\/\/suelosport.com\/pt-pt\/maquinas-de-cardio\/"]}]},{"@type":"BreadcrumbList","@id":"https:\/\/suelosport.com\/pt-pt\/maquinas-de-cardio\/#breadcrumb","itemListElement":[{"@type":"ListItem","position":1,"name":"Portada","item":"https:\/\/suelosport.com\/pt-pt\/"},{"@type":"ListItem","position":2,"name":"M\u00e1quinas de cardio"}]},{"@type":"WebSite","@id":"https:\/\/suelosport.com\/pt-pt\/#website","url":"https:\/\/suelosport.com\/pt-pt\/","name":"Suelosport - Suelos Deportivos","description":"Suelos para gimnasios, suelos de goma, losetas y suelos antideslizantes","publisher":{"@id":"https:\/\/suelosport.com\/pt-pt\/#organization"},"potentialAction":[{"@type":"SearchAction","target":{"@type":"EntryPoint","urlTemplate":"https:\/\/suelosport.com\/pt-pt\/?s={search_term_string}"},"query-input":{"@type":"PropertyValueSpecification","valueRequired":true,"valueName":"search_term_string"}}],"inLanguage":"pt-PT"},{"@type":"Organization","@id":"https:\/\/suelosport.com\/pt-pt\/#organization","name":"Suelosport","url":"https:\/\/suelosport.com\/pt-pt\/","logo":{"@type":"ImageObject","inLanguage":"pt-PT","@id":"https:\/\/suelosport.com\/pt-pt\/#\/schema\/logo\/image\/","url":"https:\/\/suelosport.com\/wp-content\/uploads\/2018\/03\/logo-suelosport.png","contentUrl":"https:\/\/suelosport.com\/wp-content\/uploads\/2018\/03\/logo-suelosport.png","width":300,"height":67,"caption":"Suelosport"},"image":{"@id":"https:\/\/suelosport.com\/pt-pt\/#\/schema\/logo\/image\/"},"sameAs":["https:\/\/www.facebook.com\/Suelosport-2042694182686080\/","https:\/\/www.linkedin.com\/company\/suelosport\/","https:\/\/www.youtube.com\/channel\/UC1eoryUxD4Fw7f1m5wx_vFg?view_as=subscriber"]}]}},"_links":{"self":[{"href":"https:\/\/suelosport.com\/pt-pt\/wp-json\/wp\/v2\/pages\/30366","targetHints":{"allow":["GET"]}}],"collection":[{"href":"https:\/\/suelosport.com\/pt-pt\/wp-json\/wp\/v2\/pages"}],"about":[{"href":"https:\/\/suelosport.com\/pt-pt\/wp-json\/wp\/v2\/types\/page"}],"author":[{"embeddable":true,"href":"https:\/\/suelosport.com\/pt-pt\/wp-json\/wp\/v2\/users\/19"}],"replies":[{"embeddable":true,"href":"https:\/\/suelosport.com\/pt-pt\/wp-json\/wp\/v2\/comments?post=30366"}],"version-history":[{"count":3,"href":"https:\/\/suelosport.com\/pt-pt\/wp-json\/wp\/v2\/pages\/30366\/revisions"}],"predecessor-version":[{"id":30389,"href":"https:\/\/suelosport.com\/pt-pt\/wp-json\/wp\/v2\/pages\/30366\/revisions\/30389"}],"wp:attachment":[{"href":"https:\/\/suelosport.com\/pt-pt\/wp-json\/wp\/v2\/media?parent=30366"}],"curies":[{"name":"wp","href":"https:\/\/api.w.org\/{rel}","templated":true}]}}