{"id":29980,"date":"2020-11-16T13:01:58","date_gmt":"2020-11-16T12:01:58","guid":{"rendered":"https:\/\/suelosport.com\/pisos-de-borracha-2\/"},"modified":"2020-11-16T13:02:02","modified_gmt":"2020-11-16T12:02:02","slug":"pisos-de-borracha-2","status":"publish","type":"page","link":"https:\/\/suelosport.com\/pt-pt\/pisos-de-borracha-2\/","title":{"rendered":"Pisos de borracha"},"content":{"rendered":"  <div id=\"page-header-991845216\" class=\"page-header-wrapper\">\n  <div class=\"page-title dark simple-title\">\n\n        <div class=\"page-title-bg\">\n      <div class=\"title-bg fill bg-fill\"\n        data-parallax-container=\".page-title\"\n        data-parallax-background\n        data-parallax=\"-\">\n      <\/div>\n      <div class=\"title-overlay fill\"><\/div>\n    <\/div>\n    \n    <div class=\"page-title-inner container align-center text-center flex-row-col medium-flex-wrap\" >\n              <div class=\"title-wrapper flex-col\">\n          <h1 class=\"entry-title mb-0\">\n            Pisos de borracha          <\/h1>\n        <\/div>\n                    <div class=\"title-content flex-col\">\n        <div class=\"title-breadcrumbs pb-half pt-half\"><nav class=\"woocommerce-breadcrumb breadcrumbs uppercase\" aria-label=\"Breadcrumb\">In\u00edcio<\/nav><\/div>      <\/div>\n    <\/div>\n\n     \n<style>\n#page-header-991845216 .title-overlay {\n  background-color: rgb(162, 171, 183);\n}\n#page-header-991845216 {\n  background-color: rgb(162, 171, 183);\n}\n<\/style>\n  <\/div>\n    <\/div>\n  \n<div class=\"is-divider divider clearfix\" style=\"max-width:80px;background-color:rgba(0, 0, 0, 0);\"><\/div>\n<div class=\"row\"  id=\"row-432744824\">\n\n\t<div id=\"col-830442618\" class=\"col small-12 large-12\"  >\n\t\t\t\t<div class=\"col-inner\"  >\n\t\t\t\n\t\t\t\n<div class=\"accordion\">\n\t<div id=\"accordion-4282847228\" class=\"accordion-item\">\n\t\t<a id=\"accordion-4282847228-label\" class=\"accordion-title plain\" href=\"#accordion-item-ver-informa\u00e7\u00f5es\" aria-expanded=\"false\" aria-controls=\"accordion-4282847228-content\">\n\t\t\t<button class=\"toggle\" aria-label=\"Toggle\"><i class=\"icon-angle-down\" aria-hidden=\"true\"><\/i><\/button>\n\t\t\t<span>Ver informa\u00e7\u00f5es<\/span>\n\t\t<\/a>\n\t\t<div id=\"accordion-4282847228-content\" class=\"accordion-inner\" aria-labelledby=\"accordion-4282847228-label\">\n\t\t\t\n<h2>Pisos de borracha para instala\u00e7\u00f5es desportivas e todos os tipos de superf\u00edcies<\/h2>\n<p>A borracha \u00e9 uma mat\u00e9ria-prima que se destaca pela sua enorme elasticidade, resist\u00eancia ao alongamento, bem como pela sua capacidade de manter a flexibilidade ao longo do tempo.<\/p>\n<p>Hoje, a borracha do piso <strong>\u00e9 considerada<\/strong>um dos pisos de borracha de maior desempenho, oferecendo a possibilidade de muitos usos. A <strong>borracha<\/strong>reciclada \u00e9 amplamente utilizada para o fabrico de pavimentos protetores absorventes de choques em quedas.<\/p>\n<p>No <strong>SUELOSPORT<\/strong> pode encontrar todo o tipo de <strong>poss\u00edveis apresenta\u00e7\u00f5es em pisos e pisos de borracha para instala\u00e7\u00f5es desportivas e gin\u00e1sios.<\/strong> Desde pisos de <strong>borracha em rolos<\/strong> como azulejos de <strong>borracha,<\/strong>tudo, em diferentes tamanhos, espessuras e desenhos, podendo escolher tamb\u00e9m, entre os diferentes tipos de acabamentos, suaves, \u00e1speros, c\u00edrculos&#8230;<\/p>\n\t\t<\/div>\n\t<\/div>\n\t\n<\/div>\n\t\t<\/div>\n\t\t\t\t\t<\/div>\n\n\t\n<\/div>\n\n  \n    <div class=\"row large-columns-5 medium-columns-3 small-columns-2 row-normal has-shadow row-box-shadow-2 slider row-slider slider-nav-reveal\"  data-flickity-options='{&quot;imagesLoaded&quot;: true, &quot;groupCells&quot;: &quot;100%&quot;, &quot;dragThreshold&quot; : 5, &quot;cellAlign&quot;: &quot;left&quot;,&quot;wrapAround&quot;: true,&quot;prevNextButtons&quot;: true,&quot;percentPosition&quot;: true,&quot;pageDots&quot;: false, &quot;rightToLeft&quot;: false, &quot;autoPlay&quot; : false}' >\n\n  <div class=\"product-category col\" data-animate=\"fadeInUp\">\n            <div class=\"col-inner\">\n              <a aria-label=\"Visit product category Losetas infantiles\" href=\"https:\/\/suelosport.com\/pt-pt\/comprar\/losetas-infantiles-pt-pt\/\">                <div class=\"box box-category has-hover box-badge hover-dark \">\n                <div class=\"box-image\" >\n                  <div class=\"\" >\n                  <img loading=\"lazy\" decoding=\"async\" src=\"https:\/\/suelosport.com\/wp-content\/uploads\/2020\/10\/Losetas-infantiles-247x296.jpg\" alt=\"Losetas infantiles\" width=\"300\" height=\"300\" \/>                                                      <\/div>\n                <\/div>\n                <div class=\"box-text text-center\" >\n                  <div class=\"box-text-inner\">\n                      <h5 class=\"uppercase header-title\">\n                              Losetas infantiles                      <\/h5>\n                                            <p class=\"is-xsmall uppercase count \">\n\t                      8 Produtos                      <\/p>\n                                            \n                  <\/div>\n                <\/div>\n                <\/div>\n            <\/a>            <\/div>\n            <\/div><div class=\"product-category col\" data-animate=\"fadeInUp\">\n            <div class=\"col-inner\">\n              <a aria-label=\"Visit product category Placas de borracha\" href=\"https:\/\/suelosport.com\/pt-pt\/comprar\/losetas-de-caucho-pt-pt\/\">                <div class=\"box box-category has-hover box-badge hover-dark \">\n                <div class=\"box-image\" >\n                  <div class=\"\" >\n                  <img loading=\"lazy\" decoding=\"async\" src=\"https:\/\/suelosport.com\/wp-content\/uploads\/2022\/02\/loseta_caucho_alta_densidad_premium_50x50cm_4-247x296.jpg\" alt=\"Placas de borracha\" width=\"300\" height=\"300\" \/>                                                      <\/div>\n                <\/div>\n                <div class=\"box-text text-center\" >\n                  <div class=\"box-text-inner\">\n                      <h5 class=\"uppercase header-title\">\n                              Placas de borracha                      <\/h5>\n                                            <p class=\"is-xsmall uppercase count \">\n\t                      11 Produtos                      <\/p>\n                                            \n                  <\/div>\n                <\/div>\n                <\/div>\n            <\/a>            <\/div>\n            <\/div><div class=\"product-category col\" data-animate=\"fadeInUp\">\n            <div class=\"col-inner\">\n              <a aria-label=\"Visit product category Accesorios de instalaci\u00f3n suelos de Caucho\" href=\"https:\/\/suelosport.com\/pt-pt\/comprar\/accesorios-de-instalacion-suelos-de-caucho\/\">                <div class=\"box box-category has-hover box-badge hover-dark \">\n                <div class=\"box-image\" >\n                  <div class=\"\" >\n                  <img loading=\"lazy\" decoding=\"async\" src=\"https:\/\/suelosport.com\/wp-content\/uploads\/woocommerce-placeholder-247x296.png\" alt=\"Accesorios de instalaci\u00f3n suelos de Caucho\" width=\"300\" height=\"300\" \/>                                                      <\/div>\n                <\/div>\n                <div class=\"box-text text-center\" >\n                  <div class=\"box-text-inner\">\n                      <h5 class=\"uppercase header-title\">\n                              Accesorios de instalaci\u00f3n suelos de Caucho                      <\/h5>\n                                            <p class=\"is-xsmall uppercase count \">\n\t                      8 Produtos                      <\/p>\n                                            \n                  <\/div>\n                <\/div>\n                <\/div>\n            <\/a>            <\/div>\n            <\/div><div class=\"product-category col\" data-animate=\"fadeInUp\">\n            <div class=\"col-inner\">\n              <a aria-label=\"Visit product category Rollos de caucho\" href=\"https:\/\/suelosport.com\/pt-pt\/comprar\/rollos-de-caucho-pt-pt\/\">                <div class=\"box box-category has-hover box-badge hover-dark \">\n                <div class=\"box-image\" >\n                  <div class=\"\" >\n                  <img loading=\"lazy\" decoding=\"async\" src=\"https:\/\/suelosport.com\/wp-content\/uploads\/2020\/10\/Rollo-gimnasio-247x296.png\" alt=\"Rollos de caucho\" width=\"300\" height=\"300\" \/>                                                      <\/div>\n                <\/div>\n                <div class=\"box-text text-center\" >\n                  <div class=\"box-text-inner\">\n                      <h5 class=\"uppercase header-title\">\n                              Rollos de caucho                      <\/h5>\n                                            <p class=\"is-xsmall uppercase count \">\n\t                      6 Produtos                      <\/p>\n                                            \n                  <\/div>\n                <\/div>\n                <\/div>\n            <\/a>            <\/div>\n            <\/div><div class=\"product-category col\" data-animate=\"fadeInUp\">\n            <div class=\"col-inner\">\n              <a aria-label=\"Visit product category Caucho cont\u00ednuo\" href=\"https:\/\/suelosport.com\/pt-pt\/comprar\/caucho-continuo-pt-pt\/\">                <div class=\"box box-category has-hover box-badge hover-dark \">\n                <div class=\"box-image\" >\n                  <div class=\"\" >\n                  <img loading=\"lazy\" decoding=\"async\" src=\"https:\/\/suelosport.com\/wp-content\/uploads\/2018\/08\/suelo_caucho_continuo-247x296.jpg\" alt=\"Caucho cont\u00ednuo\" width=\"300\" height=\"300\" \/>                                                      <\/div>\n                <\/div>\n                <div class=\"box-text text-center\" >\n                  <div class=\"box-text-inner\">\n                      <h5 class=\"uppercase header-title\">\n                              Caucho cont\u00ednuo                      <\/h5>\n                                            <p class=\"is-xsmall uppercase count \">\n\t                      1 Produto                      <\/p>\n                                            \n                  <\/div>\n                <\/div>\n                <\/div>\n            <\/a>            <\/div>\n            <\/div><\/div>\n<div class=\"is-divider divider clearfix\" style=\"max-width:80px;background-color:rgba(0, 0, 0, 0);\"><\/div>\n<div class=\"row\"  id=\"row-434195496\">\r\n\r\n\n\t<div id=\"col-2129361082\" class=\"col small-12 large-12\"  >\n\t\t\t\t<div class=\"col-inner\"  >\n\t\t\t\n\t\t\t\r\n<h2>Piso de borracha para gin\u00e1sio<\/h2>\nCada desporto requer um tipo espec\u00edfico de solo com determinadas caracter\u00edsticas.\n\nNo <a href=\"https:\/\/suelosport.com\/pt-pt\/\">\n  <strong>SUELOSPORT<\/strong>\n<\/a> temos a maior variedade em piso de borracha <strong>para gin\u00e1sios,<\/strong>que voc\u00ea pode encontrar em rolos e azulejos para que voc\u00ea possa escolher qualquer tipo de <strong>piso <\/strong>de borracha para o desenvolvimento de qualquer atividade desportiva ou de lazer que voc\u00ea precisa.\n\nDentro da ampla gama de modelos e cores pode escolher entre as diferentes op\u00e7\u00f5es para o piso de gin\u00e1sio de <strong>borracha,<\/strong> dependendo da sua densidade, dureza, for\u00e7a, espessura, etc., nas medi\u00e7\u00f5es que voc\u00ea precisa, quer em rolos ou azulejos.\n\nTodos os modelos de pisos de gin\u00e1sio que <strong>oferecemos da SUELOSPORT,<\/strong> s\u00e3o <strong>pisos de borracha n\u00e3o escorregador da<\/strong> mais alta qualidade, cumprindo todos os padr\u00f5es exigidos de acordo com as normas em vigor para garantir a seguran\u00e7a de todos os seus utilizadores.\n\n<hr>\n<p style=\"text-align: center;\"><span style=\"font-size: 115%; text-align: center;\">Conhe\u00e7a a nossa nova<\/span> sec\u00e7\u00e3o <a style=\"font-size: 115%; text-align: center;\" href=\"https:\/\/suelosport.com\/pt-pt\/comprar\/suelo-vinilico-pt-pt\/\">de pavimentos em<\/a> vinil<\/p>\n\n<h3>Al\u00e9m dos pisos de borracha para gin\u00e1sio, poder\u00e1 estar interessado em:<\/h3>\n<div class=\"row\"  id=\"row-1222404106\">\n\n\n\t<div id=\"col-1806839382\" class=\"col medium-4 small-12 large-4\"  >\n\t\t\t\t<div class=\"col-inner\"  >\n\t\t\t\n\t\t\t\n<h4 style=\"text-align: center;\"><a href=\"https:\/\/suelosport.com\/pt-pt\/comprar\/suelos-de-goma-pt-pt\/\">Pisos de gin\u00e1stica de borracha<\/a><\/h4>\n\t\t<\/div>\n\t\t\t\t\t<\/div>\n\n\t\n\n\t<div id=\"col-2128529044\" class=\"col medium-4 small-12 large-4\"  >\n\t\t\t\t<div class=\"col-inner\"  >\n\t\t\t\n\t\t\t\n<h4 style=\"text-align: center;\"><a href=\"https:\/\/suelosport.com\/pt-pt\/comprar\/tatamis-pt-pt\/\">Rio Tatamis<\/a><\/h4>\n\t\t<\/div>\n\t\t\t\t\t<\/div>\n\n\t\n\n\t<div id=\"col-2080796478\" class=\"col medium-4 small-12 large-4\"  >\n\t\t\t\t<div class=\"col-inner\"  >\n\t\t\t\n\t\t\t\n<h4 style=\"text-align: center;\"><a href=\"https:\/\/suelosport.com\/pt-pt\/comprar\/cesped-artificial-para-gimnasios-pt-pt\/\">Gramado artificial para gin\u00e1sios<\/a><\/h4>\n\t\t<\/div>\n\t\t\t\t\t<\/div>\n\n\t\n\n<\/div>\r\n\r\n\t\t<\/div>\n\t\t\t\t\t<\/div>\n\n\t\r\n<p style=\"text-align: left;\"><\/div>\r\n<div class=\"is-divider divider clearfix\" style=\"max-width:60px;background-color:rgba(0, 0, 0, 0);\"><\/div><\/p>\n","protected":false},"excerpt":{"rendered":"","protected":false},"author":19,"featured_media":48346,"parent":0,"menu_order":0,"comment_status":"closed","ping_status":"closed","template":"page-blank.php","meta":{"inline_featured_image":false,"footnotes":""},"class_list":["post-29980","page","type-page","status-publish","has-post-thumbnail","hentry"],"yoast_head":"<!-- This site is optimized with the Yoast SEO plugin v27.1.1 - https:\/\/yoast.com\/product\/yoast-seo-wordpress\/ -->\n<title>Gin\u00e1sios de pisos de borracha e instala\u00e7\u00f5es desportivas. SUELOSPORT<\/title>\n<meta name=\"description\" content=\"Escolha o piso de borracha para gin\u00e1sio com base na sua densidade, dureza, for\u00e7a, espessura, etc., nas medi\u00e7\u00f5es necess\u00e1rias, em rolos ou azulejos.\" \/>\n<meta name=\"robots\" content=\"index, follow, max-snippet:-1, max-image-preview:large, max-video-preview:-1\" \/>\n<link rel=\"canonical\" href=\"https:\/\/suelosport.com\/pt-pt\/pisos-de-borracha-2\/\" \/>\n<meta property=\"og:locale\" content=\"pt_PT\" \/>\n<meta property=\"og:type\" content=\"article\" \/>\n<meta property=\"og:title\" content=\"Gin\u00e1sios de pisos de borracha e instala\u00e7\u00f5es desportivas. SUELOSPORT\" \/>\n<meta property=\"og:description\" content=\"Escolha o piso de borracha para gin\u00e1sio com base na sua densidade, dureza, for\u00e7a, espessura, etc., nas medi\u00e7\u00f5es necess\u00e1rias, em rolos ou azulejos.\" \/>\n<meta property=\"og:url\" content=\"https:\/\/suelosport.com\/pt-pt\/pisos-de-borracha-2\/\" \/>\n<meta property=\"og:site_name\" content=\"Suelosport - Suelos Deportivos\" \/>\n<meta property=\"article:publisher\" content=\"https:\/\/www.facebook.com\/Suelosport-2042694182686080\/\" \/>\n<meta property=\"article:modified_time\" content=\"2020-11-16T12:02:02+00:00\" \/>\n<meta name=\"twitter:card\" content=\"summary_large_image\" \/>\n<meta name=\"twitter:label1\" content=\"Tempo estimado de leitura\" \/>\n\t<meta name=\"twitter:data1\" content=\"1 minuto\" \/>\n<script type=\"application\/ld+json\" class=\"yoast-schema-graph\">{\"@context\":\"https:\/\/schema.org\",\"@graph\":[{\"@type\":\"WebPage\",\"@id\":\"https:\/\/suelosport.com\/pt-pt\/pisos-de-borracha-2\/\",\"url\":\"https:\/\/suelosport.com\/pt-pt\/pisos-de-borracha-2\/\",\"name\":\"Gin\u00e1sios de pisos de borracha e instala\u00e7\u00f5es desportivas. SUELOSPORT\",\"isPartOf\":{\"@id\":\"https:\/\/suelosport.com\/pt-pt\/#website\"},\"primaryImageOfPage\":{\"@id\":\"https:\/\/suelosport.com\/pt-pt\/pisos-de-borracha-2\/#primaryimage\"},\"image\":{\"@id\":\"https:\/\/suelosport.com\/pt-pt\/pisos-de-borracha-2\/#primaryimage\"},\"thumbnailUrl\":\"https:\/\/suelosport.com\/wp-content\/uploads\/2020\/03\/losetas_de_caucho_de_100x100x2_cm_negras-1.jpg\",\"datePublished\":\"2020-11-16T12:01:58+00:00\",\"dateModified\":\"2020-11-16T12:02:02+00:00\",\"description\":\"Escolha o piso de borracha para gin\u00e1sio com base na sua densidade, dureza, for\u00e7a, espessura, etc., nas medi\u00e7\u00f5es necess\u00e1rias, em rolos ou azulejos.\",\"breadcrumb\":{\"@id\":\"https:\/\/suelosport.com\/pt-pt\/pisos-de-borracha-2\/#breadcrumb\"},\"inLanguage\":\"pt-PT\",\"potentialAction\":[{\"@type\":\"ReadAction\",\"target\":[\"https:\/\/suelosport.com\/pt-pt\/pisos-de-borracha-2\/\"]}]},{\"@type\":\"ImageObject\",\"inLanguage\":\"pt-PT\",\"@id\":\"https:\/\/suelosport.com\/pt-pt\/pisos-de-borracha-2\/#primaryimage\",\"url\":\"https:\/\/suelosport.com\/wp-content\/uploads\/2020\/03\/losetas_de_caucho_de_100x100x2_cm_negras-1.jpg\",\"contentUrl\":\"https:\/\/suelosport.com\/wp-content\/uploads\/2020\/03\/losetas_de_caucho_de_100x100x2_cm_negras-1.jpg\",\"width\":1200,\"height\":900,\"caption\":\"suelo de patio recubierto con losetas de caucho de color negro.\"},{\"@type\":\"BreadcrumbList\",\"@id\":\"https:\/\/suelosport.com\/pt-pt\/pisos-de-borracha-2\/#breadcrumb\",\"itemListElement\":[{\"@type\":\"ListItem\",\"position\":1,\"name\":\"Portada\",\"item\":\"https:\/\/suelosport.com\/pt-pt\/\"},{\"@type\":\"ListItem\",\"position\":2,\"name\":\"Pisos de borracha\"}]},{\"@type\":\"WebSite\",\"@id\":\"https:\/\/suelosport.com\/pt-pt\/#website\",\"url\":\"https:\/\/suelosport.com\/pt-pt\/\",\"name\":\"Suelosport - Suelos Deportivos\",\"description\":\"Suelos para gimnasios, suelos de goma, losetas y suelos antideslizantes\",\"publisher\":{\"@id\":\"https:\/\/suelosport.com\/pt-pt\/#organization\"},\"potentialAction\":[{\"@type\":\"SearchAction\",\"target\":{\"@type\":\"EntryPoint\",\"urlTemplate\":\"https:\/\/suelosport.com\/pt-pt\/?s={search_term_string}\"},\"query-input\":{\"@type\":\"PropertyValueSpecification\",\"valueRequired\":true,\"valueName\":\"search_term_string\"}}],\"inLanguage\":\"pt-PT\"},{\"@type\":\"Organization\",\"@id\":\"https:\/\/suelosport.com\/pt-pt\/#organization\",\"name\":\"Suelosport\",\"url\":\"https:\/\/suelosport.com\/pt-pt\/\",\"logo\":{\"@type\":\"ImageObject\",\"inLanguage\":\"pt-PT\",\"@id\":\"https:\/\/suelosport.com\/pt-pt\/#\/schema\/logo\/image\/\",\"url\":\"https:\/\/suelosport.com\/wp-content\/uploads\/2018\/03\/logo-suelosport.png\",\"contentUrl\":\"https:\/\/suelosport.com\/wp-content\/uploads\/2018\/03\/logo-suelosport.png\",\"width\":300,\"height\":67,\"caption\":\"Suelosport\"},\"image\":{\"@id\":\"https:\/\/suelosport.com\/pt-pt\/#\/schema\/logo\/image\/\"},\"sameAs\":[\"https:\/\/www.facebook.com\/Suelosport-2042694182686080\/\",\"https:\/\/www.linkedin.com\/company\/suelosport\/\",\"https:\/\/www.youtube.com\/channel\/UC1eoryUxD4Fw7f1m5wx_vFg?view_as=subscriber\"]}]}<\/script>\n<!-- \/ Yoast SEO plugin. -->","yoast_head_json":{"title":"Gin\u00e1sios de pisos de borracha e instala\u00e7\u00f5es desportivas. SUELOSPORT","description":"Escolha o piso de borracha para gin\u00e1sio com base na sua densidade, dureza, for\u00e7a, espessura, etc., nas medi\u00e7\u00f5es necess\u00e1rias, em rolos ou azulejos.","robots":{"index":"index","follow":"follow","max-snippet":"max-snippet:-1","max-image-preview":"max-image-preview:large","max-video-preview":"max-video-preview:-1"},"canonical":"https:\/\/suelosport.com\/pt-pt\/pisos-de-borracha-2\/","og_locale":"pt_PT","og_type":"article","og_title":"Gin\u00e1sios de pisos de borracha e instala\u00e7\u00f5es desportivas. SUELOSPORT","og_description":"Escolha o piso de borracha para gin\u00e1sio com base na sua densidade, dureza, for\u00e7a, espessura, etc., nas medi\u00e7\u00f5es necess\u00e1rias, em rolos ou azulejos.","og_url":"https:\/\/suelosport.com\/pt-pt\/pisos-de-borracha-2\/","og_site_name":"Suelosport - Suelos Deportivos","article_publisher":"https:\/\/www.facebook.com\/Suelosport-2042694182686080\/","article_modified_time":"2020-11-16T12:02:02+00:00","twitter_card":"summary_large_image","twitter_misc":{"Tempo estimado de leitura":"1 minuto"},"schema":{"@context":"https:\/\/schema.org","@graph":[{"@type":"WebPage","@id":"https:\/\/suelosport.com\/pt-pt\/pisos-de-borracha-2\/","url":"https:\/\/suelosport.com\/pt-pt\/pisos-de-borracha-2\/","name":"Gin\u00e1sios de pisos de borracha e instala\u00e7\u00f5es desportivas. SUELOSPORT","isPartOf":{"@id":"https:\/\/suelosport.com\/pt-pt\/#website"},"primaryImageOfPage":{"@id":"https:\/\/suelosport.com\/pt-pt\/pisos-de-borracha-2\/#primaryimage"},"image":{"@id":"https:\/\/suelosport.com\/pt-pt\/pisos-de-borracha-2\/#primaryimage"},"thumbnailUrl":"https:\/\/suelosport.com\/wp-content\/uploads\/2020\/03\/losetas_de_caucho_de_100x100x2_cm_negras-1.jpg","datePublished":"2020-11-16T12:01:58+00:00","dateModified":"2020-11-16T12:02:02+00:00","description":"Escolha o piso de borracha para gin\u00e1sio com base na sua densidade, dureza, for\u00e7a, espessura, etc., nas medi\u00e7\u00f5es necess\u00e1rias, em rolos ou azulejos.","breadcrumb":{"@id":"https:\/\/suelosport.com\/pt-pt\/pisos-de-borracha-2\/#breadcrumb"},"inLanguage":"pt-PT","potentialAction":[{"@type":"ReadAction","target":["https:\/\/suelosport.com\/pt-pt\/pisos-de-borracha-2\/"]}]},{"@type":"ImageObject","inLanguage":"pt-PT","@id":"https:\/\/suelosport.com\/pt-pt\/pisos-de-borracha-2\/#primaryimage","url":"https:\/\/suelosport.com\/wp-content\/uploads\/2020\/03\/losetas_de_caucho_de_100x100x2_cm_negras-1.jpg","contentUrl":"https:\/\/suelosport.com\/wp-content\/uploads\/2020\/03\/losetas_de_caucho_de_100x100x2_cm_negras-1.jpg","width":1200,"height":900,"caption":"suelo de patio recubierto con losetas de caucho de color negro."},{"@type":"BreadcrumbList","@id":"https:\/\/suelosport.com\/pt-pt\/pisos-de-borracha-2\/#breadcrumb","itemListElement":[{"@type":"ListItem","position":1,"name":"Portada","item":"https:\/\/suelosport.com\/pt-pt\/"},{"@type":"ListItem","position":2,"name":"Pisos de borracha"}]},{"@type":"WebSite","@id":"https:\/\/suelosport.com\/pt-pt\/#website","url":"https:\/\/suelosport.com\/pt-pt\/","name":"Suelosport - Suelos Deportivos","description":"Suelos para gimnasios, suelos de goma, losetas y suelos antideslizantes","publisher":{"@id":"https:\/\/suelosport.com\/pt-pt\/#organization"},"potentialAction":[{"@type":"SearchAction","target":{"@type":"EntryPoint","urlTemplate":"https:\/\/suelosport.com\/pt-pt\/?s={search_term_string}"},"query-input":{"@type":"PropertyValueSpecification","valueRequired":true,"valueName":"search_term_string"}}],"inLanguage":"pt-PT"},{"@type":"Organization","@id":"https:\/\/suelosport.com\/pt-pt\/#organization","name":"Suelosport","url":"https:\/\/suelosport.com\/pt-pt\/","logo":{"@type":"ImageObject","inLanguage":"pt-PT","@id":"https:\/\/suelosport.com\/pt-pt\/#\/schema\/logo\/image\/","url":"https:\/\/suelosport.com\/wp-content\/uploads\/2018\/03\/logo-suelosport.png","contentUrl":"https:\/\/suelosport.com\/wp-content\/uploads\/2018\/03\/logo-suelosport.png","width":300,"height":67,"caption":"Suelosport"},"image":{"@id":"https:\/\/suelosport.com\/pt-pt\/#\/schema\/logo\/image\/"},"sameAs":["https:\/\/www.facebook.com\/Suelosport-2042694182686080\/","https:\/\/www.linkedin.com\/company\/suelosport\/","https:\/\/www.youtube.com\/channel\/UC1eoryUxD4Fw7f1m5wx_vFg?view_as=subscriber"]}]}},"_links":{"self":[{"href":"https:\/\/suelosport.com\/pt-pt\/wp-json\/wp\/v2\/pages\/29980","targetHints":{"allow":["GET"]}}],"collection":[{"href":"https:\/\/suelosport.com\/pt-pt\/wp-json\/wp\/v2\/pages"}],"about":[{"href":"https:\/\/suelosport.com\/pt-pt\/wp-json\/wp\/v2\/types\/page"}],"author":[{"embeddable":true,"href":"https:\/\/suelosport.com\/pt-pt\/wp-json\/wp\/v2\/users\/19"}],"replies":[{"embeddable":true,"href":"https:\/\/suelosport.com\/pt-pt\/wp-json\/wp\/v2\/comments?post=29980"}],"version-history":[{"count":2,"href":"https:\/\/suelosport.com\/pt-pt\/wp-json\/wp\/v2\/pages\/29980\/revisions"}],"predecessor-version":[{"id":29991,"href":"https:\/\/suelosport.com\/pt-pt\/wp-json\/wp\/v2\/pages\/29980\/revisions\/29991"}],"wp:featuredmedia":[{"embeddable":true,"href":"https:\/\/suelosport.com\/pt-pt\/wp-json\/wp\/v2\/media\/48346"}],"wp:attachment":[{"href":"https:\/\/suelosport.com\/pt-pt\/wp-json\/wp\/v2\/media?parent=29980"}],"curies":[{"name":"wp","href":"https:\/\/api.w.org\/{rel}","templated":true}]}}