{"id":29712,"date":"2020-11-16T13:01:13","date_gmt":"2020-11-16T12:01:13","guid":{"rendered":"https:\/\/suelosport.com\/pisos-de-borracha\/"},"modified":"2020-11-16T13:01:17","modified_gmt":"2020-11-16T12:01:17","slug":"pisos-de-borracha","status":"publish","type":"page","link":"https:\/\/suelosport.com\/pt-pt\/pisos-de-borracha\/","title":{"rendered":"Pisos de borracha"},"content":{"rendered":"  <div id=\"page-header-727113484\" class=\"page-header-wrapper\">\n  <div class=\"page-title dark simple-title\">\n\n        <div class=\"page-title-bg\">\n      <div class=\"title-bg fill bg-fill\"\n        data-parallax-container=\".page-title\"\n        data-parallax-background\n        data-parallax=\"-\">\n      <\/div>\n      <div class=\"title-overlay fill\"><\/div>\n    <\/div>\n    \n    <div class=\"page-title-inner container align-center text-center flex-row-col medium-flex-wrap\" >\n              <div class=\"title-wrapper flex-col\">\n          <h1 class=\"entry-title mb-0\">\n            Pisos de borracha          <\/h1>\n        <\/div>\n                    <div class=\"title-content flex-col\">\n        <div class=\"title-breadcrumbs pb-half pt-half\"><nav class=\"woocommerce-breadcrumb breadcrumbs uppercase\" aria-label=\"Breadcrumb\">In\u00edcio<\/nav><\/div>      <\/div>\n    <\/div>\n\n     \n<style>\n#page-header-727113484 .title-overlay {\n  background-color: rgb(162, 171, 183);\n}\n#page-header-727113484 {\n  background-color: rgb(162, 171, 183);\n}\n<\/style>\n  <\/div>\n    <\/div>\n  \n<div class=\"is-divider divider clearfix\" style=\"max-width:80px;background-color:rgba(0, 0, 0, 0);\"><\/div>\n<div class=\"row\"  id=\"row-1612213367\">\n\n\t<div id=\"col-1158636510\" class=\"col small-12 large-12\"  >\n\t\t\t\t<div class=\"col-inner\"  >\n\t\t\t\n\t\t\t\n<div class=\"accordion\">\n\t<div id=\"accordion-4156234896\" class=\"accordion-item\">\n\t\t<a id=\"accordion-4156234896-label\" class=\"accordion-title plain\" href=\"#accordion-item-ver-informa\u00e7\u00f5es\" aria-expanded=\"false\" aria-controls=\"accordion-4156234896-content\">\n\t\t\t<button class=\"toggle\" aria-label=\"Toggle\"><i class=\"icon-angle-down\" aria-hidden=\"true\"><\/i><\/button>\n\t\t\t<span>Ver informa\u00e7\u00f5es<\/span>\n\t\t<\/a>\n\t\t<div id=\"accordion-4156234896-content\" class=\"accordion-inner\" aria-labelledby=\"accordion-4156234896-label\">\n\t\t\t\n<h2><strong>Pisos de borracha para instala\u00e7\u00f5es desportivas<\/strong><\/h2>\n<p>Os <strong>pisos<\/strong> de borracha t\u00eam borracha como componente principal. Para al\u00e9m da borracha natural da seiva de algumas plantas, hoje em dia a borracha pode ser produzida sinteticamente e desde muito tempo tem havido muitos usos que lhe foram dados, tornando-se atualmente um dos materiais mais utilizados em alguns sectores da ind\u00fastria.<\/p>\n<p>Entre as suas caracter\u00edsticas, a borracha destaca-se pela sua repelle de \u00e1gua e atua como isolante para altera\u00e7\u00f5es de temperatura e eletricidade<\/p>\n<p>Uma caracter\u00edstica da borracha \u00e9 que pode ser facilmente reciclado e <strong>transformado em <\/strong>borracha, tornando-se assim um dos pisos de borracha<strong> mais utilizados <\/strong>em \u00e1reas como instala\u00e7\u00f5es desportivas, gin\u00e1sios, escolas, piscinas, etc.<\/p>\n<h3><strong>Piso de borracha para uma infinidade de usos e aplica\u00e7\u00f5es<\/strong><\/h3>\n<p>O piso de borracha caracteriza-se pela sua versatilidade, facilidade de montagem e respeito pelo meio ambiente.<\/p>\n<p>Este tipo de solo tem muitas utiliza\u00e7\u00f5es poss\u00edveis, tanto em instala\u00e7\u00f5es desportivas, \u00e1reas de lazer, al\u00e9m de ind\u00fastria e usos dom\u00e9sticos, como \u00e1reas desportivas, hospitais, na ind\u00fastria alimentar, cantinas, escolas e viveiros, uso dom\u00e9stico em p\u00e1tios, telhados, etc.<\/p>\n<p>A oferta extensiva de pisos de borracha <strong>antiderrapante,<\/strong>tanto em rolos como em placas de borracha e seus <strong>diferentes<\/strong> tipos de apresenta\u00e7\u00e3o \u2013 c\u00edrculos, damas, rodap\u00e9 \u2013 permite-nos oferecer-lhe o tipo de piso que melhor se adequa \u00e0s suas necessidades.<\/p>\n<h2><strong>Tipos de pisos de borracha em SUELOSPORT<\/strong><\/h2>\n<p>Escolha o tipo de piso que melhor se adapte \u00e0s suas necessidades:<\/p>\n<h3><span style=\"font-size: 90%\"><strong>Piso de borracha em rolos<\/strong><\/span><\/h3>\n<ul>\n<li>Os <strong><br \/>\n  <em>pavimentos dos c\u00edrculos: que<\/em><br \/>\n<\/strong> pode adquirir por medidor linear como em rolos e em cores diferentes.<\/li>\n<li><strong><br \/>\n  <em>Verificador de piso de borracha: com<\/em><br \/>\n<\/strong> desenhos e dispon\u00edvel por medidor linear e em rolos.<\/li>\n<li><strong><br \/>\n  <em>Pisos de sop\u00e9 com linhas longitudinais: para evitar <\/em><br \/>\n<\/strong>deslizes, tamb\u00e9m dispon\u00edveis por medidor linear e em rolos.<\/li>\n<\/ul>\n<h3><strong><span style=\"font-size: 90%\">Piso de borracha em placas<\/span><\/strong><\/h3>\n<ul>\n<li><strong><br \/>\n  <em>Placas de borracha SBR: lisas<\/em><br \/>\n<\/strong> e de v\u00e1rias espessuras, que pode comprar tanto por medidores lineares como em rolos.<\/li>\n<li><strong><br \/>\n  <em>Tapete alveolar de borracha: rolos<\/em><br \/>\n<\/strong> dispon\u00edveis e por metro.<\/li>\n<li><strong><br \/>\n  <em>Felpudos de espeto de borracha: para<\/em><br \/>\n<\/strong> zonas de entrada por metro linear e rolos.<\/li>\n<\/ul>\n\t\t<\/div>\n\t<\/div>\n\t\n<\/div>\n\t\t<\/div>\n\t\t\t\t\t<\/div>\n\n\t\n<\/div>\n\n  \n    <div class=\"row large-columns-5 medium-columns-3 small-columns-2 row-normal has-shadow row-box-shadow-1 slider row-slider slider-nav-reveal\"  data-flickity-options='{&quot;imagesLoaded&quot;: true, &quot;groupCells&quot;: &quot;100%&quot;, &quot;dragThreshold&quot; : 5, &quot;cellAlign&quot;: &quot;left&quot;,&quot;wrapAround&quot;: true,&quot;prevNextButtons&quot;: true,&quot;percentPosition&quot;: true,&quot;pageDots&quot;: false, &quot;rightToLeft&quot;: false, &quot;autoPlay&quot; : false}' >\n\n  <div class=\"product-category col\" data-animate=\"fadeInUp\">\n            <div class=\"col-inner\">\n              <a aria-label=\"Visit product category Accesorios de instalaci\u00f3n\" href=\"https:\/\/suelosport.com\/pt-pt\/comprar\/accesorios-de-instalacion\/\">                <div class=\"box box-category has-hover box-badge hover-dark \">\n                <div class=\"box-image\" >\n                  <div class=\"\" >\n                  <img loading=\"lazy\" decoding=\"async\" src=\"https:\/\/suelosport.com\/wp-content\/uploads\/2020\/10\/cola-bicomponente-247x296.jpg\" alt=\"Accesorios de instalaci\u00f3n\" width=\"300\" height=\"300\" \/>                                                      <\/div>\n                <\/div>\n                <div class=\"box-text text-center is-small\" >\n                  <div class=\"box-text-inner\">\n                      <h5 class=\"uppercase header-title\">\n                              Accesorios de instalaci\u00f3n                      <\/h5>\n                                            <p class=\"is-xsmall uppercase count \">\n\t                      8 Produtos                      <\/p>\n                                            \n                  <\/div>\n                <\/div>\n                <\/div>\n            <\/a>            <\/div>\n            <\/div><div class=\"product-category col\" data-animate=\"fadeInUp\">\n            <div class=\"col-inner\">\n              <a aria-label=\"Visit product category Pavimentos checker\" href=\"https:\/\/suelosport.com\/pt-pt\/comprar\/suelos-checker-pt-pt\/\">                <div class=\"box box-category has-hover box-badge hover-dark \">\n                <div class=\"box-image\" >\n                  <div class=\"\" >\n                  <img loading=\"lazy\" decoding=\"async\" src=\"https:\/\/suelosport.com\/wp-content\/uploads\/2020\/10\/Checker-247x296.jpg\" alt=\"Pavimentos checker\" width=\"300\" height=\"300\" \/>                                                      <\/div>\n                <\/div>\n                <div class=\"box-text text-center is-small\" >\n                  <div class=\"box-text-inner\">\n                      <h5 class=\"uppercase header-title\">\n                              Pavimentos checker                      <\/h5>\n                                            <p class=\"is-xsmall uppercase count \">\n\t                      2 Produtos                      <\/p>\n                                            \n                  <\/div>\n                <\/div>\n                <\/div>\n            <\/a>            <\/div>\n            <\/div><div class=\"product-category col\" data-animate=\"fadeInUp\">\n            <div class=\"col-inner\">\n              <a aria-label=\"Visit product category Pavimento estriado\" href=\"https:\/\/suelosport.com\/pt-pt\/comprar\/suelos-estribera-pt-pt\/\">                <div class=\"box box-category has-hover box-badge hover-dark \">\n                <div class=\"box-image\" >\n                  <div class=\"\" >\n                  <img loading=\"lazy\" decoding=\"async\" src=\"https:\/\/suelosport.com\/wp-content\/uploads\/2020\/10\/Suelo-estribera-247x296.png\" alt=\"Pavimento estriado\" width=\"300\" height=\"300\" \/>                                                      <\/div>\n                <\/div>\n                <div class=\"box-text text-center is-small\" >\n                  <div class=\"box-text-inner\">\n                      <h5 class=\"uppercase header-title\">\n                              Pavimento estriado                      <\/h5>\n                                            <p class=\"is-xsmall uppercase count \">\n\t                      4 Produtos                      <\/p>\n                                            \n                  <\/div>\n                <\/div>\n                <\/div>\n            <\/a>            <\/div>\n            <\/div><div class=\"product-category col\" data-animate=\"fadeInUp\">\n            <div class=\"col-inner\">\n              <a aria-label=\"Visit product category Planchas de goma\" href=\"https:\/\/suelosport.com\/pt-pt\/comprar\/planchas-de-goma-pt-pt\/\">                <div class=\"box box-category has-hover box-badge hover-dark \">\n                <div class=\"box-image\" >\n                  <div class=\"\" >\n                  <img loading=\"lazy\" decoding=\"async\" src=\"https:\/\/suelosport.com\/wp-content\/uploads\/2020\/10\/Planchas-de-goma-247x296.jpg\" alt=\"Planchas de goma\" width=\"300\" height=\"300\" \/>                                                      <\/div>\n                <\/div>\n                <div class=\"box-text text-center is-small\" >\n                  <div class=\"box-text-inner\">\n                      <h5 class=\"uppercase header-title\">\n                              Planchas de goma                      <\/h5>\n                                            <p class=\"is-xsmall uppercase count \">\n\t                      4 Produtos                      <\/p>\n                                            \n                  <\/div>\n                <\/div>\n                <\/div>\n            <\/a>            <\/div>\n            <\/div><div class=\"product-category col\" data-animate=\"fadeInUp\">\n            <div class=\"col-inner\">\n              <a aria-label=\"Visit product category Suelo de c\u00edrculos\" href=\"https:\/\/suelosport.com\/pt-pt\/comprar\/suelo-de-circulos-pt-pt\/\">                <div class=\"box box-category has-hover box-badge hover-dark \">\n                <div class=\"box-image\" >\n                  <div class=\"\" >\n                  <img loading=\"lazy\" decoding=\"async\" src=\"https:\/\/suelosport.com\/wp-content\/uploads\/2020\/10\/Suelo-de-circulos-247x296.jpg\" alt=\"Suelo de c\u00edrculos\" width=\"300\" height=\"300\" \/>                                                      <\/div>\n                <\/div>\n                <div class=\"box-text text-center is-small\" >\n                  <div class=\"box-text-inner\">\n                      <h5 class=\"uppercase header-title\">\n                              Suelo de c\u00edrculos                      <\/h5>\n                                            <p class=\"is-xsmall uppercase count \">\n\t                      6 Produtos                      <\/p>\n                                            \n                  <\/div>\n                <\/div>\n                <\/div>\n            <\/a>            <\/div>\n            <\/div><\/div>\n<div class=\"is-divider divider clearfix\" style=\"max-width:80px;background-color:rgba(0, 0, 0, 0);\"><\/div>\n<div class=\"row\"  id=\"row-934158128\">\r\n\r\n\n\t<div id=\"col-601101715\" class=\"col small-12 large-12\"  >\n\t\t\t\t<div class=\"col-inner\"  >\n\t\t\t\n\t\t\t\r\n<h2>Pisos de borracha para gin\u00e1sios<\/h2>\nO uso <strong>de pisos de borracha em gin\u00e1sios<\/strong> \u00e9 um dos usos mais frequentes para borracha.\n\nOs <strong>pisos de borracha para gin\u00e1sios <\/strong>que, a partir da oferta SUELOSPORT, podem ser utilizados em \u00e1reas intermin\u00e1veis dentro das suas instala\u00e7\u00f5es desportivas. N\u00e3o s\u00f3 em \u00e1reas de treino ou em \u00e1reas de elevada carga de trabalho, mas tamb\u00e9m em \u00e1reas de entrada para os gin\u00e1sios, corredores, balne\u00e1rios, rece\u00e7\u00e3o, etc.\n\n\u00c9 um tipo de piso de <strong>borracha antiderrapante<\/strong> especialmente adequado para gin\u00e1sios, para a pr\u00e1tica de atividades desportivas neles, devido \u00e0s suas caracter\u00edsticas de elasticidade, sua forte resist\u00eancia e absor\u00e7\u00e3o de choques, al\u00e9m de ser um excelente isolamento ac\u00fastico e duradouro.\n\nMuito f\u00e1cil de limpar e instalar, a SUELOSPORT tem uma grande variedade de modelos, desde o  <strong>placas de borracha SBR lisas que variam de<\/strong> 1 mm a 40 mm de espessura, at\u00e9 os chamados  <strong>solos de c\u00edrculos, rodap\u00e9 ou verificador,<\/strong>bem como alveolar, anti-fadiga e drenos de \u00e1gua.\n\n<hr>\n<p style=\"text-align: center;\"><span style=\"font-size: 115%;\">VISITE A NOSSA NOVA SEC\u00c7\u00c3O: <strong> <a href=\"https:\/\/suelosport.com\/pt-pt\/comprar\/suelo-vinilico-pt-pt\/\">PISOS DE VINIL<\/a>\n  \n<\/strong><\/span><\/p>\n\n<h3>Al\u00e9m dos pisos de borracha para gin\u00e1sio, poder\u00e1 tamb\u00e9m estar interessado em:<\/h3>\n<div class=\"row\"  id=\"row-1313884481\">\n\n\n\t<div id=\"col-843675604\" class=\"col medium-4 small-12 large-4\"  >\n\t\t\t\t<div class=\"col-inner\"  >\n\t\t\t\n\t\t\t\n<h4 style=\"text-align: center;\"><a href=\"https:\/\/suelosport.com\/suelos-de-caucho\/\">Pisos de borracha<\/a><\/h4>\n\t\t<\/div>\n\t\t\t\t\t<\/div>\n\n\t\n\n\t<div id=\"col-1208252896\" class=\"col medium-4 small-12 large-4\"  >\n\t\t\t\t<div class=\"col-inner\"  >\n\t\t\t\n\t\t\t\n<h4 style=\"text-align: center;\"><a href=\"https:\/\/suelosport.com\/pt-pt\/comprar\/tatamis-pt-pt\/\">Tatamis Rubber EVA<\/a><\/h4>\n\t\t<\/div>\n\t\t\t\t\t<\/div>\n\n\t\n\n\t<div id=\"col-424204469\" class=\"col medium-4 small-12 large-4\"  >\n\t\t\t\t<div class=\"col-inner\"  >\n\t\t\t\n\t\t\t\n<h4 style=\"text-align: center;\"><a href=\"https:\/\/suelosport.com\/pt-pt\/comprar\/cesped-artificial-para-gimnasios-pt-pt\/\">Pavimentos artificiais de relva<\/a><\/h4>\n\t\t<\/div>\n\t\t\t\t\t<\/div>\n\n\t\n\n<\/div>\r\n\r\n\t\t<\/div>\n\t\t\t\t\t<\/div>\n\n\t\r\n\r\n<\/div>\r\n<div class=\"is-divider divider clearfix\" style=\"max-width:60px;background-color:rgba(0, 0, 0, 0);\"><\/div>\n","protected":false},"excerpt":{"rendered":"","protected":false},"author":19,"featured_media":0,"parent":0,"menu_order":0,"comment_status":"closed","ping_status":"closed","template":"page-blank.php","meta":{"inline_featured_image":false,"footnotes":""},"class_list":["post-29712","page","type-page","status-publish","hentry"],"yoast_head":"<!-- This site is optimized with the Yoast SEO plugin v27.4 - https:\/\/yoast.com\/product\/yoast-seo-wordpress\/ -->\n<title>Pisos de borracha. Pisos esportivos SUELOSPORT<\/title>\n<meta name=\"description\" content=\"Loja online de pisos de borracha para gin\u00e1sios, instala\u00e7\u00f5es desportivas, \u00e1reas industriais, hospitais, escolas, guardas. Comprar por metros ou rolos\" \/>\n<meta name=\"robots\" content=\"index, follow, max-snippet:-1, max-image-preview:large, max-video-preview:-1\" \/>\n<link rel=\"canonical\" href=\"https:\/\/suelosport.com\/pt-pt\/pisos-de-borracha\/\" \/>\n<meta property=\"og:locale\" content=\"pt_PT\" \/>\n<meta property=\"og:type\" content=\"article\" \/>\n<meta property=\"og:title\" content=\"Pisos de borracha. Pisos esportivos SUELOSPORT\" \/>\n<meta property=\"og:description\" content=\"Loja online de pisos de borracha para gin\u00e1sios, instala\u00e7\u00f5es desportivas, \u00e1reas industriais, hospitais, escolas, guardas. Comprar por metros ou rolos\" \/>\n<meta property=\"og:url\" content=\"https:\/\/suelosport.com\/pt-pt\/pisos-de-borracha\/\" \/>\n<meta property=\"og:site_name\" content=\"Suelosport - Suelos Deportivos\" \/>\n<meta property=\"article:publisher\" content=\"https:\/\/www.facebook.com\/Suelosport-2042694182686080\/\" \/>\n<meta property=\"article:modified_time\" content=\"2020-11-16T12:01:17+00:00\" \/>\n<meta name=\"twitter:card\" content=\"summary_large_image\" \/>\n<meta name=\"twitter:label1\" content=\"Tempo estimado de leitura\" \/>\n\t<meta name=\"twitter:data1\" content=\"2 minutos\" \/>\n<script type=\"application\/ld+json\" class=\"yoast-schema-graph\">{\"@context\":\"https:\\\/\\\/schema.org\",\"@graph\":[{\"@type\":\"WebPage\",\"@id\":\"https:\\\/\\\/suelosport.com\\\/pt-pt\\\/pisos-de-borracha\\\/\",\"url\":\"https:\\\/\\\/suelosport.com\\\/pt-pt\\\/pisos-de-borracha\\\/\",\"name\":\"Pisos de borracha. Pisos esportivos SUELOSPORT\",\"isPartOf\":{\"@id\":\"https:\\\/\\\/suelosport.com\\\/pt-pt\\\/#website\"},\"datePublished\":\"2020-11-16T12:01:13+00:00\",\"dateModified\":\"2020-11-16T12:01:17+00:00\",\"description\":\"Loja online de pisos de borracha para gin\u00e1sios, instala\u00e7\u00f5es desportivas, \u00e1reas industriais, hospitais, escolas, guardas. Comprar por metros ou rolos\",\"breadcrumb\":{\"@id\":\"https:\\\/\\\/suelosport.com\\\/pt-pt\\\/pisos-de-borracha\\\/#breadcrumb\"},\"inLanguage\":\"pt-PT\",\"potentialAction\":[{\"@type\":\"ReadAction\",\"target\":[\"https:\\\/\\\/suelosport.com\\\/pt-pt\\\/pisos-de-borracha\\\/\"]}]},{\"@type\":\"BreadcrumbList\",\"@id\":\"https:\\\/\\\/suelosport.com\\\/pt-pt\\\/pisos-de-borracha\\\/#breadcrumb\",\"itemListElement\":[{\"@type\":\"ListItem\",\"position\":1,\"name\":\"Portada\",\"item\":\"https:\\\/\\\/suelosport.com\\\/pt-pt\\\/\"},{\"@type\":\"ListItem\",\"position\":2,\"name\":\"Pisos de borracha\"}]},{\"@type\":\"WebSite\",\"@id\":\"https:\\\/\\\/suelosport.com\\\/pt-pt\\\/#website\",\"url\":\"https:\\\/\\\/suelosport.com\\\/pt-pt\\\/\",\"name\":\"Suelosport - Suelos Deportivos\",\"description\":\"Suelos para gimnasios, suelos de goma, losetas y suelos antideslizantes\",\"publisher\":{\"@id\":\"https:\\\/\\\/suelosport.com\\\/pt-pt\\\/#organization\"},\"potentialAction\":[{\"@type\":\"SearchAction\",\"target\":{\"@type\":\"EntryPoint\",\"urlTemplate\":\"https:\\\/\\\/suelosport.com\\\/pt-pt\\\/?s={search_term_string}\"},\"query-input\":{\"@type\":\"PropertyValueSpecification\",\"valueRequired\":true,\"valueName\":\"search_term_string\"}}],\"inLanguage\":\"pt-PT\"},{\"@type\":\"Organization\",\"@id\":\"https:\\\/\\\/suelosport.com\\\/pt-pt\\\/#organization\",\"name\":\"Suelosport\",\"url\":\"https:\\\/\\\/suelosport.com\\\/pt-pt\\\/\",\"logo\":{\"@type\":\"ImageObject\",\"inLanguage\":\"pt-PT\",\"@id\":\"https:\\\/\\\/suelosport.com\\\/pt-pt\\\/#\\\/schema\\\/logo\\\/image\\\/\",\"url\":\"https:\\\/\\\/suelosport.com\\\/wp-content\\\/uploads\\\/2018\\\/03\\\/logo-suelosport.png\",\"contentUrl\":\"https:\\\/\\\/suelosport.com\\\/wp-content\\\/uploads\\\/2018\\\/03\\\/logo-suelosport.png\",\"width\":300,\"height\":67,\"caption\":\"Suelosport\"},\"image\":{\"@id\":\"https:\\\/\\\/suelosport.com\\\/pt-pt\\\/#\\\/schema\\\/logo\\\/image\\\/\"},\"sameAs\":[\"https:\\\/\\\/www.facebook.com\\\/Suelosport-2042694182686080\\\/\",\"https:\\\/\\\/www.linkedin.com\\\/company\\\/suelosport\\\/\",\"https:\\\/\\\/www.youtube.com\\\/channel\\\/UC1eoryUxD4Fw7f1m5wx_vFg?view_as=subscriber\"]}]}<\/script>\n<!-- \/ Yoast SEO plugin. -->","yoast_head_json":{"title":"Pisos de borracha. Pisos esportivos SUELOSPORT","description":"Loja online de pisos de borracha para gin\u00e1sios, instala\u00e7\u00f5es desportivas, \u00e1reas industriais, hospitais, escolas, guardas. Comprar por metros ou rolos","robots":{"index":"index","follow":"follow","max-snippet":"max-snippet:-1","max-image-preview":"max-image-preview:large","max-video-preview":"max-video-preview:-1"},"canonical":"https:\/\/suelosport.com\/pt-pt\/pisos-de-borracha\/","og_locale":"pt_PT","og_type":"article","og_title":"Pisos de borracha. Pisos esportivos SUELOSPORT","og_description":"Loja online de pisos de borracha para gin\u00e1sios, instala\u00e7\u00f5es desportivas, \u00e1reas industriais, hospitais, escolas, guardas. Comprar por metros ou rolos","og_url":"https:\/\/suelosport.com\/pt-pt\/pisos-de-borracha\/","og_site_name":"Suelosport - Suelos Deportivos","article_publisher":"https:\/\/www.facebook.com\/Suelosport-2042694182686080\/","article_modified_time":"2020-11-16T12:01:17+00:00","twitter_card":"summary_large_image","twitter_misc":{"Tempo estimado de leitura":"2 minutos"},"schema":{"@context":"https:\/\/schema.org","@graph":[{"@type":"WebPage","@id":"https:\/\/suelosport.com\/pt-pt\/pisos-de-borracha\/","url":"https:\/\/suelosport.com\/pt-pt\/pisos-de-borracha\/","name":"Pisos de borracha. Pisos esportivos SUELOSPORT","isPartOf":{"@id":"https:\/\/suelosport.com\/pt-pt\/#website"},"datePublished":"2020-11-16T12:01:13+00:00","dateModified":"2020-11-16T12:01:17+00:00","description":"Loja online de pisos de borracha para gin\u00e1sios, instala\u00e7\u00f5es desportivas, \u00e1reas industriais, hospitais, escolas, guardas. Comprar por metros ou rolos","breadcrumb":{"@id":"https:\/\/suelosport.com\/pt-pt\/pisos-de-borracha\/#breadcrumb"},"inLanguage":"pt-PT","potentialAction":[{"@type":"ReadAction","target":["https:\/\/suelosport.com\/pt-pt\/pisos-de-borracha\/"]}]},{"@type":"BreadcrumbList","@id":"https:\/\/suelosport.com\/pt-pt\/pisos-de-borracha\/#breadcrumb","itemListElement":[{"@type":"ListItem","position":1,"name":"Portada","item":"https:\/\/suelosport.com\/pt-pt\/"},{"@type":"ListItem","position":2,"name":"Pisos de borracha"}]},{"@type":"WebSite","@id":"https:\/\/suelosport.com\/pt-pt\/#website","url":"https:\/\/suelosport.com\/pt-pt\/","name":"Suelosport - Suelos Deportivos","description":"Suelos para gimnasios, suelos de goma, losetas y suelos antideslizantes","publisher":{"@id":"https:\/\/suelosport.com\/pt-pt\/#organization"},"potentialAction":[{"@type":"SearchAction","target":{"@type":"EntryPoint","urlTemplate":"https:\/\/suelosport.com\/pt-pt\/?s={search_term_string}"},"query-input":{"@type":"PropertyValueSpecification","valueRequired":true,"valueName":"search_term_string"}}],"inLanguage":"pt-PT"},{"@type":"Organization","@id":"https:\/\/suelosport.com\/pt-pt\/#organization","name":"Suelosport","url":"https:\/\/suelosport.com\/pt-pt\/","logo":{"@type":"ImageObject","inLanguage":"pt-PT","@id":"https:\/\/suelosport.com\/pt-pt\/#\/schema\/logo\/image\/","url":"https:\/\/suelosport.com\/wp-content\/uploads\/2018\/03\/logo-suelosport.png","contentUrl":"https:\/\/suelosport.com\/wp-content\/uploads\/2018\/03\/logo-suelosport.png","width":300,"height":67,"caption":"Suelosport"},"image":{"@id":"https:\/\/suelosport.com\/pt-pt\/#\/schema\/logo\/image\/"},"sameAs":["https:\/\/www.facebook.com\/Suelosport-2042694182686080\/","https:\/\/www.linkedin.com\/company\/suelosport\/","https:\/\/www.youtube.com\/channel\/UC1eoryUxD4Fw7f1m5wx_vFg?view_as=subscriber"]}]}},"_links":{"self":[{"href":"https:\/\/suelosport.com\/pt-pt\/wp-json\/wp\/v2\/pages\/29712","targetHints":{"allow":["GET"]}}],"collection":[{"href":"https:\/\/suelosport.com\/pt-pt\/wp-json\/wp\/v2\/pages"}],"about":[{"href":"https:\/\/suelosport.com\/pt-pt\/wp-json\/wp\/v2\/types\/page"}],"author":[{"embeddable":true,"href":"https:\/\/suelosport.com\/pt-pt\/wp-json\/wp\/v2\/users\/19"}],"replies":[{"embeddable":true,"href":"https:\/\/suelosport.com\/pt-pt\/wp-json\/wp\/v2\/comments?post=29712"}],"version-history":[{"count":3,"href":"https:\/\/suelosport.com\/pt-pt\/wp-json\/wp\/v2\/pages\/29712\/revisions"}],"predecessor-version":[{"id":29733,"href":"https:\/\/suelosport.com\/pt-pt\/wp-json\/wp\/v2\/pages\/29712\/revisions\/29733"}],"wp:attachment":[{"href":"https:\/\/suelosport.com\/pt-pt\/wp-json\/wp\/v2\/media?parent=29712"}],"curies":[{"name":"wp","href":"https:\/\/api.w.org\/{rel}","templated":true}]}}