{"id":29624,"date":"2020-11-16T13:00:51","date_gmt":"2020-11-16T12:00:51","guid":{"rendered":"https:\/\/suelosport.com\/material-de-formacao-funcional\/"},"modified":"2020-11-16T13:00:54","modified_gmt":"2020-11-16T12:00:54","slug":"material-de-formacao-funcional","status":"publish","type":"page","link":"https:\/\/suelosport.com\/pt-pt\/material-de-formacao-funcional\/","title":{"rendered":"Material de Forma\u00e7\u00e3o Funcional"},"content":{"rendered":"  <div id=\"page-header-720424780\" class=\"page-header-wrapper\">\n  <div class=\"page-title dark simple-title\">\n\n        <div class=\"page-title-bg\">\n      <div class=\"title-bg fill bg-fill\"\n        data-parallax-container=\".page-title\"\n        data-parallax-background\n        data-parallax=\"-\">\n      <\/div>\n      <div class=\"title-overlay fill\"><\/div>\n    <\/div>\n    \n    <div class=\"page-title-inner container align-center text-center flex-row-col medium-flex-wrap\" >\n              <div class=\"title-wrapper flex-col\">\n          <h1 class=\"entry-title mb-0\">\n            Material de Forma\u00e7\u00e3o Funcional          <\/h1>\n        <\/div>\n                    <div class=\"title-content flex-col\">\n        <div class=\"title-breadcrumbs pb-half pt-half\"><nav class=\"woocommerce-breadcrumb breadcrumbs uppercase\" aria-label=\"Breadcrumb\">In\u00edcio<\/nav><\/div>      <\/div>\n    <\/div>\n\n     \n<style>\n#page-header-720424780 .title-overlay {\n  background-color: rgb(162, 171, 183);\n}\n#page-header-720424780 {\n  background-color: rgb(162, 171, 183);\n}\n<\/style>\n  <\/div>\n    <\/div>\n  \n<div class=\"is-divider divider clearfix\" style=\"max-width:80px;background-color:rgba(0, 0, 0, 0);\"><\/div>\n<div class=\"row\"  id=\"row-2097270203\">\n\n\t<div id=\"col-1380627479\" class=\"col small-12 large-12\"  >\n\t\t\t\t<div class=\"col-inner\"  >\n\t\t\t\n\t\t\t\n<div class=\"accordion\">\n\t<div id=\"accordion-4166377734\" class=\"accordion-item\">\n\t\t<a id=\"accordion-4166377734-label\" class=\"accordion-title plain\" href=\"#accordion-item-forma\u00e7\u00e3o-funcional-(ver-mais)\" aria-expanded=\"false\" aria-controls=\"accordion-4166377734-content\">\n\t\t\t<button class=\"toggle\" aria-label=\"Toggle\"><i class=\"icon-angle-down\" aria-hidden=\"true\"><\/i><\/button>\n\t\t\t<span>Forma\u00e7\u00e3o Funcional (Ver mais)<\/span>\n\t\t<\/a>\n\t\t<div id=\"accordion-4166377734-content\" class=\"accordion-inner\" aria-labelledby=\"accordion-4166377734-label\">\n\t\t\t\n<p>Na nossa sec\u00e7\u00e3o de Material de Forma\u00e7\u00e3o <strong>Funcional, encontrar\u00e1<\/strong>uma grande variedade de produtos para a sua forma\u00e7\u00e3o, tanto a n\u00edvel particular como coletivo.<\/p>\n<p>Dispomos de todos os materiais espec\u00edficos para trabalhar as nossas capacidades motoras, desenvolvendo a nossa flexibilidade, agilidade, coordena\u00e7\u00e3o, for\u00e7a, resist\u00eancia, etc. de uma forma agrad\u00e1vel, variada, divertida, equilibrada e com pouco risco de les\u00e3o ao tonificar os m\u00fasculos e fortalecer as articula\u00e7\u00f5es.<\/p>\n<p>A pr\u00e1tica deste tipo de treino \u00e9 uma das mais procuradas, uma vez que permite ser praticada com qualquer idade e n\u00e3o envolve grandes esfor\u00e7os f\u00edsicos trabalhando determinados m\u00fasculos.<\/p>\n<p>Com o treino funcional <strong>realizamos<\/strong> um grande n\u00famero de exerc\u00edcios semelhantes aos movimentos que temos vindo a realizar no nosso dia-a-dia. Por tudo isto no SUELSPORT, voc\u00ea encontrar\u00e1 cones, cercas, tapetes, degraus de ar, bolas, escadas de agilidade e tudo o que voc\u00ea precisa para um treino funcional ideal.<\/p>\n<h2>Todo o material que precisa para o seu treino funcional<\/h2>\n<p>Ao contr\u00e1rio dos treinos de alto desempenho praticados por grandes atletas, o treino funcional tem como objetivo ajudar qualquer pessoa a realizar uma rotina de exerc\u00edcio que os ajude a melhorar a sua forma f\u00edsica para o dia-a-dia.<br \/>\nPara o efeito, na SUELOSPORT, oferecemos-lhe todo o tipo de <strong>material para os seus trabalhos de forma\u00e7\u00e3o<\/strong>l:<\/p>\n\t\t<\/div>\n\t<\/div>\n\t\n<\/div>\n\t\t<\/div>\n\t\t\t\t\t<\/div>\n\n\t\n<\/div>\n\n  \n    <div class=\"row large-columns-4 medium-columns-3 small-columns-2 row-normal slider row-slider slider-nav-reveal\"  data-flickity-options='{&quot;imagesLoaded&quot;: true, &quot;groupCells&quot;: &quot;100%&quot;, &quot;dragThreshold&quot; : 5, &quot;cellAlign&quot;: &quot;left&quot;,&quot;wrapAround&quot;: true,&quot;prevNextButtons&quot;: true,&quot;percentPosition&quot;: true,&quot;pageDots&quot;: false, &quot;rightToLeft&quot;: false, &quot;autoPlay&quot; : false}' >\n\n  <\/div>\n","protected":false},"excerpt":{"rendered":"","protected":false},"author":19,"featured_media":0,"parent":0,"menu_order":0,"comment_status":"closed","ping_status":"closed","template":"page-blank.php","meta":{"inline_featured_image":false,"footnotes":""},"class_list":["post-29624","page","type-page","status-publish","hentry"],"yoast_head":"<!-- This site is optimized with the Yoast SEO plugin v27.4 - https:\/\/yoast.com\/product\/yoast-seo-wordpress\/ -->\n<title>Material de treino funcional. Venda online em SUELOSPORT<\/title>\n<meta name=\"description\" content=\"Material para treino funcional. Grande variedade de produtos para a sua forma\u00e7\u00e3o tanto a n\u00edvel privado como coletivo. Envios para toda a Pen\u00ednsula\" \/>\n<meta name=\"robots\" content=\"index, follow, max-snippet:-1, max-image-preview:large, max-video-preview:-1\" \/>\n<link rel=\"canonical\" href=\"https:\/\/suelosport.com\/pt-pt\/material-de-formacao-funcional\/\" \/>\n<meta property=\"og:locale\" content=\"pt_PT\" \/>\n<meta property=\"og:type\" content=\"article\" \/>\n<meta property=\"og:title\" content=\"Material de treino funcional. Venda online em SUELOSPORT\" \/>\n<meta property=\"og:description\" content=\"Material para treino funcional. Grande variedade de produtos para a sua forma\u00e7\u00e3o tanto a n\u00edvel privado como coletivo. Envios para toda a Pen\u00ednsula\" \/>\n<meta property=\"og:url\" content=\"https:\/\/suelosport.com\/pt-pt\/material-de-formacao-funcional\/\" \/>\n<meta property=\"og:site_name\" content=\"Suelosport - Suelos Deportivos\" \/>\n<meta property=\"article:publisher\" content=\"https:\/\/www.facebook.com\/Suelosport-2042694182686080\/\" \/>\n<meta property=\"article:modified_time\" content=\"2020-11-16T12:00:54+00:00\" \/>\n<meta name=\"twitter:card\" content=\"summary_large_image\" \/>\n<meta name=\"twitter:label1\" content=\"Tempo estimado de leitura\" \/>\n\t<meta name=\"twitter:data1\" content=\"1 minuto\" \/>\n<script type=\"application\/ld+json\" class=\"yoast-schema-graph\">{\"@context\":\"https:\\\/\\\/schema.org\",\"@graph\":[{\"@type\":\"WebPage\",\"@id\":\"https:\\\/\\\/suelosport.com\\\/pt-pt\\\/material-de-formacao-funcional\\\/\",\"url\":\"https:\\\/\\\/suelosport.com\\\/pt-pt\\\/material-de-formacao-funcional\\\/\",\"name\":\"Material de treino funcional. Venda online em SUELOSPORT\",\"isPartOf\":{\"@id\":\"https:\\\/\\\/suelosport.com\\\/pt-pt\\\/#website\"},\"datePublished\":\"2020-11-16T12:00:51+00:00\",\"dateModified\":\"2020-11-16T12:00:54+00:00\",\"description\":\"Material para treino funcional. Grande variedade de produtos para a sua forma\u00e7\u00e3o tanto a n\u00edvel privado como coletivo. Envios para toda a Pen\u00ednsula\",\"breadcrumb\":{\"@id\":\"https:\\\/\\\/suelosport.com\\\/pt-pt\\\/material-de-formacao-funcional\\\/#breadcrumb\"},\"inLanguage\":\"pt-PT\",\"potentialAction\":[{\"@type\":\"ReadAction\",\"target\":[\"https:\\\/\\\/suelosport.com\\\/pt-pt\\\/material-de-formacao-funcional\\\/\"]}]},{\"@type\":\"BreadcrumbList\",\"@id\":\"https:\\\/\\\/suelosport.com\\\/pt-pt\\\/material-de-formacao-funcional\\\/#breadcrumb\",\"itemListElement\":[{\"@type\":\"ListItem\",\"position\":1,\"name\":\"Portada\",\"item\":\"https:\\\/\\\/suelosport.com\\\/pt-pt\\\/\"},{\"@type\":\"ListItem\",\"position\":2,\"name\":\"Material de Forma\u00e7\u00e3o Funcional\"}]},{\"@type\":\"WebSite\",\"@id\":\"https:\\\/\\\/suelosport.com\\\/pt-pt\\\/#website\",\"url\":\"https:\\\/\\\/suelosport.com\\\/pt-pt\\\/\",\"name\":\"Suelosport - Suelos Deportivos\",\"description\":\"Suelos para gimnasios, suelos de goma, losetas y suelos antideslizantes\",\"publisher\":{\"@id\":\"https:\\\/\\\/suelosport.com\\\/pt-pt\\\/#organization\"},\"potentialAction\":[{\"@type\":\"SearchAction\",\"target\":{\"@type\":\"EntryPoint\",\"urlTemplate\":\"https:\\\/\\\/suelosport.com\\\/pt-pt\\\/?s={search_term_string}\"},\"query-input\":{\"@type\":\"PropertyValueSpecification\",\"valueRequired\":true,\"valueName\":\"search_term_string\"}}],\"inLanguage\":\"pt-PT\"},{\"@type\":\"Organization\",\"@id\":\"https:\\\/\\\/suelosport.com\\\/pt-pt\\\/#organization\",\"name\":\"Suelosport\",\"url\":\"https:\\\/\\\/suelosport.com\\\/pt-pt\\\/\",\"logo\":{\"@type\":\"ImageObject\",\"inLanguage\":\"pt-PT\",\"@id\":\"https:\\\/\\\/suelosport.com\\\/pt-pt\\\/#\\\/schema\\\/logo\\\/image\\\/\",\"url\":\"https:\\\/\\\/suelosport.com\\\/wp-content\\\/uploads\\\/2018\\\/03\\\/logo-suelosport.png\",\"contentUrl\":\"https:\\\/\\\/suelosport.com\\\/wp-content\\\/uploads\\\/2018\\\/03\\\/logo-suelosport.png\",\"width\":300,\"height\":67,\"caption\":\"Suelosport\"},\"image\":{\"@id\":\"https:\\\/\\\/suelosport.com\\\/pt-pt\\\/#\\\/schema\\\/logo\\\/image\\\/\"},\"sameAs\":[\"https:\\\/\\\/www.facebook.com\\\/Suelosport-2042694182686080\\\/\",\"https:\\\/\\\/www.linkedin.com\\\/company\\\/suelosport\\\/\",\"https:\\\/\\\/www.youtube.com\\\/channel\\\/UC1eoryUxD4Fw7f1m5wx_vFg?view_as=subscriber\"]}]}<\/script>\n<!-- \/ Yoast SEO plugin. -->","yoast_head_json":{"title":"Material de treino funcional. Venda online em SUELOSPORT","description":"Material para treino funcional. Grande variedade de produtos para a sua forma\u00e7\u00e3o tanto a n\u00edvel privado como coletivo. Envios para toda a Pen\u00ednsula","robots":{"index":"index","follow":"follow","max-snippet":"max-snippet:-1","max-image-preview":"max-image-preview:large","max-video-preview":"max-video-preview:-1"},"canonical":"https:\/\/suelosport.com\/pt-pt\/material-de-formacao-funcional\/","og_locale":"pt_PT","og_type":"article","og_title":"Material de treino funcional. Venda online em SUELOSPORT","og_description":"Material para treino funcional. Grande variedade de produtos para a sua forma\u00e7\u00e3o tanto a n\u00edvel privado como coletivo. Envios para toda a Pen\u00ednsula","og_url":"https:\/\/suelosport.com\/pt-pt\/material-de-formacao-funcional\/","og_site_name":"Suelosport - Suelos Deportivos","article_publisher":"https:\/\/www.facebook.com\/Suelosport-2042694182686080\/","article_modified_time":"2020-11-16T12:00:54+00:00","twitter_card":"summary_large_image","twitter_misc":{"Tempo estimado de leitura":"1 minuto"},"schema":{"@context":"https:\/\/schema.org","@graph":[{"@type":"WebPage","@id":"https:\/\/suelosport.com\/pt-pt\/material-de-formacao-funcional\/","url":"https:\/\/suelosport.com\/pt-pt\/material-de-formacao-funcional\/","name":"Material de treino funcional. Venda online em SUELOSPORT","isPartOf":{"@id":"https:\/\/suelosport.com\/pt-pt\/#website"},"datePublished":"2020-11-16T12:00:51+00:00","dateModified":"2020-11-16T12:00:54+00:00","description":"Material para treino funcional. Grande variedade de produtos para a sua forma\u00e7\u00e3o tanto a n\u00edvel privado como coletivo. Envios para toda a Pen\u00ednsula","breadcrumb":{"@id":"https:\/\/suelosport.com\/pt-pt\/material-de-formacao-funcional\/#breadcrumb"},"inLanguage":"pt-PT","potentialAction":[{"@type":"ReadAction","target":["https:\/\/suelosport.com\/pt-pt\/material-de-formacao-funcional\/"]}]},{"@type":"BreadcrumbList","@id":"https:\/\/suelosport.com\/pt-pt\/material-de-formacao-funcional\/#breadcrumb","itemListElement":[{"@type":"ListItem","position":1,"name":"Portada","item":"https:\/\/suelosport.com\/pt-pt\/"},{"@type":"ListItem","position":2,"name":"Material de Forma\u00e7\u00e3o Funcional"}]},{"@type":"WebSite","@id":"https:\/\/suelosport.com\/pt-pt\/#website","url":"https:\/\/suelosport.com\/pt-pt\/","name":"Suelosport - Suelos Deportivos","description":"Suelos para gimnasios, suelos de goma, losetas y suelos antideslizantes","publisher":{"@id":"https:\/\/suelosport.com\/pt-pt\/#organization"},"potentialAction":[{"@type":"SearchAction","target":{"@type":"EntryPoint","urlTemplate":"https:\/\/suelosport.com\/pt-pt\/?s={search_term_string}"},"query-input":{"@type":"PropertyValueSpecification","valueRequired":true,"valueName":"search_term_string"}}],"inLanguage":"pt-PT"},{"@type":"Organization","@id":"https:\/\/suelosport.com\/pt-pt\/#organization","name":"Suelosport","url":"https:\/\/suelosport.com\/pt-pt\/","logo":{"@type":"ImageObject","inLanguage":"pt-PT","@id":"https:\/\/suelosport.com\/pt-pt\/#\/schema\/logo\/image\/","url":"https:\/\/suelosport.com\/wp-content\/uploads\/2018\/03\/logo-suelosport.png","contentUrl":"https:\/\/suelosport.com\/wp-content\/uploads\/2018\/03\/logo-suelosport.png","width":300,"height":67,"caption":"Suelosport"},"image":{"@id":"https:\/\/suelosport.com\/pt-pt\/#\/schema\/logo\/image\/"},"sameAs":["https:\/\/www.facebook.com\/Suelosport-2042694182686080\/","https:\/\/www.linkedin.com\/company\/suelosport\/","https:\/\/www.youtube.com\/channel\/UC1eoryUxD4Fw7f1m5wx_vFg?view_as=subscriber"]}]}},"_links":{"self":[{"href":"https:\/\/suelosport.com\/pt-pt\/wp-json\/wp\/v2\/pages\/29624","targetHints":{"allow":["GET"]}}],"collection":[{"href":"https:\/\/suelosport.com\/pt-pt\/wp-json\/wp\/v2\/pages"}],"about":[{"href":"https:\/\/suelosport.com\/pt-pt\/wp-json\/wp\/v2\/types\/page"}],"author":[{"embeddable":true,"href":"https:\/\/suelosport.com\/pt-pt\/wp-json\/wp\/v2\/users\/19"}],"replies":[{"embeddable":true,"href":"https:\/\/suelosport.com\/pt-pt\/wp-json\/wp\/v2\/comments?post=29624"}],"version-history":[{"count":2,"href":"https:\/\/suelosport.com\/pt-pt\/wp-json\/wp\/v2\/pages\/29624\/revisions"}],"predecessor-version":[{"id":29648,"href":"https:\/\/suelosport.com\/pt-pt\/wp-json\/wp\/v2\/pages\/29624\/revisions\/29648"}],"wp:attachment":[{"href":"https:\/\/suelosport.com\/pt-pt\/wp-json\/wp\/v2\/media?parent=29624"}],"curies":[{"name":"wp","href":"https:\/\/api.w.org\/{rel}","templated":true}]}}