{"id":29450,"date":"2020-11-16T13:00:17","date_gmt":"2020-11-16T12:00:17","guid":{"rendered":"https:\/\/suelosport.com\/grama-artificial\/"},"modified":"2020-11-16T13:00:22","modified_gmt":"2020-11-16T12:00:22","slug":"grama-artificial","status":"publish","type":"page","link":"https:\/\/suelosport.com\/pt-pt\/grama-artificial\/","title":{"rendered":"Grama artificial"},"content":{"rendered":"  <div id=\"page-header-1056068776\" class=\"page-header-wrapper\">\n  <div class=\"page-title dark simple-title\">\n\n        <div class=\"page-title-bg\">\n      <div class=\"title-bg fill bg-fill\"\n        data-parallax-container=\".page-title\"\n        data-parallax-background\n        data-parallax=\"-\">\n      <\/div>\n      <div class=\"title-overlay fill\"><\/div>\n    <\/div>\n    \n    <div class=\"page-title-inner container align-center text-center flex-row-col medium-flex-wrap\" >\n              <div class=\"title-wrapper flex-col\">\n          <h1 class=\"entry-title mb-0\">\n            Grama artificial          <\/h1>\n        <\/div>\n                    <div class=\"title-content flex-col\">\n        <div class=\"title-breadcrumbs pb-half pt-half\"><nav class=\"woocommerce-breadcrumb breadcrumbs uppercase\" aria-label=\"Breadcrumb\">In\u00edcio<\/nav><\/div>      <\/div>\n    <\/div>\n\n     \n<style>\n#page-header-1056068776 .title-overlay {\n  background-color: rgb(162, 171, 183);\n}\n#page-header-1056068776 {\n  background-color: rgb(162, 171, 183);\n}\n<\/style>\n  <\/div>\n    <\/div>\n  \n<div class=\"is-divider divider clearfix\" style=\"max-width:80px;background-color:rgba(0, 0, 0, 0);\"><\/div>\n<div class=\"row\"  id=\"row-741327744\">\n\n\t<div id=\"col-87608495\" class=\"col small-12 large-12\"  >\n\t\t\t\t<div class=\"col-inner\"  >\n\t\t\t\n\t\t\t\n<div class=\"accordion\">\n\t<div id=\"accordion-493771776\" class=\"accordion-item\">\n\t\t<a id=\"accordion-493771776-label\" class=\"accordion-title plain\" href=\"#accordion-item-ver-informa\u00e7\u00f5es\" aria-expanded=\"false\" aria-controls=\"accordion-493771776-content\">\n\t\t\t<button class=\"toggle\" aria-label=\"Toggle\"><i class=\"icon-angle-down\" aria-hidden=\"true\"><\/i><\/button>\n\t\t\t<span>Ver informa\u00e7\u00f5es<\/span>\n\t\t<\/a>\n\t\t<div id=\"accordion-493771776-content\" class=\"accordion-inner\" aria-labelledby=\"accordion-493771776-label\">\n\t\t\t\n<h2><strong>Grama de solo artificial<\/strong><\/h2>\n<p>N\u00e3o h\u00e1 d\u00favida de que hoje em dia, o <strong>relvado artificial<\/strong>\u00e9 baralhado como uma das melhores alternativas quando pensamos em cobrir algum tipo de solo ou superf\u00edcie, tanto em \u00e1reas interiores como exteriores, bem como em jardins, \u00e1reas de lazer, mesmo em \u00e1reas desportivas.<\/p>\n<p>Com grande semelhan\u00e7a com o natural, artificial e cada vez mais gra\u00e7as aos avan\u00e7os tecnol\u00f3gicos, podemos desfrutar deste tipo de solos ao longo do ano de forma bastante econ\u00f3mica e de baixa manuten\u00e7\u00e3o.<\/p>\n<p>Pela sua est\u00e9tica, baixo custo de manuten\u00e7\u00e3o e facilidade de instala\u00e7\u00e3o, o relvado <strong>artificial<\/strong> tornou-se um elemento cada vez mais comum em gin\u00e1sios e \u00e1reas desportivas ao ar livre ou piscina.<\/p>\n\t\t<\/div>\n\t<\/div>\n\t\n<\/div>\n\t\t<\/div>\n\t\t\t\t\t<\/div>\n\n\t\n<\/div>\n\n  \n    <div class=\"row large-columns-2 medium-columns- small-columns- row-normal has-shadow row-box-shadow-1 row-box-shadow-1-hover slider row-slider slider-nav-reveal\"  data-flickity-options='{&quot;imagesLoaded&quot;: true, &quot;groupCells&quot;: &quot;100%&quot;, &quot;dragThreshold&quot; : 5, &quot;cellAlign&quot;: &quot;left&quot;,&quot;wrapAround&quot;: true,&quot;prevNextButtons&quot;: true,&quot;percentPosition&quot;: true,&quot;pageDots&quot;: false, &quot;rightToLeft&quot;: false, &quot;autoPlay&quot; : false}' >\n\n  <div class=\"product-category col\" >\n            <div class=\"col-inner\">\n              <a aria-label=\"Visit product category Accesorios de c\u00e9sped\" href=\"https:\/\/suelosport.com\/pt-pt\/comprar\/accesorios-de-cesped-pt-pt\/\">                <div class=\"box box-category has-hover box-badge hover-dark \">\n                <div class=\"box-image\" style=\"width:64%;\">\n                  <div class=\"\" >\n                  <img loading=\"lazy\" decoding=\"async\" src=\"https:\/\/suelosport.com\/wp-content\/uploads\/2020\/10\/Accesorio-Cesped-247x219.jpg\" alt=\"Accesorios de c\u00e9sped\" width=\"300\" height=\"300\" \/>                                                      <\/div>\n                <\/div>\n                <div class=\"box-text text-center is-large\" >\n                  <div class=\"box-text-inner\">\n                      <h5 class=\"uppercase header-title\">\n                              Accesorios de c\u00e9sped                      <\/h5>\n                                            <p class=\"is-xsmall uppercase count \">\n\t                      7 Produtos                      <\/p>\n                                            \n                  <\/div>\n                <\/div>\n                <\/div>\n            <\/a>            <\/div>\n            <\/div><div class=\"product-category col\" >\n            <div class=\"col-inner\">\n              <a aria-label=\"Visit product category C\u00e9sped artificial para Gimnasios\" href=\"https:\/\/suelosport.com\/pt-pt\/comprar\/cesped-artificial-para-gimnasios-pt-pt\/\">                <div class=\"box box-category has-hover box-badge hover-dark \">\n                <div class=\"box-image\" style=\"width:64%;\">\n                  <div class=\"\" >\n                  <img loading=\"lazy\" decoding=\"async\" src=\"https:\/\/suelosport.com\/wp-content\/uploads\/2023\/11\/cesped_artificial_enumerado-247x296.jpg\" alt=\"C\u00e9sped artificial para Gimnasios\" width=\"300\" height=\"300\" \/>                                                      <\/div>\n                <\/div>\n                <div class=\"box-text text-center is-large\" >\n                  <div class=\"box-text-inner\">\n                      <h5 class=\"uppercase header-title\">\n                              C\u00e9sped artificial para Gimnasios                      <\/h5>\n                                            <p class=\"is-xsmall uppercase count \">\n\t                      7 Produtos                      <\/p>\n                                            \n                  <\/div>\n                <\/div>\n                <\/div>\n            <\/a>            <\/div>\n            <\/div><\/div>\n<div class=\"is-divider divider clearfix\" style=\"max-width:80px;background-color:rgba(0, 0, 0, 0);\"><\/div>\n<div class=\"row\"  id=\"row-1208576603\">\r\n\r\n\n\t<div id=\"col-1390055206\" class=\"col small-12 large-12\"  >\n\t\t\t\t<div class=\"col-inner\"  >\n\t\t\t\n\t\t\t\r\n\r\n<h3 class=\"accordion_title\">Algumas caracter\u00edsticas de relva artificial<\/h3><div class=\"accordion\">\r\n\r\n\t<div id=\"accordion-1190696734\" class=\"accordion-item\">\n\t\t<a id=\"accordion-1190696734-label\" class=\"accordion-title plain\" href=\"#accordion-item-&lt;strong&gt;diferen\u00e7as-com-o-natural&lt;\/strong&gt;\" aria-expanded=\"false\" aria-controls=\"accordion-1190696734-content\">\n\t\t\t<button class=\"toggle\" aria-label=\"Toggle\"><i class=\"icon-angle-down\" aria-hidden=\"true\"><\/i><\/button>\n\t\t\t<span>&lt;strong&gt;Diferen\u00e7as com o natural&lt;\/strong&gt;<\/span>\n\t\t<\/a>\n\t\t<div id=\"accordion-1190696734-content\" class=\"accordion-inner\" aria-labelledby=\"accordion-1190696734-label\">\n\t\t\t\r\n<h3><span style=\"font-size: 90%;\"><strong>Diferen\u00e7as em relva artificial de relva natural<\/strong><\/span><\/h3>\nAo contr\u00e1rio do relvado natural, <strong>o relvado artificial<\/strong> oferece vantagens significativas sobre ele. Assim, caracteriza-se por necessitar apenas de uma manuten\u00e7\u00e3o m\u00ednima, principalmente porque n\u00e3o precisa de ser regada tantas vezes para que permane\u00e7a no seu estado inicial ao longo da sua vida \u00fatil.\n\nN\u00e3o gera res\u00edduos porque n\u00e3o precisa de ser cortado, nem necessita de qualquer instala\u00e7\u00e3o para a sua manuten\u00e7\u00e3o e cuidados.\r\n\r\n\t\t<\/div>\n\t<\/div>\n\t\r\n\r\n\t<div id=\"accordion-1038411713\" class=\"accordion-item\">\n\t\t<a id=\"accordion-1038411713-label\" class=\"accordion-title plain\" href=\"#accordion-item-&lt;strong&gt;vantagens&lt;\/strong&gt;\" aria-expanded=\"false\" aria-controls=\"accordion-1038411713-content\">\n\t\t\t<button class=\"toggle\" aria-label=\"Toggle\"><i class=\"icon-angle-down\" aria-hidden=\"true\"><\/i><\/button>\n\t\t\t<span>&lt;strong&gt;Vantagens&lt;\/strong&gt;<\/span>\n\t\t<\/a>\n\t\t<div id=\"accordion-1038411713-content\" class=\"accordion-inner\" aria-labelledby=\"accordion-1038411713-label\">\n\t\t\t\r\n<ul>\n \t<li>Artificial tem uma grande semelhan\u00e7a com a grama natural.<\/li>\n \t<li>Pode ser instalado em todos os tipos de superf\u00edcies de forma f\u00e1cil.<\/li>\n \t<li>\u00c9 um material bastante barato que tamb\u00e9m permite economizar no consumo de \u00e1gua em compara\u00e7\u00e3o com a erva natural.<\/li>\n \t<li>\u00c9 um material adequado para qualquer tipo de clima sendo muito resistente a fatores ambientais e f\u00e1cil manuten\u00e7\u00e3o.<\/li>\n<\/ul>\r\n\t\t<\/div>\n\t<\/div>\n\t\r\n\t<div id=\"accordion-2889879007\" class=\"accordion-item\">\n\t\t<a id=\"accordion-2889879007-label\" class=\"accordion-title plain\" href=\"#accordion-item-cuidados\" aria-expanded=\"false\" aria-controls=\"accordion-2889879007-content\">\n\t\t\t<button class=\"toggle\" aria-label=\"Toggle\"><i class=\"icon-angle-down\" aria-hidden=\"true\"><\/i><\/button>\n\t\t\t<span>Cuidados<\/span>\n\t\t<\/a>\n\t\t<div id=\"accordion-2889879007-content\" class=\"accordion-inner\" aria-labelledby=\"accordion-2889879007-label\">\n\t\t\t\r\n<h3><span style=\"font-size: 90%;\"><strong>Cuidados b\u00e1sicos<\/strong><\/span><\/h3>\nVai precisar de um m\u00ednimo de cuidados b\u00e1sicos para manter a sua apar\u00eancia inicial o m\u00e1ximo de tempo poss\u00edvel. Para fazer isto:\n<ul>\n \t<li><strong>Recomenda-se escovar periodicamente<\/strong> para remover os restos de outros materiais depositados na sua superf\u00edcie. Tende a subir e ficar numa posi\u00e7\u00e3o vertical, devido \u00e0 incid\u00eancia do sol. A escovagem devolve o cabelo \u00e0 sua posi\u00e7\u00e3o original e pode ser mais frequente dependendo da utiliza\u00e7\u00e3o a que o relvado est\u00e1 sujeito.<\/li>\n \t<li>Recomenda-se tamb\u00e9m <strong>que verifique <\/strong>periodicamente a limpeza e manuten\u00e7\u00e3o da sua apar\u00eancia inicial e que ser\u00e1 necess\u00e1ria uma maior frequ\u00eancia de irriga\u00e7\u00e3o nas esta\u00e7\u00f5es mais quentes. Em \u00e1reas muito frias com geadas frequentes, recomenda-se que n\u00e3o a regar para evitar a forma\u00e7\u00e3o de geadas e poss\u00edveis danos na base de l\u00e1tex.<\/li>\n \t<li>Em certos modelos de relva artificial, que se destinam \u00e0 pr\u00e1tica de algum tipo de desporto, recomenda-se a aplica\u00e7\u00e3o de areia de <strong>s\u00edlica,<\/strong>o que dar\u00e1 ao relvado maior resist\u00eancia.<\/li>\n<\/ul>\r\n\t\t<\/div>\n\t<\/div>\n\t\r\n\r\n<\/div>\r\n\r\n<hr>\n\n<h2><span style=\"font-size: 95%;\"><strong>Tipos de relva artificial que pode encontrar no SUELOSPORT<\/strong><\/span><\/h2>\nDois s\u00e3o os tipos de relva artificial que se pode encontrar no mercado.\n<ul>\n \t<li><strong>Grama artificial decorativa<\/strong>: especialmente projetado para jardins, hot\u00e9is, casas particulares, urbaniza\u00e7\u00f5es, comunidades de vizinhos, piscinas, etc.<\/li>\n \t<li><strong>Grama para atividades desportivas<\/strong>: campos de padel, campos de t\u00e9nis, campos de golfe e cada vez mais comum em parquets infantis ao ar livre, pistas de arrasto em gin\u00e1sios, campos desportivos, etc.<\/li>\n<\/ul>\nTipicamente, a relva para uso desportivo geralmente tem um maior n\u00famero de pontos por metro quadrado, ou seja, eles t\u00eam uma maior densidade ou t\u00eam fibras mais grossas.\n\n<strong> <\/strong><strong>A qualidade do relvado <\/strong>depender\u00e1 da altura, do n\u00famero de pontos, e do Dtex por metro quadrado, forma de cabelo,<strong>etc.,<\/strong>e dependendo da utiliza\u00e7\u00e3o para a qual pretende, vai precisar de um tipo ou outro.\n\nMuitos gin\u00e1sios, tamb\u00e9m fazem uso de modelos de relvado decorativo, para \u00e1reas de exerc\u00edcio no ch\u00e3o, \u00e1reas exteriores em piscinas, apenas para uso decorativo e at\u00e9 mesmo alguns us\u00e1-lo como A ARRASTRE PISTA.\n<h3>Alguns dos <strong>tipos de relvado SUELOSPORT<\/strong> s\u00e3o:<\/h3>\nPara atividades desportivas destacamos os modelos:\n<ul>\n \t<li><strong>Multiesport<\/strong>: Pelas suas caracter\u00edsticas este relvado artificial \u00e9 perfeito para atividades intermin\u00e1veis que requerem uma alta atividade, uma vez que manter\u00e1 as suas propriedades por muito tempo<\/li>\n \t<li><strong>Alta Densidade<\/strong>: Excelente relvado artificial de muito alta densidade muito forte e resistente.<\/li>\n \t<li><strong>\n  <em>Grama de linha branca<\/em>\n<\/strong>: este \u00e9 um relvado branco artificial para marcar as linhas em campos de t\u00e9nis, futebol, etc. \u2013 (12 mm de altura.)<\/li>\n<\/ul>\nEntre os decorativos, alguns dos modelos s\u00e3o:\n<ul>\n \t<li><strong>\n  <em>Grama alcatifada:<\/em>\n<\/strong>a altura da fibra \u00e9 de 7 mm. \u00e9 muito econ\u00f3mica e f\u00e1cil de instalar, suportando muito bem uma alta<\/li>\n \t<li><strong>\n  <em>Modelo agrad\u00e1vel:<\/em>\n<\/strong>a altura da sua fibra varia de 20 a 40 mm e caracteriza-se pela sua robustez e for\u00e7a. \u00c9 um relvado artificial multiusos para dentro e fora,<\/li>\n \t<li><strong>\n  <em>Modelo Varadero:<\/em>\n<\/strong>v\u00e1lido para uso interior e exterior. \u00c9 um tipo forte e robusto de relvado para feiras, jardins e piscinas. A altura da sua fibra \u00e9 de 40 mm.<\/li>\n<\/ul>\n.\n\n<hr>\n<p style=\"text-align: center;\"><span style=\"font-size: 115%;\">VER NOVA SEC\u00c7\u00c3O NA LOJA: <a href=\"https:\/\/suelosport.com\/pt-pt\/comprar\/suelo-vinilico-pt-pt\/\"> <em> <strong>PISOS DE VINIL<\/strong>\n    \n  <\/em>\n  \n<\/a><\/span><\/p>\n<strong>SUELOSPORT:<\/strong> loja online especializada em todo o tipo <strong> <a href=\"https:\/\/suelosport.com\/pt-pt\/\">de pisos e pisos desportivos para gin\u00e1sios onde<\/a> <\/strong>tamb\u00e9m pode encontrar outros tipos de pisos, tais como:\n\n<div class=\"row\"  id=\"row-1424985153\">\n\n\n\t<div id=\"col-724604495\" class=\"col medium-4 small-12 large-4\"  >\n\t\t\t\t<div class=\"col-inner\"  >\n\t\t\t\n\t\t\t\n<h4 style=\"text-align: center;\"><a href=\"https:\/\/suelosport.com\/suelos-de-caucho\/\">Pisos de borracha<\/a><\/h4>\n\t\t<\/div>\n\t\t\t\t\t<\/div>\n\n\t\n\n\t<div id=\"col-1381553785\" class=\"col medium-4 small-12 large-4\"  >\n\t\t\t\t<div class=\"col-inner\"  >\n\t\t\t\n\t\t\t\n<h4 style=\"text-align: center;\"><a href=\"https:\/\/suelosport.com\/pt-pt\/comprar\/tatamis-pt-pt\/\">Rio Tatamis<\/a><\/h4>\n\t\t<\/div>\n\t\t\t\t\t<\/div>\n\n\t\n\n\t<div id=\"col-1405598569\" class=\"col medium-4 small-12 large-4\"  >\n\t\t\t\t<div class=\"col-inner\"  >\n\t\t\t\n\t\t\t\n<h4 style=\"text-align: center;\"><a href=\"https:\/\/suelosport.com\/suelos-de-goma\/\">Pisos de borracha<\/a><\/h4>\n\t\t<\/div>\n\t\t\t\t\t<\/div>\n\n\t\n\n<\/div>\r\n\r\n\t\t<\/div>\n\t\t\t\t\t<\/div>\n\n\t\r\n\r\n<\/div>\r\n<div class=\"is-divider divider clearfix\" style=\"max-width:60px;background-color:rgba(0, 0, 0, 0);\"><\/div>\n","protected":false},"excerpt":{"rendered":"","protected":false},"author":19,"featured_media":0,"parent":0,"menu_order":0,"comment_status":"closed","ping_status":"closed","template":"page-blank.php","meta":{"inline_featured_image":false,"footnotes":""},"class_list":["post-29450","page","type-page","status-publish","hentry"],"yoast_head":"<!-- This site is optimized with the Yoast SEO plugin v27.1.1 - https:\/\/yoast.com\/product\/yoast-seo-wordpress\/ -->\n<title>Grama artificial de todos os tipos de solos. Pisos e pisos SUELOSPORT<\/title>\n<meta name=\"description\" content=\"Hoje em dia, o relvado artificial \u00e9 baralhado como uma das melhores alternativas quando pensamos em cobrir algum tipo de solo ou superf\u00edcie.\" \/>\n<meta name=\"robots\" content=\"index, follow, max-snippet:-1, max-image-preview:large, max-video-preview:-1\" \/>\n<link rel=\"canonical\" href=\"https:\/\/suelosport.com\/pt-pt\/grama-artificial\/\" \/>\n<meta property=\"og:locale\" content=\"pt_PT\" \/>\n<meta property=\"og:type\" content=\"article\" \/>\n<meta property=\"og:title\" content=\"Grama artificial de todos os tipos de solos. Pisos e pisos SUELOSPORT\" \/>\n<meta property=\"og:description\" content=\"Hoje em dia, o relvado artificial \u00e9 baralhado como uma das melhores alternativas quando pensamos em cobrir algum tipo de solo ou superf\u00edcie.\" \/>\n<meta property=\"og:url\" content=\"https:\/\/suelosport.com\/pt-pt\/grama-artificial\/\" \/>\n<meta property=\"og:site_name\" content=\"Suelosport - Suelos Deportivos\" \/>\n<meta property=\"article:publisher\" content=\"https:\/\/www.facebook.com\/Suelosport-2042694182686080\/\" \/>\n<meta property=\"article:modified_time\" content=\"2020-11-16T12:00:22+00:00\" \/>\n<meta name=\"twitter:card\" content=\"summary_large_image\" \/>\n<meta name=\"twitter:label1\" content=\"Tempo estimado de leitura\" \/>\n\t<meta name=\"twitter:data1\" content=\"1 minuto\" \/>\n<script type=\"application\/ld+json\" class=\"yoast-schema-graph\">{\"@context\":\"https:\/\/schema.org\",\"@graph\":[{\"@type\":\"WebPage\",\"@id\":\"https:\/\/suelosport.com\/pt-pt\/grama-artificial\/\",\"url\":\"https:\/\/suelosport.com\/pt-pt\/grama-artificial\/\",\"name\":\"Grama artificial de todos os tipos de solos. Pisos e pisos SUELOSPORT\",\"isPartOf\":{\"@id\":\"https:\/\/suelosport.com\/pt-pt\/#website\"},\"datePublished\":\"2020-11-16T12:00:17+00:00\",\"dateModified\":\"2020-11-16T12:00:22+00:00\",\"description\":\"Hoje em dia, o relvado artificial \u00e9 baralhado como uma das melhores alternativas quando pensamos em cobrir algum tipo de solo ou superf\u00edcie.\",\"breadcrumb\":{\"@id\":\"https:\/\/suelosport.com\/pt-pt\/grama-artificial\/#breadcrumb\"},\"inLanguage\":\"pt-PT\",\"potentialAction\":[{\"@type\":\"ReadAction\",\"target\":[\"https:\/\/suelosport.com\/pt-pt\/grama-artificial\/\"]}]},{\"@type\":\"BreadcrumbList\",\"@id\":\"https:\/\/suelosport.com\/pt-pt\/grama-artificial\/#breadcrumb\",\"itemListElement\":[{\"@type\":\"ListItem\",\"position\":1,\"name\":\"Portada\",\"item\":\"https:\/\/suelosport.com\/pt-pt\/\"},{\"@type\":\"ListItem\",\"position\":2,\"name\":\"Grama artificial\"}]},{\"@type\":\"WebSite\",\"@id\":\"https:\/\/suelosport.com\/pt-pt\/#website\",\"url\":\"https:\/\/suelosport.com\/pt-pt\/\",\"name\":\"Suelosport - Suelos Deportivos\",\"description\":\"Suelos para gimnasios, suelos de goma, losetas y suelos antideslizantes\",\"publisher\":{\"@id\":\"https:\/\/suelosport.com\/pt-pt\/#organization\"},\"potentialAction\":[{\"@type\":\"SearchAction\",\"target\":{\"@type\":\"EntryPoint\",\"urlTemplate\":\"https:\/\/suelosport.com\/pt-pt\/?s={search_term_string}\"},\"query-input\":{\"@type\":\"PropertyValueSpecification\",\"valueRequired\":true,\"valueName\":\"search_term_string\"}}],\"inLanguage\":\"pt-PT\"},{\"@type\":\"Organization\",\"@id\":\"https:\/\/suelosport.com\/pt-pt\/#organization\",\"name\":\"Suelosport\",\"url\":\"https:\/\/suelosport.com\/pt-pt\/\",\"logo\":{\"@type\":\"ImageObject\",\"inLanguage\":\"pt-PT\",\"@id\":\"https:\/\/suelosport.com\/pt-pt\/#\/schema\/logo\/image\/\",\"url\":\"https:\/\/suelosport.com\/wp-content\/uploads\/2018\/03\/logo-suelosport.png\",\"contentUrl\":\"https:\/\/suelosport.com\/wp-content\/uploads\/2018\/03\/logo-suelosport.png\",\"width\":300,\"height\":67,\"caption\":\"Suelosport\"},\"image\":{\"@id\":\"https:\/\/suelosport.com\/pt-pt\/#\/schema\/logo\/image\/\"},\"sameAs\":[\"https:\/\/www.facebook.com\/Suelosport-2042694182686080\/\",\"https:\/\/www.linkedin.com\/company\/suelosport\/\",\"https:\/\/www.youtube.com\/channel\/UC1eoryUxD4Fw7f1m5wx_vFg?view_as=subscriber\"]}]}<\/script>\n<!-- \/ Yoast SEO plugin. -->","yoast_head_json":{"title":"Grama artificial de todos os tipos de solos. Pisos e pisos SUELOSPORT","description":"Hoje em dia, o relvado artificial \u00e9 baralhado como uma das melhores alternativas quando pensamos em cobrir algum tipo de solo ou superf\u00edcie.","robots":{"index":"index","follow":"follow","max-snippet":"max-snippet:-1","max-image-preview":"max-image-preview:large","max-video-preview":"max-video-preview:-1"},"canonical":"https:\/\/suelosport.com\/pt-pt\/grama-artificial\/","og_locale":"pt_PT","og_type":"article","og_title":"Grama artificial de todos os tipos de solos. Pisos e pisos SUELOSPORT","og_description":"Hoje em dia, o relvado artificial \u00e9 baralhado como uma das melhores alternativas quando pensamos em cobrir algum tipo de solo ou superf\u00edcie.","og_url":"https:\/\/suelosport.com\/pt-pt\/grama-artificial\/","og_site_name":"Suelosport - Suelos Deportivos","article_publisher":"https:\/\/www.facebook.com\/Suelosport-2042694182686080\/","article_modified_time":"2020-11-16T12:00:22+00:00","twitter_card":"summary_large_image","twitter_misc":{"Tempo estimado de leitura":"1 minuto"},"schema":{"@context":"https:\/\/schema.org","@graph":[{"@type":"WebPage","@id":"https:\/\/suelosport.com\/pt-pt\/grama-artificial\/","url":"https:\/\/suelosport.com\/pt-pt\/grama-artificial\/","name":"Grama artificial de todos os tipos de solos. Pisos e pisos SUELOSPORT","isPartOf":{"@id":"https:\/\/suelosport.com\/pt-pt\/#website"},"datePublished":"2020-11-16T12:00:17+00:00","dateModified":"2020-11-16T12:00:22+00:00","description":"Hoje em dia, o relvado artificial \u00e9 baralhado como uma das melhores alternativas quando pensamos em cobrir algum tipo de solo ou superf\u00edcie.","breadcrumb":{"@id":"https:\/\/suelosport.com\/pt-pt\/grama-artificial\/#breadcrumb"},"inLanguage":"pt-PT","potentialAction":[{"@type":"ReadAction","target":["https:\/\/suelosport.com\/pt-pt\/grama-artificial\/"]}]},{"@type":"BreadcrumbList","@id":"https:\/\/suelosport.com\/pt-pt\/grama-artificial\/#breadcrumb","itemListElement":[{"@type":"ListItem","position":1,"name":"Portada","item":"https:\/\/suelosport.com\/pt-pt\/"},{"@type":"ListItem","position":2,"name":"Grama artificial"}]},{"@type":"WebSite","@id":"https:\/\/suelosport.com\/pt-pt\/#website","url":"https:\/\/suelosport.com\/pt-pt\/","name":"Suelosport - Suelos Deportivos","description":"Suelos para gimnasios, suelos de goma, losetas y suelos antideslizantes","publisher":{"@id":"https:\/\/suelosport.com\/pt-pt\/#organization"},"potentialAction":[{"@type":"SearchAction","target":{"@type":"EntryPoint","urlTemplate":"https:\/\/suelosport.com\/pt-pt\/?s={search_term_string}"},"query-input":{"@type":"PropertyValueSpecification","valueRequired":true,"valueName":"search_term_string"}}],"inLanguage":"pt-PT"},{"@type":"Organization","@id":"https:\/\/suelosport.com\/pt-pt\/#organization","name":"Suelosport","url":"https:\/\/suelosport.com\/pt-pt\/","logo":{"@type":"ImageObject","inLanguage":"pt-PT","@id":"https:\/\/suelosport.com\/pt-pt\/#\/schema\/logo\/image\/","url":"https:\/\/suelosport.com\/wp-content\/uploads\/2018\/03\/logo-suelosport.png","contentUrl":"https:\/\/suelosport.com\/wp-content\/uploads\/2018\/03\/logo-suelosport.png","width":300,"height":67,"caption":"Suelosport"},"image":{"@id":"https:\/\/suelosport.com\/pt-pt\/#\/schema\/logo\/image\/"},"sameAs":["https:\/\/www.facebook.com\/Suelosport-2042694182686080\/","https:\/\/www.linkedin.com\/company\/suelosport\/","https:\/\/www.youtube.com\/channel\/UC1eoryUxD4Fw7f1m5wx_vFg?view_as=subscriber"]}]}},"_links":{"self":[{"href":"https:\/\/suelosport.com\/pt-pt\/wp-json\/wp\/v2\/pages\/29450","targetHints":{"allow":["GET"]}}],"collection":[{"href":"https:\/\/suelosport.com\/pt-pt\/wp-json\/wp\/v2\/pages"}],"about":[{"href":"https:\/\/suelosport.com\/pt-pt\/wp-json\/wp\/v2\/types\/page"}],"author":[{"embeddable":true,"href":"https:\/\/suelosport.com\/pt-pt\/wp-json\/wp\/v2\/users\/19"}],"replies":[{"embeddable":true,"href":"https:\/\/suelosport.com\/pt-pt\/wp-json\/wp\/v2\/comments?post=29450"}],"version-history":[{"count":5,"href":"https:\/\/suelosport.com\/pt-pt\/wp-json\/wp\/v2\/pages\/29450\/revisions"}],"predecessor-version":[{"id":29491,"href":"https:\/\/suelosport.com\/pt-pt\/wp-json\/wp\/v2\/pages\/29450\/revisions\/29491"}],"wp:attachment":[{"href":"https:\/\/suelosport.com\/pt-pt\/wp-json\/wp\/v2\/media?parent=29450"}],"curies":[{"name":"wp","href":"https:\/\/api.w.org\/{rel}","templated":true}]}}