{"id":29413,"date":"2020-11-16T13:00:13","date_gmt":"2020-11-16T12:00:13","guid":{"rendered":"https:\/\/suelosport.com\/tatami\/"},"modified":"2020-11-16T13:00:17","modified_gmt":"2020-11-16T12:00:17","slug":"tatami","status":"publish","type":"page","link":"https:\/\/suelosport.com\/pt-pt\/tatami\/","title":{"rendered":"Tatami"},"content":{"rendered":"  <div id=\"page-header-471623535\" class=\"page-header-wrapper\">\n  <div class=\"page-title dark simple-title\">\n\n        <div class=\"page-title-bg\">\n      <div class=\"title-bg fill bg-fill\"\n        data-parallax-container=\".page-title\"\n        data-parallax-background\n        data-parallax=\"-\">\n      <\/div>\n      <div class=\"title-overlay fill\"><\/div>\n    <\/div>\n    \n    <div class=\"page-title-inner container align-center text-center flex-row-col medium-flex-wrap\" >\n              <div class=\"title-wrapper flex-col\">\n          <h1 class=\"entry-title mb-0\">\n            Tatami          <\/h1>\n        <\/div>\n                    <div class=\"title-content flex-col\">\n        <div class=\"title-breadcrumbs pb-half pt-half\"><nav class=\"woocommerce-breadcrumb breadcrumbs uppercase\" aria-label=\"Breadcrumb\">In\u00edcio<\/nav><\/div>      <\/div>\n    <\/div>\n\n     \n<style>\n#page-header-471623535 .title-overlay {\n  background-color: rgb(162, 171, 183);\n}\n#page-header-471623535 {\n  background-color: rgb(162, 171, 183);\n}\n<\/style>\n  <\/div>\n    <\/div>\n  \n<div class=\"is-divider divider clearfix\" style=\"background-color:rgba(0, 0, 0, 0);\"><\/div>\n<div class=\"row\"  id=\"row-2036405413\">\n\n\t<div id=\"col-1521399888\" class=\"col small-12 large-12\"  >\n\t\t\t\t<div class=\"col-inner\"  >\n\t\t\t\n\t\t\t\n<div class=\"accordion\">\n\t<div id=\"accordion-3793683758\" class=\"accordion-item\">\n\t\t<a id=\"accordion-3793683758-label\" class=\"accordion-title plain\" href=\"#accordion-item-ver-informa\u00e7\u00f5es\" aria-expanded=\"false\" aria-controls=\"accordion-3793683758-content\">\n\t\t\t<button class=\"toggle\" aria-label=\"Toggle\"><i class=\"icon-angle-down\" aria-hidden=\"true\"><\/i><\/button>\n\t\t\t<span>Ver informa\u00e7\u00f5es<\/span>\n\t\t<\/a>\n\t\t<div id=\"accordion-3793683758-content\" class=\"accordion-inner\" aria-labelledby=\"accordion-3793683758-label\">\n\t\t\t\n<h2><strong>Pavimento de Tatami (palha tecida)<\/strong><\/h2>\n<p>O <strong>piso de<\/strong> Tatami \u00e9 um tipo <strong>de revestimento de piso,<\/strong>no qual s\u00e3o praticadas algumas artes marciais como karat\u00e9, judo, etc. Um piso em forma de tecido e em forma de puzzle, que se destaca pelas suas <strong>caracter\u00edsticas de grande durabilidade e forte resist\u00eancia,<\/strong>sendo adequado para todo o tipo de desportos e especialmente concebido para a absor\u00e7\u00e3o de choques.<\/p>\n<p><strong>Os pisos de Tatami t\u00eam<\/strong> sido utilizados para o desenvolvimento de um grande n\u00famero de atividades, tanto l\u00fadicas como para a pr\u00e1tica de desportos de contacto ou artes marciais, bem como para a prote\u00e7\u00e3o de crian\u00e7as e idosos em \u00e1reas suscet\u00edveis a quedas<\/p>\n<p>Dependendo da atividade a praticar neste tipo de solo, ser\u00e1 necess\u00e1rio utilizar tapetes de tatami de uma espessura ou de outra, sendo os mais espessos, os mais adequados para certos tipos de artes marciais.<\/p>\n<h3><span style=\"font-size: 90%\"><strong>Pisos de Tatami para Artes Marciais<\/strong><\/span><\/h3>\n<p>As espessuras recomendadas variam de 2 a 4 cm.<\/p>\n<h3><span style=\"font-size: 90%\"><strong>Tatami para pisos de gin\u00e1stica e atividades como yoga, aer\u00f3bica, fitness, etc.<\/strong><\/span><\/h3>\n<p>Estas pe\u00e7as tamb\u00e9m podem ser usadas para proteger os mais pequenos em centros de dia e \u00e1reas de jogo, bem como em paredes e colunas para preservar a sua seguran\u00e7a.<\/p>\n\t\t<\/div>\n\t<\/div>\n\t\n<\/div>\n\t\t<\/div>\n\t\t\t\t\t<\/div>\n\n\t\n<\/div>\n\n  \n    <div class=\"row large-columns-3 medium-columns- small-columns-2 row-normal has-shadow row-box-shadow-2 slider row-slider slider-nav-reveal\"  data-flickity-options='{&quot;imagesLoaded&quot;: true, &quot;groupCells&quot;: &quot;100%&quot;, &quot;dragThreshold&quot; : 5, &quot;cellAlign&quot;: &quot;left&quot;,&quot;wrapAround&quot;: true,&quot;prevNextButtons&quot;: true,&quot;percentPosition&quot;: true,&quot;pageDots&quot;: false, &quot;rightToLeft&quot;: false, &quot;autoPlay&quot; : false}' >\n\n  <div class=\"product-category col\" data-animate=\"fadeInUp\">\n            <div class=\"col-inner\">\n              <a aria-label=\"Visit product category Tatami puzzle\" href=\"https:\/\/suelosport.com\/pt-pt\/comprar\/tatami-puzzle-pt-pt\/\">                <div class=\"box box-category has-hover box-badge hover-dark \">\n                <div class=\"box-image\" style=\"width:81%;\">\n                  <div class=\"\" >\n                  <img loading=\"lazy\" decoding=\"async\" src=\"https:\/\/suelosport.com\/wp-content\/uploads\/2021\/07\/Tatami_puzzle_100x100x2cm10-247x296.jpeg\" alt=\"Tatami puzzle\" width=\"300\" height=\"300\" \/>                                                      <\/div>\n                <\/div>\n                <div class=\"box-text text-center is-large\" >\n                  <div class=\"box-text-inner\">\n                      <h5 class=\"uppercase header-title\">\n                              Tatami puzzle                      <\/h5>\n                                            <p class=\"is-xsmall uppercase count \">\n\t                      4 Produtos                      <\/p>\n                                            \n                  <\/div>\n                <\/div>\n                <\/div>\n            <\/a>            <\/div>\n            <\/div><div class=\"product-category col\" data-animate=\"fadeInUp\">\n            <div class=\"col-inner\">\n              <a aria-label=\"Visit product category Tatamis sin forrar\" href=\"https:\/\/suelosport.com\/pt-pt\/comprar\/tatamis-sin-forrar-pt-pt\/\">                <div class=\"box box-category has-hover box-badge hover-dark \">\n                <div class=\"box-image\" style=\"width:81%;\">\n                  <div class=\"\" >\n                  <img loading=\"lazy\" decoding=\"async\" src=\"https:\/\/suelosport.com\/wp-content\/uploads\/2017\/11\/tatami-sin-forrar-2-247x296.jpeg\" alt=\"Tatamis sin forrar\" width=\"300\" height=\"300\" \/>                                                      <\/div>\n                <\/div>\n                <div class=\"box-text text-center is-large\" >\n                  <div class=\"box-text-inner\">\n                      <h5 class=\"uppercase header-title\">\n                              Tatamis sin forrar                      <\/h5>\n                                            <p class=\"is-xsmall uppercase count \">\n\t                      1 Produto                      <\/p>\n                                            \n                  <\/div>\n                <\/div>\n                <\/div>\n            <\/a>            <\/div>\n            <\/div><div class=\"product-category col\" data-animate=\"fadeInUp\">\n            <div class=\"col-inner\">\n              <a aria-label=\"Visit product category Lonas de PVC\" href=\"https:\/\/suelosport.com\/pt-pt\/comprar\/lonas-de-pvc-pt-pt\/\">                <div class=\"box box-category has-hover box-badge hover-dark \">\n                <div class=\"box-image\" style=\"width:81%;\">\n                  <div class=\"\" >\n                  <img loading=\"lazy\" decoding=\"async\" src=\"https:\/\/suelosport.com\/wp-content\/uploads\/2020\/10\/Lonas-pvc-247x296.jpg\" alt=\"Lonas de PVC\" width=\"300\" height=\"300\" \/>                                                      <\/div>\n                <\/div>\n                <div class=\"box-text text-center is-large\" >\n                  <div class=\"box-text-inner\">\n                      <h5 class=\"uppercase header-title\">\n                              Lonas de PVC                      <\/h5>\n                                            <p class=\"is-xsmall uppercase count \">\n\t                      4 Produtos                      <\/p>\n                                            \n                  <\/div>\n                <\/div>\n                <\/div>\n            <\/a>            <\/div>\n            <\/div><\/div>\n<div class=\"is-divider divider clearfix\" style=\"max-width:80px;background-color:rgba(0, 0, 0, 0);\"><\/div>\n<div class=\"row\"  id=\"row-384626626\">\r\n\r\n\n\t<div id=\"col-1417772188\" class=\"col small-12 large-12\"  >\n\t\t\t\t<div class=\"col-inner\"  >\n\t\t\t\n\t\t\t\r\n<h2><strong>Piso TATAMI em borracha EVA e aglomerado de poliuretano para artes marciais e gin\u00e1sios<\/strong><\/h2>\n<strong>O pavimento de tatami<\/strong> \u00e9 feito de borracha EVA (Etileno de Acetato de Vinil) ou espuma de aglomerado de poliuretano forrada com lona de PVC.\n\n<strong>O piso de tatami de borracha EVA \u00e9<\/strong> um material que, devido ao baixo custo e a muitas aplica\u00e7\u00f5es, tem sido amplamente utilizado tanto em instala\u00e7\u00f5es infantis como em viveiros como em espa\u00e7os de treino e competi\u00e7\u00f5es de artes marciais.\n\nAlgumas das caracter\u00edsticas <strong>do tatami de borracha Eva s\u00e3o:<\/strong>\n<ul>\n \t<li>F\u00e1cil instala\u00e7\u00e3o, basta definir as pe\u00e7as<\/li>\n \t<li>Facilidade de corte<\/li>\n \t<li>F\u00e1cil de lavar e manter<\/li>\n \t<li>Permite esquema de cores<\/li>\n \t<li>Espessuras e densidades diferentes<\/li>\n \t<li>\u00c9 recicl\u00e1vel<\/li>\n<\/ul>\n<h3><strong>Tipos de pavimentos de tatami (palha tecida):<\/strong><\/h3>\n<strong>Existem diferentes tipos de solos tatam<\/strong>i:\n\nOs <a href=\"https:\/\/suelosport.com\/tatami-puzzle\/\">\n  <strong>\n    <em>tipos de quebra-cabe\u00e7a de tatami<\/em>\n  <\/strong>\n<\/a> que se caracterizam por serem definidos entre si e as <strong>\n  <em>placas aglomeradas<\/em>\n<\/strong> de espuma de poliuretano n\u00e3o forrada, de v\u00e1rios tamanhos e espessuras. Neste \u00faltimo caso, podem ser forrados com lona de PVC, um a um individualmente, ou fazer uma \u00fanica tela para cobrir toda a superf\u00edcie.\n\n<strong>A SUELOSPORT<\/strong> tem o modelo de pavimentos tatami para cada uma das atividades ou desporto que pretende praticar.\n\n<hr>\n<p style=\"text-align: center\">CONFIRA A NOSSA NOVA SEC\u00c7\u00c3O DE: <a href=\"https:\/\/suelosport.com\/comprar\/suelo-vinilico\/\"> <strong>PISOS<\/strong> DE VINIL\n  \n<\/a><\/p>\nOutros tipos de <a href=\"https:\/\/suelosport.com\/pt-pt\/\"><strong>piso desportivo para gin\u00e1sios que<\/strong>\n  \n<\/a> tamb\u00e9m pode encontrar na nossa loja <strong>online <\/strong><strong>s\u00e3o:<\/strong>\n\n<hr>\n\n<div class=\"row\"  id=\"row-73484529\">\n\n\n\t<div id=\"col-222384661\" class=\"col medium-4 small-12 large-4\"  >\n\t\t\t\t<div class=\"col-inner\"  >\n\t\t\t\n\t\t\t\n<h4 style=\"text-align: center\"><a href=\"https:\/\/suelosport.com\/suelos-de-caucho\/\">Borracha do solo<\/a><\/h4>\n\t\t<\/div>\n\t\t\t\t\t<\/div>\n\n\t\n\n\t<div id=\"col-122349518\" class=\"col medium-4 small-12 large-4\"  >\n\t\t\t\t<div class=\"col-inner\"  >\n\t\t\t\n\t\t\t\n<h4 style=\"text-align: center\"><a href=\"https:\/\/suelosport.com\/suelos-de-goma\/\">Borracha do ch\u00e3o<\/a><\/h4>\n\t\t<\/div>\n\t\t\t\t\t<\/div>\n\n\t\n\n\t<div id=\"col-1532822786\" class=\"col medium-4 small-12 large-4\"  >\n\t\t\t\t<div class=\"col-inner\"  >\n\t\t\t\n\t\t\t\n<h4 style=\"text-align: center\"><a href=\"https:\/\/suelosport.com\/pt-pt\/comprar\/cesped-artificial-para-gimnasios-pt-pt\/\">Grama artificial do solo<\/a><\/h4>\n\t\t<\/div>\n\t\t\t\t\t<\/div>\n\n\t\n\n<\/div>\r\n\r\n\t\t<\/div>\n\t\t\t\t\t<\/div>\n\n\t\r\n\r\n<\/div>\r\n<div class=\"is-divider divider clearfix\" style=\"max-width:60px;background-color:rgba(0, 0, 0, 0);\"><\/div>\n","protected":false},"excerpt":{"rendered":"","protected":false},"author":19,"featured_media":46825,"parent":0,"menu_order":0,"comment_status":"closed","ping_status":"closed","template":"page-blank.php","meta":{"inline_featured_image":false,"footnotes":""},"class_list":["post-29413","page","type-page","status-publish","has-post-thumbnail","hentry"],"yoast_head":"<!-- This site is optimized with the Yoast SEO plugin v27.4 - https:\/\/yoast.com\/product\/yoast-seo-wordpress\/ -->\n<title>Tatami (palha tecida) EVA piso de artes marciais de borracha. Piso SUELOSPORT<\/title>\n<meta name=\"description\" content=\"Loja online para todo o tipo de piso de tatami para a pr\u00e1tica de artes marciais, gin\u00e1sios e atividades como yoga, aer\u00f3bica, fitness, etc.\" \/>\n<meta name=\"robots\" content=\"index, follow, max-snippet:-1, max-image-preview:large, max-video-preview:-1\" \/>\n<link rel=\"canonical\" href=\"https:\/\/suelosport.com\/pt-pt\/tatami\/\" \/>\n<meta property=\"og:locale\" content=\"pt_PT\" \/>\n<meta property=\"og:type\" content=\"article\" \/>\n<meta property=\"og:title\" content=\"Tatami (palha tecida) EVA piso de artes marciais de borracha. Piso SUELOSPORT\" \/>\n<meta property=\"og:description\" content=\"Loja online para todo o tipo de piso de tatami para a pr\u00e1tica de artes marciais, gin\u00e1sios e atividades como yoga, aer\u00f3bica, fitness, etc.\" \/>\n<meta property=\"og:url\" content=\"https:\/\/suelosport.com\/pt-pt\/tatami\/\" \/>\n<meta property=\"og:site_name\" content=\"Suelosport - Suelos Deportivos\" \/>\n<meta property=\"article:publisher\" content=\"https:\/\/www.facebook.com\/Suelosport-2042694182686080\/\" \/>\n<meta property=\"article:modified_time\" content=\"2020-11-16T12:00:17+00:00\" \/>\n<meta name=\"twitter:card\" content=\"summary_large_image\" \/>\n<meta name=\"twitter:label1\" content=\"Tempo estimado de leitura\" \/>\n\t<meta name=\"twitter:data1\" content=\"1 minuto\" \/>\n<script type=\"application\/ld+json\" class=\"yoast-schema-graph\">{\"@context\":\"https:\\\/\\\/schema.org\",\"@graph\":[{\"@type\":\"WebPage\",\"@id\":\"https:\\\/\\\/suelosport.com\\\/pt-pt\\\/tatami\\\/\",\"url\":\"https:\\\/\\\/suelosport.com\\\/pt-pt\\\/tatami\\\/\",\"name\":\"Tatami (palha tecida) EVA piso de artes marciais de borracha. Piso SUELOSPORT\",\"isPartOf\":{\"@id\":\"https:\\\/\\\/suelosport.com\\\/pt-pt\\\/#website\"},\"primaryImageOfPage\":{\"@id\":\"https:\\\/\\\/suelosport.com\\\/pt-pt\\\/tatami\\\/#primaryimage\"},\"image\":{\"@id\":\"https:\\\/\\\/suelosport.com\\\/pt-pt\\\/tatami\\\/#primaryimage\"},\"thumbnailUrl\":\"https:\\\/\\\/suelosport.com\\\/wp-content\\\/uploads\\\/2018\\\/06\\\/tatami_puzzle_100x100x25cm_5_lineas.jpg\",\"datePublished\":\"2020-11-16T12:00:13+00:00\",\"dateModified\":\"2020-11-16T12:00:17+00:00\",\"description\":\"Loja online para todo o tipo de piso de tatami para a pr\u00e1tica de artes marciais, gin\u00e1sios e atividades como yoga, aer\u00f3bica, fitness, etc.\",\"breadcrumb\":{\"@id\":\"https:\\\/\\\/suelosport.com\\\/pt-pt\\\/tatami\\\/#breadcrumb\"},\"inLanguage\":\"pt-PT\",\"potentialAction\":[{\"@type\":\"ReadAction\",\"target\":[\"https:\\\/\\\/suelosport.com\\\/pt-pt\\\/tatami\\\/\"]}]},{\"@type\":\"ImageObject\",\"inLanguage\":\"pt-PT\",\"@id\":\"https:\\\/\\\/suelosport.com\\\/pt-pt\\\/tatami\\\/#primaryimage\",\"url\":\"https:\\\/\\\/suelosport.com\\\/wp-content\\\/uploads\\\/2018\\\/06\\\/tatami_puzzle_100x100x25cm_5_lineas.jpg\",\"contentUrl\":\"https:\\\/\\\/suelosport.com\\\/wp-content\\\/uploads\\\/2018\\\/06\\\/tatami_puzzle_100x100x25cm_5_lineas.jpg\",\"width\":750,\"height\":1000,\"caption\":\"Tatami puzzle 100 x 100 x 2,5 cm 5 lineas\"},{\"@type\":\"BreadcrumbList\",\"@id\":\"https:\\\/\\\/suelosport.com\\\/pt-pt\\\/tatami\\\/#breadcrumb\",\"itemListElement\":[{\"@type\":\"ListItem\",\"position\":1,\"name\":\"Portada\",\"item\":\"https:\\\/\\\/suelosport.com\\\/pt-pt\\\/\"},{\"@type\":\"ListItem\",\"position\":2,\"name\":\"Tatami\"}]},{\"@type\":\"WebSite\",\"@id\":\"https:\\\/\\\/suelosport.com\\\/pt-pt\\\/#website\",\"url\":\"https:\\\/\\\/suelosport.com\\\/pt-pt\\\/\",\"name\":\"Suelosport - Suelos Deportivos\",\"description\":\"Suelos para gimnasios, suelos de goma, losetas y suelos antideslizantes\",\"publisher\":{\"@id\":\"https:\\\/\\\/suelosport.com\\\/pt-pt\\\/#organization\"},\"potentialAction\":[{\"@type\":\"SearchAction\",\"target\":{\"@type\":\"EntryPoint\",\"urlTemplate\":\"https:\\\/\\\/suelosport.com\\\/pt-pt\\\/?s={search_term_string}\"},\"query-input\":{\"@type\":\"PropertyValueSpecification\",\"valueRequired\":true,\"valueName\":\"search_term_string\"}}],\"inLanguage\":\"pt-PT\"},{\"@type\":\"Organization\",\"@id\":\"https:\\\/\\\/suelosport.com\\\/pt-pt\\\/#organization\",\"name\":\"Suelosport\",\"url\":\"https:\\\/\\\/suelosport.com\\\/pt-pt\\\/\",\"logo\":{\"@type\":\"ImageObject\",\"inLanguage\":\"pt-PT\",\"@id\":\"https:\\\/\\\/suelosport.com\\\/pt-pt\\\/#\\\/schema\\\/logo\\\/image\\\/\",\"url\":\"https:\\\/\\\/suelosport.com\\\/wp-content\\\/uploads\\\/2018\\\/03\\\/logo-suelosport.png\",\"contentUrl\":\"https:\\\/\\\/suelosport.com\\\/wp-content\\\/uploads\\\/2018\\\/03\\\/logo-suelosport.png\",\"width\":300,\"height\":67,\"caption\":\"Suelosport\"},\"image\":{\"@id\":\"https:\\\/\\\/suelosport.com\\\/pt-pt\\\/#\\\/schema\\\/logo\\\/image\\\/\"},\"sameAs\":[\"https:\\\/\\\/www.facebook.com\\\/Suelosport-2042694182686080\\\/\",\"https:\\\/\\\/www.linkedin.com\\\/company\\\/suelosport\\\/\",\"https:\\\/\\\/www.youtube.com\\\/channel\\\/UC1eoryUxD4Fw7f1m5wx_vFg?view_as=subscriber\"]}]}<\/script>\n<!-- \/ Yoast SEO plugin. -->","yoast_head_json":{"title":"Tatami (palha tecida) EVA piso de artes marciais de borracha. Piso SUELOSPORT","description":"Loja online para todo o tipo de piso de tatami para a pr\u00e1tica de artes marciais, gin\u00e1sios e atividades como yoga, aer\u00f3bica, fitness, etc.","robots":{"index":"index","follow":"follow","max-snippet":"max-snippet:-1","max-image-preview":"max-image-preview:large","max-video-preview":"max-video-preview:-1"},"canonical":"https:\/\/suelosport.com\/pt-pt\/tatami\/","og_locale":"pt_PT","og_type":"article","og_title":"Tatami (palha tecida) EVA piso de artes marciais de borracha. Piso SUELOSPORT","og_description":"Loja online para todo o tipo de piso de tatami para a pr\u00e1tica de artes marciais, gin\u00e1sios e atividades como yoga, aer\u00f3bica, fitness, etc.","og_url":"https:\/\/suelosport.com\/pt-pt\/tatami\/","og_site_name":"Suelosport - Suelos Deportivos","article_publisher":"https:\/\/www.facebook.com\/Suelosport-2042694182686080\/","article_modified_time":"2020-11-16T12:00:17+00:00","twitter_card":"summary_large_image","twitter_misc":{"Tempo estimado de leitura":"1 minuto"},"schema":{"@context":"https:\/\/schema.org","@graph":[{"@type":"WebPage","@id":"https:\/\/suelosport.com\/pt-pt\/tatami\/","url":"https:\/\/suelosport.com\/pt-pt\/tatami\/","name":"Tatami (palha tecida) EVA piso de artes marciais de borracha. Piso SUELOSPORT","isPartOf":{"@id":"https:\/\/suelosport.com\/pt-pt\/#website"},"primaryImageOfPage":{"@id":"https:\/\/suelosport.com\/pt-pt\/tatami\/#primaryimage"},"image":{"@id":"https:\/\/suelosport.com\/pt-pt\/tatami\/#primaryimage"},"thumbnailUrl":"https:\/\/suelosport.com\/wp-content\/uploads\/2018\/06\/tatami_puzzle_100x100x25cm_5_lineas.jpg","datePublished":"2020-11-16T12:00:13+00:00","dateModified":"2020-11-16T12:00:17+00:00","description":"Loja online para todo o tipo de piso de tatami para a pr\u00e1tica de artes marciais, gin\u00e1sios e atividades como yoga, aer\u00f3bica, fitness, etc.","breadcrumb":{"@id":"https:\/\/suelosport.com\/pt-pt\/tatami\/#breadcrumb"},"inLanguage":"pt-PT","potentialAction":[{"@type":"ReadAction","target":["https:\/\/suelosport.com\/pt-pt\/tatami\/"]}]},{"@type":"ImageObject","inLanguage":"pt-PT","@id":"https:\/\/suelosport.com\/pt-pt\/tatami\/#primaryimage","url":"https:\/\/suelosport.com\/wp-content\/uploads\/2018\/06\/tatami_puzzle_100x100x25cm_5_lineas.jpg","contentUrl":"https:\/\/suelosport.com\/wp-content\/uploads\/2018\/06\/tatami_puzzle_100x100x25cm_5_lineas.jpg","width":750,"height":1000,"caption":"Tatami puzzle 100 x 100 x 2,5 cm 5 lineas"},{"@type":"BreadcrumbList","@id":"https:\/\/suelosport.com\/pt-pt\/tatami\/#breadcrumb","itemListElement":[{"@type":"ListItem","position":1,"name":"Portada","item":"https:\/\/suelosport.com\/pt-pt\/"},{"@type":"ListItem","position":2,"name":"Tatami"}]},{"@type":"WebSite","@id":"https:\/\/suelosport.com\/pt-pt\/#website","url":"https:\/\/suelosport.com\/pt-pt\/","name":"Suelosport - Suelos Deportivos","description":"Suelos para gimnasios, suelos de goma, losetas y suelos antideslizantes","publisher":{"@id":"https:\/\/suelosport.com\/pt-pt\/#organization"},"potentialAction":[{"@type":"SearchAction","target":{"@type":"EntryPoint","urlTemplate":"https:\/\/suelosport.com\/pt-pt\/?s={search_term_string}"},"query-input":{"@type":"PropertyValueSpecification","valueRequired":true,"valueName":"search_term_string"}}],"inLanguage":"pt-PT"},{"@type":"Organization","@id":"https:\/\/suelosport.com\/pt-pt\/#organization","name":"Suelosport","url":"https:\/\/suelosport.com\/pt-pt\/","logo":{"@type":"ImageObject","inLanguage":"pt-PT","@id":"https:\/\/suelosport.com\/pt-pt\/#\/schema\/logo\/image\/","url":"https:\/\/suelosport.com\/wp-content\/uploads\/2018\/03\/logo-suelosport.png","contentUrl":"https:\/\/suelosport.com\/wp-content\/uploads\/2018\/03\/logo-suelosport.png","width":300,"height":67,"caption":"Suelosport"},"image":{"@id":"https:\/\/suelosport.com\/pt-pt\/#\/schema\/logo\/image\/"},"sameAs":["https:\/\/www.facebook.com\/Suelosport-2042694182686080\/","https:\/\/www.linkedin.com\/company\/suelosport\/","https:\/\/www.youtube.com\/channel\/UC1eoryUxD4Fw7f1m5wx_vFg?view_as=subscriber"]}]}},"_links":{"self":[{"href":"https:\/\/suelosport.com\/pt-pt\/wp-json\/wp\/v2\/pages\/29413","targetHints":{"allow":["GET"]}}],"collection":[{"href":"https:\/\/suelosport.com\/pt-pt\/wp-json\/wp\/v2\/pages"}],"about":[{"href":"https:\/\/suelosport.com\/pt-pt\/wp-json\/wp\/v2\/types\/page"}],"author":[{"embeddable":true,"href":"https:\/\/suelosport.com\/pt-pt\/wp-json\/wp\/v2\/users\/19"}],"replies":[{"embeddable":true,"href":"https:\/\/suelosport.com\/pt-pt\/wp-json\/wp\/v2\/comments?post=29413"}],"version-history":[{"count":3,"href":"https:\/\/suelosport.com\/pt-pt\/wp-json\/wp\/v2\/pages\/29413\/revisions"}],"predecessor-version":[{"id":29456,"href":"https:\/\/suelosport.com\/pt-pt\/wp-json\/wp\/v2\/pages\/29413\/revisions\/29456"}],"wp:featuredmedia":[{"embeddable":true,"href":"https:\/\/suelosport.com\/pt-pt\/wp-json\/wp\/v2\/media\/46825"}],"wp:attachment":[{"href":"https:\/\/suelosport.com\/pt-pt\/wp-json\/wp\/v2\/media?parent=29413"}],"curies":[{"name":"wp","href":"https:\/\/api.w.org\/{rel}","templated":true}]}}