{"id":27266,"date":"2020-11-16T12:52:17","date_gmt":"2020-11-16T11:52:17","guid":{"rendered":"https:\/\/suelosport.com\/contacto\/"},"modified":"2020-11-16T12:52:26","modified_gmt":"2020-11-16T11:52:26","slug":"contacto","status":"publish","type":"page","link":"https:\/\/suelosport.com\/pt-pt\/contacto\/","title":{"rendered":"Contacto"},"content":{"rendered":"<div class=\"row\"  id=\"row-1040527001\">\n\n\t<div id=\"col-1568061169\" class=\"col medium-6 large-6\"  >\n\t\t\t\t<div class=\"col-inner\"  >\n\t\t\t\n\t\t\t\n<div class=\"container section-title-container\" ><h3 class=\"section-title section-title-normal\"><b aria-hidden=\"true\"><\/b><span class=\"section-title-main\" >Pode encontrar-nos em:<\/span><b aria-hidden=\"true\"><\/b><\/h3><\/div>\n<p>CENTRO COMERCIAL SAN PABLO<br \/>\nA Avenida. Pedro Romero, s\/n, local 14, 1\u00ba Andar<br \/>\n41007 &#8211; Sevilha, ESPANHA<\/p>\n<p>(+34) 954 91 26 32<br \/>\n(+34) 626 32 99 42<br \/>\n(de segunda a sexta das 9:00 \u00e0s 14:00 e das 16:30 \u00e0s 19:30 h)<\/p>\n<p>Entre em contato conosco para quaisquer perguntas ou sugest\u00f5es.<\/p>\n\t\t<\/div>\n\t\t\t\t\t<\/div>\n\n\t\n\n\t<div id=\"col-928273127\" class=\"col medium-6 large-6\"  >\n\t\t\t\t<div class=\"col-inner\"  >\n\t\t\t\n\t\t\t\n<div class=\"container section-title-container\" ><h3 class=\"section-title section-title-normal\"><b aria-hidden=\"true\"><\/b><span class=\"section-title-main\" >Envie-nos um e-mail<\/span><b aria-hidden=\"true\"><\/b><\/h3><\/div>\n\n<div class=\"wpcf7 no-js\" id=\"wpcf7-f27315-o1\" lang=\"pt-PT\" dir=\"ltr\" data-wpcf7-id=\"27315\">\n<div class=\"screen-reader-response\"><p role=\"status\" aria-live=\"polite\" aria-atomic=\"true\"><\/p> <ul><\/ul><\/div>\n<form action=\"\/pt-pt\/wp-json\/wp\/v2\/pages\/27266#wpcf7-f27315-o1\" method=\"post\" class=\"wpcf7-form init\" aria-label=\"Formul\u00e1rio de contacto\" novalidate=\"novalidate\" data-status=\"init\">\n<fieldset class=\"hidden-fields-container\"><input type=\"hidden\" name=\"_wpcf7\" value=\"27315\" \/><input type=\"hidden\" name=\"_wpcf7_version\" value=\"6.1.5\" \/><input type=\"hidden\" name=\"_wpcf7_locale\" value=\"pt_PT\" \/><input type=\"hidden\" name=\"_wpcf7_unit_tag\" value=\"wpcf7-f27315-o1\" \/><input type=\"hidden\" name=\"_wpcf7_container_post\" value=\"0\" \/><input type=\"hidden\" name=\"_wpcf7_posted_data_hash\" value=\"\" \/><input type=\"hidden\" name=\"_wpcf7_recaptcha_response\" value=\"\" \/>\n<\/fieldset>\n<div class=\"form-flat\">\n\t<p><span class=\"wpcf7-form-control-wrap\" data-name=\"your-name\"><input size=\"40\" maxlength=\"400\" class=\"wpcf7-form-control wpcf7-text wpcf7-validates-as-required\" aria-required=\"true\" aria-invalid=\"false\" placeholder=\"Nombre *\" value=\"\" type=\"text\" name=\"your-name\" \/><\/span>\n\t<\/p>\n\t<p><span class=\"wpcf7-form-control-wrap\" data-name=\"your-email\"><input size=\"40\" maxlength=\"400\" class=\"wpcf7-form-control wpcf7-email wpcf7-validates-as-required wpcf7-text wpcf7-validates-as-email\" aria-required=\"true\" aria-invalid=\"false\" placeholder=\"Email *\" value=\"\" type=\"email\" name=\"your-email\" \/><\/span>\n\t<\/p>\n\t<p><span class=\"wpcf7-form-control-wrap\" data-name=\"tel-617\"><input size=\"40\" maxlength=\"400\" class=\"wpcf7-form-control wpcf7-tel wpcf7-text wpcf7-validates-as-tel\" aria-invalid=\"false\" placeholder=\"Tel\u00e9fono\" value=\"\" type=\"tel\" name=\"tel-617\" \/><\/span>\n\t<\/p>\n\t<p><span class=\"wpcf7-form-control-wrap\" data-name=\"your-subject\"><input size=\"40\" maxlength=\"400\" class=\"wpcf7-form-control wpcf7-text\" aria-invalid=\"false\" placeholder=\"Asunto\" value=\"\" type=\"text\" name=\"your-subject\" \/><\/span>\n\t<\/p>\n\t<p><span class=\"wpcf7-form-control-wrap\" data-name=\"your-message\"><textarea cols=\"40\" rows=\"10\" maxlength=\"2000\" class=\"wpcf7-form-control wpcf7-textarea\" aria-invalid=\"false\" placeholder=\"Mensaje\" name=\"your-message\"><\/textarea><\/span>\n\t<\/p>\n\t<p style=\"font-size: 12px; line-height: 14px;\"><strong>Respons\u00e1vel:<\/strong> BRUNION SOLUTIONS, S.I.\n\t<\/p>\n\t<p style=\"font-size: 12px; line-height: 14px;\"><strong>Finalidade: <\/strong> Responda \u00e0 mensagem enviada com este formul\u00e1rio de contacto e \u00e0 gest\u00e3o da rela\u00e7\u00e3o comercial e profissional.\n\t<\/p>\n\t<p style=\"font-size: 12px; line-height: 14px;\"><strong>Legitima\u00e7\u00e3o:<\/strong> O consentimento expresso e o interesse leg\u00edtimo das partes \u00e9 a nossa obriga\u00e7\u00e3o legal.\n\t<\/p>\n\t<p style=\"font-size: 12px; line-height: 14px;\"><strong>Destinat\u00e1rios:<\/strong> Nenhum dado ser\u00e1 transferido para terceiros, exceto a obriga\u00e7\u00e3o legal. <strong> <\/strong>Os seus dados ser\u00e3o armazenados no nosso fornecedor de HOSPEDAGEM OVH e Google, ambos em conformidade com o RGPD.\n\t<\/p>\n\t<p style=\"font-size: 12px; line-height: 14px;\"><strong>Direitos:<\/strong> Tem o direito de aceder, retificar e eliminar os seus dados, bem como outros direitos ao abrigo do RGPD, conforme explicado <a href=\"\/politica-de-privacidad\/\">na pol\u00edtica de privacidade.<\/a><strong> <\/strong>\n\t<\/p>\n\t<div class=\"gap-element\" style=\"display:block; height:auto; padding-top:30px\">\n\t<\/div>\n\t<p>[row]<br \/>\n[col span=\"1\" span__sm=\"12\"]<br \/>\n<span class=\"wpcf7-form-control-wrap\" data-name=\"acceptance-558\"><span class=\"wpcf7-form-control wpcf7-acceptance\"><span class=\"wpcf7-list-item\"><input type=\"checkbox\" name=\"acceptance-558\" value=\"1\" aria-invalid=\"false\" \/><\/span><\/span><\/span>[\/col]<br \/>\n[col span=\"11\" span__sm=\"12\"] Aceito <a href=\"\/politica-de-privacidad\/\">a pol\u00edtica de privacidade.<\/a>[\/col][\/row]\n\t<\/p>\n\t<div class=\"gap-element\" style=\"display:block; height:auto;  \">\n\t<\/div>\n\t<p><input class=\"wpcf7-form-control wpcf7-submit has-spinner button\" type=\"submit\" value=\"Enviar\" \/>\n\t<\/p>\n<\/div><p style=\"display: none !important;\" class=\"akismet-fields-container\" data-prefix=\"_wpcf7_ak_\"><label>&#916;<textarea name=\"_wpcf7_ak_hp_textarea\" cols=\"45\" rows=\"8\" maxlength=\"100\"><\/textarea><\/label><input type=\"hidden\" id=\"ak_js_1\" name=\"_wpcf7_ak_js\" value=\"170\"\/><script>document.getElementById( \"ak_js_1\" ).setAttribute( \"value\", ( new Date() ).getTime() );<\/script><\/p><div class=\"wpcf7-response-output\" aria-hidden=\"true\"><\/div>\n<\/form>\n<\/div>\n\n<p>document.addEventListener( &#8216;wpcf7mailsent&#8217;, function( event ) {<br \/>\nlocation = &#8216;https:\/\/suelosport.com\/gracias-por-contactar\/&#8217;<br \/>\n}, false );<\/p>\n\t\t<\/div>\n\t\t\t\t\t<\/div>\n\n\t\n<\/div>\n","protected":false},"excerpt":{"rendered":"","protected":false},"author":17,"featured_media":0,"parent":0,"menu_order":0,"comment_status":"closed","ping_status":"closed","template":"","meta":{"inline_featured_image":false,"footnotes":""},"class_list":["post-27266","page","type-page","status-publish","hentry"],"yoast_head":"<!-- This site is optimized with the Yoast SEO plugin v27.1.1 - https:\/\/yoast.com\/product\/yoast-seo-wordpress\/ -->\n<title>Contacte-nos Suelosport<\/title>\n<meta name=\"description\" content=\"Pode contactar-nos atrav\u00e9s do telefone 954 91 26 32 e 626 32 99 42 ou atrav\u00e9s do nosso formul\u00e1rio de contacto. Consultas!\" \/>\n<meta name=\"robots\" content=\"noindex, nofollow\" \/>\n<meta property=\"og:locale\" content=\"pt_PT\" \/>\n<meta property=\"og:type\" content=\"article\" \/>\n<meta property=\"og:title\" content=\"Contacte-nos Suelosport\" \/>\n<meta property=\"og:description\" content=\"Pode contactar-nos atrav\u00e9s do telefone 954 91 26 32 e 626 32 99 42 ou atrav\u00e9s do nosso formul\u00e1rio de contacto. Consultas!\" \/>\n<meta property=\"og:url\" content=\"https:\/\/suelosport.com\/pt-pt\/contacto\/\" \/>\n<meta property=\"og:site_name\" content=\"Suelosport - Suelos Deportivos\" \/>\n<meta property=\"article:publisher\" content=\"https:\/\/www.facebook.com\/Suelosport-2042694182686080\/\" \/>\n<meta property=\"article:modified_time\" content=\"2020-11-16T11:52:26+00:00\" \/>\n<meta name=\"twitter:card\" content=\"summary_large_image\" \/>\n<script type=\"application\/ld+json\" class=\"yoast-schema-graph\">{\"@context\":\"https:\/\/schema.org\",\"@graph\":[{\"@type\":\"WebPage\",\"@id\":\"https:\/\/suelosport.com\/pt-pt\/contacto\/\",\"url\":\"https:\/\/suelosport.com\/pt-pt\/contacto\/\",\"name\":\"Contacte-nos Suelosport\",\"isPartOf\":{\"@id\":\"https:\/\/suelosport.com\/pt-pt\/#website\"},\"datePublished\":\"2020-11-16T11:52:17+00:00\",\"dateModified\":\"2020-11-16T11:52:26+00:00\",\"description\":\"Pode contactar-nos atrav\u00e9s do telefone 954 91 26 32 e 626 32 99 42 ou atrav\u00e9s do nosso formul\u00e1rio de contacto. Consultas!\",\"breadcrumb\":{\"@id\":\"https:\/\/suelosport.com\/pt-pt\/contacto\/#breadcrumb\"},\"inLanguage\":\"pt-PT\",\"potentialAction\":[{\"@type\":\"ReadAction\",\"target\":[\"https:\/\/suelosport.com\/pt-pt\/contacto\/\"]}]},{\"@type\":\"BreadcrumbList\",\"@id\":\"https:\/\/suelosport.com\/pt-pt\/contacto\/#breadcrumb\",\"itemListElement\":[{\"@type\":\"ListItem\",\"position\":1,\"name\":\"Portada\",\"item\":\"https:\/\/suelosport.com\/pt-pt\/\"},{\"@type\":\"ListItem\",\"position\":2,\"name\":\"Contacto\"}]},{\"@type\":\"WebSite\",\"@id\":\"https:\/\/suelosport.com\/pt-pt\/#website\",\"url\":\"https:\/\/suelosport.com\/pt-pt\/\",\"name\":\"Suelosport - Suelos Deportivos\",\"description\":\"Suelos para gimnasios, suelos de goma, losetas y suelos antideslizantes\",\"publisher\":{\"@id\":\"https:\/\/suelosport.com\/pt-pt\/#organization\"},\"potentialAction\":[{\"@type\":\"SearchAction\",\"target\":{\"@type\":\"EntryPoint\",\"urlTemplate\":\"https:\/\/suelosport.com\/pt-pt\/?s={search_term_string}\"},\"query-input\":{\"@type\":\"PropertyValueSpecification\",\"valueRequired\":true,\"valueName\":\"search_term_string\"}}],\"inLanguage\":\"pt-PT\"},{\"@type\":\"Organization\",\"@id\":\"https:\/\/suelosport.com\/pt-pt\/#organization\",\"name\":\"Suelosport\",\"url\":\"https:\/\/suelosport.com\/pt-pt\/\",\"logo\":{\"@type\":\"ImageObject\",\"inLanguage\":\"pt-PT\",\"@id\":\"https:\/\/suelosport.com\/pt-pt\/#\/schema\/logo\/image\/\",\"url\":\"https:\/\/suelosport.com\/wp-content\/uploads\/2018\/03\/logo-suelosport.png\",\"contentUrl\":\"https:\/\/suelosport.com\/wp-content\/uploads\/2018\/03\/logo-suelosport.png\",\"width\":300,\"height\":67,\"caption\":\"Suelosport\"},\"image\":{\"@id\":\"https:\/\/suelosport.com\/pt-pt\/#\/schema\/logo\/image\/\"},\"sameAs\":[\"https:\/\/www.facebook.com\/Suelosport-2042694182686080\/\",\"https:\/\/www.linkedin.com\/company\/suelosport\/\",\"https:\/\/www.youtube.com\/channel\/UC1eoryUxD4Fw7f1m5wx_vFg?view_as=subscriber\"]}]}<\/script>\n<!-- \/ Yoast SEO plugin. -->","yoast_head_json":{"title":"Contacte-nos Suelosport","description":"Pode contactar-nos atrav\u00e9s do telefone 954 91 26 32 e 626 32 99 42 ou atrav\u00e9s do nosso formul\u00e1rio de contacto. Consultas!","robots":{"index":"noindex","follow":"nofollow"},"og_locale":"pt_PT","og_type":"article","og_title":"Contacte-nos Suelosport","og_description":"Pode contactar-nos atrav\u00e9s do telefone 954 91 26 32 e 626 32 99 42 ou atrav\u00e9s do nosso formul\u00e1rio de contacto. Consultas!","og_url":"https:\/\/suelosport.com\/pt-pt\/contacto\/","og_site_name":"Suelosport - Suelos Deportivos","article_publisher":"https:\/\/www.facebook.com\/Suelosport-2042694182686080\/","article_modified_time":"2020-11-16T11:52:26+00:00","twitter_card":"summary_large_image","schema":{"@context":"https:\/\/schema.org","@graph":[{"@type":"WebPage","@id":"https:\/\/suelosport.com\/pt-pt\/contacto\/","url":"https:\/\/suelosport.com\/pt-pt\/contacto\/","name":"Contacte-nos Suelosport","isPartOf":{"@id":"https:\/\/suelosport.com\/pt-pt\/#website"},"datePublished":"2020-11-16T11:52:17+00:00","dateModified":"2020-11-16T11:52:26+00:00","description":"Pode contactar-nos atrav\u00e9s do telefone 954 91 26 32 e 626 32 99 42 ou atrav\u00e9s do nosso formul\u00e1rio de contacto. Consultas!","breadcrumb":{"@id":"https:\/\/suelosport.com\/pt-pt\/contacto\/#breadcrumb"},"inLanguage":"pt-PT","potentialAction":[{"@type":"ReadAction","target":["https:\/\/suelosport.com\/pt-pt\/contacto\/"]}]},{"@type":"BreadcrumbList","@id":"https:\/\/suelosport.com\/pt-pt\/contacto\/#breadcrumb","itemListElement":[{"@type":"ListItem","position":1,"name":"Portada","item":"https:\/\/suelosport.com\/pt-pt\/"},{"@type":"ListItem","position":2,"name":"Contacto"}]},{"@type":"WebSite","@id":"https:\/\/suelosport.com\/pt-pt\/#website","url":"https:\/\/suelosport.com\/pt-pt\/","name":"Suelosport - Suelos Deportivos","description":"Suelos para gimnasios, suelos de goma, losetas y suelos antideslizantes","publisher":{"@id":"https:\/\/suelosport.com\/pt-pt\/#organization"},"potentialAction":[{"@type":"SearchAction","target":{"@type":"EntryPoint","urlTemplate":"https:\/\/suelosport.com\/pt-pt\/?s={search_term_string}"},"query-input":{"@type":"PropertyValueSpecification","valueRequired":true,"valueName":"search_term_string"}}],"inLanguage":"pt-PT"},{"@type":"Organization","@id":"https:\/\/suelosport.com\/pt-pt\/#organization","name":"Suelosport","url":"https:\/\/suelosport.com\/pt-pt\/","logo":{"@type":"ImageObject","inLanguage":"pt-PT","@id":"https:\/\/suelosport.com\/pt-pt\/#\/schema\/logo\/image\/","url":"https:\/\/suelosport.com\/wp-content\/uploads\/2018\/03\/logo-suelosport.png","contentUrl":"https:\/\/suelosport.com\/wp-content\/uploads\/2018\/03\/logo-suelosport.png","width":300,"height":67,"caption":"Suelosport"},"image":{"@id":"https:\/\/suelosport.com\/pt-pt\/#\/schema\/logo\/image\/"},"sameAs":["https:\/\/www.facebook.com\/Suelosport-2042694182686080\/","https:\/\/www.linkedin.com\/company\/suelosport\/","https:\/\/www.youtube.com\/channel\/UC1eoryUxD4Fw7f1m5wx_vFg?view_as=subscriber"]}]}},"_links":{"self":[{"href":"https:\/\/suelosport.com\/pt-pt\/wp-json\/wp\/v2\/pages\/27266","targetHints":{"allow":["GET"]}}],"collection":[{"href":"https:\/\/suelosport.com\/pt-pt\/wp-json\/wp\/v2\/pages"}],"about":[{"href":"https:\/\/suelosport.com\/pt-pt\/wp-json\/wp\/v2\/types\/page"}],"author":[{"embeddable":true,"href":"https:\/\/suelosport.com\/pt-pt\/wp-json\/wp\/v2\/users\/17"}],"replies":[{"embeddable":true,"href":"https:\/\/suelosport.com\/pt-pt\/wp-json\/wp\/v2\/comments?post=27266"}],"version-history":[{"count":7,"href":"https:\/\/suelosport.com\/pt-pt\/wp-json\/wp\/v2\/pages\/27266\/revisions"}],"predecessor-version":[{"id":27291,"href":"https:\/\/suelosport.com\/pt-pt\/wp-json\/wp\/v2\/pages\/27266\/revisions\/27291"}],"wp:attachment":[{"href":"https:\/\/suelosport.com\/pt-pt\/wp-json\/wp\/v2\/media?parent=27266"}],"curies":[{"name":"wp","href":"https:\/\/api.w.org\/{rel}","templated":true}]}}