{"id":27250,"date":"2020-11-16T12:52:15","date_gmt":"2020-11-16T11:52:15","guid":{"rendered":"https:\/\/suelosport.com\/politica-de-privacidade\/"},"modified":"2020-11-16T12:52:15","modified_gmt":"2020-11-16T11:52:15","slug":"politica-de-privacidade","status":"publish","type":"page","link":"https:\/\/suelosport.com\/pt-pt\/politica-de-privacidade\/","title":{"rendered":"POL\u00cdTICA DE PRIVACIDADE"},"content":{"rendered":"<p>De acordo com o artigo 5.\u00ba da Lei Org\u00e2nica 15\/1999, de 13 de dezembro, de 13 de dezembro, de prote\u00e7\u00e3o de Dados Pessoais, o utilizador \u00e9 informado do seguinte:<\/p>\n<p>O propriet\u00e1rio deste site cumpre a legisla\u00e7\u00e3o em vigor em mat\u00e9ria de pol\u00edtica de privacidade. Assim, os dados que nos s\u00e3o fornecidos pelo utilizador ser\u00e3o inclu\u00eddos num ficheiro propriedade da BRUNION SOLUTIONS, S.L. (que tamb\u00e9m \u00e9 respons\u00e1vel pelo tratamento), denominado CLIENTES E FORNECEDORES, e registado na Ag\u00eancia Espanhola de Prote\u00e7\u00e3o de Dados, cujo final ser\u00e1 a gest\u00e3o contabil\u00edstica, fiscal e administrativa de clientes e fornecedores, e-commerce e o envio oportuno de comunica\u00e7\u00f5es comerciais que possam ser do seu interesse. Neste sentido, o utilizador que desejar pode subscrever a nossa <i>newsletter, <\/i>dando-nos o seu endere\u00e7o de e-mail. Pode cancelar a subscri\u00e7\u00e3o do mesmo contactando-nos, conforme especificado no par\u00e1grafo seguinte, ou atrav\u00e9s do link desinscri\u00e7\u00e3o encontrado em cada comunica\u00e7\u00e3o electr\u00f3nica, nos termos do artigo 21.2 da Lei n.\u00ba 34\/2002, de 11 de julho, sobre servi\u00e7os da sociedade da informa\u00e7\u00e3o e com\u00e9rcio eletr\u00f3nico. Os seus dados n\u00e3o ser\u00e3o transferidos.<\/p>\n<p>Ao fornecer-nos os seus dados, consente a inclus\u00e3o nesse ficheiro. O formul\u00e1rio de registo especifica os dados que o utilizador deve fornecer. A qualquer momento pode exercer os seus direitos de acesso, retifica\u00e7\u00e3o, cancelamento e oposi\u00e7\u00e3o enviando uma carta para o endere\u00e7o: Avda. Pedro Romero, S\/N, Centro Comercial San Pablo, local 14, 1\u00ba andar. C\u00f3digo postal: 41007, Sevilha, ou atrav\u00e9s do formul\u00e1rio de contacto, indicando o direito que deseja exercer.<\/p>\n<p>O propriet\u00e1rio deste website compromete-se a eliminar imediatamente quaisquer dados privados quando o utilizador o exija e a observar as devidas dilig\u00eancias em rela\u00e7\u00e3o aos mesmos, bem como a utilizar os dados de acordo com a finalidade do ficheiro e a tomar as medidas necess\u00e1rias para evitar altera\u00e7\u00f5es, perdas, tratamento ou acesso n\u00e3o autorizado aos mesmos.<\/p>\n","protected":false},"excerpt":{"rendered":"<p>De acordo com o artigo 5.\u00ba da Lei Org\u00e2nica 15\/1999, de 13 de dezembro, de 13 de dezembro, de prote\u00e7\u00e3o de Dados Pessoais, o utilizador \u00e9 informado do seguinte: O propriet\u00e1rio deste site cumpre a legisla\u00e7\u00e3o em vigor em mat\u00e9ria de pol\u00edtica de privacidade. Assim, os dados que nos s\u00e3o fornecidos pelo utilizador ser\u00e3o inclu\u00eddos [&#8230;]\n","protected":false},"author":17,"featured_media":0,"parent":0,"menu_order":0,"comment_status":"closed","ping_status":"closed","template":"","meta":{"inline_featured_image":false,"footnotes":""},"class_list":["post-27250","page","type-page","status-publish","hentry"],"yoast_head":"<!-- This site is optimized with the Yoast SEO plugin v27.4 - https:\/\/yoast.com\/product\/yoast-seo-wordpress\/ -->\n<title>Pol\u00edtica de Privacidade Suelosport<\/title>\n<meta name=\"description\" content=\"De acordo com o artigo 5.\u00ba da Lei Org\u00e2nica 15\/1999, de 13 de dezembro, Prote\u00e7\u00e3o de Dados Pessoais, o utilizador \u00e9 informado de que o propriet\u00e1rio deste website cumpre a legisla\u00e7\u00e3o em vigor em mat\u00e9ria de pol\u00edtica de privacidade.\" \/>\n<meta name=\"robots\" content=\"index, follow, max-snippet:-1, max-image-preview:large, max-video-preview:-1\" \/>\n<link rel=\"canonical\" href=\"https:\/\/suelosport.com\/pt-pt\/politica-de-privacidade\/\" \/>\n<meta property=\"og:locale\" content=\"pt_PT\" \/>\n<meta property=\"og:type\" content=\"article\" \/>\n<meta property=\"og:title\" content=\"Pol\u00edtica de Privacidade Suelosport\" \/>\n<meta property=\"og:description\" content=\"De acordo com o artigo 5.\u00ba da Lei Org\u00e2nica 15\/1999, de 13 de dezembro, Prote\u00e7\u00e3o de Dados Pessoais, o utilizador \u00e9 informado de que o propriet\u00e1rio deste website cumpre a legisla\u00e7\u00e3o em vigor em mat\u00e9ria de pol\u00edtica de privacidade.\" \/>\n<meta property=\"og:url\" content=\"https:\/\/suelosport.com\/pt-pt\/politica-de-privacidade\/\" \/>\n<meta property=\"og:site_name\" content=\"Suelosport - Suelos Deportivos\" \/>\n<meta property=\"article:publisher\" content=\"https:\/\/www.facebook.com\/Suelosport-2042694182686080\/\" \/>\n<meta name=\"twitter:card\" content=\"summary_large_image\" \/>\n<meta name=\"twitter:label1\" content=\"Tempo estimado de leitura\" \/>\n\t<meta name=\"twitter:data1\" content=\"2 minutos\" \/>\n<script type=\"application\/ld+json\" class=\"yoast-schema-graph\">{\"@context\":\"https:\\\/\\\/schema.org\",\"@graph\":[{\"@type\":\"WebPage\",\"@id\":\"https:\\\/\\\/suelosport.com\\\/pt-pt\\\/politica-de-privacidade\\\/\",\"url\":\"https:\\\/\\\/suelosport.com\\\/pt-pt\\\/politica-de-privacidade\\\/\",\"name\":\"Pol\u00edtica de Privacidade Suelosport\",\"isPartOf\":{\"@id\":\"https:\\\/\\\/suelosport.com\\\/pt-pt\\\/#website\"},\"datePublished\":\"2020-11-16T11:52:15+00:00\",\"description\":\"De acordo com o artigo 5.\u00ba da Lei Org\u00e2nica 15\\\/1999, de 13 de dezembro, Prote\u00e7\u00e3o de Dados Pessoais, o utilizador \u00e9 informado de que o propriet\u00e1rio deste website cumpre a legisla\u00e7\u00e3o em vigor em mat\u00e9ria de pol\u00edtica de privacidade.\",\"breadcrumb\":{\"@id\":\"https:\\\/\\\/suelosport.com\\\/pt-pt\\\/politica-de-privacidade\\\/#breadcrumb\"},\"inLanguage\":\"pt-PT\",\"potentialAction\":[{\"@type\":\"ReadAction\",\"target\":[\"https:\\\/\\\/suelosport.com\\\/pt-pt\\\/politica-de-privacidade\\\/\"]}]},{\"@type\":\"BreadcrumbList\",\"@id\":\"https:\\\/\\\/suelosport.com\\\/pt-pt\\\/politica-de-privacidade\\\/#breadcrumb\",\"itemListElement\":[{\"@type\":\"ListItem\",\"position\":1,\"name\":\"Portada\",\"item\":\"https:\\\/\\\/suelosport.com\\\/pt-pt\\\/\"},{\"@type\":\"ListItem\",\"position\":2,\"name\":\"POL\u00cdTICA DE PRIVACIDADE\"}]},{\"@type\":\"WebSite\",\"@id\":\"https:\\\/\\\/suelosport.com\\\/pt-pt\\\/#website\",\"url\":\"https:\\\/\\\/suelosport.com\\\/pt-pt\\\/\",\"name\":\"Suelosport - Suelos Deportivos\",\"description\":\"Suelos para gimnasios, suelos de goma, losetas y suelos antideslizantes\",\"publisher\":{\"@id\":\"https:\\\/\\\/suelosport.com\\\/pt-pt\\\/#organization\"},\"potentialAction\":[{\"@type\":\"SearchAction\",\"target\":{\"@type\":\"EntryPoint\",\"urlTemplate\":\"https:\\\/\\\/suelosport.com\\\/pt-pt\\\/?s={search_term_string}\"},\"query-input\":{\"@type\":\"PropertyValueSpecification\",\"valueRequired\":true,\"valueName\":\"search_term_string\"}}],\"inLanguage\":\"pt-PT\"},{\"@type\":\"Organization\",\"@id\":\"https:\\\/\\\/suelosport.com\\\/pt-pt\\\/#organization\",\"name\":\"Suelosport\",\"url\":\"https:\\\/\\\/suelosport.com\\\/pt-pt\\\/\",\"logo\":{\"@type\":\"ImageObject\",\"inLanguage\":\"pt-PT\",\"@id\":\"https:\\\/\\\/suelosport.com\\\/pt-pt\\\/#\\\/schema\\\/logo\\\/image\\\/\",\"url\":\"https:\\\/\\\/suelosport.com\\\/wp-content\\\/uploads\\\/2018\\\/03\\\/logo-suelosport.png\",\"contentUrl\":\"https:\\\/\\\/suelosport.com\\\/wp-content\\\/uploads\\\/2018\\\/03\\\/logo-suelosport.png\",\"width\":300,\"height\":67,\"caption\":\"Suelosport\"},\"image\":{\"@id\":\"https:\\\/\\\/suelosport.com\\\/pt-pt\\\/#\\\/schema\\\/logo\\\/image\\\/\"},\"sameAs\":[\"https:\\\/\\\/www.facebook.com\\\/Suelosport-2042694182686080\\\/\",\"https:\\\/\\\/www.linkedin.com\\\/company\\\/suelosport\\\/\",\"https:\\\/\\\/www.youtube.com\\\/channel\\\/UC1eoryUxD4Fw7f1m5wx_vFg?view_as=subscriber\"]}]}<\/script>\n<!-- \/ Yoast SEO plugin. -->","yoast_head_json":{"title":"Pol\u00edtica de Privacidade Suelosport","description":"De acordo com o artigo 5.\u00ba da Lei Org\u00e2nica 15\/1999, de 13 de dezembro, Prote\u00e7\u00e3o de Dados Pessoais, o utilizador \u00e9 informado de que o propriet\u00e1rio deste website cumpre a legisla\u00e7\u00e3o em vigor em mat\u00e9ria de pol\u00edtica de privacidade.","robots":{"index":"index","follow":"follow","max-snippet":"max-snippet:-1","max-image-preview":"max-image-preview:large","max-video-preview":"max-video-preview:-1"},"canonical":"https:\/\/suelosport.com\/pt-pt\/politica-de-privacidade\/","og_locale":"pt_PT","og_type":"article","og_title":"Pol\u00edtica de Privacidade Suelosport","og_description":"De acordo com o artigo 5.\u00ba da Lei Org\u00e2nica 15\/1999, de 13 de dezembro, Prote\u00e7\u00e3o de Dados Pessoais, o utilizador \u00e9 informado de que o propriet\u00e1rio deste website cumpre a legisla\u00e7\u00e3o em vigor em mat\u00e9ria de pol\u00edtica de privacidade.","og_url":"https:\/\/suelosport.com\/pt-pt\/politica-de-privacidade\/","og_site_name":"Suelosport - Suelos Deportivos","article_publisher":"https:\/\/www.facebook.com\/Suelosport-2042694182686080\/","twitter_card":"summary_large_image","twitter_misc":{"Tempo estimado de leitura":"2 minutos"},"schema":{"@context":"https:\/\/schema.org","@graph":[{"@type":"WebPage","@id":"https:\/\/suelosport.com\/pt-pt\/politica-de-privacidade\/","url":"https:\/\/suelosport.com\/pt-pt\/politica-de-privacidade\/","name":"Pol\u00edtica de Privacidade Suelosport","isPartOf":{"@id":"https:\/\/suelosport.com\/pt-pt\/#website"},"datePublished":"2020-11-16T11:52:15+00:00","description":"De acordo com o artigo 5.\u00ba da Lei Org\u00e2nica 15\/1999, de 13 de dezembro, Prote\u00e7\u00e3o de Dados Pessoais, o utilizador \u00e9 informado de que o propriet\u00e1rio deste website cumpre a legisla\u00e7\u00e3o em vigor em mat\u00e9ria de pol\u00edtica de privacidade.","breadcrumb":{"@id":"https:\/\/suelosport.com\/pt-pt\/politica-de-privacidade\/#breadcrumb"},"inLanguage":"pt-PT","potentialAction":[{"@type":"ReadAction","target":["https:\/\/suelosport.com\/pt-pt\/politica-de-privacidade\/"]}]},{"@type":"BreadcrumbList","@id":"https:\/\/suelosport.com\/pt-pt\/politica-de-privacidade\/#breadcrumb","itemListElement":[{"@type":"ListItem","position":1,"name":"Portada","item":"https:\/\/suelosport.com\/pt-pt\/"},{"@type":"ListItem","position":2,"name":"POL\u00cdTICA DE PRIVACIDADE"}]},{"@type":"WebSite","@id":"https:\/\/suelosport.com\/pt-pt\/#website","url":"https:\/\/suelosport.com\/pt-pt\/","name":"Suelosport - Suelos Deportivos","description":"Suelos para gimnasios, suelos de goma, losetas y suelos antideslizantes","publisher":{"@id":"https:\/\/suelosport.com\/pt-pt\/#organization"},"potentialAction":[{"@type":"SearchAction","target":{"@type":"EntryPoint","urlTemplate":"https:\/\/suelosport.com\/pt-pt\/?s={search_term_string}"},"query-input":{"@type":"PropertyValueSpecification","valueRequired":true,"valueName":"search_term_string"}}],"inLanguage":"pt-PT"},{"@type":"Organization","@id":"https:\/\/suelosport.com\/pt-pt\/#organization","name":"Suelosport","url":"https:\/\/suelosport.com\/pt-pt\/","logo":{"@type":"ImageObject","inLanguage":"pt-PT","@id":"https:\/\/suelosport.com\/pt-pt\/#\/schema\/logo\/image\/","url":"https:\/\/suelosport.com\/wp-content\/uploads\/2018\/03\/logo-suelosport.png","contentUrl":"https:\/\/suelosport.com\/wp-content\/uploads\/2018\/03\/logo-suelosport.png","width":300,"height":67,"caption":"Suelosport"},"image":{"@id":"https:\/\/suelosport.com\/pt-pt\/#\/schema\/logo\/image\/"},"sameAs":["https:\/\/www.facebook.com\/Suelosport-2042694182686080\/","https:\/\/www.linkedin.com\/company\/suelosport\/","https:\/\/www.youtube.com\/channel\/UC1eoryUxD4Fw7f1m5wx_vFg?view_as=subscriber"]}]}},"_links":{"self":[{"href":"https:\/\/suelosport.com\/pt-pt\/wp-json\/wp\/v2\/pages\/27250","targetHints":{"allow":["GET"]}}],"collection":[{"href":"https:\/\/suelosport.com\/pt-pt\/wp-json\/wp\/v2\/pages"}],"about":[{"href":"https:\/\/suelosport.com\/pt-pt\/wp-json\/wp\/v2\/types\/page"}],"author":[{"embeddable":true,"href":"https:\/\/suelosport.com\/pt-pt\/wp-json\/wp\/v2\/users\/17"}],"replies":[{"embeddable":true,"href":"https:\/\/suelosport.com\/pt-pt\/wp-json\/wp\/v2\/comments?post=27250"}],"version-history":[{"count":0,"href":"https:\/\/suelosport.com\/pt-pt\/wp-json\/wp\/v2\/pages\/27250\/revisions"}],"wp:attachment":[{"href":"https:\/\/suelosport.com\/pt-pt\/wp-json\/wp\/v2\/media?parent=27250"}],"curies":[{"name":"wp","href":"https:\/\/api.w.org\/{rel}","templated":true}]}}