{"id":27212,"date":"2020-11-16T12:52:03","date_gmt":"2020-11-16T11:52:03","guid":{"rendered":"https:\/\/suelosport.com\/pisos-de-esportes\/"},"modified":"2020-11-16T12:52:09","modified_gmt":"2020-11-16T11:52:09","slug":"pisos-de-esportes","status":"publish","type":"page","link":"https:\/\/suelosport.com\/pt-pt\/pisos-de-esportes\/","title":{"rendered":"Pisos de esportes"},"content":{"rendered":"\n  <div class=\"banner has-hover has-parallax\" id=\"banner-1138661218\">\n          <div class=\"banner-inner fill\">\n        <div class=\"banner-bg fill\" data-parallax=\"-3\" data-parallax-container=\".banner\" data-parallax-background>\n            <img loading=\"lazy\" decoding=\"async\" width=\"1020\" height=\"567\" src=\"https:\/\/suelosport.com\/wp-content\/uploads\/2017\/07\/quienes-somos.jpg\" class=\"bg attachment-large size-large\" alt=\"\" \/>                                    \n                    <\/div>\n\t\t\n        <div class=\"banner-layers container\">\n            <div class=\"fill banner-link\"><\/div>            \n   <div id=\"text-box-592993987\" class=\"text-box banner-layer x50 md-x50 lg-x50 y50 md-y50 lg-y50 res-text\">\n                                <div class=\"text-box-content text dark\">\n              \n              <div class=\"text-inner text-center\">\n                  \n<h1 style=\"text-align: center\"><em><strong><span style=\"font-size: 80%\">PISOS ESPORTIVOS<\/span><\/strong><\/em><\/h1>\n<p style=\"text-align: center\"><span style=\"font-size: 140%\"><em><strong>SUELOSPORT<\/strong><\/em><\/span><\/p>\n              <\/div>\n           <\/div>\n                            \n<style>\n#text-box-592993987 {\n  width: 60%;\n}\n#text-box-592993987 .text-box-content {\n  font-size: 100%;\n}\n<\/style>\n    <\/div>\n \n        <\/div>\n      <\/div>\n\n            \n<style>\n#banner-1138661218 {\n  padding-top: 507px;\n}\n#banner-1138661218 .banner-bg img {\n  object-position: 4% 9%;\n}\n<\/style>\n  <\/div>\n\n\n<div class=\"row\"  id=\"row-1658618313\">\n\n\t<div id=\"col-1702190792\" class=\"col small-12 large-12\"  >\n\t\t\t\t<div class=\"col-inner\"  >\n\t\t\t\n\t\t\t\n<div class=\"text-center\"><div class=\"is-divider divider clearfix\" ><\/div><\/div>\n<p style=\"color: #003b45\" align=\"center\"><span style=\"font-size: 170%\"><strong>Paix\u00e3o, qualidade, seguran\u00e7a e servi\u00e7o<\/strong><\/span><\/p>\n<div class=\"text-center\"><div class=\"is-divider divider clearfix\" ><\/div><\/div>\n<p>N\u00e3o podia ser de outra forma. Estes s\u00e3o os valores que nos distinguem e nos identificam. Valores que inspiram os nossos sonhos e se tornam realidade gra\u00e7as a si. As suas necessidades levam-nos ao trabalho dia ap\u00f3s dia para lhe oferecer o melhor.<\/p>\n<h2 style=\"text-align: center\"><span style=\"font-size: 80%\"><strong>ESPECIALISTAS EM PISOS ESPORTIVOS PARA GIN\u00c1SIOS<\/strong><\/span><\/h2>\n<p>Na Suelosport, somos especialistas na <strong>venda de pisos desportivos para gin\u00e1sios.<\/strong> Trabalhamos com as melhores marcas do mercado porque queremos ser a sua empresa de vendas online, pela qualidade, pre\u00e7o e conforto.<\/p>\n<p>Na Suelosport procuramos constantemente <strong>a melhor rela\u00e7\u00e3o qualidade\/pre\u00e7o<\/strong> dos produtos rigorosamente selecionados na nossa loja de pisos de gin\u00e1stica online, porque as <strong>necessidades<\/strong> dos nossos clientes merecem o melhor equipamento nos pisos para os seus gin\u00e1sios e <strong>instala\u00e7\u00f5es desportivas,<\/strong> qualquer que seja o seu or\u00e7amento.<\/p>\n<p>Somos exigentes na escolha dos nossos produtos, adaptados para gin\u00e1sios pequenos, e praticamos em centros profissionais, clubes desportivos e gin\u00e1sios em geral.<\/p>\n\t\t<\/div>\n\t\t\t\t\t<\/div>\n\n\t\n<\/div>\n","protected":false},"excerpt":{"rendered":"","protected":false},"author":17,"featured_media":0,"parent":0,"menu_order":0,"comment_status":"closed","ping_status":"closed","template":"page-blank.php","meta":{"inline_featured_image":false,"footnotes":""},"class_list":["post-27212","page","type-page","status-publish","hentry"],"yoast_head":"<!-- This site is optimized with the Yoast SEO plugin v27.4 - https:\/\/yoast.com\/product\/yoast-seo-wordpress\/ -->\n<title>Pisos desportivos para gin\u00e1sios e centros desportivos. SUELOSPORT<\/title>\n<meta name=\"description\" content=\"Especialistas em pisos desportivos para pequenos gin\u00e1sios, bem como para centros profissionais e clubes desportivos. Olha agora!\" \/>\n<meta name=\"robots\" content=\"index, follow, max-snippet:-1, max-image-preview:large, max-video-preview:-1\" \/>\n<link rel=\"canonical\" href=\"https:\/\/suelosport.com\/pt-pt\/pisos-de-esportes\/\" \/>\n<meta property=\"og:locale\" content=\"pt_PT\" \/>\n<meta property=\"og:type\" content=\"article\" \/>\n<meta property=\"og:title\" content=\"Pisos desportivos para gin\u00e1sios e centros desportivos. SUELOSPORT\" \/>\n<meta property=\"og:description\" content=\"Especialistas em pisos desportivos para pequenos gin\u00e1sios, bem como para centros profissionais e clubes desportivos. Olha agora!\" \/>\n<meta property=\"og:url\" content=\"https:\/\/suelosport.com\/pt-pt\/pisos-de-esportes\/\" \/>\n<meta property=\"og:site_name\" content=\"Suelosport - Suelos Deportivos\" \/>\n<meta property=\"article:publisher\" content=\"https:\/\/www.facebook.com\/Suelosport-2042694182686080\/\" \/>\n<meta property=\"article:modified_time\" content=\"2020-11-16T11:52:09+00:00\" \/>\n<meta name=\"twitter:card\" content=\"summary_large_image\" \/>\n<meta name=\"twitter:label1\" content=\"Tempo estimado de leitura\" \/>\n\t<meta name=\"twitter:data1\" content=\"1 minuto\" \/>\n<script type=\"application\/ld+json\" class=\"yoast-schema-graph\">{\"@context\":\"https:\\\/\\\/schema.org\",\"@graph\":[{\"@type\":\"WebPage\",\"@id\":\"https:\\\/\\\/suelosport.com\\\/pt-pt\\\/pisos-de-esportes\\\/\",\"url\":\"https:\\\/\\\/suelosport.com\\\/pt-pt\\\/pisos-de-esportes\\\/\",\"name\":\"Pisos desportivos para gin\u00e1sios e centros desportivos. SUELOSPORT\",\"isPartOf\":{\"@id\":\"https:\\\/\\\/suelosport.com\\\/pt-pt\\\/#website\"},\"datePublished\":\"2020-11-16T11:52:03+00:00\",\"dateModified\":\"2020-11-16T11:52:09+00:00\",\"description\":\"Especialistas em pisos desportivos para pequenos gin\u00e1sios, bem como para centros profissionais e clubes desportivos. Olha agora!\",\"breadcrumb\":{\"@id\":\"https:\\\/\\\/suelosport.com\\\/pt-pt\\\/pisos-de-esportes\\\/#breadcrumb\"},\"inLanguage\":\"pt-PT\",\"potentialAction\":[{\"@type\":\"ReadAction\",\"target\":[\"https:\\\/\\\/suelosport.com\\\/pt-pt\\\/pisos-de-esportes\\\/\"]}]},{\"@type\":\"BreadcrumbList\",\"@id\":\"https:\\\/\\\/suelosport.com\\\/pt-pt\\\/pisos-de-esportes\\\/#breadcrumb\",\"itemListElement\":[{\"@type\":\"ListItem\",\"position\":1,\"name\":\"Portada\",\"item\":\"https:\\\/\\\/suelosport.com\\\/pt-pt\\\/\"},{\"@type\":\"ListItem\",\"position\":2,\"name\":\"Pisos de esportes\"}]},{\"@type\":\"WebSite\",\"@id\":\"https:\\\/\\\/suelosport.com\\\/pt-pt\\\/#website\",\"url\":\"https:\\\/\\\/suelosport.com\\\/pt-pt\\\/\",\"name\":\"Suelosport - Suelos Deportivos\",\"description\":\"Suelos para gimnasios, suelos de goma, losetas y suelos antideslizantes\",\"publisher\":{\"@id\":\"https:\\\/\\\/suelosport.com\\\/pt-pt\\\/#organization\"},\"potentialAction\":[{\"@type\":\"SearchAction\",\"target\":{\"@type\":\"EntryPoint\",\"urlTemplate\":\"https:\\\/\\\/suelosport.com\\\/pt-pt\\\/?s={search_term_string}\"},\"query-input\":{\"@type\":\"PropertyValueSpecification\",\"valueRequired\":true,\"valueName\":\"search_term_string\"}}],\"inLanguage\":\"pt-PT\"},{\"@type\":\"Organization\",\"@id\":\"https:\\\/\\\/suelosport.com\\\/pt-pt\\\/#organization\",\"name\":\"Suelosport\",\"url\":\"https:\\\/\\\/suelosport.com\\\/pt-pt\\\/\",\"logo\":{\"@type\":\"ImageObject\",\"inLanguage\":\"pt-PT\",\"@id\":\"https:\\\/\\\/suelosport.com\\\/pt-pt\\\/#\\\/schema\\\/logo\\\/image\\\/\",\"url\":\"https:\\\/\\\/suelosport.com\\\/wp-content\\\/uploads\\\/2018\\\/03\\\/logo-suelosport.png\",\"contentUrl\":\"https:\\\/\\\/suelosport.com\\\/wp-content\\\/uploads\\\/2018\\\/03\\\/logo-suelosport.png\",\"width\":300,\"height\":67,\"caption\":\"Suelosport\"},\"image\":{\"@id\":\"https:\\\/\\\/suelosport.com\\\/pt-pt\\\/#\\\/schema\\\/logo\\\/image\\\/\"},\"sameAs\":[\"https:\\\/\\\/www.facebook.com\\\/Suelosport-2042694182686080\\\/\",\"https:\\\/\\\/www.linkedin.com\\\/company\\\/suelosport\\\/\",\"https:\\\/\\\/www.youtube.com\\\/channel\\\/UC1eoryUxD4Fw7f1m5wx_vFg?view_as=subscriber\"]}]}<\/script>\n<!-- \/ Yoast SEO plugin. -->","yoast_head_json":{"title":"Pisos desportivos para gin\u00e1sios e centros desportivos. SUELOSPORT","description":"Especialistas em pisos desportivos para pequenos gin\u00e1sios, bem como para centros profissionais e clubes desportivos. Olha agora!","robots":{"index":"index","follow":"follow","max-snippet":"max-snippet:-1","max-image-preview":"max-image-preview:large","max-video-preview":"max-video-preview:-1"},"canonical":"https:\/\/suelosport.com\/pt-pt\/pisos-de-esportes\/","og_locale":"pt_PT","og_type":"article","og_title":"Pisos desportivos para gin\u00e1sios e centros desportivos. SUELOSPORT","og_description":"Especialistas em pisos desportivos para pequenos gin\u00e1sios, bem como para centros profissionais e clubes desportivos. Olha agora!","og_url":"https:\/\/suelosport.com\/pt-pt\/pisos-de-esportes\/","og_site_name":"Suelosport - Suelos Deportivos","article_publisher":"https:\/\/www.facebook.com\/Suelosport-2042694182686080\/","article_modified_time":"2020-11-16T11:52:09+00:00","twitter_card":"summary_large_image","twitter_misc":{"Tempo estimado de leitura":"1 minuto"},"schema":{"@context":"https:\/\/schema.org","@graph":[{"@type":"WebPage","@id":"https:\/\/suelosport.com\/pt-pt\/pisos-de-esportes\/","url":"https:\/\/suelosport.com\/pt-pt\/pisos-de-esportes\/","name":"Pisos desportivos para gin\u00e1sios e centros desportivos. SUELOSPORT","isPartOf":{"@id":"https:\/\/suelosport.com\/pt-pt\/#website"},"datePublished":"2020-11-16T11:52:03+00:00","dateModified":"2020-11-16T11:52:09+00:00","description":"Especialistas em pisos desportivos para pequenos gin\u00e1sios, bem como para centros profissionais e clubes desportivos. Olha agora!","breadcrumb":{"@id":"https:\/\/suelosport.com\/pt-pt\/pisos-de-esportes\/#breadcrumb"},"inLanguage":"pt-PT","potentialAction":[{"@type":"ReadAction","target":["https:\/\/suelosport.com\/pt-pt\/pisos-de-esportes\/"]}]},{"@type":"BreadcrumbList","@id":"https:\/\/suelosport.com\/pt-pt\/pisos-de-esportes\/#breadcrumb","itemListElement":[{"@type":"ListItem","position":1,"name":"Portada","item":"https:\/\/suelosport.com\/pt-pt\/"},{"@type":"ListItem","position":2,"name":"Pisos de esportes"}]},{"@type":"WebSite","@id":"https:\/\/suelosport.com\/pt-pt\/#website","url":"https:\/\/suelosport.com\/pt-pt\/","name":"Suelosport - Suelos Deportivos","description":"Suelos para gimnasios, suelos de goma, losetas y suelos antideslizantes","publisher":{"@id":"https:\/\/suelosport.com\/pt-pt\/#organization"},"potentialAction":[{"@type":"SearchAction","target":{"@type":"EntryPoint","urlTemplate":"https:\/\/suelosport.com\/pt-pt\/?s={search_term_string}"},"query-input":{"@type":"PropertyValueSpecification","valueRequired":true,"valueName":"search_term_string"}}],"inLanguage":"pt-PT"},{"@type":"Organization","@id":"https:\/\/suelosport.com\/pt-pt\/#organization","name":"Suelosport","url":"https:\/\/suelosport.com\/pt-pt\/","logo":{"@type":"ImageObject","inLanguage":"pt-PT","@id":"https:\/\/suelosport.com\/pt-pt\/#\/schema\/logo\/image\/","url":"https:\/\/suelosport.com\/wp-content\/uploads\/2018\/03\/logo-suelosport.png","contentUrl":"https:\/\/suelosport.com\/wp-content\/uploads\/2018\/03\/logo-suelosport.png","width":300,"height":67,"caption":"Suelosport"},"image":{"@id":"https:\/\/suelosport.com\/pt-pt\/#\/schema\/logo\/image\/"},"sameAs":["https:\/\/www.facebook.com\/Suelosport-2042694182686080\/","https:\/\/www.linkedin.com\/company\/suelosport\/","https:\/\/www.youtube.com\/channel\/UC1eoryUxD4Fw7f1m5wx_vFg?view_as=subscriber"]}]}},"_links":{"self":[{"href":"https:\/\/suelosport.com\/pt-pt\/wp-json\/wp\/v2\/pages\/27212","targetHints":{"allow":["GET"]}}],"collection":[{"href":"https:\/\/suelosport.com\/pt-pt\/wp-json\/wp\/v2\/pages"}],"about":[{"href":"https:\/\/suelosport.com\/pt-pt\/wp-json\/wp\/v2\/types\/page"}],"author":[{"embeddable":true,"href":"https:\/\/suelosport.com\/pt-pt\/wp-json\/wp\/v2\/users\/17"}],"replies":[{"embeddable":true,"href":"https:\/\/suelosport.com\/pt-pt\/wp-json\/wp\/v2\/comments?post=27212"}],"version-history":[{"count":3,"href":"https:\/\/suelosport.com\/pt-pt\/wp-json\/wp\/v2\/pages\/27212\/revisions"}],"predecessor-version":[{"id":27234,"href":"https:\/\/suelosport.com\/pt-pt\/wp-json\/wp\/v2\/pages\/27212\/revisions\/27234"}],"wp:attachment":[{"href":"https:\/\/suelosport.com\/pt-pt\/wp-json\/wp\/v2\/media?parent=27212"}],"curies":[{"name":"wp","href":"https:\/\/api.w.org\/{rel}","templated":true}]}}